{"id":9982,"date":"2025-03-11T19:10:37","date_gmt":"2025-03-11T17:10:37","guid":{"rendered":"https:\/\/bitessiulai.lt\/?post_type=product&#038;p=9982"},"modified":"2025-09-12T12:54:54","modified_gmt":"2025-09-12T09:54:54","slug":"yarnart-ir-stenli-siulu-rinkinukas-43","status":"publish","type":"product","link":"https:\/\/bitessiulai.lt\/ru\/product\/yarnart-ir-stenli-siulu-rinkinukas-43\/","title":{"rendered":"\u041d\u0430\u0431\u043e\u0440 \u043f\u0440\u044f\u0436\u0438 YarnArt \u0438 Stanley"},"content":{"rendered":"<h5 dir=\"auto\"><strong>\u041d\u0430\u0431\u043e\u0440 \u043f\u0440\u044f\u0436\u0438 YarnArt \u0438 Stanley:<\/strong><\/h5>\n<ul>\n<li>Stanley Orient Express 3 \u0448\u0442.<\/li>\n<li>YarnArt Mohair Trendy 3\u0448\u0442.<\/li>\n<\/ul>\n<h6><\/h6>\n<h6>YarnArt Mohair Trendy<\/h6>\n<p><img fetchpriority=\"high\" decoding=\"async\" class=\"alignnone size-medium wp-image-9980\" src=\"http:\/\/bitessiulai.lt\/wp-content\/uploads\/2025\/03\/YARNART_MOHAIR_TRENDY_136_DETAY-1-600x600-1-300x300.jpg\" alt=\"\" width=\"300\" height=\"300\" srcset=\"https:\/\/bitessiulai.lt\/wp-content\/uploads\/2025\/03\/YARNART_MOHAIR_TRENDY_136_DETAY-1-600x600-1-300x300.jpg 300w, https:\/\/bitessiulai.lt\/wp-content\/uploads\/2025\/03\/YARNART_MOHAIR_TRENDY_136_DETAY-1-600x600-1-150x150.jpg 150w, https:\/\/bitessiulai.lt\/wp-content\/uploads\/2025\/03\/YARNART_MOHAIR_TRENDY_136_DETAY-1-600x600-1-12x12.jpg 12w, https:\/\/bitessiulai.lt\/wp-content\/uploads\/2025\/03\/YARNART_MOHAIR_TRENDY_136_DETAY-1-600x600-1-96x96.jpg 96w, https:\/\/bitessiulai.lt\/wp-content\/uploads\/2025\/03\/YARNART_MOHAIR_TRENDY_136_DETAY-1-600x600-1.jpg 600w\" sizes=\"(max-width: 300px) 100vw, 300px\" \/><\/p>\n<p>(\u0426\u0432\u0435\u0442: 136)<\/p>\n<ul>\n<li dir=\"auto\"><strong>\u0421\u043e\u0441\u0442\u0430\u0432:<\/strong> 50% \u043c\u043e\u0445\u0435\u0440, 50% \u0430\u043a\u0440\u0438\u043b<\/li>\n<li dir=\"auto\"><strong>\u0412\u0435\u0441\/\u0434\u043b\u0438\u043d\u0430:<\/strong> 100 \u043b\u0435\u0442 = \u043f\u0440\u0438\u0431\u043b\u0438\u0437\u0438\u0442\u0435\u043b\u044c\u043d\u043e 220 \u043b\u0435\u0442.<\/li>\n<li dir=\"auto\"><strong>\u0420\u0435\u043a\u043e\u043c\u0435\u043d\u0434\u0443\u0435\u043c\u044b\u0439 \u0440\u0430\u0437\u043c\u0435\u0440 \u0441\u043f\u0438\u0446:<\/strong> 5 \u043c\u043c.<\/li>\n<li dir=\"auto\"><strong>\u0420\u0435\u043a\u043e\u043c\u0435\u043d\u0434\u0443\u0435\u043c\u044b\u0439 \u0440\u0430\u0437\u043c\u0435\u0440 \u0432\u0430\u0437\u044b:<\/strong> 5,5 \u043c\u043c.<\/li>\n<\/ul>\n<p>&nbsp;<\/p>\n<p><span class=\"html-span xexx8yu x4uap5 x18d9i69 xkhd6sd x1hl2dhg x16tdsg8 x1vvkbs x3nfvp2 x1j61x8r x1fcty0u xdj266r xat24cr xgzva0m xhhsvwb xxymvpz xlup9mm x1kky2od\"><img decoding=\"async\" class=\"xz74otr\" src=\"https:\/\/static.xx.fbcdn.net\/images\/emoji.php\/v9\/t2d\/1\/16\/1f4cd.png\" alt=\"\ud83d\udccd\" width=\"16\" height=\"16\" \/><\/span> <strong>\u0426\u0435\u043d\u0430 4,20 \u0435\u0432\u0440\u043e<\/strong><\/p>\n<p>&nbsp;<\/p>\n<h6>\u0421\u0442\u044d\u043d\u043b\u0438 \u041e\u0440\u0438\u0435\u043d\u0442 \u042d\u043a\u0441\u043f\u0440\u0435\u0441\u0441<\/h6>\n<p><img decoding=\"async\" class=\"alignnone size-medium wp-image-9983\" src=\"http:\/\/bitessiulai.lt\/wp-content\/uploads\/2025\/03\/15_13859-500x500-1-300x300.jpg\" alt=\"\" width=\"300\" height=\"300\" srcset=\"https:\/\/bitessiulai.lt\/wp-content\/uploads\/2025\/03\/15_13859-500x500-1-300x300.jpg 300w, https:\/\/bitessiulai.lt\/wp-content\/uploads\/2025\/03\/15_13859-500x500-1-150x150.jpg 150w, https:\/\/bitessiulai.lt\/wp-content\/uploads\/2025\/03\/15_13859-500x500-1-12x12.jpg 12w, https:\/\/bitessiulai.lt\/wp-content\/uploads\/2025\/03\/15_13859-500x500-1-96x96.jpg 96w, https:\/\/bitessiulai.lt\/wp-content\/uploads\/2025\/03\/15_13859-500x500-1.jpg 500w\" sizes=\"(max-width: 300px) 100vw, 300px\" \/><\/p>\n<p>(\u0426\u0432\u0435\u0442: 006)<\/p>\n<ul>\n<li><strong>\u0421\u043e\u0441\u0442\u0430\u0432:<\/strong> 50% \u0432\u0438\u0441\u043a\u043e\u0437\u0430, 50% \u043f\u043e\u043b\u0438\u044d\u0441\u0442\u0435\u0440<\/li>\n<li><strong>\u0412\u0435\u0441\/\u0434\u043b\u0438\u043d\u0430:<\/strong> 100 \u043b\u0435\u0442 = \u043f\u0440\u0438\u0431\u043b\u0438\u0437\u0438\u0442\u0435\u043b\u044c\u043d\u043e 300 \u043b\u0435\u0442.<\/li>\n<li><strong>\u0420\u0435\u043a\u043e\u043c\u0435\u043d\u0434\u0443\u0435\u043c\u044b\u0439 \u0440\u0430\u0437\u043c\u0435\u0440 \u0441\u043f\u0438\u0446: <\/strong>4 \u2013 5 \u043c\u043c.<\/li>\n<li><strong>\u0420\u0435\u043a\u043e\u043c\u0435\u043d\u0434\u0443\u0435\u043c\u044b\u0439 \u0440\u0430\u0437\u043c\u0435\u0440 \u0432\u0430\u0437\u044b:<\/strong> 4 \u2013 5 \u043c\u043c.<\/li>\n<\/ul>\n<p>&nbsp;<\/p>\n<p><span class=\"html-span xexx8yu x4uap5 x18d9i69 xkhd6sd x1hl2dhg x16tdsg8 x1vvkbs x3nfvp2 x1j61x8r x1fcty0u xdj266r xat24cr xgzva0m xhhsvwb xxymvpz xlup9mm x1kky2od\"><img decoding=\"async\" class=\"xz74otr\" src=\"https:\/\/static.xx.fbcdn.net\/images\/emoji.php\/v9\/t2d\/1\/16\/1f4cd.png\" alt=\"\ud83d\udccd\" width=\"16\" height=\"16\" \/><\/span> <strong>\u0426\u0435\u043d\u0430 4,95 \u0435\u0432\u0440\u043e<\/strong><\/p>\n<p><span class=\"html-span xexx8yu x4uap5 x18d9i69 xkhd6sd x1hl2dhg x16tdsg8 x1vvkbs x3nfvp2 x1j61x8r x1fcty0u xdj266r xat24cr xgzva0m xhhsvwb xxymvpz xlup9mm x1kky2od\"><img decoding=\"async\" class=\"xz74otr\" src=\"https:\/\/static.xx.fbcdn.net\/images\/emoji.php\/v9\/t2d\/1\/16\/1f4cd.png\" alt=\"\ud83d\udccd\" width=\"16\" height=\"16\" \/>\u0415\u0441\u043b\u0438 \u043d\u0443\u0436\u043d\u043e\u0433\u043e \u043d\u0430\u0431\u043e\u0440\u0430 \u043d\u0435\u0442 \u0432 \u043d\u0430\u043b\u0438\u0447\u0438\u0438 \u0438\u043b\u0438 \u0432\u0430\u043c \u043d\u0435\u043e\u0431\u0445\u043e\u0434\u0438\u043c\u043e \u0431\u043e\u043b\u044c\u0448\u0435\u0435 \u043a\u043e\u043b\u0438\u0447\u0435\u0441\u0442\u0432\u043e, \u043f\u043e\u0436\u0430\u043b\u0443\u0439\u0441\u0442\u0430, \u0441\u0432\u044f\u0436\u0438\u0442\u0435\u0441\u044c \u0441 \u043d\u0430\u043c\u0438. <img decoding=\"async\" class=\"xz74otr\" src=\"https:\/\/static.xx.fbcdn.net\/images\/emoji.php\/v9\/t2d\/1\/16\/1f4cd.png\" alt=\"\ud83d\udccd\" width=\"16\" height=\"16\" \/><\/span><\/p>\n<div class=\"item\">\n<ul>\n<li class=\"text\">+370 672 44443<\/li>\n<\/ul>\n<\/div>\n<div class=\"item\">\n<ul>\n<li class=\"text\">info@bitessiulai.lt<\/li>\n<\/ul>\n<\/div>\n<p>&nbsp;<\/p>\n<p>*\u0426\u0432\u0435\u0442\u0430, \u043a\u043e\u0442\u043e\u0440\u044b\u0435 \u0432\u044b \u0432\u0438\u0434\u0438\u0442\u0435 \u043d\u0430 \u044d\u043a\u0440\u0430\u043d\u0435, \u043c\u043e\u0433\u0443\u0442 \u043d\u0435\u043c\u043d\u043e\u0433\u043e \u043e\u0442\u043b\u0438\u0447\u0430\u0442\u044c\u0441\u044f \u043e\u0442 \u0444\u0430\u043a\u0442\u0438\u0447\u0435\u0441\u043a\u043e\u0433\u043e \u0446\u0432\u0435\u0442\u0430 \u043d\u0438\u0442\u0438.<\/p>","protected":false},"excerpt":{"rendered":"<p>YarnArt ir Stenli si\u016bl\u0173 rinkinukas\u00a0: Stenli Orient Express 3vnt. YarnArt Mohair Trendy 3vnt. YarnArt Mohair Trendy (Spalva: 136) Sud\u0117tis: 50% mohera, 50% akrilas Svoris\/ilgis: 100 g.= ma\u017edaug 220 m. Rekomenduojamas virbal\u0173 dydis: 5 mm. Rekomenduojamas va\u0161elio dydis: 5,5 mm. &nbsp; Kaina 4,20\u20ac &nbsp; Stenli Orient Express (Spalva: 006) Sud\u0117tis: 50% viskoz\u0117, 50% poliesteris Svoris\/ilgis: 100 g.= ma\u017edaug 300 m. Rekomenduojamas virbal\u0173 dydis: 4 &#8211; 5\u00a0mm. Rekomenduojamas va\u0161elio dydis: 4 &#8211; 5 mm. &nbsp; Kaina 4,95\u20ac Jeigu prekyboje rinkinio n\u0117ra arba reikalingas didesnis kiekis, susiekite su Mumis +370 672 44443 info@bitessiulai.lt &nbsp; *Ekrane matomos spalvos gali \u0161iek tiek skirtis nuo tikrosios si\u016bl\u0173 spalvos.<\/p>","protected":false},"featured_media":9984,"comment_status":"open","ping_status":"closed","template":"","meta":[],"product_brand":[],"product_cat":[176,3564],"product_tag":[],"giftcard-category":[],"class_list":{"0":"post-9982","1":"product","2":"type-product","3":"status-publish","4":"has-post-thumbnail","6":"product_cat-siulu-rinkinukai","7":"product_cat-rinkinukai-su-yarnart-mohair-trendy","9":"first","10":"outofstock","11":"taxable","12":"shipping-taxable","13":"purchasable","14":"product-type-simple"},"_links":{"self":[{"href":"https:\/\/bitessiulai.lt\/ru\/wp-json\/wp\/v2\/product\/9982","targetHints":{"allow":["GET"]}}],"collection":[{"href":"https:\/\/bitessiulai.lt\/ru\/wp-json\/wp\/v2\/product"}],"about":[{"href":"https:\/\/bitessiulai.lt\/ru\/wp-json\/wp\/v2\/types\/product"}],"replies":[{"embeddable":true,"href":"https:\/\/bitessiulai.lt\/ru\/wp-json\/wp\/v2\/comments?post=9982"}],"version-history":[{"count":0,"href":"https:\/\/bitessiulai.lt\/ru\/wp-json\/wp\/v2\/product\/9982\/revisions"}],"wp:featuredmedia":[{"embeddable":true,"href":"https:\/\/bitessiulai.lt\/ru\/wp-json\/wp\/v2\/media\/9984"}],"wp:attachment":[{"href":"https:\/\/bitessiulai.lt\/ru\/wp-json\/wp\/v2\/media?parent=9982"}],"wp:term":[{"taxonomy":"product_brand","embeddable":true,"href":"https:\/\/bitessiulai.lt\/ru\/wp-json\/wp\/v2\/product_brand?post=9982"},{"taxonomy":"product_cat","embeddable":true,"href":"https:\/\/bitessiulai.lt\/ru\/wp-json\/wp\/v2\/product_cat?post=9982"},{"taxonomy":"product_tag","embeddable":true,"href":"https:\/\/bitessiulai.lt\/ru\/wp-json\/wp\/v2\/product_tag?post=9982"},{"taxonomy":"giftcard-category","embeddable":true,"href":"https:\/\/bitessiulai.lt\/ru\/wp-json\/wp\/v2\/giftcard-category?post=9982"}],"curies":[{"name":"wp","href":"https:\/\/api.w.org\/{rel}","templated":true}]}}