{"id":9068,"date":"2025-03-03T08:14:41","date_gmt":"2025-03-03T06:14:41","guid":{"rendered":"https:\/\/bitessiulai.lt\/?post_type=product&#038;p=9068"},"modified":"2026-04-17T08:56:15","modified_gmt":"2026-04-17T05:56:15","slug":"drops-plus-dygsnio-zymekliai","status":"publish","type":"product","link":"https:\/\/bitessiulai.lt\/ru\/product\/drops-plus-dygsnio-zymekliai\/","title":{"rendered":"\u041c\u0430\u0440\u043a\u0435\u0440\u044b \u043f\u0435\u0442\u0435\u043b\u044c Drops Plus"},"content":{"rendered":"<p><strong>\u041c\u0430\u0440\u043a\u0435\u0440\u044b \u043f\u0435\u0442\u0435\u043b\u044c Drops Plus<\/strong> \u041e\u0447\u0435\u043d\u044c \u043f\u043e\u043b\u0435\u0437\u043d\u044b\u0435 \u0438\u043d\u0441\u0442\u0440\u0443\u043c\u0435\u043d\u0442\u044b \u0434\u043b\u044f \u0432\u044f\u0437\u0430\u043d\u0438\u044f \u0441\u043f\u0438\u0446\u0430\u043c\u0438 \u0438 \u043a\u0440\u044e\u0447\u043a\u043e\u043c. \u041e\u043d\u0438 \u0438\u0441\u043f\u043e\u043b\u044c\u0437\u0443\u044e\u0442\u0441\u044f \u0434\u043b\u044f \u043e\u0431\u043e\u0437\u043d\u0430\u0447\u0435\u043d\u0438\u044f \u043d\u0430\u0447\u0430\u043b\u0430 \u043d\u043e\u0432\u043e\u0433\u043e \u0440\u044f\u0434\u0430 \u0438\u043b\u0438 \u043e\u043f\u0440\u0435\u0434\u0435\u043b\u0451\u043d\u043d\u044b\u0445 \u0442\u043e\u0447\u0435\u043a \u0432 \u0443\u0437\u043e\u0440\u0435. \u041c\u0430\u0440\u043a\u0435\u0440\u044b \u043c\u043e\u0436\u043d\u043e \u0432\u0441\u0442\u0430\u0432\u0438\u0442\u044c \u0432 \u0438\u0437\u0434\u0435\u043b\u0438\u0435 \u0438 \u0437\u0430\u043a\u0440\u044b\u0442\u044c, \u0447\u0442\u043e\u0431\u044b \u043e\u043d\u0438 \u043d\u0435 \u0441\u043b\u0435\u0442\u0435\u043b\u0438, \u043d\u043e \u0438\u0445 \u0442\u0430\u043a\u0436\u0435 \u043c\u043e\u0436\u043d\u043e \u0438\u0441\u043f\u043e\u043b\u044c\u0437\u043e\u0432\u0430\u0442\u044c \u0432 \u043a\u0430\u0447\u0435\u0441\u0442\u0432\u0435 \u043a\u043e\u043b\u044c\u0446\u0435\u0432\u044b\u0445 \u043c\u0430\u0440\u043a\u0435\u0440\u043e\u0432. \u041e\u043d\u0438 \u0438\u0437\u0433\u043e\u0442\u043e\u0432\u043b\u0435\u043d\u044b \u0438\u0437 \u043f\u043b\u0430\u0441\u0442\u0438\u043a\u0430. \u0412 \u043e\u0434\u043d\u043e\u0439 \u0443\u043f\u0430\u043a\u043e\u0432\u043a\u0435 30 \u0440\u0430\u0437\u043b\u0438\u0447\u043d\u044b\u0445 \u043c\u0430\u0440\u043a\u0435\u0440\u043e\u0432 \u043f\u0435\u0442\u0435\u043b\u044c.<\/p>\n<p>*\u0426\u0432\u0435\u0442\u0430 \u043d\u0430 \u044d\u043a\u0440\u0430\u043d\u0435 \u043c\u043e\u0433\u0443\u0442 \u043d\u0435\u043c\u043d\u043e\u0433\u043e \u043e\u0442\u043b\u0438\u0447\u0430\u0442\u044c\u0441\u044f \u043e\u0442 \u0440\u0435\u0430\u043b\u044c\u043d\u044b\u0445.<\/p>","protected":false},"excerpt":{"rendered":"<p>Drops Plus dygsnio \u017eymekliai yra labai naudingi mezgimo ir n\u0117rimo \u012frankiai. Jie naudojami nurodyti naujos eilut\u0117s prad\u017ei\u0105 arba tam tikrus modelio ta\u0161kus. \u017dymeklius galima \u012fki\u0161ti \u012f k\u016brin\u012f ir u\u017edaryti, kad jie likt\u0173 vietoje, ta\u010diau jie taip pat gali veikti kaip \u017eiedinis \u017eymeklis. Jie pagaminti i\u0161 plastiko. Vienoje pakuot\u0117je yra 30 \u012fvairi\u0173 dygsnio \u017eymekli\u0173. *Ekrane matomos spalvos gali \u0161iek tiek skirtis nuo tikrosios spalvos.<\/p>","protected":false},"featured_media":9070,"comment_status":"open","ping_status":"closed","template":"","meta":[],"product_brand":[],"product_cat":[194,192],"product_tag":[],"giftcard-category":[],"class_list":{"0":"post-9068","1":"product","2":"type-product","3":"status-publish","4":"has-post-thumbnail","6":"product_cat-akiu-zymekliai","7":"product_cat-priedai-mezgimui","9":"first","10":"instock","11":"taxable","12":"shipping-taxable","13":"purchasable","14":"product-type-simple"},"_links":{"self":[{"href":"https:\/\/bitessiulai.lt\/ru\/wp-json\/wp\/v2\/product\/9068","targetHints":{"allow":["GET"]}}],"collection":[{"href":"https:\/\/bitessiulai.lt\/ru\/wp-json\/wp\/v2\/product"}],"about":[{"href":"https:\/\/bitessiulai.lt\/ru\/wp-json\/wp\/v2\/types\/product"}],"replies":[{"embeddable":true,"href":"https:\/\/bitessiulai.lt\/ru\/wp-json\/wp\/v2\/comments?post=9068"}],"version-history":[{"count":1,"href":"https:\/\/bitessiulai.lt\/ru\/wp-json\/wp\/v2\/product\/9068\/revisions"}],"predecessor-version":[{"id":22616,"href":"https:\/\/bitessiulai.lt\/ru\/wp-json\/wp\/v2\/product\/9068\/revisions\/22616"}],"wp:featuredmedia":[{"embeddable":true,"href":"https:\/\/bitessiulai.lt\/ru\/wp-json\/wp\/v2\/media\/9070"}],"wp:attachment":[{"href":"https:\/\/bitessiulai.lt\/ru\/wp-json\/wp\/v2\/media?parent=9068"}],"wp:term":[{"taxonomy":"product_brand","embeddable":true,"href":"https:\/\/bitessiulai.lt\/ru\/wp-json\/wp\/v2\/product_brand?post=9068"},{"taxonomy":"product_cat","embeddable":true,"href":"https:\/\/bitessiulai.lt\/ru\/wp-json\/wp\/v2\/product_cat?post=9068"},{"taxonomy":"product_tag","embeddable":true,"href":"https:\/\/bitessiulai.lt\/ru\/wp-json\/wp\/v2\/product_tag?post=9068"},{"taxonomy":"giftcard-category","embeddable":true,"href":"https:\/\/bitessiulai.lt\/ru\/wp-json\/wp\/v2\/giftcard-category?post=9068"}],"curies":[{"name":"wp","href":"https:\/\/api.w.org\/{rel}","templated":true}]}}