{"id":8929,"date":"2025-03-01T21:19:44","date_gmt":"2025-03-01T19:19:44","guid":{"rendered":"https:\/\/bitessiulai.lt\/?post_type=product&#038;p=8929"},"modified":"2025-06-09T17:14:39","modified_gmt":"2025-06-09T14:14:39","slug":"tulip-etimo-nerimo-vaseliu-rinkinys-karaliskas-sidabras","status":"publish","type":"product","link":"https:\/\/bitessiulai.lt\/ru\/product\/tulip-etimo-nerimo-vaseliu-rinkinys-karaliskas-sidabras\/","title":{"rendered":"\u041d\u0430\u0431\u043e\u0440 \u043a\u0440\u044e\u0447\u043a\u043e\u0432 \u0434\u043b\u044f \u0432\u044f\u0437\u0430\u043d\u0438\u044f Tulip Etimo \u043a\u043e\u0440\u043e\u043b\u0435\u0432\u0441\u043a\u043e\u0435 \u0441\u0435\u0440\u0435\u0431\u0440\u043e"},"content":{"rendered":"<div class=\"value\">\u041d\u0430\u0431\u043e\u0440 \u043a\u0440\u044e\u0447\u043a\u043e\u0432 \u0434\u043b\u044f \u0432\u044f\u0437\u0430\u043d\u0438\u044f Tulip Etimo \u0446\u0432\u0435\u0442\u0430 \u00ab\u041a\u043e\u0440\u043e\u043b\u0435\u0432\u0441\u043a\u043e\u0435 \u0441\u0435\u0440\u0435\u0431\u0440\u043e\u00bb. \u041d\u0430\u0431\u043e\u0440 \u0441\u0442\u0430\u043b\u044c\u043d\u044b\u0445 \u043a\u0440\u044e\u0447\u043a\u043e\u0432 Tulip ETIMO \u0432\u043a\u043b\u044e\u0447\u0430\u0435\u0442 8 \u043a\u0440\u044e\u0447\u043a\u043e\u0432 \u0441 \u043c\u044f\u0433\u043a\u043e\u0439 \u0440\u0443\u0447\u043a\u043e\u0439 \u0434\u0438\u0430\u043c\u0435\u0442\u0440\u043e\u043c 0,50 \u043c\u043c, 0,60 \u043c\u043c, 0,75 \u043c\u043c, 0,90 \u043c\u043c, 1,00 \u043c\u043c, 1,25 \u043c\u043c, 1,50 \u043c\u043c \u0438 1,75 \u043c\u043c, \u0430 \u0442\u0430\u043a\u0436\u0435 \u043e\u0434\u043d\u0443 \u043f\u0430\u0440\u0443 \u0432\u044b\u0441\u043e\u043a\u043e\u043a\u0430\u0447\u0435\u0441\u0442\u0432\u0435\u043d\u043d\u044b\u0445 \u0438\u0442\u0430\u043b\u044c\u044f\u043d\u0441\u043a\u0438\u0445 \u043d\u043e\u0436\u043d\u0438\u0446. \u041a\u0440\u044e\u0447\u043a\u0438 \u0438\u043c\u0435\u044e\u0442 \u043c\u044f\u0433\u043a\u0443\u044e \u0440\u0443\u0447\u043a\u0443 \u0438 \u0443\u0434\u043e\u0431\u043d\u0443\u044e \u0444\u043e\u0440\u043c\u0443, \u0447\u0442\u043e \u043f\u0440\u0435\u0434\u043e\u0442\u0432\u0440\u0430\u0449\u0430\u0435\u0442 \u0443\u0441\u0442\u0430\u043b\u043e\u0441\u0442\u044c \u0438 \u043e\u0431\u0435\u0441\u043f\u0435\u0447\u0438\u0432\u0430\u0435\u0442 \u043a\u043e\u043c\u0444\u043e\u0440\u0442 \u043f\u0440\u0438 \u0432\u044f\u0437\u0430\u043d\u0438\u0438! \u041d\u0430\u0431\u043e\u0440 \u0441\u0442\u0430\u043b\u044c\u043d\u044b\u0445 \u043a\u0440\u044e\u0447\u043a\u043e\u0432 Tulip ETIMO \u043f\u043e\u0441\u0442\u0430\u0432\u043b\u044f\u0435\u0442\u0441\u044f \u0432 \u043a\u0440\u0430\u0441\u0438\u0432\u043e\u043c \u0444\u0443\u0442\u043b\u044f\u0440\u0435 \u0432 \u0441\u0438\u043d\u044e\u044e \u043f\u043e\u043b\u043e\u0441\u043a\u0443 \u0434\u043b\u044f \u0443\u0434\u043e\u0431\u043d\u043e\u0433\u043e \u0445\u0440\u0430\u043d\u0435\u043d\u0438\u044f.<\/div>\n<div><img fetchpriority=\"high\" decoding=\"async\" class=\"alignnone size-medium wp-image-8931\" src=\"http:\/\/bitessiulai.lt\/wp-content\/uploads\/2025\/03\/TLS-002-2-300x300.webp\" alt=\"\" width=\"300\" height=\"300\" srcset=\"https:\/\/bitessiulai.lt\/wp-content\/uploads\/2025\/03\/TLS-002-2-300x300.webp 300w, https:\/\/bitessiulai.lt\/wp-content\/uploads\/2025\/03\/TLS-002-2-150x150.webp 150w, https:\/\/bitessiulai.lt\/wp-content\/uploads\/2025\/03\/TLS-002-2-12x12.webp 12w, https:\/\/bitessiulai.lt\/wp-content\/uploads\/2025\/03\/TLS-002-2-600x600.webp 600w, https:\/\/bitessiulai.lt\/wp-content\/uploads\/2025\/03\/TLS-002-2-96x96.webp 96w, https:\/\/bitessiulai.lt\/wp-content\/uploads\/2025\/03\/TLS-002-2.webp 700w\" sizes=\"(max-width: 300px) 100vw, 300px\" \/><\/div>\n<div>*\u0426\u0432\u0435\u0442\u0430 \u043d\u0430 \u044d\u043a\u0440\u0430\u043d\u0435 \u043c\u043e\u0433\u0443\u0442 \u043d\u0435\u043c\u043d\u043e\u0433\u043e \u043e\u0442\u043b\u0438\u0447\u0430\u0442\u044c\u0441\u044f \u043e\u0442 \u0440\u0435\u0430\u043b\u044c\u043d\u044b\u0445.<\/div>","protected":false},"excerpt":{"rendered":"<p>Tulip Etimo n\u0117rimo v\u0105\u0161eli\u0173 rinkinys karali\u0161kas sidabras. \u201eTulip ETIMO\u201c plieno n\u0117rimo v\u0105\u0161eli\u0173 rinkinyje yra 8 mink\u0161tos rankenos v\u0105\u0161eliai, kuri\u0173 dydis yra 0,50 mm, 0,60 mm, 0,75 mm, 0,90 mm, 1,00 mm, 1,25 mm, 1,50 mm ir 1,75 mm, rinkinyje rasite vien\u0105 por\u0105 Italijoje pagamint\u0173 auk\u0161tos kokyb\u0117s \u017eirkli\u0173. V\u0105\u0161eliai pasi\u017eymi mink\u0161ta pagalv\u0117l\u0117s rankena, taip pat lengvai suimama forma, skirta i\u0161vengti nuovargio ir u\u017etikrinti patog\u0173 n\u0117rim\u0105!\u00a0 \u201eTulip ETIMO\u201c plieninis n\u0117rimo kabliuk\u0173 rinkinys yra gra\u017eiame m\u0117lynai dry\u017euotame d\u0117kle, kad b\u016bt\u0173 patogu laikyti. *Ekrane matomos spalvos gali \u0161iek tiek skirtis nuo tikrosios spalvos.<\/p>","protected":false},"featured_media":8931,"comment_status":"open","ping_status":"closed","template":"","meta":[],"product_brand":[],"product_cat":[180,190,191],"product_tag":[],"giftcard-category":[],"class_list":{"0":"post-8929","1":"product","2":"type-product","3":"status-publish","4":"has-post-thumbnail","6":"product_cat-mezgimo-priemones","7":"product_cat-nerimo-vaseliai","8":"product_cat-vaseliu-rinkiniai","10":"first","11":"instock","12":"taxable","13":"shipping-taxable","14":"purchasable","15":"product-type-simple"},"_links":{"self":[{"href":"https:\/\/bitessiulai.lt\/ru\/wp-json\/wp\/v2\/product\/8929","targetHints":{"allow":["GET"]}}],"collection":[{"href":"https:\/\/bitessiulai.lt\/ru\/wp-json\/wp\/v2\/product"}],"about":[{"href":"https:\/\/bitessiulai.lt\/ru\/wp-json\/wp\/v2\/types\/product"}],"replies":[{"embeddable":true,"href":"https:\/\/bitessiulai.lt\/ru\/wp-json\/wp\/v2\/comments?post=8929"}],"version-history":[{"count":0,"href":"https:\/\/bitessiulai.lt\/ru\/wp-json\/wp\/v2\/product\/8929\/revisions"}],"wp:featuredmedia":[{"embeddable":true,"href":"https:\/\/bitessiulai.lt\/ru\/wp-json\/wp\/v2\/media\/8931"}],"wp:attachment":[{"href":"https:\/\/bitessiulai.lt\/ru\/wp-json\/wp\/v2\/media?parent=8929"}],"wp:term":[{"taxonomy":"product_brand","embeddable":true,"href":"https:\/\/bitessiulai.lt\/ru\/wp-json\/wp\/v2\/product_brand?post=8929"},{"taxonomy":"product_cat","embeddable":true,"href":"https:\/\/bitessiulai.lt\/ru\/wp-json\/wp\/v2\/product_cat?post=8929"},{"taxonomy":"product_tag","embeddable":true,"href":"https:\/\/bitessiulai.lt\/ru\/wp-json\/wp\/v2\/product_tag?post=8929"},{"taxonomy":"giftcard-category","embeddable":true,"href":"https:\/\/bitessiulai.lt\/ru\/wp-json\/wp\/v2\/giftcard-category?post=8929"}],"curies":[{"name":"wp","href":"https:\/\/api.w.org\/{rel}","templated":true}]}}