{"id":8919,"date":"2025-03-01T20:49:43","date_gmt":"2025-03-01T18:49:43","guid":{"rendered":"https:\/\/bitessiulai.lt\/?post_type=product&#038;p=8919"},"modified":"2025-06-09T17:13:51","modified_gmt":"2025-06-09T14:13:51","slug":"tulip-etimo-nerimo-vaseliu-rinkinys-premium","status":"publish","type":"product","link":"https:\/\/bitessiulai.lt\/ru\/product\/tulip-etimo-nerimo-vaseliu-rinkinys-premium\/","title":{"rendered":"\u041d\u0430\u0431\u043e\u0440 \u043a\u0440\u044e\u0447\u043a\u043e\u0432 \u0434\u043b\u044f \u0432\u044f\u0437\u0430\u043d\u0438\u044f Tulip Etimo \u043f\u0440\u0435\u043c\u0438\u0443\u043c-\u043a\u043b\u0430\u0441\u0441\u0430"},"content":{"rendered":"<p>\u041d\u0430\u0431\u043e\u0440 \u043a\u0440\u044e\u0447\u043a\u043e\u0432 \u0434\u043b\u044f \u0432\u044f\u0437\u0430\u043d\u0438\u044f Tulip Etimo \u043f\u0440\u0435\u043c\u0438\u0443\u043c-\u043a\u043b\u0430\u0441\u0441\u0430 \u2013 \u044d\u0442\u043e \u0432\u044b\u0441\u043e\u043a\u043e\u043a\u0430\u0447\u0435\u0441\u0442\u0432\u0435\u043d\u043d\u044b\u0439 \u043d\u0430\u0431\u043e\u0440 \u0434\u043b\u044f \u0432\u044f\u0437\u0430\u043d\u0438\u044f \u0432 \u043a\u0440\u0430\u0441\u0438\u0432\u043e\u043c \u0441\u0435\u0440\u043e\u043c \u0444\u0443\u0442\u043b\u044f\u0440\u0435. \u042d\u0442\u043e\u0442 \u043d\u0430\u0431\u043e\u0440 \u043f\u0440\u0435\u043c\u0438\u0443\u043c-\u043a\u043b\u0430\u0441\u0441\u0430 Gold \u0432\u043a\u043b\u044e\u0447\u0430\u0435\u0442 \u0432 \u0441\u0435\u0431\u044f 8 \u043a\u0440\u044e\u0447\u043a\u043e\u0432 \u0441\u043b\u0435\u0434\u0443\u044e\u0449\u0438\u0445 \u0440\u0430\u0437\u043c\u0435\u0440\u043e\u0432: 2 \u043c\u043c, 2,2 \u043c\u043c, 2,5 \u043c\u043c, 3 \u043c\u043c, 3,5 \u043c\u043c, 4 \u043c\u043c, 5 \u043c\u043c \u0438 6 \u043c\u043c. \u041a\u0440\u043e\u043c\u0435 \u0442\u043e\u0433\u043e, \u0432 \u043d\u0430\u0431\u043e\u0440 \u0432\u0445\u043e\u0434\u044f\u0442 2 \u0441\u043f\u0438\u0446\u044b, \u043b\u0438\u043d\u0435\u0439\u043a\u0430 \u0438 \u043d\u043e\u0436\u043d\u0438\u0446\u044b. \u042d\u0440\u0433\u043e\u043d\u043e\u043c\u0438\u0447\u043d\u0430\u044f \u0440\u0443\u0447\u043a\u0430 \u043e\u0431\u0435\u0441\u043f\u0435\u0447\u0438\u0432\u0430\u0435\u0442 \u043a\u043e\u043c\u0444\u043e\u0440\u0442\u043d\u043e\u0435 \u0432\u044f\u0437\u0430\u043d\u0438\u0435 \u0432 \u0442\u0435\u0447\u0435\u043d\u0438\u0435 \u043c\u043d\u043e\u0433\u0438\u0445 \u0447\u0430\u0441\u043e\u0432!<\/p>\n<p><img fetchpriority=\"high\" decoding=\"async\" class=\"alignnone size-medium wp-image-8920\" src=\"http:\/\/bitessiulai.lt\/wp-content\/uploads\/2025\/03\/TEG-002-3-300x300.webp\" alt=\"\" width=\"300\" height=\"300\" srcset=\"https:\/\/bitessiulai.lt\/wp-content\/uploads\/2025\/03\/TEG-002-3-300x300.webp 300w, https:\/\/bitessiulai.lt\/wp-content\/uploads\/2025\/03\/TEG-002-3-150x150.webp 150w, https:\/\/bitessiulai.lt\/wp-content\/uploads\/2025\/03\/TEG-002-3-12x12.webp 12w, https:\/\/bitessiulai.lt\/wp-content\/uploads\/2025\/03\/TEG-002-3-600x600.webp 600w, https:\/\/bitessiulai.lt\/wp-content\/uploads\/2025\/03\/TEG-002-3-96x96.webp 96w, https:\/\/bitessiulai.lt\/wp-content\/uploads\/2025\/03\/TEG-002-3.webp 700w\" sizes=\"(max-width: 300px) 100vw, 300px\" \/> <img decoding=\"async\" class=\"alignnone size-medium wp-image-8921\" src=\"http:\/\/bitessiulai.lt\/wp-content\/uploads\/2025\/03\/TEG-002-2-300x300.webp\" alt=\"\" width=\"300\" height=\"300\" srcset=\"https:\/\/bitessiulai.lt\/wp-content\/uploads\/2025\/03\/TEG-002-2-300x300.webp 300w, https:\/\/bitessiulai.lt\/wp-content\/uploads\/2025\/03\/TEG-002-2-150x150.webp 150w, https:\/\/bitessiulai.lt\/wp-content\/uploads\/2025\/03\/TEG-002-2-12x12.webp 12w, https:\/\/bitessiulai.lt\/wp-content\/uploads\/2025\/03\/TEG-002-2-600x600.webp 600w, https:\/\/bitessiulai.lt\/wp-content\/uploads\/2025\/03\/TEG-002-2-96x96.webp 96w, https:\/\/bitessiulai.lt\/wp-content\/uploads\/2025\/03\/TEG-002-2.webp 700w\" sizes=\"(max-width: 300px) 100vw, 300px\" \/><\/p>\n<p>*\u0426\u0432\u0435\u0442\u0430 \u043d\u0430 \u044d\u043a\u0440\u0430\u043d\u0435 \u043c\u043e\u0433\u0443\u0442 \u043d\u0435\u043c\u043d\u043e\u0433\u043e \u043e\u0442\u043b\u0438\u0447\u0430\u0442\u044c\u0441\u044f \u043e\u0442 \u0440\u0435\u0430\u043b\u044c\u043d\u044b\u0445.<\/p>","protected":false},"excerpt":{"rendered":"<p>Tulip Etimo n\u0117rimo v\u0105\u0161eli\u0173 rinkinys premium\u00a0yra auk\u0161tos kokyb\u0117s n\u0117rimo rinkinys gra\u017eiame pilkame d\u0117kle. \u0160iame \u201ePremium Gold\u201c rinkinyje yra 8 n\u0117rimo v\u0105\u0161eliai, kuri\u0173 dyd\u017eiai: 2 mm, 2,2 mm, 2,5 mm, 3 mm, 3,5 mm, 4 mm, 5 mm ir 6 mm. Be to, jame yra 2 verpal\u0173 adatos, liniuot\u0117 ir \u017eirkl\u0117s.\u00a0 Ergonomi\u0161kai suprojektuota rankena u\u017etikrina patog\u0173 n\u0117rim\u0105 valand\u0173 valandas! *Ekrane matomos spalvos gali \u0161iek tiek skirtis nuo tikrosios spalvos.<\/p>","protected":false},"featured_media":8922,"comment_status":"open","ping_status":"closed","template":"","meta":[],"product_brand":[],"product_cat":[180,190,191],"product_tag":[],"giftcard-category":[],"class_list":{"0":"post-8919","1":"product","2":"type-product","3":"status-publish","4":"has-post-thumbnail","6":"product_cat-mezgimo-priemones","7":"product_cat-nerimo-vaseliai","8":"product_cat-vaseliu-rinkiniai","10":"first","11":"instock","12":"taxable","13":"shipping-taxable","14":"purchasable","15":"product-type-simple"},"_links":{"self":[{"href":"https:\/\/bitessiulai.lt\/ru\/wp-json\/wp\/v2\/product\/8919","targetHints":{"allow":["GET"]}}],"collection":[{"href":"https:\/\/bitessiulai.lt\/ru\/wp-json\/wp\/v2\/product"}],"about":[{"href":"https:\/\/bitessiulai.lt\/ru\/wp-json\/wp\/v2\/types\/product"}],"replies":[{"embeddable":true,"href":"https:\/\/bitessiulai.lt\/ru\/wp-json\/wp\/v2\/comments?post=8919"}],"version-history":[{"count":0,"href":"https:\/\/bitessiulai.lt\/ru\/wp-json\/wp\/v2\/product\/8919\/revisions"}],"wp:featuredmedia":[{"embeddable":true,"href":"https:\/\/bitessiulai.lt\/ru\/wp-json\/wp\/v2\/media\/8922"}],"wp:attachment":[{"href":"https:\/\/bitessiulai.lt\/ru\/wp-json\/wp\/v2\/media?parent=8919"}],"wp:term":[{"taxonomy":"product_brand","embeddable":true,"href":"https:\/\/bitessiulai.lt\/ru\/wp-json\/wp\/v2\/product_brand?post=8919"},{"taxonomy":"product_cat","embeddable":true,"href":"https:\/\/bitessiulai.lt\/ru\/wp-json\/wp\/v2\/product_cat?post=8919"},{"taxonomy":"product_tag","embeddable":true,"href":"https:\/\/bitessiulai.lt\/ru\/wp-json\/wp\/v2\/product_tag?post=8919"},{"taxonomy":"giftcard-category","embeddable":true,"href":"https:\/\/bitessiulai.lt\/ru\/wp-json\/wp\/v2\/giftcard-category?post=8919"}],"curies":[{"name":"wp","href":"https:\/\/api.w.org\/{rel}","templated":true}]}}