{"id":8912,"date":"2025-03-01T20:04:01","date_gmt":"2025-03-01T18:04:01","guid":{"rendered":"https:\/\/bitessiulai.lt\/?post_type=product&#038;p=8912"},"modified":"2025-12-03T13:44:11","modified_gmt":"2025-12-03T11:44:11","slug":"tulip-sucre-bead-nerimo-vaseliu-rinkinys","status":"publish","type":"product","link":"https:\/\/bitessiulai.lt\/ru\/product\/tulip-sucre-bead-nerimo-vaseliu-rinkinys\/","title":{"rendered":"\u041d\u0430\u0431\u043e\u0440 \u043a\u0440\u044e\u0447\u043a\u043e\u0432 \u0434\u043b\u044f \u0432\u044f\u0437\u0430\u043d\u0438\u044f \u0431\u0443\u0441\u0438\u043d \u00ab\u0422\u044e\u043b\u044c\u043f\u0430\u043d \u0441\u0443\u043a\u0440\u0435\u00bb"},"content":{"rendered":"<p><strong>\u041d\u0430\u0431\u043e\u0440 \u043a\u0440\u044e\u0447\u043a\u043e\u0432 \u0434\u043b\u044f \u0432\u044f\u0437\u0430\u043d\u0438\u044f Tulip Sucre Bead.<\/strong> \u042d\u0442\u043e\u0442 \u043d\u0430\u0431\u043e\u0440 \u043a\u0440\u044e\u0447\u043a\u043e\u0432 \u0434\u043b\u044f \u0432\u044f\u0437\u0430\u043d\u0438\u044f Tulip Sucre \u0441\u043e\u0434\u0435\u0440\u0436\u0438\u0442 5 \u0440\u0430\u0437\u043d\u044b\u0445 \u0440\u0430\u0437\u043c\u0435\u0440\u043e\u0432 \u0438\u0437 \u043a\u043e\u043b\u043b\u0435\u043a\u0446\u0438\u0438 Sucre Bead \u0441 \u0447\u0435\u0445\u043b\u043e\u043c \u0434\u043b\u044f \u0431\u0443\u0441\u0438\u043d. \u0420\u0430\u0437\u043c\u0435\u0440\u044b \u043a\u0440\u044e\u0447\u043a\u043e\u0432: 0,9 \u043c\u043c, 1,00 \u043c\u043c, 1,25 \u043c\u043c, 1,5 \u043c\u043c, 1,75 \u043c\u043c. \u0412\u044b\u0441\u043e\u043a\u043e\u043a\u0430\u0447\u0435\u0441\u0442\u0432\u0435\u043d\u043d\u044b\u0439 \u043c\u0430\u0442\u0435\u0440\u0438\u0430\u043b. \u041e\u0441\u043e\u0431\u0435\u043d\u043d\u043e \u043f\u043e\u0434\u0445\u043e\u0434\u0438\u0442 \u0434\u043b\u044f \u0441\u0430\u043c\u044b\u0445 \u043c\u0430\u043b\u0435\u043d\u044c\u043a\u0438\u0445 \u0438\u0437\u0434\u0435\u043b\u0438\u0439.<\/p>\n<p><img fetchpriority=\"high\" decoding=\"async\" class=\"alignnone size-medium wp-image-8915\" src=\"http:\/\/bitessiulai.lt\/wp-content\/uploads\/2025\/03\/TB13-SE-1-300x300.webp\" alt=\"\" width=\"300\" height=\"300\" srcset=\"https:\/\/bitessiulai.lt\/wp-content\/uploads\/2025\/03\/TB13-SE-1-300x300.webp 300w, https:\/\/bitessiulai.lt\/wp-content\/uploads\/2025\/03\/TB13-SE-1-150x150.webp 150w, https:\/\/bitessiulai.lt\/wp-content\/uploads\/2025\/03\/TB13-SE-1-12x12.webp 12w, https:\/\/bitessiulai.lt\/wp-content\/uploads\/2025\/03\/TB13-SE-1-600x600.webp 600w, https:\/\/bitessiulai.lt\/wp-content\/uploads\/2025\/03\/TB13-SE-1-96x96.webp 96w, https:\/\/bitessiulai.lt\/wp-content\/uploads\/2025\/03\/TB13-SE-1.webp 700w\" sizes=\"(max-width: 300px) 100vw, 300px\" \/> <img decoding=\"async\" class=\"alignnone size-medium wp-image-8913\" src=\"http:\/\/bitessiulai.lt\/wp-content\/uploads\/2025\/03\/TB13-SE-3-300x300.webp\" alt=\"\" width=\"300\" height=\"300\" srcset=\"https:\/\/bitessiulai.lt\/wp-content\/uploads\/2025\/03\/TB13-SE-3-300x300.webp 300w, https:\/\/bitessiulai.lt\/wp-content\/uploads\/2025\/03\/TB13-SE-3-150x150.webp 150w, https:\/\/bitessiulai.lt\/wp-content\/uploads\/2025\/03\/TB13-SE-3-12x12.webp 12w, https:\/\/bitessiulai.lt\/wp-content\/uploads\/2025\/03\/TB13-SE-3-600x600.webp 600w, https:\/\/bitessiulai.lt\/wp-content\/uploads\/2025\/03\/TB13-SE-3-96x96.webp 96w, https:\/\/bitessiulai.lt\/wp-content\/uploads\/2025\/03\/TB13-SE-3.webp 700w\" sizes=\"(max-width: 300px) 100vw, 300px\" \/><\/p>\n<p>*\u0426\u0432\u0435\u0442\u0430 \u043d\u0430 \u044d\u043a\u0440\u0430\u043d\u0435 \u043c\u043e\u0433\u0443\u0442 \u043d\u0435\u043c\u043d\u043e\u0433\u043e \u043e\u0442\u043b\u0438\u0447\u0430\u0442\u044c\u0441\u044f \u043e\u0442 \u0440\u0435\u0430\u043b\u044c\u043d\u044b\u0445.<\/p>","protected":false},"excerpt":{"rendered":"<p>Tulip Sucre Bead n\u0117rimo v\u0105\u0161eli\u0173 rinkinys. \u0160iame Tulip Sucre n\u0117rimo v\u0105\u0161\u0119li\u0173 rinkinyje yra 5 skirting\u0173 dyd\u017ei\u0173 n\u0117rimo v\u0105\u0161eliai i\u0161 Sucre karoliuk\u0173 kolekcijos su karoliuk\u0173 d\u0117klu. V\u0105\u0161eli\u0173 dyd\u017eiai: 0,9 mm, 1,00 mm, 1,25 mm, 1,5 mm, 1,75 mm. Auk\u0161tos kokyb\u0117s med\u017eiaga. Ypa\u010d tinka ma\u017eiausiems n\u0117rimo projektams. *Ekrane matomos spalvos gali \u0161iek tiek skirtis nuo tikrosios spalvos.<\/p>","protected":false},"featured_media":8914,"comment_status":"open","ping_status":"closed","template":"","meta":[],"product_brand":[],"product_cat":[180,190,191],"product_tag":[],"giftcard-category":[],"class_list":{"0":"post-8912","1":"product","2":"type-product","3":"status-publish","4":"has-post-thumbnail","6":"product_cat-mezgimo-priemones","7":"product_cat-nerimo-vaseliai","8":"product_cat-vaseliu-rinkiniai","10":"first","11":"instock","12":"taxable","13":"shipping-taxable","14":"purchasable","15":"product-type-simple"},"_links":{"self":[{"href":"https:\/\/bitessiulai.lt\/ru\/wp-json\/wp\/v2\/product\/8912","targetHints":{"allow":["GET"]}}],"collection":[{"href":"https:\/\/bitessiulai.lt\/ru\/wp-json\/wp\/v2\/product"}],"about":[{"href":"https:\/\/bitessiulai.lt\/ru\/wp-json\/wp\/v2\/types\/product"}],"replies":[{"embeddable":true,"href":"https:\/\/bitessiulai.lt\/ru\/wp-json\/wp\/v2\/comments?post=8912"}],"version-history":[{"count":0,"href":"https:\/\/bitessiulai.lt\/ru\/wp-json\/wp\/v2\/product\/8912\/revisions"}],"wp:featuredmedia":[{"embeddable":true,"href":"https:\/\/bitessiulai.lt\/ru\/wp-json\/wp\/v2\/media\/8914"}],"wp:attachment":[{"href":"https:\/\/bitessiulai.lt\/ru\/wp-json\/wp\/v2\/media?parent=8912"}],"wp:term":[{"taxonomy":"product_brand","embeddable":true,"href":"https:\/\/bitessiulai.lt\/ru\/wp-json\/wp\/v2\/product_brand?post=8912"},{"taxonomy":"product_cat","embeddable":true,"href":"https:\/\/bitessiulai.lt\/ru\/wp-json\/wp\/v2\/product_cat?post=8912"},{"taxonomy":"product_tag","embeddable":true,"href":"https:\/\/bitessiulai.lt\/ru\/wp-json\/wp\/v2\/product_tag?post=8912"},{"taxonomy":"giftcard-category","embeddable":true,"href":"https:\/\/bitessiulai.lt\/ru\/wp-json\/wp\/v2\/giftcard-category?post=8912"}],"curies":[{"name":"wp","href":"https:\/\/api.w.org\/{rel}","templated":true}]}}