{"id":8882,"date":"2025-03-01T18:43:37","date_gmt":"2025-03-01T16:43:37","guid":{"rendered":"https:\/\/bitessiulai.lt\/?post_type=product&#038;p=8882"},"modified":"2026-02-14T15:11:29","modified_gmt":"2026-02-14T13:11:29","slug":"sew-tasty-matavimo-juosta-150cm","status":"publish","type":"product","link":"https:\/\/bitessiulai.lt\/ru\/product\/sew-tasty-matavimo-juosta-150cm\/","title":{"rendered":"\u0421\u0430\u043d\u0442\u0438\u043c\u0435\u0442\u0440\u043e\u0432\u0430\u044f \u043b\u0435\u043d\u0442\u0430 Sew Tasty 150\u0441\u043c"},"content":{"rendered":"<p><b style=\"letter-spacing: 0px;\">\u042d\u0442\u0430 \u0438\u0437\u043c\u0435\u0440\u0438\u0442\u0435\u043b\u044c\u043d\u0430\u044f \u043b\u0435\u043d\u0442\u0430 Sew Tasty 150 \u0441\u043c<\/b><span style=\"letter-spacing: 0px;\"> \u041f\u043e\u043c\u0435\u0441\u0442\u0438\u0442\u0441\u044f \u0432 \u043b\u044e\u0431\u0443\u044e (\u043f\u0440\u043e\u0435\u043a\u0442\u043d\u0443\u044e) \u0441\u0443\u043c\u043a\u0443 \u0438\u043b\u0438 \u043a\u0435\u0439\u0441. \u0412\u044b\u0433\u043b\u044f\u0434\u0438\u0442 \u0441\u0442\u0438\u043b\u044c\u043d\u043e \u0431\u043b\u0430\u0433\u043e\u0434\u0430\u0440\u044f \u043a\u0432\u0430\u0434\u0440\u0430\u0442\u043d\u043e\u043c\u0443 \u043a\u043e\u0440\u043f\u0443\u0441\u0443 \u0438\u0437 \u0440\u043e\u0437\u043e\u0432\u043e\u0433\u043e \u043f\u043e\u043b\u0438\u0443\u0440\u0435\u0442\u0430\u043d\u0430. \u041f\u0440\u0438 \u043d\u0430\u0436\u0430\u0442\u0438\u0438 \u043d\u0430 \u0431\u043e\u043a\u043e\u0432\u0443\u044e \u0441\u0442\u043e\u0440\u043e\u043d\u0443 \u043b\u0435\u043d\u0442\u0430 \u0430\u0432\u0442\u043e\u043c\u0430\u0442\u0438\u0447\u0435\u0441\u043a\u0438 \u0441\u0432\u043e\u0440\u0430\u0447\u0438\u0432\u0430\u0435\u0442\u0441\u044f, \u043f\u0440\u0435\u0434\u043e\u0442\u0432\u0440\u0430\u0449\u0430\u044f \u0441\u043f\u0443\u0442\u044b\u0432\u0430\u043d\u0438\u0435. \u042d\u0442\u0430 \u0438\u0437\u043c\u0435\u0440\u0438\u0442\u0435\u043b\u044c\u043d\u0430\u044f \u043b\u0435\u043d\u0442\u0430 \u0442\u0430\u043a\u0436\u0435 \u043e\u0441\u043d\u0430\u0449\u0435\u043d\u0430 \u043f\u0435\u0442\u0435\u043b\u044c\u043a\u043e\u0439 \u0438\u0437 \u0442\u043e\u0433\u043e \u0436\u0435 \u043c\u0430\u0442\u0435\u0440\u0438\u0430\u043b\u0430, \u0447\u0442\u043e \u0438 \u043a\u043e\u0440\u043f\u0443\u0441, \u0441 \u043f\u043e\u043c\u043e\u0449\u044c\u044e \u043a\u043e\u0442\u043e\u0440\u043e\u0439 \u0435\u0451 \u043c\u043e\u0436\u043d\u043e \u043b\u0435\u0433\u043a\u043e \u0432\u044b\u0442\u0430\u0449\u0438\u0442\u044c. \u0421 \u043e\u0434\u043d\u043e\u0439 \u0441\u0442\u043e\u0440\u043e\u043d\u044b \u0440\u0443\u043b\u0435\u0442\u043a\u0430 \u0438\u043c\u0435\u0435\u0442 \u0434\u044e\u0439\u043c\u043e\u0432\u0443\u044e \u043c\u0430\u0440\u043a\u0438\u0440\u043e\u0432\u043a\u0443, \u0441 \u0434\u0440\u0443\u0433\u043e\u0439 \u2014 \u0441\u0430\u043d\u0442\u0438\u043c\u0435\u0442\u0440\u043e\u0432\u0443\u044e. \u0414\u043b\u0438\u043d\u0430 \u2014 150 \u0441\u043c.\u00a0<\/span><\/p>\n<p>*\u0426\u0432\u0435\u0442\u0430 \u043d\u0430 \u044d\u043a\u0440\u0430\u043d\u0435 \u043c\u043e\u0433\u0443\u0442 \u043d\u0435\u043c\u043d\u043e\u0433\u043e \u043e\u0442\u043b\u0438\u0447\u0430\u0442\u044c\u0441\u044f \u043e\u0442 \u0440\u0435\u0430\u043b\u044c\u043d\u044b\u0445.<\/p>","protected":false},"excerpt":{"rendered":"<p>\u0160i Sew Tasty matavimo juosta 150cm tilps bet kuriame (projektiniame) krep\u0161yje ar d\u0117kle. Ji atrodo pra\u0161matniai d\u0117l kvadratinio korpuso, pagaminto i\u0161 ro\u017ein\u0117s spalvos PU tekstil\u0117s. Paspaudus \u0161on\u0105, juosta automati\u0161kai susivynioja ir neleid\u017eia susipainioti. \u0160ioje matavimo juostoje taip pat yra kabykla, pagaminta i\u0161 tos pa\u010dios med\u017eiagos kaip ir korpusas, su kuria lengvai i\u0161trauksite juost\u0105. Vienoje jo pus\u0117je yra nuorodos coliais, o kitoje \u2013 centimetrais,150 cm ilgio.\u00a0 *Ekrane matomos spalvos gali \u0161iek tiek skirtis nuo tikrosios spalvos.<\/p>","protected":false},"featured_media":8883,"comment_status":"open","ping_status":"closed","template":"","meta":[],"product_brand":[],"product_cat":[202,192],"product_tag":[],"giftcard-category":[],"class_list":{"0":"post-8882","1":"product","2":"type-product","3":"status-publish","4":"has-post-thumbnail","6":"product_cat-matavimo-priemones","7":"product_cat-priedai-mezgimui","9":"first","10":"instock","11":"taxable","12":"shipping-taxable","13":"purchasable","14":"product-type-simple"},"_links":{"self":[{"href":"https:\/\/bitessiulai.lt\/ru\/wp-json\/wp\/v2\/product\/8882","targetHints":{"allow":["GET"]}}],"collection":[{"href":"https:\/\/bitessiulai.lt\/ru\/wp-json\/wp\/v2\/product"}],"about":[{"href":"https:\/\/bitessiulai.lt\/ru\/wp-json\/wp\/v2\/types\/product"}],"replies":[{"embeddable":true,"href":"https:\/\/bitessiulai.lt\/ru\/wp-json\/wp\/v2\/comments?post=8882"}],"version-history":[{"count":0,"href":"https:\/\/bitessiulai.lt\/ru\/wp-json\/wp\/v2\/product\/8882\/revisions"}],"wp:featuredmedia":[{"embeddable":true,"href":"https:\/\/bitessiulai.lt\/ru\/wp-json\/wp\/v2\/media\/8883"}],"wp:attachment":[{"href":"https:\/\/bitessiulai.lt\/ru\/wp-json\/wp\/v2\/media?parent=8882"}],"wp:term":[{"taxonomy":"product_brand","embeddable":true,"href":"https:\/\/bitessiulai.lt\/ru\/wp-json\/wp\/v2\/product_brand?post=8882"},{"taxonomy":"product_cat","embeddable":true,"href":"https:\/\/bitessiulai.lt\/ru\/wp-json\/wp\/v2\/product_cat?post=8882"},{"taxonomy":"product_tag","embeddable":true,"href":"https:\/\/bitessiulai.lt\/ru\/wp-json\/wp\/v2\/product_tag?post=8882"},{"taxonomy":"giftcard-category","embeddable":true,"href":"https:\/\/bitessiulai.lt\/ru\/wp-json\/wp\/v2\/giftcard-category?post=8882"}],"curies":[{"name":"wp","href":"https:\/\/api.w.org\/{rel}","templated":true}]}}