{"id":8691,"date":"2025-02-28T09:49:25","date_gmt":"2025-02-28T07:49:25","guid":{"rendered":"https:\/\/bitessiulai.lt\/?post_type=product&#038;p=8691"},"modified":"2025-10-13T15:26:37","modified_gmt":"2025-10-13T12:26:37","slug":"yarnart-ir-gazzal-siulu-rinkinukas-11","status":"publish","type":"product","link":"https:\/\/bitessiulai.lt\/ru\/product\/yarnart-ir-gazzal-siulu-rinkinukas-11\/","title":{"rendered":"\u041d\u0430\u0431\u043e\u0440 \u043f\u0440\u044f\u0436\u0438 YarnArt \u0438 Gazzal"},"content":{"rendered":"<h5 dir=\"auto\"><strong>\u041d\u0430\u0431\u043e\u0440 \u043f\u0440\u044f\u0436\u0438 YarnArt \u0438 Gazzal:<\/strong><\/h5>\n<ul>\n<li>YarnArt Stylish \u0410\u043b\u044c\u043f\u0430\u043a\u0430 2\u0448\u0442.<\/li>\n<li>Gazzal Super Kid Mohair 5 \u0448\u0442.<\/li>\n<\/ul>\n<p><strong>YarnArt \u0421\u0442\u0438\u043b\u044c\u043d\u0430\u044f \u0410\u043b\u044c\u043f\u0430\u043a\u0430<\/strong><\/p>\n<p><img fetchpriority=\"high\" decoding=\"async\" class=\"alignnone size-medium wp-image-8693\" src=\"http:\/\/bitessiulai.lt\/wp-content\/uploads\/2025\/02\/YARNART_STYLISH_ALPACA_7702_USTTEN-600x600-1-300x300.jpg\" alt=\"\" width=\"300\" height=\"300\" srcset=\"https:\/\/bitessiulai.lt\/wp-content\/uploads\/2025\/02\/YARNART_STYLISH_ALPACA_7702_USTTEN-600x600-1-300x300.jpg 300w, https:\/\/bitessiulai.lt\/wp-content\/uploads\/2025\/02\/YARNART_STYLISH_ALPACA_7702_USTTEN-600x600-1-150x150.jpg 150w, https:\/\/bitessiulai.lt\/wp-content\/uploads\/2025\/02\/YARNART_STYLISH_ALPACA_7702_USTTEN-600x600-1-12x12.jpg 12w, https:\/\/bitessiulai.lt\/wp-content\/uploads\/2025\/02\/YARNART_STYLISH_ALPACA_7702_USTTEN-600x600-1-96x96.jpg 96w, https:\/\/bitessiulai.lt\/wp-content\/uploads\/2025\/02\/YARNART_STYLISH_ALPACA_7702_USTTEN-600x600-1.jpg 600w\" sizes=\"(max-width: 300px) 100vw, 300px\" \/><\/p>\n<p>(\u0426\u0432\u0435\u0442: 7702)<\/p>\n<ul>\n<li dir=\"auto\"><strong>\u0421\u043e\u0441\u0442\u0430\u0432:<\/strong> 25% \u0430\u043b\u044c\u043f\u0430\u043a\u0430, 75% \u0430\u043a\u0440\u0438\u043b<\/li>\n<li dir=\"auto\"><strong>\u0412\u0435\u0441\/\u0434\u043b\u0438\u043d\u0430:<\/strong> 150 \u043b\u0435\u0442 = \u043f\u0440\u0438\u0431\u043b\u0438\u0437\u0438\u0442\u0435\u043b\u044c\u043d\u043e 525 \u043b\u0435\u0442.<\/li>\n<li dir=\"auto\"><strong>\u0420\u0435\u043a\u043e\u043c\u0435\u043d\u0434\u0443\u0435\u043c\u044b\u0439 \u0440\u0430\u0437\u043c\u0435\u0440 \u0441\u043f\u0438\u0446:<\/strong> 3,5 \u043c\u043c.<\/li>\n<li dir=\"auto\"><strong>\u0420\u0435\u043a\u043e\u043c\u0435\u043d\u0434\u0443\u0435\u043c\u044b\u0439 \u0440\u0430\u0437\u043c\u0435\u0440 \u0432\u0430\u0437\u044b:<\/strong> 3 \u043c\u043c.<\/li>\n<\/ul>\n<p>&nbsp;<\/p>\n<p><span class=\"html-span xexx8yu x4uap5 x18d9i69 xkhd6sd x1hl2dhg x16tdsg8 x1vvkbs x3nfvp2 x1j61x8r x1fcty0u xdj266r xat24cr xgzva0m xhhsvwb xxymvpz xlup9mm x1kky2od\"><img decoding=\"async\" class=\"xz74otr\" src=\"https:\/\/static.xx.fbcdn.net\/images\/emoji.php\/v9\/t2d\/1\/16\/1f4cd.png\" alt=\"\ud83d\udccd\" width=\"16\" height=\"16\" \/><\/span> <strong>\u0426\u0435\u043d\u0430 4,80 \u0435\u0432\u0440\u043e<\/strong><\/p>\n<p><strong>Gazzal Super Kid Mohair<\/strong><\/p>\n<p><img decoding=\"async\" class=\"alignnone size-medium wp-image-8692\" src=\"http:\/\/bitessiulai.lt\/wp-content\/uploads\/2025\/02\/super-kid-mohair-64428-901-10-B-600x600-1-300x300.jpg\" alt=\"\" width=\"300\" height=\"300\" srcset=\"https:\/\/bitessiulai.lt\/wp-content\/uploads\/2025\/02\/super-kid-mohair-64428-901-10-B-600x600-1-300x300.jpg 300w, https:\/\/bitessiulai.lt\/wp-content\/uploads\/2025\/02\/super-kid-mohair-64428-901-10-B-600x600-1-150x150.jpg 150w, https:\/\/bitessiulai.lt\/wp-content\/uploads\/2025\/02\/super-kid-mohair-64428-901-10-B-600x600-1-12x12.jpg 12w, https:\/\/bitessiulai.lt\/wp-content\/uploads\/2025\/02\/super-kid-mohair-64428-901-10-B-600x600-1-96x96.jpg 96w, https:\/\/bitessiulai.lt\/wp-content\/uploads\/2025\/02\/super-kid-mohair-64428-901-10-B-600x600-1.jpg 600w\" sizes=\"(max-width: 300px) 100vw, 300px\" \/><\/p>\n<p>(\u0426\u0432\u0435\u0442: 64428)<\/p>\n<ul>\n<li><strong>\u0421\u043e\u0441\u0442\u0430\u0432:<\/strong> 47% \u0441\u0443\u043f\u0435\u0440 \u043a\u0438\u0434 \u043c\u043e\u0445\u0435\u0440, 31% \u043c\u0435\u0440\u0438\u043d\u043e\u0441\u043e\u0432\u0430\u044f \u0448\u0435\u0440\u0441\u0442\u044c, 22% \u043f\u043e\u043b\u0438\u0430\u043c\u0438\u0434<\/li>\n<li><strong>\u0412\u0435\u0441\/\u0434\u043b\u0438\u043d\u0430:<\/strong> 25 \u043b\u0435\u0442 = \u043f\u0440\u0438\u0431\u043b\u0438\u0437\u0438\u0442\u0435\u043b\u044c\u043d\u043e 237 \u043b\u0435\u0442.<\/li>\n<li><strong>\u0420\u0435\u043a\u043e\u043c\u0435\u043d\u0434\u0443\u0435\u043c\u044b\u0439 \u0440\u0430\u0437\u043c\u0435\u0440 \u0441\u043f\u0438\u0446: <\/strong>3 \u043c\u043c.<\/li>\n<li><strong>\u0420\u0435\u043a\u043e\u043c\u0435\u043d\u0434\u0443\u0435\u043c\u044b\u0439 \u0440\u0430\u0437\u043c\u0435\u0440 \u0432\u0430\u0437\u044b:<\/strong> 2,5 \u2013 3 \u043c\u043c.<\/li>\n<\/ul>\n<p>&nbsp;<\/p>\n<p><span class=\"html-span xexx8yu x4uap5 x18d9i69 xkhd6sd x1hl2dhg x16tdsg8 x1vvkbs x3nfvp2 x1j61x8r x1fcty0u xdj266r xat24cr xgzva0m xhhsvwb xxymvpz xlup9mm x1kky2od\"><img decoding=\"async\" class=\"xz74otr\" src=\"https:\/\/static.xx.fbcdn.net\/images\/emoji.php\/v9\/t2d\/1\/16\/1f4cd.png\" alt=\"\ud83d\udccd\" width=\"16\" height=\"16\" \/><\/span> <strong>\u0426\u0435\u043d\u0430 2,99 \u0435\u0432\u0440\u043e<\/strong><\/p>\n<p><span class=\"html-span xexx8yu x4uap5 x18d9i69 xkhd6sd x1hl2dhg x16tdsg8 x1vvkbs x3nfvp2 x1j61x8r x1fcty0u xdj266r xat24cr xgzva0m xhhsvwb xxymvpz xlup9mm x1kky2od\"><img decoding=\"async\" class=\"xz74otr\" src=\"https:\/\/static.xx.fbcdn.net\/images\/emoji.php\/v9\/t2d\/1\/16\/1f4cd.png\" alt=\"\ud83d\udccd\" width=\"16\" height=\"16\" \/>\u0415\u0441\u043b\u0438 \u043d\u0443\u0436\u043d\u043e\u0433\u043e \u043d\u0430\u0431\u043e\u0440\u0430 \u043d\u0435\u0442 \u0432 \u043d\u0430\u043b\u0438\u0447\u0438\u0438 \u0438\u043b\u0438 \u0432\u0430\u043c \u043d\u0435\u043e\u0431\u0445\u043e\u0434\u0438\u043c\u043e \u0431\u043e\u043b\u044c\u0448\u0435\u0435 \u043a\u043e\u043b\u0438\u0447\u0435\u0441\u0442\u0432\u043e, \u043f\u043e\u0436\u0430\u043b\u0443\u0439\u0441\u0442\u0430, \u0441\u0432\u044f\u0436\u0438\u0442\u0435\u0441\u044c \u0441 \u043d\u0430\u043c\u0438. <img decoding=\"async\" class=\"xz74otr\" src=\"https:\/\/static.xx.fbcdn.net\/images\/emoji.php\/v9\/t2d\/1\/16\/1f4cd.png\" alt=\"\ud83d\udccd\" width=\"16\" height=\"16\" \/><\/span><\/p>\n<div class=\"item\">\n<ul>\n<li class=\"text\">+370 672 44443<\/li>\n<\/ul>\n<\/div>\n<div class=\"item\">\n<ul>\n<li class=\"text\">info@bitessiulai.lt<\/li>\n<\/ul>\n<\/div>\n<p>&nbsp;<\/p>\n<p>*\u0426\u0432\u0435\u0442\u0430, \u043a\u043e\u0442\u043e\u0440\u044b\u0435 \u0432\u044b \u0432\u0438\u0434\u0438\u0442\u0435 \u043d\u0430 \u044d\u043a\u0440\u0430\u043d\u0435, \u043c\u043e\u0433\u0443\u0442 \u043d\u0435\u043c\u043d\u043e\u0433\u043e \u043e\u0442\u043b\u0438\u0447\u0430\u0442\u044c\u0441\u044f \u043e\u0442 \u0444\u0430\u043a\u0442\u0438\u0447\u0435\u0441\u043a\u043e\u0433\u043e \u0446\u0432\u0435\u0442\u0430 \u043d\u0438\u0442\u0438.<\/p>","protected":false},"excerpt":{"rendered":"<p>YarnArt ir Gazzal si\u016bl\u0173 rinkinukas\u00a0: YarnArt Stylish Alpaca 2vnt. Gazzal Super Kid Mohair\u00a0 5vnt. YarnArt Stylish Alpaca (Spalva: 7702) Sud\u0117tis: 25% alpaka, 75% akrilas Svoris\/ilgis: 150 g.= ma\u017edaug 525 m. Rekomenduojamas virbal\u0173 dydis: 3,5 mm. Rekomenduojamas va\u0161elio dydis: 3 mm. &nbsp; Kaina 4,80\u20ac Gazzal Super Kid Mohair (Spalva: 64428) Sud\u0117tis: 47% super kid mohera, 31% merino vilna, 22% poliamidas Svoris\/ilgis: 25 g.= ma\u017edaug 237 m. Rekomenduojamas virbal\u0173 dydis: 3 mm. Rekomenduojamas va\u0161elio dydis: 2,5 &#8211; 3 mm. &nbsp; Kaina 2,99\u20ac Jeigu prekyboje rinkinio n\u0117ra arba reikalingas didesnis kiekis, susiekite su Mumis +370 672 44443 info@bitessiulai.lt &nbsp; *Ekrane matomos spalvos gali \u0161iek tiek skirtis nuo tikrosios si\u016bl\u0173 spalvos.<\/p>","protected":false},"featured_media":8640,"comment_status":"open","ping_status":"closed","template":"","meta":[],"product_brand":[],"product_cat":[176,3571,3431],"product_tag":[],"giftcard-category":[],"class_list":{"0":"post-8691","1":"product","2":"type-product","3":"status-publish","4":"has-post-thumbnail","6":"product_cat-siulu-rinkinukai","7":"product_cat-rinkinukai-su-gazzal-super-kid-mohair-siulu-rinkinukai","8":"product_cat-rinkinukai-su-yarnart-stylish-alpaca","10":"first","11":"instock","12":"taxable","13":"shipping-taxable","14":"purchasable","15":"product-type-simple"},"_links":{"self":[{"href":"https:\/\/bitessiulai.lt\/ru\/wp-json\/wp\/v2\/product\/8691","targetHints":{"allow":["GET"]}}],"collection":[{"href":"https:\/\/bitessiulai.lt\/ru\/wp-json\/wp\/v2\/product"}],"about":[{"href":"https:\/\/bitessiulai.lt\/ru\/wp-json\/wp\/v2\/types\/product"}],"replies":[{"embeddable":true,"href":"https:\/\/bitessiulai.lt\/ru\/wp-json\/wp\/v2\/comments?post=8691"}],"version-history":[{"count":0,"href":"https:\/\/bitessiulai.lt\/ru\/wp-json\/wp\/v2\/product\/8691\/revisions"}],"wp:featuredmedia":[{"embeddable":true,"href":"https:\/\/bitessiulai.lt\/ru\/wp-json\/wp\/v2\/media\/8640"}],"wp:attachment":[{"href":"https:\/\/bitessiulai.lt\/ru\/wp-json\/wp\/v2\/media?parent=8691"}],"wp:term":[{"taxonomy":"product_brand","embeddable":true,"href":"https:\/\/bitessiulai.lt\/ru\/wp-json\/wp\/v2\/product_brand?post=8691"},{"taxonomy":"product_cat","embeddable":true,"href":"https:\/\/bitessiulai.lt\/ru\/wp-json\/wp\/v2\/product_cat?post=8691"},{"taxonomy":"product_tag","embeddable":true,"href":"https:\/\/bitessiulai.lt\/ru\/wp-json\/wp\/v2\/product_tag?post=8691"},{"taxonomy":"giftcard-category","embeddable":true,"href":"https:\/\/bitessiulai.lt\/ru\/wp-json\/wp\/v2\/giftcard-category?post=8691"}],"curies":[{"name":"wp","href":"https:\/\/api.w.org\/{rel}","templated":true}]}}