{"id":8513,"date":"2025-02-24T14:08:32","date_gmt":"2025-02-24T12:08:32","guid":{"rendered":"https:\/\/bitessiulai.lt\/?post_type=product&#038;p=8513"},"modified":"2025-09-12T12:35:56","modified_gmt":"2025-09-12T09:35:56","slug":"yarnart-ir-stenli-siulu-rinkinukas","status":"publish","type":"product","link":"https:\/\/bitessiulai.lt\/ru\/product\/yarnart-ir-stenli-siulu-rinkinukas\/","title":{"rendered":"\u041d\u0430\u0431\u043e\u0440 \u043f\u0440\u044f\u0436\u0438 YarnArt \u0438 Stanley"},"content":{"rendered":"<h5 dir=\"auto\"><strong>\u041d\u0430\u0431\u043e\u0440 \u043f\u0440\u044f\u0436\u0438 YarnArt \u0438 Stanley:<\/strong><\/h5>\n<ul>\n<li>YarnArt Mohair Trendy 4\u0448\u0442.<\/li>\n<li>\u0421\u0442\u044d\u043d\u043b\u0438 \u0412\u0435\u043d\u0435\u0446\u0438\u044f 2\u0448\u0442.<\/li>\n<\/ul>\n<p><strong>YarnArt Mohair Trendy\u00a0<\/strong><\/p>\n<p><img fetchpriority=\"high\" decoding=\"async\" class=\"alignnone size-medium wp-image-8515\" src=\"http:\/\/bitessiulai.lt\/wp-content\/uploads\/2025\/02\/YARNART_MOHAIR_TRENDY_1003-1-300x300.jpg\" alt=\"\" width=\"300\" height=\"300\" srcset=\"https:\/\/bitessiulai.lt\/wp-content\/uploads\/2025\/02\/YARNART_MOHAIR_TRENDY_1003-1-300x300.jpg 300w, https:\/\/bitessiulai.lt\/wp-content\/uploads\/2025\/02\/YARNART_MOHAIR_TRENDY_1003-1-1024x1024.jpg 1024w, https:\/\/bitessiulai.lt\/wp-content\/uploads\/2025\/02\/YARNART_MOHAIR_TRENDY_1003-1-150x150.jpg 150w, https:\/\/bitessiulai.lt\/wp-content\/uploads\/2025\/02\/YARNART_MOHAIR_TRENDY_1003-1-768x768.jpg 768w, https:\/\/bitessiulai.lt\/wp-content\/uploads\/2025\/02\/YARNART_MOHAIR_TRENDY_1003-1-1536x1536.jpg 1536w, https:\/\/bitessiulai.lt\/wp-content\/uploads\/2025\/02\/YARNART_MOHAIR_TRENDY_1003-1-12x12.jpg 12w, https:\/\/bitessiulai.lt\/wp-content\/uploads\/2025\/02\/YARNART_MOHAIR_TRENDY_1003-1-600x600.jpg 600w, https:\/\/bitessiulai.lt\/wp-content\/uploads\/2025\/02\/YARNART_MOHAIR_TRENDY_1003-1-96x96.jpg 96w, https:\/\/bitessiulai.lt\/wp-content\/uploads\/2025\/02\/YARNART_MOHAIR_TRENDY_1003-1.jpg 2000w\" sizes=\"(max-width: 300px) 100vw, 300px\" \/><\/p>\n<p>(\u0426\u0432\u0435\u0442: 101)<\/p>\n<ul>\n<li dir=\"auto\"><strong>\u0421\u043e\u0441\u0442\u0430\u0432:<\/strong> 50% \u043c\u043e\u0445\u0435\u0440, 50% \u0430\u043a\u0440\u0438\u043b<\/li>\n<li dir=\"auto\"><strong>\u0412\u0435\u0441\/\u0434\u043b\u0438\u043d\u0430:<\/strong> 100 \u043b\u0435\u0442 = \u043f\u0440\u0438\u0431\u043b\u0438\u0437\u0438\u0442\u0435\u043b\u044c\u043d\u043e 220 \u043b\u0435\u0442.<\/li>\n<li dir=\"auto\"><strong>\u0420\u0435\u043a\u043e\u043c\u0435\u043d\u0434\u0443\u0435\u043c\u044b\u0439 \u0440\u0430\u0437\u043c\u0435\u0440 \u0441\u043f\u0438\u0446:<\/strong> 5 \u043c\u043c.<\/li>\n<li dir=\"auto\"><strong>\u0420\u0435\u043a\u043e\u043c\u0435\u043d\u0434\u0443\u0435\u043c\u044b\u0439 \u0440\u0430\u0437\u043c\u0435\u0440 \u0432\u0430\u0437\u044b:<\/strong> 5,5 \u043c\u043c.<\/li>\n<\/ul>\n<p>&nbsp;<\/p>\n<p><span class=\"html-span xexx8yu x4uap5 x18d9i69 xkhd6sd x1hl2dhg x16tdsg8 x1vvkbs x3nfvp2 x1j61x8r x1fcty0u xdj266r xat24cr xgzva0m xhhsvwb xxymvpz xlup9mm x1kky2od\"><img decoding=\"async\" class=\"xz74otr\" src=\"https:\/\/static.xx.fbcdn.net\/images\/emoji.php\/v9\/t2d\/1\/16\/1f4cd.png\" alt=\"\ud83d\udccd\" width=\"16\" height=\"16\" \/><\/span> <strong>\u0426\u0435\u043d\u0430 4,20 \u0435\u0432\u0440\u043e<\/strong><\/p>\n<p>&nbsp;<\/p>\n<p><strong>\u0421\u0442\u044d\u043d\u043b\u0438 \u0412\u0435\u043d\u0435\u0446\u0438\u044f<\/strong><\/p>\n<p><img decoding=\"async\" class=\"alignnone size-medium wp-image-8516\" src=\"http:\/\/bitessiulai.lt\/wp-content\/uploads\/2025\/02\/57_835-500x500-1-1-300x300.jpg\" alt=\"\" width=\"300\" height=\"300\" srcset=\"https:\/\/bitessiulai.lt\/wp-content\/uploads\/2025\/02\/57_835-500x500-1-1-300x300.jpg 300w, https:\/\/bitessiulai.lt\/wp-content\/uploads\/2025\/02\/57_835-500x500-1-1-150x150.jpg 150w, https:\/\/bitessiulai.lt\/wp-content\/uploads\/2025\/02\/57_835-500x500-1-1-12x12.jpg 12w, https:\/\/bitessiulai.lt\/wp-content\/uploads\/2025\/02\/57_835-500x500-1-1-96x96.jpg 96w, https:\/\/bitessiulai.lt\/wp-content\/uploads\/2025\/02\/57_835-500x500-1-1.jpg 500w\" sizes=\"(max-width: 300px) 100vw, 300px\" \/><\/p>\n<p>(\u0426\u0432\u0435\u0442: 101)<\/p>\n<ul>\n<li><strong>\u0421\u043e\u0441\u0442\u0430\u0432:<\/strong> 40% \u0448\u0435\u0440\u0441\u0442\u044c, 30% \u043f\u043e\u043b\u0438\u044d\u0441\u0442\u0435\u0440, 20% \u0430\u043a\u0440\u0438\u043b, 10% \u043c\u0435\u0442\u0430\u043b\u043b\u0438\u0437\u0438\u0440\u043e\u0432\u0430\u043d\u043d\u0430\u044f \u043d\u0438\u0442\u044c<\/li>\n<li><strong>\u0412\u0435\u0441\/\u0434\u043b\u0438\u043d\u0430:<\/strong> 100 \u043b\u0435\u0442 = \u043f\u0440\u0438\u0431\u043b\u0438\u0437\u0438\u0442\u0435\u043b\u044c\u043d\u043e 300 \u043b\u0435\u0442.<\/li>\n<li><strong>\u0420\u0435\u043a\u043e\u043c\u0435\u043d\u0434\u0443\u0435\u043c\u044b\u0439 \u0440\u0430\u0437\u043c\u0435\u0440 \u0441\u043f\u0438\u0446:<\/strong> 4 \u2013 6 \u043c\u043c.<\/li>\n<li><strong>\u0420\u0435\u043a\u043e\u043c\u0435\u043d\u0434\u0443\u0435\u043c\u044b\u0439 \u0440\u0430\u0437\u043c\u0435\u0440 \u0432\u0430\u0437\u044b:<\/strong> 5 \u043c\u043c.<\/li>\n<\/ul>\n<p>&nbsp;<\/p>\n<p><span class=\"html-span xexx8yu x4uap5 x18d9i69 xkhd6sd x1hl2dhg x16tdsg8 x1vvkbs x3nfvp2 x1j61x8r x1fcty0u xdj266r xat24cr xgzva0m xhhsvwb xxymvpz xlup9mm x1kky2od\"><img decoding=\"async\" class=\"xz74otr\" src=\"https:\/\/static.xx.fbcdn.net\/images\/emoji.php\/v9\/t2d\/1\/16\/1f4cd.png\" alt=\"\ud83d\udccd\" width=\"16\" height=\"16\" \/><\/span> <strong>\u0426\u0435\u043d\u0430 4,50 \u0435\u0432\u0440\u043e<\/strong><\/p>\n<p><span class=\"html-span xexx8yu x4uap5 x18d9i69 xkhd6sd x1hl2dhg x16tdsg8 x1vvkbs x3nfvp2 x1j61x8r x1fcty0u xdj266r xat24cr xgzva0m xhhsvwb xxymvpz xlup9mm x1kky2od\"><img decoding=\"async\" class=\"xz74otr\" src=\"https:\/\/static.xx.fbcdn.net\/images\/emoji.php\/v9\/t2d\/1\/16\/1f4cd.png\" alt=\"\ud83d\udccd\" width=\"16\" height=\"16\" \/>\u0415\u0441\u043b\u0438 \u043d\u0443\u0436\u043d\u043e\u0433\u043e \u043d\u0430\u0431\u043e\u0440\u0430 \u043d\u0435\u0442 \u0432 \u043d\u0430\u043b\u0438\u0447\u0438\u0438 \u0438\u043b\u0438 \u0432\u0430\u043c \u043d\u0435\u043e\u0431\u0445\u043e\u0434\u0438\u043c\u043e \u0431\u043e\u043b\u044c\u0448\u0435\u0435 \u043a\u043e\u043b\u0438\u0447\u0435\u0441\u0442\u0432\u043e, \u043f\u043e\u0436\u0430\u043b\u0443\u0439\u0441\u0442\u0430, \u0441\u0432\u044f\u0436\u0438\u0442\u0435\u0441\u044c \u0441 \u043d\u0430\u043c\u0438. <img decoding=\"async\" class=\"xz74otr\" src=\"https:\/\/static.xx.fbcdn.net\/images\/emoji.php\/v9\/t2d\/1\/16\/1f4cd.png\" alt=\"\ud83d\udccd\" width=\"16\" height=\"16\" \/><\/span><\/p>\n<div class=\"item\">\n<ul>\n<li class=\"text\">+370 672 44443<\/li>\n<\/ul>\n<\/div>\n<div class=\"item\">\n<ul>\n<li class=\"text\">info@bitessiulai.lt<\/li>\n<\/ul>\n<\/div>\n<p>&nbsp;<\/p>\n<p>*\u0426\u0432\u0435\u0442\u0430, \u043a\u043e\u0442\u043e\u0440\u044b\u0435 \u0432\u044b \u0432\u0438\u0434\u0438\u0442\u0435 \u043d\u0430 \u044d\u043a\u0440\u0430\u043d\u0435, \u043c\u043e\u0433\u0443\u0442 \u043d\u0435\u043c\u043d\u043e\u0433\u043e \u043e\u0442\u043b\u0438\u0447\u0430\u0442\u044c\u0441\u044f \u043e\u0442 \u0444\u0430\u043a\u0442\u0438\u0447\u0435\u0441\u043a\u043e\u0433\u043e \u0446\u0432\u0435\u0442\u0430 \u043d\u0438\u0442\u0438.<\/p>\n<p>&nbsp;<\/p>","protected":false},"excerpt":{"rendered":"<p>YarnArt ir Stenli si\u016bl\u0173 rinkinukas\u00a0: YarnArt Mohair Trendy 4vnt. Stenli Venezia 2vnt. YarnArt Mohair Trendy\u00a0 (Spalva: 101) Sud\u0117tis: 50% mohera, 50% akrilas Svoris\/ilgis: 100 g.= ma\u017edaug 220 m. Rekomenduojamas virbal\u0173 dydis: 5 mm. Rekomenduojamas va\u0161elio dydis: 5,5 mm. &nbsp; Kaina 4,20\u20ac &nbsp; Stenli Venezia (Spalva: 101) Sud\u0117tis: 40% vilna, 30% poliesteris, 20% akrilas, 10% metalinis si\u016blas Svoris\/ilgis: 100 g.= ma\u017edaug 300 m. Rekomenduojamas virbal\u0173 dydis: 4 &#8211; 6 mm. Rekomenduojamas va\u0161elio dydis: 5 mm. &nbsp; Kaina 4,50\u20ac Jeigu prekyboje rinkinio n\u0117ra arba reikalingas didesnis kiekis, susiekite su Mumis +370 672 44443 info@bitessiulai.lt &nbsp; *Ekrane matomos spalvos gali \u0161iek tiek skirtis nuo tikrosios si\u016bl\u0173 spalvos. &nbsp;<\/p>","protected":false},"featured_media":8514,"comment_status":"open","ping_status":"closed","template":"","meta":[],"product_brand":[],"product_cat":[176,3564],"product_tag":[],"giftcard-category":[],"class_list":{"0":"post-8513","1":"product","2":"type-product","3":"status-publish","4":"has-post-thumbnail","6":"product_cat-siulu-rinkinukai","7":"product_cat-rinkinukai-su-yarnart-mohair-trendy","9":"first","10":"instock","11":"taxable","12":"shipping-taxable","13":"purchasable","14":"product-type-simple"},"_links":{"self":[{"href":"https:\/\/bitessiulai.lt\/ru\/wp-json\/wp\/v2\/product\/8513","targetHints":{"allow":["GET"]}}],"collection":[{"href":"https:\/\/bitessiulai.lt\/ru\/wp-json\/wp\/v2\/product"}],"about":[{"href":"https:\/\/bitessiulai.lt\/ru\/wp-json\/wp\/v2\/types\/product"}],"replies":[{"embeddable":true,"href":"https:\/\/bitessiulai.lt\/ru\/wp-json\/wp\/v2\/comments?post=8513"}],"version-history":[{"count":0,"href":"https:\/\/bitessiulai.lt\/ru\/wp-json\/wp\/v2\/product\/8513\/revisions"}],"wp:featuredmedia":[{"embeddable":true,"href":"https:\/\/bitessiulai.lt\/ru\/wp-json\/wp\/v2\/media\/8514"}],"wp:attachment":[{"href":"https:\/\/bitessiulai.lt\/ru\/wp-json\/wp\/v2\/media?parent=8513"}],"wp:term":[{"taxonomy":"product_brand","embeddable":true,"href":"https:\/\/bitessiulai.lt\/ru\/wp-json\/wp\/v2\/product_brand?post=8513"},{"taxonomy":"product_cat","embeddable":true,"href":"https:\/\/bitessiulai.lt\/ru\/wp-json\/wp\/v2\/product_cat?post=8513"},{"taxonomy":"product_tag","embeddable":true,"href":"https:\/\/bitessiulai.lt\/ru\/wp-json\/wp\/v2\/product_tag?post=8513"},{"taxonomy":"giftcard-category","embeddable":true,"href":"https:\/\/bitessiulai.lt\/ru\/wp-json\/wp\/v2\/giftcard-category?post=8513"}],"curies":[{"name":"wp","href":"https:\/\/api.w.org\/{rel}","templated":true}]}}