{"id":8451,"date":"2025-02-23T09:57:15","date_gmt":"2025-02-23T07:57:15","guid":{"rendered":"https:\/\/bitessiulai.lt\/?post_type=product&#038;p=8451"},"modified":"2026-03-12T14:51:53","modified_gmt":"2026-03-12T12:51:53","slug":"eucalan-natural-100ml-skalbimo-priemone-vilnai","status":"publish","type":"product","link":"https:\/\/bitessiulai.lt\/ru\/product\/eucalan-natural-100ml-skalbimo-priemone-vilnai\/","title":{"rendered":"Eucalan skystas skalbiklis be kvapis 100ml"},"content":{"rendered":"<div class=\"value\">Eucalan skystas skalbiklis be kvapis 100ml , kuris puikiai tinka vilnoniams drabu\u017eiams ir megztiems gaminiams. Tai nekenksminga aplinkai; jame n\u0117ra \u0161iurk\u0161\u010di\u0173, sintetini\u0173 ingredient\u0173. Palepinkite save ir tuo pa\u010diu savo mezginius, nertus \u017eaisliukus, k\u016bdiki\u0173 drabu\u017e\u0117lius \u0161ia skalbimo priemone, kuri suteikia gaivos ir atsinaujinimo poj\u016bt\u012f.<\/div>\n<div><\/div>\n<div><img fetchpriority=\"high\" decoding=\"async\" class=\"alignnone size-medium wp-image-8453\" src=\"http:\/\/bitessiulai.lt\/wp-content\/uploads\/2025\/02\/config_5-300x300.webp\" alt=\"\" width=\"300\" height=\"300\" srcset=\"https:\/\/bitessiulai.lt\/wp-content\/uploads\/2025\/02\/config_5-300x300.webp 300w, https:\/\/bitessiulai.lt\/wp-content\/uploads\/2025\/02\/config_5-150x150.webp 150w, https:\/\/bitessiulai.lt\/wp-content\/uploads\/2025\/02\/config_5-12x12.webp 12w, https:\/\/bitessiulai.lt\/wp-content\/uploads\/2025\/02\/config_5-600x600.webp 600w, https:\/\/bitessiulai.lt\/wp-content\/uploads\/2025\/02\/config_5-96x96.webp 96w, https:\/\/bitessiulai.lt\/wp-content\/uploads\/2025\/02\/config_5.webp 700w\" sizes=\"(max-width: 300px) 100vw, 300px\" \/> <img decoding=\"async\" class=\"alignnone size-medium wp-image-8454\" src=\"http:\/\/bitessiulai.lt\/wp-content\/uploads\/2025\/02\/nsm100-2-300x300.webp\" alt=\"\" width=\"300\" height=\"300\" srcset=\"https:\/\/bitessiulai.lt\/wp-content\/uploads\/2025\/02\/nsm100-2-300x300.webp 300w, https:\/\/bitessiulai.lt\/wp-content\/uploads\/2025\/02\/nsm100-2-150x150.webp 150w, https:\/\/bitessiulai.lt\/wp-content\/uploads\/2025\/02\/nsm100-2-12x12.webp 12w, https:\/\/bitessiulai.lt\/wp-content\/uploads\/2025\/02\/nsm100-2-600x600.webp 600w, https:\/\/bitessiulai.lt\/wp-content\/uploads\/2025\/02\/nsm100-2-96x96.webp 96w, https:\/\/bitessiulai.lt\/wp-content\/uploads\/2025\/02\/nsm100-2.webp 700w\" sizes=\"(max-width: 300px) 100vw, 300px\" \/><\/div>","protected":false},"excerpt":{"rendered":"<p>Eucalan skystas skalbiklis be kvapis 100ml , kuris puikiai tinka vilnoniams drabu\u017eiams ir megztiems gaminiams. Tai nekenksminga aplinkai; jame n\u0117ra \u0161iurk\u0161\u010di\u0173, sintetini\u0173 ingredient\u0173. Palepinkite save ir tuo pa\u010diu savo mezginius, nertus \u017eaisliukus, k\u016bdiki\u0173 drabu\u017e\u0117lius \u0161ia skalbimo priemone, kuri suteikia gaivos ir atsinaujinimo poj\u016bt\u012f.<\/p>","protected":false},"featured_media":8452,"comment_status":"open","ping_status":"closed","template":"","meta":[],"product_brand":[],"product_cat":[192,203],"product_tag":[],"giftcard-category":[],"class_list":{"0":"post-8451","1":"product","2":"type-product","3":"status-publish","4":"has-post-thumbnail","6":"product_cat-priedai-mezgimui","7":"product_cat-mezginiu-prieziura","9":"first","10":"instock","11":"taxable","12":"shipping-taxable","13":"purchasable","14":"product-type-simple"},"_links":{"self":[{"href":"https:\/\/bitessiulai.lt\/ru\/wp-json\/wp\/v2\/product\/8451","targetHints":{"allow":["GET"]}}],"collection":[{"href":"https:\/\/bitessiulai.lt\/ru\/wp-json\/wp\/v2\/product"}],"about":[{"href":"https:\/\/bitessiulai.lt\/ru\/wp-json\/wp\/v2\/types\/product"}],"replies":[{"embeddable":true,"href":"https:\/\/bitessiulai.lt\/ru\/wp-json\/wp\/v2\/comments?post=8451"}],"version-history":[{"count":2,"href":"https:\/\/bitessiulai.lt\/ru\/wp-json\/wp\/v2\/product\/8451\/revisions"}],"predecessor-version":[{"id":23805,"href":"https:\/\/bitessiulai.lt\/ru\/wp-json\/wp\/v2\/product\/8451\/revisions\/23805"}],"wp:featuredmedia":[{"embeddable":true,"href":"https:\/\/bitessiulai.lt\/ru\/wp-json\/wp\/v2\/media\/8452"}],"wp:attachment":[{"href":"https:\/\/bitessiulai.lt\/ru\/wp-json\/wp\/v2\/media?parent=8451"}],"wp:term":[{"taxonomy":"product_brand","embeddable":true,"href":"https:\/\/bitessiulai.lt\/ru\/wp-json\/wp\/v2\/product_brand?post=8451"},{"taxonomy":"product_cat","embeddable":true,"href":"https:\/\/bitessiulai.lt\/ru\/wp-json\/wp\/v2\/product_cat?post=8451"},{"taxonomy":"product_tag","embeddable":true,"href":"https:\/\/bitessiulai.lt\/ru\/wp-json\/wp\/v2\/product_tag?post=8451"},{"taxonomy":"giftcard-category","embeddable":true,"href":"https:\/\/bitessiulai.lt\/ru\/wp-json\/wp\/v2\/giftcard-category?post=8451"}],"curies":[{"name":"wp","href":"https:\/\/api.w.org\/{rel}","templated":true}]}}