{"id":8369,"date":"2025-02-23T16:12:21","date_gmt":"2025-02-23T14:12:21","guid":{"rendered":"https:\/\/bitessiulai.lt\/?post_type=product&#038;p=8369"},"modified":"2025-05-17T12:16:57","modified_gmt":"2025-05-17T09:16:57","slug":"chiaogoo-twist-lace-virbalu-rinkinys-13cm-550-1000mm","status":"publish","type":"product","link":"https:\/\/bitessiulai.lt\/ru\/product\/chiaogoo-twist-lace-virbalu-rinkinys-13cm-550-1000mm\/","title":{"rendered":"\u041d\u0430\u0431\u043e\u0440 \u0441\u043f\u0438\u0446 \u0434\u043b\u044f \u0432\u044f\u0437\u0430\u043d\u0438\u044f \u043a\u0440\u0443\u0436\u0435\u0432\u0430 ChiaoGoo TWIST 13 \u0441\u043c (5,50\u201310,00 \u043c\u043c.)"},"content":{"rendered":"<p><span style=\"letter-spacing: 0px;\"><strong>\u041d\u0430\u0431\u043e\u0440 \u0441\u043f\u0438\u0446 \u0434\u043b\u044f \u0432\u044f\u0437\u0430\u043d\u0438\u044f \u043a\u0440\u0443\u0436\u0435\u0432\u0430 ChiaoGoo TWIST 13 \u0441\u043c<\/strong> \u2013 \u041d\u0430\u0431\u043e\u0440\u044b \u0441\u043c\u0435\u043d\u043d\u044b\u0445 \u043a\u0440\u0443\u0433\u043e\u0432\u044b\u0445 \u0441\u043f\u0438\u0446 \u0441\u043e\u0434\u0435\u0440\u0436\u0430\u0442 \u0432\u0441\u0451 \u043d\u0435\u043e\u0431\u0445\u043e\u0434\u0438\u043c\u043e\u0435 \u0434\u043b\u044f \u0441\u043e\u0437\u0434\u0430\u043d\u0438\u044f \u0438\u0434\u0435\u0430\u043b\u044c\u043d\u043e\u0433\u043e \u043f\u0440\u043e\u0435\u043a\u0442\u0430: \u0441\u043f\u0438\u0446\u044b \u0440\u0430\u0437\u043d\u044b\u0445 \u0440\u0430\u0437\u043c\u0435\u0440\u043e\u0432, \u043f\u0440\u044f\u0436\u0443 \u0440\u0430\u0437\u043d\u043e\u0439 \u0434\u043b\u0438\u043d\u044b \u0438 \u0434\u0440\u0443\u0433\u0438\u0435 \u043d\u0435\u043e\u0431\u0445\u043e\u0434\u0438\u043c\u044b\u0435 \u0430\u043a\u0441\u0435\u0441\u0441\u0443\u0430\u0440\u044b. \u0421\u043f\u0438\u0446\u044b \u0438\u0437 \u043d\u0435\u0440\u0436\u0430\u0432\u0435\u044e\u0449\u0435\u0439 \u0441\u0442\u0430\u043b\u0438 \u043e\u0447\u0435\u043d\u044c \u043e\u0441\u0442\u0440\u044b\u0435, \u0447\u0442\u043e \u0434\u0435\u043b\u0430\u0435\u0442 \u0438\u0445 \u043f\u043e\u0434\u0445\u043e\u0434\u044f\u0449\u0438\u043c\u0438 \u0434\u043b\u044f \u0432\u044f\u0437\u0430\u043d\u0438\u044f \u0441 \u0431\u043e\u043b\u044c\u0448\u0438\u043c \u043a\u043e\u043b\u0438\u0447\u0435\u0441\u0442\u0432\u043e\u043c \u043f\u0435\u0442\u0435\u043b\u044c. \u0413\u0438\u0431\u043a\u0438\u0435 \u043b\u0435\u0441\u043a\u0438, \u043f\u043e\u043a\u0440\u044b\u0442\u044b\u0435 \u043a\u0440\u0430\u0441\u043d\u044b\u043c \u043d\u0435\u0439\u043b\u043e\u043d\u043e\u043c, \u0441\u043e\u0441\u0442\u043e\u044f\u0442 \u0438\u0437 \u043d\u0435\u0441\u043a\u043e\u043b\u044c\u043a\u0438\u0445 \u0441\u0442\u0430\u043b\u044c\u043d\u044b\u0445 \u043f\u0440\u043e\u0432\u043e\u043b\u043e\u043a, \u0447\u0442\u043e \u043f\u0440\u0435\u0434\u043e\u0442\u0432\u0440\u0430\u0449\u0430\u0435\u0442 \u0438\u0445 \u0441\u043a\u0440\u0443\u0447\u0438\u0432\u0430\u043d\u0438\u0435. \u0421\u043f\u0438\u0446\u0435\u0432\u044b\u0435 \u043a\u043e\u043d\u0447\u0438\u043a\u0438 \u043b\u0435\u0433\u043a\u043e \u0437\u0430\u043a\u0440\u0435\u043f\u0438\u0442\u044c, \u0437\u0430\u0442\u044f\u043d\u0443\u0442\u044c \u0438\u043b\u0438 \u043e\u0441\u043b\u0430\u0431\u0438\u0442\u044c \u0441 \u043f\u043e\u043c\u043e\u0449\u044c\u044e \u043f\u0440\u0438\u043b\u0430\u0433\u0430\u0435\u043c\u043e\u0433\u043e \u043a\u043b\u044e\u0447\u0430 \u0434\u043b\u044f \u0437\u0430\u0442\u044f\u0436\u043a\u0438.<\/span><\/p>\n<ul>\n<li><b>13 \u0441\u043c \u0432 \u0434\u043b\u0438\u043d\u0443<\/b> \u0438\u0433\u043b\u044b \u0438\u0437 \u043d\u0435\u0440\u0436\u0430\u0432\u0435\u044e\u0449\u0435\u0439 \u0441\u0442\u0430\u043b\u0438 5,50 \u043c\u043c, 6,00 \u043c\u043c, 6,50 \u043c\u043c, 8,00 \u043c\u043c, 9,00 \u043c\u043c \u0438 10,00 \u043c\u043c<\/li>\n<li>3 \u043a\u0440\u0430\u0441\u043d\u044b\u0435 \u043b\u0438\u043d\u0438\u0438 \u0434\u043b\u0438\u043d\u043e\u0439 35, 55 \u0438 75 \u0441\u043c<\/li>\n<li>2 x \u0411\u043e\u043b\u044c\u0448\u0438\u0435 \u0437\u0430\u0433\u043b\u0443\u0448\u043a\u0438<\/li>\n<li>2 \u0434\u0438\u043d\u0430\u043c\u043e\u043c\u0435\u0442\u0440\u0438\u0447\u0435\u0441\u043a\u0438\u0445 \u043a\u043b\u044e\u0447\u0430<\/li>\n<li>1 x \u0411\u043e\u043b\u044c\u0448\u043e\u0439 \u0440\u0430\u0437\u044a\u0435\u043c<\/li>\n<li>\u043c\u0430\u0440\u043a\u0435\u0440\u044b \u0441\u0442\u0435\u0436\u043a\u043e\u0432<\/li>\n<li>\u00a0\u0438\u0437\u043c\u0435\u0440\u0438\u0442\u0435\u043b\u044c \u0440\u0430\u0437\u043c\u0435\u0440\u0430 \u0438\u0433\u043b\u044b \u2013 \u043b\u0438\u043d\u0435\u0439\u043a\u0430<\/li>\n<\/ul>\n<p><img fetchpriority=\"high\" decoding=\"async\" class=\"alignnone size-medium wp-image-8366\" src=\"http:\/\/bitessiulai.lt\/wp-content\/uploads\/2025\/02\/cg7500-3-300x300.webp\" alt=\"\" width=\"300\" height=\"300\" srcset=\"https:\/\/bitessiulai.lt\/wp-content\/uploads\/2025\/02\/cg7500-3-300x300.webp 300w, https:\/\/bitessiulai.lt\/wp-content\/uploads\/2025\/02\/cg7500-3-150x150.webp 150w, https:\/\/bitessiulai.lt\/wp-content\/uploads\/2025\/02\/cg7500-3-12x12.webp 12w, https:\/\/bitessiulai.lt\/wp-content\/uploads\/2025\/02\/cg7500-3-96x96.webp 96w, https:\/\/bitessiulai.lt\/wp-content\/uploads\/2025\/02\/cg7500-3.webp 583w\" sizes=\"(max-width: 300px) 100vw, 300px\" \/><\/p>\n<p>*\u0426\u0432\u0435\u0442\u0430 \u043d\u0430 \u044d\u043a\u0440\u0430\u043d\u0435 \u0438 \u0444\u0430\u043a\u0442\u0438\u0447\u0435\u0441\u043a\u0438\u0439 \u0446\u0432\u0435\u0442 \u043f\u0440\u043e\u0434\u0443\u043a\u0442\u0430 \u043c\u043e\u0433\u0443\u0442 \u043d\u0435\u0437\u043d\u0430\u0447\u0438\u0442\u0435\u043b\u044c\u043d\u043e \u043e\u0442\u043b\u0438\u0447\u0430\u0442\u044c\u0441\u044f.<\/p>\n<p>&nbsp;<\/p>","protected":false},"excerpt":{"rendered":"<p>ChiaoGoo TWIST Lace virbal\u0173 rinkinys 13cm &#8211; kei\u010diam\u0173 apskrit\u0173 virbal\u0173 rinkiniuose yra viskas, ko gali prireikti norint sukurti tobul\u0105 projekt\u0105: \u012fvairi\u0173 dyd\u017ei\u0173 virbal\u0173 antgaliai, skirtingo ilgio valai ir visi kiti b\u016btini priedai. Ner\u016bdijan\u010dio plieno virbalai yra labai smail\u016bs, tod\u0117l jos tinka mezgimui su daugybe si\u016bli\u0173. Itin lankst\u016bs kabeliai, padengti raudonu nailonu, susideda i\u0161 keli\u0173 plienini\u0173 viel\u0173, kurios neleid\u017eia kabeliui susisukti. Virbal\u0173 antgalius galima lengvai pritvirtinti, priver\u017eti arba atlaisvinti su pridedamu u\u017ever\u017eimo rakteliu. 13 cm ilgio ner\u016bdijan\u010dio plieno virbalai 5,50 mm, 6,00 mm, 6,50 mm, 8,00 mm, 9,00 mm ir 10,00 mm 3 x raudoni valai 35, 55 ir 75 cm ilgio 2 x Dideli galiniai kam\u0161\u010diai 2 x priver\u017eiami rakteliai 1 x Didel\u0117 jungtis dygsnio \u017eymekliai \u00a0virbal\u0173 dyd\u017eio matuoklis \u2013 liniuot\u0117 *Ekrane matomos spalvos ir tikroji prek\u0117s spalva gali \u0161iek tiek skirtis &nbsp;<\/p>","protected":false},"featured_media":8367,"comment_status":"open","ping_status":"closed","template":"","meta":[],"product_brand":[],"product_cat":[2419,180,181],"product_tag":[],"giftcard-category":[],"class_list":{"0":"post-8369","1":"product","2":"type-product","3":"status-publish","4":"has-post-thumbnail","6":"product_cat-chiaogoo","7":"product_cat-mezgimo-priemones","8":"product_cat-virbalu-rinkiniai","10":"first","11":"instock","12":"taxable","13":"shipping-taxable","14":"purchasable","15":"product-type-simple"},"_links":{"self":[{"href":"https:\/\/bitessiulai.lt\/ru\/wp-json\/wp\/v2\/product\/8369","targetHints":{"allow":["GET"]}}],"collection":[{"href":"https:\/\/bitessiulai.lt\/ru\/wp-json\/wp\/v2\/product"}],"about":[{"href":"https:\/\/bitessiulai.lt\/ru\/wp-json\/wp\/v2\/types\/product"}],"replies":[{"embeddable":true,"href":"https:\/\/bitessiulai.lt\/ru\/wp-json\/wp\/v2\/comments?post=8369"}],"version-history":[{"count":0,"href":"https:\/\/bitessiulai.lt\/ru\/wp-json\/wp\/v2\/product\/8369\/revisions"}],"wp:featuredmedia":[{"embeddable":true,"href":"https:\/\/bitessiulai.lt\/ru\/wp-json\/wp\/v2\/media\/8367"}],"wp:attachment":[{"href":"https:\/\/bitessiulai.lt\/ru\/wp-json\/wp\/v2\/media?parent=8369"}],"wp:term":[{"taxonomy":"product_brand","embeddable":true,"href":"https:\/\/bitessiulai.lt\/ru\/wp-json\/wp\/v2\/product_brand?post=8369"},{"taxonomy":"product_cat","embeddable":true,"href":"https:\/\/bitessiulai.lt\/ru\/wp-json\/wp\/v2\/product_cat?post=8369"},{"taxonomy":"product_tag","embeddable":true,"href":"https:\/\/bitessiulai.lt\/ru\/wp-json\/wp\/v2\/product_tag?post=8369"},{"taxonomy":"giftcard-category","embeddable":true,"href":"https:\/\/bitessiulai.lt\/ru\/wp-json\/wp\/v2\/giftcard-category?post=8369"}],"curies":[{"name":"wp","href":"https:\/\/api.w.org\/{rel}","templated":true}]}}