{"id":8344,"date":"2025-02-19T10:12:34","date_gmt":"2025-02-19T08:12:34","guid":{"rendered":"https:\/\/bitessiulai.lt\/?post_type=product&#038;p=8344"},"modified":"2026-03-12T14:24:52","modified_gmt":"2026-03-12T12:24:52","slug":"knitpro-dreamz-grande-13cm-prisukamu-virbalu-rinkinys","status":"publish","type":"product","link":"https:\/\/bitessiulai.lt\/ru\/product\/knitpro-dreamz-grande-13cm-prisukamu-virbalu-rinkinys\/","title":{"rendered":"\u041d\u0430\u0431\u043e\u0440 \u0441\u043f\u0438\u0446 KnitPro Dreamz Grande 13 \u0441\u043c \u0441 \u0432\u0438\u043d\u0442\u043e\u0432\u044b\u043c \u043a\u0440\u0435\u043f\u043b\u0435\u043d\u0438\u0435\u043c"},"content":{"rendered":"<p><span style=\"letter-spacing: 0px;\">\u041d\u0430\u0431\u043e\u0440 \u0441\u043f\u0438\u0446 KnitPro Dreamz Grande \u0441 \u0432\u0438\u043d\u0442\u043e\u0432\u044b\u043c \u043a\u0440\u0435\u043f\u043b\u0435\u043d\u0438\u0435\u043c \u0434\u043b\u0438\u043d\u043e\u0439 13 \u0441\u043c \u2014 \u044d\u0442\u043e \u043f\u0440\u0435\u043a\u0440\u0430\u0441\u043d\u044b\u0439 \u043d\u0430\u0431\u043e\u0440 \u0438\u043d\u0441\u0442\u0440\u0443\u043c\u0435\u043d\u0442\u043e\u0432 \u0434\u043b\u044f \u0432\u044f\u0437\u0430\u043d\u0438\u044f \u043a\u0440\u044e\u0447\u043a\u043e\u043c \u0438 \u0441\u043f\u0438\u0446\u0430\u043c\u0438 \u0438\u0437 \u0431\u0435\u0440\u0451\u0437\u044b, \u043e\u043a\u0440\u0430\u0448\u0435\u043d\u043d\u044b\u0445 \u0432 \u044f\u0440\u043a\u0438\u0435 \u0446\u0432\u0435\u0442\u0430. \u042d\u0442\u043e\u0442 \u043d\u0430\u0442\u0443\u0440\u0430\u043b\u044c\u043d\u044b\u0439 \u043c\u0430\u0442\u0435\u0440\u0438\u0430\u043b \u0433\u043b\u0430\u0434\u043a\u0438\u0439 \u0438 \u043f\u0440\u0438\u044f\u0442\u043d\u043e \u0442\u0451\u043f\u043b\u044b\u0439 \u043d\u0430 \u043e\u0449\u0443\u043f\u044c, \u043d\u043e \u043f\u0440\u0438 \u044d\u0442\u043e\u043c \u043b\u0451\u0433\u043a\u0438\u0439 \u0438 \u0447\u0440\u0435\u0437\u0432\u044b\u0447\u0430\u0439\u043d\u043e \u043f\u0440\u043e\u0447\u043d\u044b\u0439.<\/span><\/p>\n<div class=\"value\">\n<p>\u0412 \u043d\u0430\u0431\u043e\u0440 \u0441\u043c\u0435\u043d\u043d\u044b\u0445 \u043d\u0430\u0441\u0430\u0434\u043e\u043a KnitPro Dreamz Deluxe \u0432\u0445\u043e\u0434\u044f\u0442 \u0441\u043c\u0435\u043d\u043d\u044b\u0435 \u043d\u0430\u0441\u0430\u0434\u043a\u0438 \u0434\u043b\u044f \u0432\u044f\u0437\u0430\u043d\u0438\u044f, \u043b\u0435\u0441\u043a\u0438 \u0438 \u0430\u043a\u0441\u0435\u0441\u0441\u0443\u0430\u0440\u044b.<\/p>\n<p>\u041a\u043e\u043c\u043f\u043b\u0435\u043a\u0442 \u0441\u043e\u0441\u0442\u043e\u0438\u0442 \u0438\u0437 \u0441\u043b\u0435\u0434\u0443\u044e\u0449\u0438\u0445 \u044d\u043b\u0435\u043c\u0435\u043d\u0442\u043e\u0432:<\/p>\n<ul>\n<li>14 \u043f\u0430\u0440 \u0441\u043f\u0438\u0446 \u0434\u043b\u0438\u043d\u043e\u0439 13 \u0441\u043c 3,00, 3,25, 3,50, 3,75, 4,00, 4,50, 5,00, 5,50, 6,00, 6,50, 8,00, 9,00, 10,00, 12,00 \u043c\u043c.<\/li>\n<li>6 \u0447\u0435\u0440\u043d\u044b\u0445 \u043f\u043e\u0432\u043e\u0440\u043e\u0442\u043d\u044b\u0445 \u0441\u0442\u0440\u043e\u043f 360\u00b0: 2 x 60, 2 x 80 \u0438 2 x 100 \u0441\u043c<\/li>\n<li>8 \u0441\u043f\u0438\u0446<\/li>\n<li>4 \u043a\u043b\u044e\u0447\u0430 \u0434\u043b\u044f \u043d\u0430\u0442\u044f\u0436\u0435\u043d\u0438\u044f \u043b\u0435\u0441\u043a\u0438<\/li>\n<li>\u043b\u0438\u043d\u0435\u0439\u043d\u043e\u0435 \u0441\u043e\u0435\u0434\u0438\u043d\u0435\u043d\u0438\u0435<\/li>\n<li>\u043d\u043e\u0436\u043d\u0438\u0446\u044b<\/li>\n<li>\u00a0\u0438\u0437\u043c\u0435\u0440\u0438\u0442\u0435\u043b\u044c\u043d\u0430\u044f \u043b\u0435\u043d\u0442\u0430<\/li>\n<li>2 \u0438\u0433\u043b\u044b \u0434\u043b\u044f \u0448\u0438\u0442\u044c\u044f \u0442\u0440\u0438\u043a\u043e\u0442\u0430\u0436\u0430<\/li>\n<li>10 \u043c\u0430\u0440\u043a\u0435\u0440\u043e\u0432 \u043f\u0435\u0442\u0435\u043b\u044c<\/li>\n<li>10 \u043a\u043e\u043b\u0435\u0446 \u0434\u043b\u044f \u0440\u0430\u0437\u043c\u0435\u0442\u043a\u0438 \u0441\u0442\u0435\u0436\u043a\u043e\u0432<\/li>\n<\/ul>\n<p><img fetchpriority=\"high\" decoding=\"async\" class=\"alignnone size-medium wp-image-8347\" src=\"http:\/\/bitessiulai.lt\/wp-content\/uploads\/2025\/02\/K200634-3-300x300.webp\" alt=\"\" width=\"300\" height=\"300\" srcset=\"https:\/\/bitessiulai.lt\/wp-content\/uploads\/2025\/02\/K200634-3-300x300.webp 300w, https:\/\/bitessiulai.lt\/wp-content\/uploads\/2025\/02\/K200634-3-150x150.webp 150w, https:\/\/bitessiulai.lt\/wp-content\/uploads\/2025\/02\/K200634-3-12x12.webp 12w, https:\/\/bitessiulai.lt\/wp-content\/uploads\/2025\/02\/K200634-3-96x96.webp 96w, https:\/\/bitessiulai.lt\/wp-content\/uploads\/2025\/02\/K200634-3.webp 583w\" sizes=\"(max-width: 300px) 100vw, 300px\" \/> <img decoding=\"async\" class=\"alignnone size-medium wp-image-8348\" src=\"http:\/\/bitessiulai.lt\/wp-content\/uploads\/2025\/02\/K200634-4-300x300.webp\" alt=\"\" width=\"300\" height=\"300\" srcset=\"https:\/\/bitessiulai.lt\/wp-content\/uploads\/2025\/02\/K200634-4-300x300.webp 300w, https:\/\/bitessiulai.lt\/wp-content\/uploads\/2025\/02\/K200634-4-150x150.webp 150w, https:\/\/bitessiulai.lt\/wp-content\/uploads\/2025\/02\/K200634-4-12x12.webp 12w, https:\/\/bitessiulai.lt\/wp-content\/uploads\/2025\/02\/K200634-4-96x96.webp 96w, https:\/\/bitessiulai.lt\/wp-content\/uploads\/2025\/02\/K200634-4.webp 583w\" sizes=\"(max-width: 300px) 100vw, 300px\" \/><\/p>\n<p>\u0421\u043c\u0435\u043d\u043d\u044b\u0435 \u0441\u043f\u0438\u0446\u044b KnitPro Dreamz \u2013 \u0443\u043d\u0438\u0432\u0435\u0440\u0441\u0430\u043b\u044c\u043d\u044b\u0435 \u0441\u043f\u0438\u0446\u044b, \u043a\u043e\u0442\u043e\u0440\u044b\u0435 \u0432\u043c\u0435\u0441\u0442\u0435 \u0441 \u043b\u0435\u0441\u043a\u043e\u0439 \u043f\u043e\u0437\u0432\u043e\u043b\u044f\u044e\u0442 \u0432\u044f\u0437\u0430\u0442\u044c \u043a\u0430\u043a \u043f\u043e \u043f\u0440\u044f\u043c\u043e\u0439, \u0442\u0430\u043a \u0438 \u043f\u043e \u043a\u0440\u0443\u0433\u0443. \u0421\u043f\u0438\u0446\u044b \u0438\u043c\u0435\u044e\u0442 \u043f\u043e\u0441\u0442\u0435\u043f\u0435\u043d\u043d\u043e \u0441\u0443\u0436\u0430\u044e\u0449\u0438\u0435\u0441\u044f \u043a\u043e\u043d\u0447\u0438\u043a\u0438, \u0447\u0442\u043e \u043e\u0431\u0435\u0441\u043f\u0435\u0447\u0438\u0432\u0430\u0435\u0442 \u043a\u0440\u0430\u0441\u0438\u0432\u0443\u044e \u0447\u0451\u0442\u043a\u043e\u0441\u0442\u044c \u043f\u0435\u0442\u0435\u043b\u044c \u0432 \u043b\u044e\u0431\u043e\u043c \u043f\u0440\u043e\u0435\u043a\u0442\u0435. \u041a\u0440\u043e\u043c\u0435 \u0442\u043e\u0433\u043e, \u043a\u043e\u043d\u0447\u0438\u043a\u0438 \u043f\u0440\u0435\u0434\u043e\u0442\u0432\u0440\u0430\u0449\u0430\u044e\u0442 \u0440\u0430\u0441\u0449\u0435\u043f\u043b\u0435\u043d\u0438\u0435 \u043d\u0438\u0442\u0438 \u0438 \u043f\u043e\u0434\u0445\u043e\u0434\u044f\u0442 \u0434\u043b\u044f \u0432\u0441\u0435\u0445 \u0442\u0438\u043f\u043e\u0432 \u043f\u0440\u044f\u0436\u0438. \u0418\u043d\u043d\u043e\u0432\u0430\u0446\u0438\u043e\u043d\u043d\u043e\u0435 \u0441\u043e\u0435\u0434\u0438\u043d\u0435\u043d\u0438\u0435 \u043e\u0431\u0435\u0441\u043f\u0435\u0447\u0438\u0432\u0430\u0435\u0442 \u043f\u043b\u0430\u0432\u043d\u044b\u0439 \u043f\u0435\u0440\u0435\u0445\u043e\u0434 \u043c\u0435\u0436\u0434\u0443 \u0441\u043f\u0438\u0446\u0435\u0439 \u0438 \u043b\u0435\u0441\u043a\u043e\u0439, \u043d\u0435 \u0437\u0430\u0446\u0435\u043f\u043b\u044f\u044f \u043d\u0438\u0442\u044c. \u041b\u0435\u0441\u043a\u0438 \u0438\u0437 \u043d\u0435\u0440\u0436\u0430\u0432\u0435\u044e\u0449\u0435\u0439 \u0441\u0442\u0430\u043b\u0438 \u043f\u043e\u043a\u0440\u044b\u0442\u044b \u043d\u0435\u0439\u043b\u043e\u043d\u043e\u043c. \u042d\u0442\u043e \u0434\u0435\u043b\u0430\u0435\u0442 \u043b\u0435\u0441\u043a\u0443 \u043f\u0440\u043e\u0447\u043d\u043e\u0439, \u043d\u043e \u043f\u0440\u0438 \u044d\u0442\u043e\u043c \u043f\u043e\u0437\u0432\u043e\u043b\u044f\u0435\u0442 \u0435\u0439 \u043b\u0435\u0433\u043a\u043e \u0441\u043a\u043e\u043b\u044c\u0437\u0438\u0442\u044c \u043f\u043e \u043f\u0435\u0442\u043b\u044f\u043c. \u0421\u0438\u0441\u0442\u0435\u043c\u0430 \u043f\u043e\u0432\u043e\u0440\u043e\u0442\u0430 \u043d\u0430 360\u00b0 \u043f\u0440\u0435\u0434\u043e\u0442\u0432\u0440\u0430\u0449\u0430\u0435\u0442 \u043f\u0435\u0440\u0435\u043a\u0440\u0443\u0447\u0438\u0432\u0430\u043d\u0438\u0435 \u043b\u0435\u0441\u043a\u0438. \u041a\u043e\u043d\u0446\u044b \u043b\u0435\u0441\u043e\u043a \u0438\u043c\u0435\u044e\u0442 \u043e\u0442\u0432\u0435\u0440\u0441\u0442\u0438\u0435, \u043a\u043e\u0442\u043e\u0440\u043e\u0435 \u0438\u0434\u0435\u0430\u043b\u044c\u043d\u043e \u043f\u043e\u0434\u0445\u043e\u0434\u0438\u0442 \u043a \u043a\u043b\u044e\u0447\u0443, \u0441\u043e\u0435\u0434\u0438\u043d\u044f\u044e\u0449\u0435\u043c\u0443 \u0441\u043f\u0438\u0446\u0443 \u0441 \u043b\u0435\u0441\u043a\u043e\u0439. \u041e\u0442\u0432\u0435\u0440\u0441\u0442\u0438\u044f \u0432 \u043a\u043b\u044e\u0447\u0435 \u0442\u0430\u043a\u0436\u0435 \u043c\u043e\u0436\u043d\u043e \u0438\u0441\u043f\u043e\u043b\u044c\u0437\u043e\u0432\u0430\u0442\u044c \u0432 \u043a\u0430\u0447\u0435\u0441\u0442\u0432\u0435 \u0441\u043f\u0430\u0441\u0430\u0442\u0435\u043b\u044c\u043d\u043e\u0439 \u0432\u0435\u0440\u0451\u0432\u043a\u0438, \u043d\u0430\u043f\u0440\u0438\u043c\u0435\u0440, \u0434\u043b\u044f \u0432\u044b\u0442\u0430\u0441\u043a\u0438\u0432\u0430\u043d\u0438\u044f \u043f\u0440\u043e\u043f\u0443\u0449\u0435\u043d\u043d\u044b\u0445 \u043f\u0435\u0442\u0435\u043b\u044c.<\/p>\n<p><span style=\"letter-spacing: 0px;\">\u041d\u0430\u0431\u043e\u0440 \u0441\u043f\u0438\u0446 KnitPro Dreamz Grande 13 \u0441\u043c \u0441 \u0432\u0438\u043d\u0442\u043e\u0432\u044b\u043c \u043a\u0440\u0435\u043f\u043b\u0435\u043d\u0438\u0435\u043c\u00a0<\/span>\u00a0\u0443\u043f\u0430\u043a\u043e\u0432\u0430\u043d\u043e \u0432 \u043a\u0440\u0430\u0441\u0438\u0432\u0443\u044e \u0441\u0443\u043c\u043a\u0443 \u043d\u0430 \u043c\u043e\u043b\u043d\u0438\u0438 \u0438\u0437 \u0442\u043a\u0430\u043d\u0438 \u0431\u043e\u0440\u0434\u043e\u0432\u043e\u0433\u043e \u0446\u0432\u0435\u0442\u0430.<\/p>\n<p>*\u0426\u0432\u0435\u0442\u0430 \u043d\u0430 \u044d\u043a\u0440\u0430\u043d\u0435 \u0438 \u0444\u0430\u043a\u0442\u0438\u0447\u0435\u0441\u043a\u0438\u0439 \u0446\u0432\u0435\u0442 \u043f\u0440\u043e\u0434\u0443\u043a\u0442\u0430 \u043c\u043e\u0433\u0443\u0442 \u043d\u0435\u0437\u043d\u0430\u0447\u0438\u0442\u0435\u043b\u044c\u043d\u043e \u043e\u0442\u043b\u0438\u0447\u0430\u0442\u044c\u0441\u044f.<\/p>\n<p>&nbsp;<\/p>\n<\/div>","protected":false},"excerpt":{"rendered":"<p>KnitPro Dreamz Grande 13cm prisukam\u0173 virbal\u0173 rinkinys\u00a0\u2013 tai nuostabi ber\u017eo mezgini\u0173 ir n\u0117rimo priemoni\u0173 kolekcija, nuda\u017eyta ry\u0161kiomis spalvomis. Nat\u016brali med\u017eiaga jau\u010diasi lygi ir nuostabiai \u0161ilta j\u016bs\u0173 rankose, ta\u010diau vis tiek yra lengva ir ypa\u010d tvirta. \u201eKnitPro Dreamz\u201c kei\u010diam\u0173 antgali\u0173 Deluxe rinkin\u012f sudaro kei\u010diami mezgimo antgaliai, valai ir priedai. Rinkin\u012f sudaro \u0161ie elementai: 14 x por\u0173 virbal\u0173 13 cm ilgio 3.00, 3.25, 3.50, 3.75, 4.00, 4.50, 5.00, 5.50, 6.00, 6.50, 8.00, 9.00, 10.00, 12.00mm. 6 x juodi 360\u00b0 pasukami valai: 2 x 60, 2 x 80 ir 2 x 100 cm 8 x virbal\u0173 antgaliai 4 x raktai valui priver\u017eti val\u0173 jungtis \u017eirkl\u0117s \u00a0matavimo juosta 2 x adatos mezgini\u0173 siuvimui 10 x dygsnio \u017eymekliai 10 x dygsnio \u017eym\u0117jimo \u017eiedai Kei\u010diami KnitPro Dreamz mezgimo antgaliai yra universal\u016bs virbalai, kurie kartu su valu leid\u017eia megzti tiek tiesiai, tiek apvaliai. Virbalai turi laipsni\u0161kai siaur\u0117jan\u010dius antgalius, o tai u\u017etikrina gra\u017e\u0173 dygsnio apibr\u0117\u017eim\u0105 bet kuriame projekte. Be to, antgaliai neleid\u017eia skilti verpalams ir tinka vis\u0173 tip\u0173 si\u016blams. Naujovi\u0161kai sukurta jungtis u\u017etikrina skland\u0173 per\u0117jim\u0105 tarp mezgimo antgalio ir valo, neu\u017eklimpstant verpalams. Ner\u016bdijan\u010dio plieno valai padengti nailono danga. D\u0117l to valas yra tvirtas, ta\u010diau jis vis tiek leid\u017eia lengvai slysti per si\u016bles. Swivel 360\u00b0 sistema neleid\u017eia valui susisukti. Val\u0173 galuose yra skyl\u0117, kuri puikiai tinka valo raktui, jungian\u010diam antgal\u012f ir val\u0105. Valo rakto skyl\u0117s taip pat gali b\u016bti naudojamos kaip gelb\u0117jimosi virvel\u0117, pavyzd\u017eiui, norint i\u0161traukti i\u0161kritusias si\u016bles. KnitPro Dreamz Grande 13cm prisukam\u0173 virbal\u0173 rinkinys\u00a0\u00a0supakuotas \u012f gra\u017ei\u0105 u\u017etrauktuku u\u017esegam\u0105 mai\u0161el\u012f, pagamint\u0105 i\u0161 bordo raudonos spalvos audinio. *Ekrane matomos spalvos ir tikroji prek\u0117s spalva gali \u0161iek tiek skirtis &nbsp;<\/p>","protected":false},"featured_media":8345,"comment_status":"open","ping_status":"closed","template":"","meta":[],"product_brand":[],"product_cat":[2440,180,181],"product_tag":[],"giftcard-category":[],"class_list":{"0":"post-8344","1":"product","2":"type-product","3":"status-publish","4":"has-post-thumbnail","6":"product_cat-knitpro","7":"product_cat-mezgimo-priemones","8":"product_cat-virbalu-rinkiniai","10":"first","11":"instock","12":"taxable","13":"shipping-taxable","14":"purchasable","15":"product-type-simple"},"_links":{"self":[{"href":"https:\/\/bitessiulai.lt\/ru\/wp-json\/wp\/v2\/product\/8344","targetHints":{"allow":["GET"]}}],"collection":[{"href":"https:\/\/bitessiulai.lt\/ru\/wp-json\/wp\/v2\/product"}],"about":[{"href":"https:\/\/bitessiulai.lt\/ru\/wp-json\/wp\/v2\/types\/product"}],"replies":[{"embeddable":true,"href":"https:\/\/bitessiulai.lt\/ru\/wp-json\/wp\/v2\/comments?post=8344"}],"version-history":[{"count":1,"href":"https:\/\/bitessiulai.lt\/ru\/wp-json\/wp\/v2\/product\/8344\/revisions"}],"predecessor-version":[{"id":21684,"href":"https:\/\/bitessiulai.lt\/ru\/wp-json\/wp\/v2\/product\/8344\/revisions\/21684"}],"wp:featuredmedia":[{"embeddable":true,"href":"https:\/\/bitessiulai.lt\/ru\/wp-json\/wp\/v2\/media\/8345"}],"wp:attachment":[{"href":"https:\/\/bitessiulai.lt\/ru\/wp-json\/wp\/v2\/media?parent=8344"}],"wp:term":[{"taxonomy":"product_brand","embeddable":true,"href":"https:\/\/bitessiulai.lt\/ru\/wp-json\/wp\/v2\/product_brand?post=8344"},{"taxonomy":"product_cat","embeddable":true,"href":"https:\/\/bitessiulai.lt\/ru\/wp-json\/wp\/v2\/product_cat?post=8344"},{"taxonomy":"product_tag","embeddable":true,"href":"https:\/\/bitessiulai.lt\/ru\/wp-json\/wp\/v2\/product_tag?post=8344"},{"taxonomy":"giftcard-category","embeddable":true,"href":"https:\/\/bitessiulai.lt\/ru\/wp-json\/wp\/v2\/giftcard-category?post=8344"}],"curies":[{"name":"wp","href":"https:\/\/api.w.org\/{rel}","templated":true}]}}