{"id":8249,"date":"2025-02-18T18:03:04","date_gmt":"2025-02-18T16:03:04","guid":{"rendered":"https:\/\/bitessiulai.lt\/?post_type=product&#038;p=8249"},"modified":"2026-04-10T19:10:40","modified_gmt":"2026-04-10T16:10:40","slug":"knitpro-zing-mezgimo-virbalai-su-valu-60cm-80cm-100cm","status":"publish","type":"product","link":"https:\/\/bitessiulai.lt\/ru\/product\/knitpro-zing-mezgimo-virbalai-su-valu-60cm-80cm-100cm\/","title":{"rendered":"\u0421\u043f\u0438\u0446\u044b KnitPro Zing \u0441 \u043a\u0430\u0431\u0435\u043b\u0435\u043c 40\u0441\u043c., 60\u0441\u043c., 80\u0441\u043c., 100\u0441\u043c., 120\u0441\u043c."},"content":{"rendered":"<p>\u041a\u0440\u0443\u0433\u043e\u0432\u044b\u0435 \u0441\u043f\u0438\u0446\u044b KnitPro Zing \u0444\u0438\u043a\u0441\u0438\u0440\u043e\u0432\u0430\u043d\u043d\u043e\u0439 \u0434\u043b\u0438\u043d\u044b \u0441 \u043a\u0430\u0431\u0435\u043b\u0435\u043c \u0434\u043e\u0441\u0442\u0443\u043f\u043d\u044b \u0432 \u0440\u0430\u0437\u043b\u0438\u0447\u043d\u044b\u0445 \u0440\u0430\u0437\u043c\u0435\u0440\u0430\u0445 \u0438 \u0434\u043b\u0438\u043d\u0430\u0445. \u0421\u043f\u0438\u0446\u044b Zing \u0441 \u043a\u0430\u0431\u0435\u043b\u0435\u043c \u0438\u0437\u0433\u043e\u0442\u043e\u0432\u043b\u0435\u043d\u044b \u0438\u0437 \u0432\u044b\u0441\u043e\u043a\u043e\u043a\u0430\u0447\u0435\u0441\u0442\u0432\u0435\u043d\u043d\u043e\u0433\u043e \u043b\u0451\u0433\u043a\u043e\u0433\u043e \u0430\u043b\u044e\u043c\u0438\u043d\u0438\u044f, \u043b\u0435\u0433\u043a\u043e \u0441\u043a\u043e\u043b\u044c\u0437\u044f\u0442 \u0441 \u043b\u044e\u0431\u043e\u0439 \u043f\u0440\u044f\u0436\u0435\u0439, \u0430 \u043a\u043e\u043d\u0447\u0438\u043a\u0438 \u0438\u043c\u0435\u044e\u0442 \u0443\u0434\u043e\u0431\u043d\u0443\u044e \u0437\u0430\u043e\u0441\u0442\u0440\u0451\u043d\u043d\u0443\u044e \u0444\u043e\u0440\u043c\u0443. \u0427\u0451\u0442\u043a\u043e \u0432\u0438\u0434\u0438\u043c\u044b\u0435 \u0440\u0430\u0437\u043c\u0435\u0440\u044b \u043d\u0430\u043d\u0435\u0441\u0435\u043d\u044b \u043b\u0430\u0437\u0435\u0440\u043e\u043c, \u043f\u043e\u044d\u0442\u043e\u043c\u0443 \u043e\u043d\u0438 \u043d\u0435 \u043f\u043e\u0442\u0443\u0441\u043a\u043d\u0435\u044e\u0442 \u0434\u0430\u0436\u0435 \u043f\u043e\u0441\u043b\u0435 \u0434\u043b\u0438\u0442\u0435\u043b\u044c\u043d\u043e\u0433\u043e \u0438\u0441\u043f\u043e\u043b\u044c\u0437\u043e\u0432\u0430\u043d\u0438\u044f. \u041a\u0430\u043a \u043c\u0430\u043b\u0435\u043d\u044c\u043a\u0438\u0435, \u0442\u0430\u043a \u0438 \u0431\u043e\u043b\u044c\u0448\u0438\u0435 \u0438\u0437\u0434\u0435\u043b\u0438\u044f \u043b\u0435\u0433\u043a\u043e \u0432\u044f\u0437\u0430\u0442\u044c, \u0438\u0441\u043f\u043e\u043b\u044c\u0437\u0443\u044f \u043a\u0430\u0431\u0435\u043b\u0435 \u0440\u0430\u0437\u043d\u043e\u0439 \u0434\u043b\u0438\u043d\u044b. \u041f\u043b\u0430\u0432\u043d\u043e\u0435 \u0441\u043e\u0435\u0434\u0438\u043d\u0435\u043d\u0438\u0435 \u0433\u0430\u0440\u0430\u043d\u0442\u0438\u0440\u0443\u0435\u0442 \u043e\u0442\u0441\u0443\u0442\u0441\u0442\u0432\u0438\u0435 \u0437\u0430\u0441\u0442\u0440\u0435\u0432\u0430\u043d\u0438\u0439 \u0438 \u0434\u0440\u0443\u0433\u0438\u0445 \u043f\u043e\u043c\u0435\u0445.<\/p>\n<p><img fetchpriority=\"high\" decoding=\"async\" class=\"alignnone size-medium wp-image-8254\" src=\"http:\/\/bitessiulai.lt\/wp-content\/uploads\/2025\/02\/b694b78fc6e3f8d80e154df85d29fc02-300x300.jpg\" alt=\"\" width=\"300\" height=\"300\" srcset=\"https:\/\/bitessiulai.lt\/wp-content\/uploads\/2025\/02\/b694b78fc6e3f8d80e154df85d29fc02-300x300.jpg 300w, https:\/\/bitessiulai.lt\/wp-content\/uploads\/2025\/02\/b694b78fc6e3f8d80e154df85d29fc02-150x150.jpg 150w, https:\/\/bitessiulai.lt\/wp-content\/uploads\/2025\/02\/b694b78fc6e3f8d80e154df85d29fc02-12x12.jpg 12w, https:\/\/bitessiulai.lt\/wp-content\/uploads\/2025\/02\/b694b78fc6e3f8d80e154df85d29fc02-600x600.jpg 600w, https:\/\/bitessiulai.lt\/wp-content\/uploads\/2025\/02\/b694b78fc6e3f8d80e154df85d29fc02-96x96.jpg 96w, https:\/\/bitessiulai.lt\/wp-content\/uploads\/2025\/02\/b694b78fc6e3f8d80e154df85d29fc02.jpg 736w\" sizes=\"(max-width: 300px) 100vw, 300px\" \/> <img decoding=\"async\" class=\"alignnone size-medium wp-image-8256\" src=\"http:\/\/bitessiulai.lt\/wp-content\/uploads\/2025\/02\/K47166-300x300.webp\" alt=\"\" width=\"300\" height=\"300\" srcset=\"https:\/\/bitessiulai.lt\/wp-content\/uploads\/2025\/02\/K47166-300x300.webp 300w, https:\/\/bitessiulai.lt\/wp-content\/uploads\/2025\/02\/K47166-150x150.webp 150w, https:\/\/bitessiulai.lt\/wp-content\/uploads\/2025\/02\/K47166-768x768.webp 768w, https:\/\/bitessiulai.lt\/wp-content\/uploads\/2025\/02\/K47166-12x12.webp 12w, https:\/\/bitessiulai.lt\/wp-content\/uploads\/2025\/02\/K47166-600x600.webp 600w, https:\/\/bitessiulai.lt\/wp-content\/uploads\/2025\/02\/K47166-96x96.webp 96w, https:\/\/bitessiulai.lt\/wp-content\/uploads\/2025\/02\/K47166.webp 1000w\" sizes=\"(max-width: 300px) 100vw, 300px\" \/> <img decoding=\"async\" class=\"alignnone size-medium wp-image-8253\" src=\"http:\/\/bitessiulai.lt\/wp-content\/uploads\/2025\/02\/a7e330402c605a724b9b8cd20df24ba3-300x300.jpg\" alt=\"\" width=\"300\" height=\"300\" srcset=\"https:\/\/bitessiulai.lt\/wp-content\/uploads\/2025\/02\/a7e330402c605a724b9b8cd20df24ba3-300x300.jpg 300w, https:\/\/bitessiulai.lt\/wp-content\/uploads\/2025\/02\/a7e330402c605a724b9b8cd20df24ba3-150x150.jpg 150w, https:\/\/bitessiulai.lt\/wp-content\/uploads\/2025\/02\/a7e330402c605a724b9b8cd20df24ba3-12x12.jpg 12w, https:\/\/bitessiulai.lt\/wp-content\/uploads\/2025\/02\/a7e330402c605a724b9b8cd20df24ba3-600x600.jpg 600w, https:\/\/bitessiulai.lt\/wp-content\/uploads\/2025\/02\/a7e330402c605a724b9b8cd20df24ba3-96x96.jpg 96w, https:\/\/bitessiulai.lt\/wp-content\/uploads\/2025\/02\/a7e330402c605a724b9b8cd20df24ba3.jpg 736w\" sizes=\"(max-width: 300px) 100vw, 300px\" \/> <img loading=\"lazy\" decoding=\"async\" class=\"alignnone size-medium wp-image-8252\" src=\"http:\/\/bitessiulai.lt\/wp-content\/uploads\/2025\/02\/43f7b1cd8053358967e1ab3714fa9dca-300x300.jpg\" alt=\"\" width=\"300\" height=\"300\" srcset=\"https:\/\/bitessiulai.lt\/wp-content\/uploads\/2025\/02\/43f7b1cd8053358967e1ab3714fa9dca-300x300.jpg 300w, https:\/\/bitessiulai.lt\/wp-content\/uploads\/2025\/02\/43f7b1cd8053358967e1ab3714fa9dca-150x150.jpg 150w, https:\/\/bitessiulai.lt\/wp-content\/uploads\/2025\/02\/43f7b1cd8053358967e1ab3714fa9dca-12x12.jpg 12w, https:\/\/bitessiulai.lt\/wp-content\/uploads\/2025\/02\/43f7b1cd8053358967e1ab3714fa9dca-600x600.jpg 600w, https:\/\/bitessiulai.lt\/wp-content\/uploads\/2025\/02\/43f7b1cd8053358967e1ab3714fa9dca-96x96.jpg 96w, https:\/\/bitessiulai.lt\/wp-content\/uploads\/2025\/02\/43f7b1cd8053358967e1ab3714fa9dca.jpg 736w\" sizes=\"(max-width: 300px) 100vw, 300px\" \/><\/p>\n<p>*\u0426\u0432\u0435\u0442\u0430, \u043a\u043e\u0442\u043e\u0440\u044b\u0435 \u0432\u044b \u0432\u0438\u0434\u0438\u0442\u0435 \u043d\u0430 \u044d\u043a\u0440\u0430\u043d\u0435, \u0438 \u0444\u0430\u043a\u0442\u0438\u0447\u0435\u0441\u043a\u0438\u0435 \u0446\u0432\u0435\u0442\u0430 \u043f\u0440\u0435\u0434\u043c\u0435\u0442\u043e\u0432 \u043c\u043e\u0433\u0443\u0442 \u043d\u0435\u0437\u043d\u0430\u0447\u0438\u0442\u0435\u043b\u044c\u043d\u043e \u043e\u0442\u043b\u0438\u0447\u0430\u0442\u044c\u0441\u044f.<\/p>","protected":false},"excerpt":{"rendered":"<p>Fiksuoto ilgio apval\u016bs KnitPro Zing mezgimo virbalai su valu yra \u012fvairaus ilgio ir dyd\u017ei\u0173. Zing valiniai virbalai pagaminti i\u0161 auk\u0161\u010diausios kokyb\u0117s lengvo aliuminio, jais lengvai slysta bet kurio tipo si\u016blas, galiukai patogiai nusmailinti. Ai\u0161kiai matomi dyd\u017eiai yra atspausdinti lazeriu, tod\u0117l nenunisitrins net ir po ilgo naudojimo. Ma\u017ei ir dideli projektai yra lengvai mezgami naudojant \u012fvairius kabeli\u0173 ilgius. Sklandus sujungimas u\u017etikrina, kad neb\u016bt\u0173 u\u017esikim\u0161imo ar kit\u0173 trikd\u017ei\u0173. *Ekrane matomos spalvos ir tikroji preki\u0173 spalva gali \u0161iek tiek skirtis.<\/p>","protected":false},"featured_media":8253,"comment_status":"open","ping_status":"closed","template":"","meta":[],"product_brand":[],"product_cat":[2440,180,183],"product_tag":[],"giftcard-category":[],"class_list":{"0":"post-8249","1":"product","2":"type-product","3":"status-publish","4":"has-post-thumbnail","6":"product_cat-knitpro","7":"product_cat-mezgimo-priemones","8":"product_cat-virbalai-su-valu","10":"first","11":"instock","12":"taxable","13":"shipping-taxable","14":"purchasable","15":"product-type-variable"},"_links":{"self":[{"href":"https:\/\/bitessiulai.lt\/ru\/wp-json\/wp\/v2\/product\/8249","targetHints":{"allow":["GET"]}}],"collection":[{"href":"https:\/\/bitessiulai.lt\/ru\/wp-json\/wp\/v2\/product"}],"about":[{"href":"https:\/\/bitessiulai.lt\/ru\/wp-json\/wp\/v2\/types\/product"}],"replies":[{"embeddable":true,"href":"https:\/\/bitessiulai.lt\/ru\/wp-json\/wp\/v2\/comments?post=8249"}],"version-history":[{"count":2,"href":"https:\/\/bitessiulai.lt\/ru\/wp-json\/wp\/v2\/product\/8249\/revisions"}],"predecessor-version":[{"id":23343,"href":"https:\/\/bitessiulai.lt\/ru\/wp-json\/wp\/v2\/product\/8249\/revisions\/23343"}],"wp:featuredmedia":[{"embeddable":true,"href":"https:\/\/bitessiulai.lt\/ru\/wp-json\/wp\/v2\/media\/8253"}],"wp:attachment":[{"href":"https:\/\/bitessiulai.lt\/ru\/wp-json\/wp\/v2\/media?parent=8249"}],"wp:term":[{"taxonomy":"product_brand","embeddable":true,"href":"https:\/\/bitessiulai.lt\/ru\/wp-json\/wp\/v2\/product_brand?post=8249"},{"taxonomy":"product_cat","embeddable":true,"href":"https:\/\/bitessiulai.lt\/ru\/wp-json\/wp\/v2\/product_cat?post=8249"},{"taxonomy":"product_tag","embeddable":true,"href":"https:\/\/bitessiulai.lt\/ru\/wp-json\/wp\/v2\/product_tag?post=8249"},{"taxonomy":"giftcard-category","embeddable":true,"href":"https:\/\/bitessiulai.lt\/ru\/wp-json\/wp\/v2\/giftcard-category?post=8249"}],"curies":[{"name":"wp","href":"https:\/\/api.w.org\/{rel}","templated":true}]}}