{"id":7612,"date":"2025-02-15T10:08:47","date_gmt":"2025-02-15T08:08:47","guid":{"rendered":"https:\/\/bitessiulai.lt\/?post_type=product&#038;p=7612"},"modified":"2026-01-25T08:16:36","modified_gmt":"2026-01-25T06:16:36","slug":"knitpro-zing-13cm-virbalu-rinkinys","status":"publish","type":"product","link":"https:\/\/bitessiulai.lt\/ru\/product\/knitpro-zing-13cm-virbalu-rinkinys\/","title":{"rendered":"\u041d\u0430\u0431\u043e\u0440 \u0441\u043f\u0438\u0446 KnitPro Zing 13 \u0441\u043c"},"content":{"rendered":"<p>\u041a\u0440\u0430\u0441\u043e\u0447\u043d\u044b\u0439 <strong>\u041d\u0430\u0431\u043e\u0440 \u0441\u043f\u0438\u0446 KnitPro Zing 13 \u0441\u043c<\/strong>\u00a0\u041f\u043e\u043b\u043d\u044b\u0439 \u043d\u0430\u0431\u043e\u0440 \u0441\u043c\u0435\u043d\u043d\u044b\u0445 \u0441\u043f\u0438\u0446 \u0438 \u0430\u043a\u0441\u0435\u0441\u0441\u0443\u0430\u0440\u043e\u0432. \u041a\u0430\u0436\u0434\u044b\u0439 \u0440\u0430\u0437\u043c\u0435\u0440 \u0441\u043f\u0438\u0446 \u0438\u043c\u0435\u0435\u0442 \u0441\u0432\u043e\u0439 \u0443\u043d\u0438\u043a\u0430\u043b\u044c\u043d\u044b\u0439 \u0446\u0432\u0435\u0442. \u0418\u0434\u0435\u0430\u043b\u044c\u043d\u043e \u0437\u0430\u043e\u0441\u0442\u0440\u0435\u043d\u043d\u044b\u0435 \u0441\u043c\u0435\u043d\u043d\u044b\u0435 \u0441\u043f\u0438\u0446\u044b \u0438\u0437\u0433\u043e\u0442\u043e\u0432\u043b\u0435\u043d\u044b \u0438\u0437 \u043f\u0440\u043e\u0447\u043d\u043e\u0433\u043e \u0438 \u043b\u0451\u0433\u043a\u043e\u0433\u043e \u0432\u044b\u0441\u043e\u043a\u043e\u043a\u0430\u0447\u0435\u0441\u0442\u0432\u0435\u043d\u043d\u043e\u0433\u043e \u043c\u0435\u0442\u0430\u043b\u043b\u0430 \u0438 \u0438\u043c\u0435\u044e\u0442 \u0433\u043b\u0430\u0434\u043a\u0443\u044e \u043f\u043e\u0432\u0435\u0440\u0445\u043d\u043e\u0441\u0442\u044c \u0434\u043b\u044f \u043a\u043e\u043c\u0444\u043e\u0440\u0442\u043d\u043e\u0433\u043e \u0432\u044f\u0437\u0430\u043d\u0438\u044f. \u0412 \u043a\u043e\u043c\u043f\u043b\u0435\u043a\u0442 \u0432\u0445\u043e\u0434\u044f\u0442:<\/p>\n<ul>\n<li><strong>8 \u0448\u0442. \u0438\u0433\u043b<\/strong> <strong>13\u0441\u043c.<\/strong> (<em>3,5 \u043c\u043c, 4,0 \u043c\u043c, 4,5 \u043c\u043c, 5,0 \u043c\u043c, 5,5 \u043c\u043c, 6,0 \u043c\u043c, 7,00 \u043c\u043c, 8,00 \u043c\u043c)<\/em><\/li>\n<li><strong>4 \u0448\u0442. \u0432\u0432\u0438\u043d\u0447\u0438\u0432\u0430\u0435\u043c\u044b\u0445 \u043b\u0438\u043d\u0438\u0439<\/strong> (<em> 60 \u0441\u043c, 80 \u0441\u043c (2 \u0448\u0442.), 100 \u0441\u043c)<\/em><\/li>\n<li><strong>8<\/strong> <strong>\u043a\u043e\u043d\u0447\u0438\u043a\u0438 \u0438\u0433\u043b<\/strong><\/li>\n<li><strong>4 \u043a\u043b\u044e\u0447\u0430 \u0434\u043b\u044f \u043d\u0430\u0442\u044f\u0436\u0435\u043d\u0438\u044f \u043b\u0435\u0441\u043a\u0438<\/strong><\/li>\n<li><strong>1 \u0441\u043e\u0435\u0434\u0438\u043d\u0435\u043d\u0438\u0435 \u0434\u043b\u044f \u043b\u0438\u043d\u0438\u0438\u00a0\u00a0<\/strong><\/li>\n<\/ul>\n<p><img fetchpriority=\"high\" decoding=\"async\" class=\"alignnone size-medium wp-image-7616\" src=\"https:\/\/bitessiulai.lt\/wp-content\/uploads\/2025\/02\/k47424-7-300x300.webp\" alt=\"\" width=\"300\" height=\"300\" srcset=\"https:\/\/bitessiulai.lt\/wp-content\/uploads\/2025\/02\/k47424-7-300x300.webp 300w, https:\/\/bitessiulai.lt\/wp-content\/uploads\/2025\/02\/k47424-7-150x150.webp 150w, https:\/\/bitessiulai.lt\/wp-content\/uploads\/2025\/02\/k47424-7-768x768.webp 768w, https:\/\/bitessiulai.lt\/wp-content\/uploads\/2025\/02\/k47424-7-12x12.webp 12w, https:\/\/bitessiulai.lt\/wp-content\/uploads\/2025\/02\/k47424-7-600x600.webp 600w, https:\/\/bitessiulai.lt\/wp-content\/uploads\/2025\/02\/k47424-7-96x96.webp 96w, https:\/\/bitessiulai.lt\/wp-content\/uploads\/2025\/02\/k47424-7.webp 1000w\" sizes=\"(max-width: 300px) 100vw, 300px\" \/> <img decoding=\"async\" class=\"alignnone size-medium wp-image-7617\" src=\"https:\/\/bitessiulai.lt\/wp-content\/uploads\/2025\/02\/k47424-2_1-300x300.webp\" alt=\"\" width=\"300\" height=\"300\" srcset=\"https:\/\/bitessiulai.lt\/wp-content\/uploads\/2025\/02\/k47424-2_1-300x300.webp 300w, https:\/\/bitessiulai.lt\/wp-content\/uploads\/2025\/02\/k47424-2_1-150x150.webp 150w, https:\/\/bitessiulai.lt\/wp-content\/uploads\/2025\/02\/k47424-2_1-12x12.webp 12w, https:\/\/bitessiulai.lt\/wp-content\/uploads\/2025\/02\/k47424-2_1-96x96.webp 96w, https:\/\/bitessiulai.lt\/wp-content\/uploads\/2025\/02\/k47424-2_1.webp 583w\" sizes=\"(max-width: 300px) 100vw, 300px\" \/> <img decoding=\"async\" class=\"alignnone size-medium wp-image-7618\" src=\"https:\/\/bitessiulai.lt\/wp-content\/uploads\/2025\/02\/k47424-1_1-300x300.webp\" alt=\"\" width=\"300\" height=\"300\" srcset=\"https:\/\/bitessiulai.lt\/wp-content\/uploads\/2025\/02\/k47424-1_1-300x300.webp 300w, https:\/\/bitessiulai.lt\/wp-content\/uploads\/2025\/02\/k47424-1_1-150x150.webp 150w, https:\/\/bitessiulai.lt\/wp-content\/uploads\/2025\/02\/k47424-1_1-12x12.webp 12w, https:\/\/bitessiulai.lt\/wp-content\/uploads\/2025\/02\/k47424-1_1-96x96.webp 96w, https:\/\/bitessiulai.lt\/wp-content\/uploads\/2025\/02\/k47424-1_1.webp 583w\" sizes=\"(max-width: 300px) 100vw, 300px\" \/><\/p>\n<p>*\u0426\u0432\u0435\u0442\u0430 \u043d\u0430 \u044d\u043a\u0440\u0430\u043d\u0435 \u0438 \u0444\u0430\u043a\u0442\u0438\u0447\u0435\u0441\u043a\u0438\u0439 \u0446\u0432\u0435\u0442 \u043f\u0440\u043e\u0434\u0443\u043a\u0442\u0430 \u043c\u043e\u0433\u0443\u0442 \u043d\u0435\u0437\u043d\u0430\u0447\u0438\u0442\u0435\u043b\u044c\u043d\u043e \u043e\u0442\u043b\u0438\u0447\u0430\u0442\u044c\u0441\u044f.<\/p>\n<p>&nbsp;<\/p>","protected":false},"excerpt":{"rendered":"<p>Spalvingas KnitPro Zing 13cm virbal\u0173 rinkinys\u00a0yra pilnas komplektas su kei\u010diamais mezgimo virbal\u0173 antgaliais ir priedais. Kiekvienas virbalo dydis turi savo unikali\u0105 spalv\u0105. Puikiai nusmailinti kei\u010diami antgaliai yra pagaminti i\u0161 patvaraus ir lengvo auk\u0161tos kokyb\u0117s metalo ir turi lyg\u0173 pavir\u0161i\u0173, u\u017etikrinant\u012f patog\u0173 mezgim\u0105. Kiekviename rinkinyje yra \u0161ie elementai: 8vnt. virbal\u0173 13cm. (3.5mm,4.0 mm, 4.5 mm, 5.0 mm, 5.5 mm, 6.0 mm, 7.00mm, 8,00mm) 4vnt. prisukam\u0173 val\u0173 ( 60 cm, 80 cm(2vnt.), 100 cm) 8 virbal\u0173 galiukai 4 raktai valui priver\u017eti 1 jungtis valui\u00a0\u00a0 *Ekrane matomos spalvos ir tikroji prek\u0117s spalva gali \u0161iek tiek skirtis &nbsp;<\/p>","protected":false},"featured_media":7615,"comment_status":"open","ping_status":"closed","template":"","meta":[],"product_brand":[],"product_cat":[2440,180,181],"product_tag":[],"giftcard-category":[],"class_list":{"0":"post-7612","1":"product","2":"type-product","3":"status-publish","4":"has-post-thumbnail","6":"product_cat-knitpro","7":"product_cat-mezgimo-priemones","8":"product_cat-virbalu-rinkiniai","10":"first","11":"instock","12":"taxable","13":"shipping-taxable","14":"purchasable","15":"product-type-simple"},"_links":{"self":[{"href":"https:\/\/bitessiulai.lt\/ru\/wp-json\/wp\/v2\/product\/7612","targetHints":{"allow":["GET"]}}],"collection":[{"href":"https:\/\/bitessiulai.lt\/ru\/wp-json\/wp\/v2\/product"}],"about":[{"href":"https:\/\/bitessiulai.lt\/ru\/wp-json\/wp\/v2\/types\/product"}],"replies":[{"embeddable":true,"href":"https:\/\/bitessiulai.lt\/ru\/wp-json\/wp\/v2\/comments?post=7612"}],"version-history":[{"count":1,"href":"https:\/\/bitessiulai.lt\/ru\/wp-json\/wp\/v2\/product\/7612\/revisions"}],"predecessor-version":[{"id":20819,"href":"https:\/\/bitessiulai.lt\/ru\/wp-json\/wp\/v2\/product\/7612\/revisions\/20819"}],"wp:featuredmedia":[{"embeddable":true,"href":"https:\/\/bitessiulai.lt\/ru\/wp-json\/wp\/v2\/media\/7615"}],"wp:attachment":[{"href":"https:\/\/bitessiulai.lt\/ru\/wp-json\/wp\/v2\/media?parent=7612"}],"wp:term":[{"taxonomy":"product_brand","embeddable":true,"href":"https:\/\/bitessiulai.lt\/ru\/wp-json\/wp\/v2\/product_brand?post=7612"},{"taxonomy":"product_cat","embeddable":true,"href":"https:\/\/bitessiulai.lt\/ru\/wp-json\/wp\/v2\/product_cat?post=7612"},{"taxonomy":"product_tag","embeddable":true,"href":"https:\/\/bitessiulai.lt\/ru\/wp-json\/wp\/v2\/product_tag?post=7612"},{"taxonomy":"giftcard-category","embeddable":true,"href":"https:\/\/bitessiulai.lt\/ru\/wp-json\/wp\/v2\/giftcard-category?post=7612"}],"curies":[{"name":"wp","href":"https:\/\/api.w.org\/{rel}","templated":true}]}}