{"id":7520,"date":"2025-02-13T14:43:41","date_gmt":"2025-02-13T12:43:41","guid":{"rendered":"https:\/\/bitessiulai.lt\/?post_type=product&#038;p=7520"},"modified":"2026-02-17T11:44:50","modified_gmt":"2026-02-17T09:44:50","slug":"opry-matavimo-juosta","status":"publish","type":"product","link":"https:\/\/bitessiulai.lt\/ru\/product\/opry-matavimo-juosta\/","title":{"rendered":"\u0418\u0437\u043c\u0435\u0440\u0438\u0442\u0435\u043b\u044c\u043d\u0430\u044f \u043b\u0435\u043d\u0442\u0430 Opry"},"content":{"rendered":"<ul>\n<li>\u0418\u0437\u043c\u0435\u0440\u0438\u0442\u0435\u043b\u044c\u043d\u0430\u044f \u043b\u0435\u043d\u0442\u0430 Opry \u2014 \u044d\u0442\u043e \u0443\u0434\u043e\u0431\u043d\u0430\u044f \u0441\u0432\u043e\u0440\u0430\u0447\u0438\u0432\u0430\u0435\u043c\u0430\u044f \u0438\u0437\u043c\u0435\u0440\u0438\u0442\u0435\u043b\u044c\u043d\u0430\u044f \u043b\u0435\u043d\u0442\u0430.<\/li>\n<li>\u0414\u043b\u0438\u043d\u0430 \u2013 150 \u0441\u043c.<\/li>\n<li>\u041a\u043e\u0440\u043f\u0443\u0441 \u043f\u043b\u0430\u0441\u0442\u0438\u043a\u043e\u0432\u044b\u0439.<\/li>\n<li>\u041f\u0435\u0440\u0435\u043c\u043e\u0442\u043a\u0430 \u043e\u0441\u0443\u0449\u0435\u0441\u0442\u0432\u043b\u044f\u0435\u0442\u0441\u044f \u043d\u0430\u0436\u0430\u0442\u0438\u0435\u043c \u043a\u043d\u043e\u043f\u043a\u0438 \u0432 \u0446\u0435\u043d\u0442\u0440\u0435 \u043a\u0430\u0442\u0443\u0448\u043a\u0438.<\/li>\n<\/ul>\n<p>*\u0426\u0432\u0435\u0442\u0430 \u043d\u0430 \u044d\u043a\u0440\u0430\u043d\u0435 \u043c\u043e\u0433\u0443\u0442 \u043d\u0435\u043c\u043d\u043e\u0433\u043e \u043e\u0442\u043b\u0438\u0447\u0430\u0442\u044c\u0441\u044f \u043e\u0442 \u0440\u0435\u0430\u043b\u044c\u043d\u044b\u0445.<\/p>","protected":false},"excerpt":{"rendered":"<p>Opry matavimo juosta \u2013 patogi susivyniojanti matavimo juosta. Ilgis \u2013 150 cm. Korpusas plastikinis. Susivynioja paspaudus mygtuk\u0105 rit\u0117s centre. *Ekrane matomos spalvos gali \u0161iek tiek skirtis nuo tikrosios spalvos.<\/p>","protected":false},"featured_media":7521,"comment_status":"open","ping_status":"closed","template":"","meta":[],"product_brand":[],"product_cat":[202,192],"product_tag":[],"giftcard-category":[],"class_list":{"0":"post-7520","1":"product","2":"type-product","3":"status-publish","4":"has-post-thumbnail","6":"product_cat-matavimo-priemones","7":"product_cat-priedai-mezgimui","9":"first","10":"instock","11":"taxable","12":"shipping-taxable","13":"purchasable","14":"product-type-variable"},"_links":{"self":[{"href":"https:\/\/bitessiulai.lt\/ru\/wp-json\/wp\/v2\/product\/7520","targetHints":{"allow":["GET"]}}],"collection":[{"href":"https:\/\/bitessiulai.lt\/ru\/wp-json\/wp\/v2\/product"}],"about":[{"href":"https:\/\/bitessiulai.lt\/ru\/wp-json\/wp\/v2\/types\/product"}],"replies":[{"embeddable":true,"href":"https:\/\/bitessiulai.lt\/ru\/wp-json\/wp\/v2\/comments?post=7520"}],"version-history":[{"count":1,"href":"https:\/\/bitessiulai.lt\/ru\/wp-json\/wp\/v2\/product\/7520\/revisions"}],"predecessor-version":[{"id":21031,"href":"https:\/\/bitessiulai.lt\/ru\/wp-json\/wp\/v2\/product\/7520\/revisions\/21031"}],"wp:featuredmedia":[{"embeddable":true,"href":"https:\/\/bitessiulai.lt\/ru\/wp-json\/wp\/v2\/media\/7521"}],"wp:attachment":[{"href":"https:\/\/bitessiulai.lt\/ru\/wp-json\/wp\/v2\/media?parent=7520"}],"wp:term":[{"taxonomy":"product_brand","embeddable":true,"href":"https:\/\/bitessiulai.lt\/ru\/wp-json\/wp\/v2\/product_brand?post=7520"},{"taxonomy":"product_cat","embeddable":true,"href":"https:\/\/bitessiulai.lt\/ru\/wp-json\/wp\/v2\/product_cat?post=7520"},{"taxonomy":"product_tag","embeddable":true,"href":"https:\/\/bitessiulai.lt\/ru\/wp-json\/wp\/v2\/product_tag?post=7520"},{"taxonomy":"giftcard-category","embeddable":true,"href":"https:\/\/bitessiulai.lt\/ru\/wp-json\/wp\/v2\/giftcard-category?post=7520"}],"curies":[{"name":"wp","href":"https:\/\/api.w.org\/{rel}","templated":true}]}}