{"id":7345,"date":"2025-02-12T15:35:37","date_gmt":"2025-02-12T13:35:37","guid":{"rendered":"https:\/\/bitessiulai.lt\/?post_type=product&#038;p=7345"},"modified":"2025-12-19T16:51:10","modified_gmt":"2025-12-19T14:51:10","slug":"seeknit-mezginio-akiu-zymekliai-stori","status":"publish","type":"product","link":"https:\/\/bitessiulai.lt\/ru\/product\/seeknit-mezginio-akiu-zymekliai-stori\/","title":{"rendered":"\u0422\u043e\u043b\u0441\u0442\u044b\u0435 \u043c\u0430\u0440\u043a\u0435\u0440\u044b \u0434\u043b\u044f \u0433\u043b\u0430\u0437 Seeknit"},"content":{"rendered":"<p><strong>\u0422\u043e\u043b\u0441\u0442\u044b\u0435 \u043c\u0430\u0440\u043a\u0435\u0440\u044b \u0434\u043b\u044f \u0433\u043b\u0430\u0437 Seeknit\u00a0<\/strong>\u2014 \u043f\u0440\u0430\u043a\u0442\u0438\u0447\u043d\u044b\u0439 \u0438 \u044d\u0444\u0444\u0435\u043a\u0442\u0438\u0432\u043d\u044b\u0439 \u0438\u043d\u0441\u0442\u0440\u0443\u043c\u0435\u043d\u0442! \u042d\u0442\u043e\u0442 \u0441\u043f\u0435\u0446\u0438\u0430\u043b\u044c\u043d\u044b\u0439 \u043d\u0430\u0431\u043e\u0440 \u043c\u0430\u0440\u043a\u0435\u0440\u043e\u0432 \u043f\u0435\u0442\u0435\u043b\u044c \u043e\u0441\u043d\u0430\u0449\u0435\u043d \u0444\u0438\u043a\u0441\u0430\u0442\u043e\u0440\u043e\u043c, \u043a\u043e\u0442\u043e\u0440\u044b\u0439 \u043f\u043e\u0437\u0432\u043e\u043b\u044f\u0435\u0442 \u0438\u0441\u043f\u043e\u043b\u044c\u0437\u043e\u0432\u0430\u0442\u044c \u0438\u0445 \u0432 \u0432\u044f\u0437\u0430\u043d\u0438\u0438 \u043a\u0440\u044e\u0447\u043a\u043e\u043c: \u043f\u0440\u043e\u0441\u0442\u043e \u043d\u0430\u0434\u0435\u043d\u044c\u0442\u0435 \u0438\u0445 \u043d\u0430 \u043d\u0443\u0436\u043d\u0443\u044e \u043f\u0435\u0442\u043b\u044e \u0438 \u0437\u0430\u0444\u0438\u043a\u0441\u0438\u0440\u0443\u0439\u0442\u0435. \u041f\u043e\u0441\u043b\u0435 \u044d\u0442\u043e\u0433\u043e \u0438\u0445 \u043c\u043e\u0436\u043d\u043e \u043b\u0435\u0433\u043a\u043e \u0441\u043d\u044f\u0442\u044c \u0432 \u043b\u044e\u0431\u043e\u0439 \u043c\u043e\u043c\u0435\u043d\u0442! \u0418\u0441\u043f\u043e\u043b\u044c\u0437\u0443\u0439\u0442\u0435 \u0438\u0445 \u0434\u043b\u044f \u043e\u0431\u043e\u0437\u043d\u0430\u0447\u0435\u043d\u0438\u044f \u043d\u0430\u0447\u0430\u043b\u0430 \u043c\u043e\u0442\u0438\u0432\u0430 \u0438\u043b\u0438 \u0440\u044f\u0434\u0430. \u0412 \u043a\u0430\u0436\u0434\u043e\u0439 \u0443\u043f\u0430\u043a\u043e\u0432\u043a\u0435 20 \u043c\u0430\u0440\u043a\u0435\u0440\u043e\u0432 \u043f\u0435\u0442\u0435\u043b\u044c \u0432 \u0447\u0435\u0440\u043d\u043e-\u0431\u0435\u043b\u043e\u0439 \u0438\u043b\u0438 \u0436\u0435\u043b\u0442\u043e-\u0441\u0438\u043d\u0435\u0439 \u0446\u0432\u0435\u0442\u043e\u0432\u043e\u0439 \u0433\u0430\u043c\u043c\u0435.<\/p>\n<p>\u0412 \u0443\u043f\u0430\u043a\u043e\u0432\u043a\u0435 20 \u043c\u0430\u0440\u043a\u0435\u0440\u043e\u0432.<\/p>","protected":false},"excerpt":{"rendered":"<p>Seeknit mezginio aki\u0173 \u017eymekliai stori\u00a0yra prakti\u0161kas ir efektyvus \u012frankis! \u0160is ypatingas dygsnio \u017eymekli\u0173 pasirinkimas pasi\u017eymi fiksavimo funkcija, leid\u017eian\u010dia juos naudoti n\u0117rimo projektuose, tiesiog perbraukiant juos per dygsn\u012f, kur\u012f norite pa\u017eym\u0117ti, ir u\u017edarant, kad b\u016bt\u0173 apsaugotas. Tada juos bet kada galima lengvai pa\u0161alinti! Naudokite juos motyvo ar eilu\u010di\u0173 sekos prad\u017eiai pa\u017eym\u0117ti. Kiekvienoje pakuot\u0117je yra 20 dygsnio \u017eymekli\u0173, kuri\u0173 spalv\u0173 deriniai yra juodi ir balti arba geltoni ir m\u0117lyni. Pakuot\u0117je rasite 20vnt. \u017eymekli\u0173.<\/p>","protected":false},"featured_media":7340,"comment_status":"open","ping_status":"closed","template":"","meta":[],"product_brand":[],"product_cat":[194,192],"product_tag":[],"giftcard-category":[],"class_list":{"0":"post-7345","1":"product","2":"type-product","3":"status-publish","4":"has-post-thumbnail","6":"product_cat-akiu-zymekliai","7":"product_cat-priedai-mezgimui","9":"first","10":"instock","11":"taxable","12":"shipping-taxable","13":"purchasable","14":"product-type-variable"},"_links":{"self":[{"href":"https:\/\/bitessiulai.lt\/ru\/wp-json\/wp\/v2\/product\/7345","targetHints":{"allow":["GET"]}}],"collection":[{"href":"https:\/\/bitessiulai.lt\/ru\/wp-json\/wp\/v2\/product"}],"about":[{"href":"https:\/\/bitessiulai.lt\/ru\/wp-json\/wp\/v2\/types\/product"}],"replies":[{"embeddable":true,"href":"https:\/\/bitessiulai.lt\/ru\/wp-json\/wp\/v2\/comments?post=7345"}],"version-history":[{"count":1,"href":"https:\/\/bitessiulai.lt\/ru\/wp-json\/wp\/v2\/product\/7345\/revisions"}],"predecessor-version":[{"id":20395,"href":"https:\/\/bitessiulai.lt\/ru\/wp-json\/wp\/v2\/product\/7345\/revisions\/20395"}],"wp:featuredmedia":[{"embeddable":true,"href":"https:\/\/bitessiulai.lt\/ru\/wp-json\/wp\/v2\/media\/7340"}],"wp:attachment":[{"href":"https:\/\/bitessiulai.lt\/ru\/wp-json\/wp\/v2\/media?parent=7345"}],"wp:term":[{"taxonomy":"product_brand","embeddable":true,"href":"https:\/\/bitessiulai.lt\/ru\/wp-json\/wp\/v2\/product_brand?post=7345"},{"taxonomy":"product_cat","embeddable":true,"href":"https:\/\/bitessiulai.lt\/ru\/wp-json\/wp\/v2\/product_cat?post=7345"},{"taxonomy":"product_tag","embeddable":true,"href":"https:\/\/bitessiulai.lt\/ru\/wp-json\/wp\/v2\/product_tag?post=7345"},{"taxonomy":"giftcard-category","embeddable":true,"href":"https:\/\/bitessiulai.lt\/ru\/wp-json\/wp\/v2\/giftcard-category?post=7345"}],"curies":[{"name":"wp","href":"https:\/\/api.w.org\/{rel}","templated":true}]}}