{"id":7032,"date":"2025-02-09T16:58:17","date_gmt":"2025-02-09T14:58:17","guid":{"rendered":"https:\/\/bitessiulai.lt\/?post_type=product&#038;p=7032"},"modified":"2026-03-12T14:21:22","modified_gmt":"2026-03-12T12:21:22","slug":"knitpro-mindful-mezgimo-eiliu-skaiciuotuvas","status":"publish","type":"product","link":"https:\/\/bitessiulai.lt\/ru\/product\/knitpro-mindful-mezgimo-eiliu-skaiciuotuvas\/","title":{"rendered":"KnitPro \u041e\u0441\u043e\u0437\u043d\u0430\u043d\u043d\u044b\u0439 \u043a\u0430\u043b\u044c\u043a\u0443\u043b\u044f\u0442\u043e\u0440 \u0440\u044f\u0434\u043e\u0432 \u0432\u044f\u0437\u0430\u043d\u0438\u044f"},"content":{"rendered":"<h6>KnitPro \u041e\u0441\u043e\u0437\u043d\u0430\u043d\u043d\u044b\u0439 \u043a\u0430\u043b\u044c\u043a\u0443\u043b\u044f\u0442\u043e\u0440 \u0440\u044f\u0434\u043e\u0432 \u0432\u044f\u0437\u0430\u043d\u0438\u044f<\/h6>\n<p>&nbsp;<\/p>\n<ul>\n<li>\u0427\u0435\u0442\u043a\u043e \u0432\u0438\u0434\u0438\u043c\u044b\u0435 \u0446\u0438\u0444\u0440\u044b<\/li>\n<li>\n<p id=\"tw-target-text\" class=\"tw-data-text tw-text-large tw-ta\" dir=\"ltr\" data-placeholder=\"Vertimas\" data-ved=\"2ahUKEwiF5Las6raLAxUenf0HHe5SBnYQ3ewLegQIBxAV\" aria-label=\"\u041f\u0435\u0440\u0435\u0432\u043e\u0434: \u0421 \u044d\u0442\u0438\u043c \u0441\u0447\u0451\u0442\u0447\u0438\u043a\u043e\u043c \u0440\u044f\u0434\u043e\u0432 KnitPro Clicky \u0432\u044b \u043b\u0435\u0433\u043a\u043e \u0441\u043c\u043e\u0436\u0435\u0442\u0435 \u043e\u0442\u0441\u043b\u0435\u0436\u0438\u0432\u0430\u0442\u044c \u0440\u044f\u0434\u044b \u0438\u043b\u0438 \u043f\u0435\u0442\u043b\u0438 \u0432 \u0432\u0430\u0448\u0435\u043c \u0432\u044f\u0437\u0430\u043d\u043e\u043c \u043a\u0440\u044e\u0447\u043a\u043e\u043c \u0438\u043b\u0438 \u0441\u043f\u0438\u0446\u0430\u043c\u0438 \u043f\u0440\u043e\u0435\u043a\u0442\u0435! \u0411\u043b\u0430\u0433\u043e\u0434\u0430\u0440\u044f \u0434\u0432\u0443\u043c \u0431\u043e\u043a\u043e\u0432\u044b\u043c \u0440\u0435\u0433\u0443\u043b\u044f\u0442\u043e\u0440\u0430\u043c, \u043e\u0431\u0430 \u0441\u0447\u0451\u0442\u0447\u0438\u043a\u0430 \u043c\u043e\u0436\u043d\u043e \u043d\u0430\u0441\u0442\u0440\u043e\u0438\u0442\u044c \u043d\u0435\u0437\u0430\u0432\u0438\u0441\u0438\u043c\u043e. \u0420\u0430\u0431\u043e\u0442\u0430\u044f \u043d\u0430\u0434 \u043e\u0434\u043d\u0438\u043c \u0440\u044f\u0434\u043e\u043c, \u043f\u0440\u043e\u0441\u0442\u043e \u043d\u0430\u0436\u043c\u0438\u0442\u0435 \u043a\u043d\u043e\u043f\u043a\u0443 \u0441\u0432\u0435\u0440\u0445\u0443, \u0447\u0442\u043e\u0431\u044b \u043e\u0442\u0441\u043b\u0435\u0436\u0438\u0432\u0430\u0442\u044c \u043f\u0440\u043e\u0432\u044f\u0437\u0430\u043d\u043d\u044b\u0435 \u0440\u044f\u0434\u044b. \u0421\u0447\u0451\u0442\u0447\u0438\u043a \u0440\u044f\u0434\u043e\u0432 KnitPro Clicky \u0440\u043e\u0437\u043e\u0432\u043e\u0433\u043e \u0446\u0432\u0435\u0442\u0430 \u0441 \u0431\u0435\u043b\u044b\u043c\u0438 \u0442\u043e\u0447\u043a\u0430\u043c\u0438 \u0438 \u0440\u0430\u0437\u043c\u0435\u0440\u043e\u043c 40 x 37,5 \u043c\u043c. \u041f\u043e\u0441\u0442\u0430\u0432\u043b\u044f\u0435\u0442\u0441\u044f \u0432 \u0443\u043f\u0430\u043a\u043e\u0432\u043a\u0435 \u043f\u043e 1 \u0448\u0442\u0443\u043a\u0435.\"><span class=\"Y2IQFc\" lang=\"lt\">\u0412\u044b \u0441\u043c\u043e\u0436\u0435\u0442\u0435 \u043b\u0435\u0433\u043a\u043e \u043e\u0442\u0441\u043b\u0435\u0436\u0438\u0432\u0430\u0442\u044c \u0440\u044f\u0434\u044b \u0438 \u043f\u0435\u0442\u043b\u0438 \u0432\u0430\u0448\u0435\u0433\u043e \u0432\u044f\u0437\u0430\u043d\u043e\u0433\u043e \u043a\u0440\u044e\u0447\u043a\u043e\u043c \u0438\u043b\u0438 \u0441\u043f\u0438\u0446\u0430\u043c\u0438 \u043f\u0440\u043e\u0435\u043a\u0442\u0430.<\/span><\/p>\n<\/li>\n<li>\u041f\u0440\u0435\u0434\u0441\u0442\u0430\u0432\u043b\u0435\u043d\u043e \u0432 \u0445\u043b\u043e\u043f\u043a\u043e\u0432\u043e\u0439 \u0441\u0443\u043c\u043a\u0435.<\/li>\n<\/ul>\n<p><img fetchpriority=\"high\" decoding=\"async\" class=\"alignnone size-medium wp-image-7036\" src=\"https:\/\/bitessiulai.lt\/wp-content\/uploads\/2025\/02\/k36648-6-300x300.webp\" alt=\"\" width=\"300\" height=\"300\" srcset=\"https:\/\/bitessiulai.lt\/wp-content\/uploads\/2025\/02\/k36648-6-300x300.webp 300w, https:\/\/bitessiulai.lt\/wp-content\/uploads\/2025\/02\/k36648-6-150x150.webp 150w, https:\/\/bitessiulai.lt\/wp-content\/uploads\/2025\/02\/k36648-6-12x12.webp 12w, https:\/\/bitessiulai.lt\/wp-content\/uploads\/2025\/02\/k36648-6-600x600.webp 600w, https:\/\/bitessiulai.lt\/wp-content\/uploads\/2025\/02\/k36648-6-96x96.webp 96w, https:\/\/bitessiulai.lt\/wp-content\/uploads\/2025\/02\/k36648-6.webp 700w\" sizes=\"(max-width: 300px) 100vw, 300px\" \/><\/p>\n<p>*\u0426\u0432\u0435\u0442\u0430 \u043d\u0430 \u044d\u043a\u0440\u0430\u043d\u0435 \u043c\u043e\u0433\u0443\u0442 \u043d\u0435\u043c\u043d\u043e\u0433\u043e \u043e\u0442\u043b\u0438\u0447\u0430\u0442\u044c\u0441\u044f \u043e\u0442 \u0440\u0435\u0430\u043b\u044c\u043d\u044b\u0445.<\/p>","protected":false},"excerpt":{"rendered":"<p>KnitPro Mindful mezgimo eili\u0173 skai\u010diuotuvas &nbsp; Ai\u0161kiai matomi skai\u010diai Gal\u0117site lengvai sekti savo n\u0117rimo ar mezgimo projekto eilutes ar si\u016bles Pateiktas medvilniniame mai\u0161elyje *Ekrane matomos spalvos gali \u0161iek tiek skirtis nuo tikrosios spalvos.<\/p>","protected":false},"featured_media":7033,"comment_status":"open","ping_status":"closed","template":"","meta":[],"product_brand":[],"product_cat":[192,213],"product_tag":[],"giftcard-category":[],"class_list":{"0":"post-7032","1":"product","2":"type-product","3":"status-publish","4":"has-post-thumbnail","6":"product_cat-priedai-mezgimui","7":"product_cat-skaiciuotuvai","9":"first","10":"instock","11":"taxable","12":"shipping-taxable","13":"purchasable","14":"product-type-simple"},"_links":{"self":[{"href":"https:\/\/bitessiulai.lt\/ru\/wp-json\/wp\/v2\/product\/7032","targetHints":{"allow":["GET"]}}],"collection":[{"href":"https:\/\/bitessiulai.lt\/ru\/wp-json\/wp\/v2\/product"}],"about":[{"href":"https:\/\/bitessiulai.lt\/ru\/wp-json\/wp\/v2\/types\/product"}],"replies":[{"embeddable":true,"href":"https:\/\/bitessiulai.lt\/ru\/wp-json\/wp\/v2\/comments?post=7032"}],"version-history":[{"count":1,"href":"https:\/\/bitessiulai.lt\/ru\/wp-json\/wp\/v2\/product\/7032\/revisions"}],"predecessor-version":[{"id":20406,"href":"https:\/\/bitessiulai.lt\/ru\/wp-json\/wp\/v2\/product\/7032\/revisions\/20406"}],"wp:featuredmedia":[{"embeddable":true,"href":"https:\/\/bitessiulai.lt\/ru\/wp-json\/wp\/v2\/media\/7033"}],"wp:attachment":[{"href":"https:\/\/bitessiulai.lt\/ru\/wp-json\/wp\/v2\/media?parent=7032"}],"wp:term":[{"taxonomy":"product_brand","embeddable":true,"href":"https:\/\/bitessiulai.lt\/ru\/wp-json\/wp\/v2\/product_brand?post=7032"},{"taxonomy":"product_cat","embeddable":true,"href":"https:\/\/bitessiulai.lt\/ru\/wp-json\/wp\/v2\/product_cat?post=7032"},{"taxonomy":"product_tag","embeddable":true,"href":"https:\/\/bitessiulai.lt\/ru\/wp-json\/wp\/v2\/product_tag?post=7032"},{"taxonomy":"giftcard-category","embeddable":true,"href":"https:\/\/bitessiulai.lt\/ru\/wp-json\/wp\/v2\/giftcard-category?post=7032"}],"curies":[{"name":"wp","href":"https:\/\/api.w.org\/{rel}","templated":true}]}}