{"id":5112,"date":"2025-02-07T12:19:31","date_gmt":"2025-02-07T10:19:31","guid":{"rendered":"https:\/\/bitessiulai.lt\/?post_type=product&#038;p=5112"},"modified":"2025-12-08T15:11:16","modified_gmt":"2025-12-08T13:11:16","slug":"lykke-weekender-didelis-deklas","status":"publish","type":"product","link":"https:\/\/bitessiulai.lt\/ru\/product\/lykke-weekender-didelis-deklas\/","title":{"rendered":"LYKKE WEEKENDER \u0431\u043e\u043b\u044c\u0448\u043e\u0439 \u0447\u0435\u0445\u043e\u043b"},"content":{"rendered":"<h6 id=\"tw-target-text\" class=\"tw-data-text tw-text-large tw-ta\" dir=\"ltr\" data-placeholder=\"Vertimas\" data-ved=\"2ahUKEwjN39PHuZaLAxW9Z_EDHcSMDpIQ3ewLegQICBAV\" aria-label=\"\u041f\u0435\u0440\u0435\u0432\u043e\u0434: \u0427\u0435\u0445\u043e\u043b-\u043a\u043d\u0438\u0436\u043a\u0430 LYKKE Weekender \u0441 \u043c\u0430\u0433\u043d\u0438\u0442\u043d\u044b\u043c \u043a\u043b\u0430\u043f\u0430\u043d\u043e\u043c \u2014 \u044d\u043b\u0435\u0433\u0430\u043d\u0442\u043d\u044b\u0439 \u0438 \u0444\u0443\u043d\u043a\u0446\u0438\u043e\u043d\u0430\u043b\u044c\u043d\u044b\u0439 \u0430\u043a\u0441\u0435\u0441\u0441\u0443\u0430\u0440 \u0434\u043b\u044f \u043b\u044e\u0431\u0438\u0442\u0435\u043b\u0435\u0439 \u0432\u044f\u0437\u0430\u043d\u0438\u044f \u0441\u043f\u0438\u0446\u0430\u043c\u0438 \u0438 \u043a\u0440\u044e\u0447\u043a\u043e\u043c. \u0418\u0437\u0433\u043e\u0442\u043e\u0432\u043b\u0435\u043d\u043d\u044b\u0439 \u0438\u0437 \u043f\u0440\u043e\u0447\u043d\u043e\u0433\u043e \u0434\u0435\u043d\u0438\u043c\u0430 \u0438 \u0432\u0435\u0433\u0430\u043d\u0441\u043a\u043e\u0439 \u043a\u043e\u0436\u0438, \u044d\u0442\u043e\u0442 \u0447\u0435\u0445\u043e\u043b \u0441\u0442\u0438\u043b\u044c\u043d\u044b\u0439 \u0438 \u043f\u0440\u0430\u043a\u0442\u0438\u0447\u043d\u044b\u0439.\"><strong><span class=\"Y2IQFc\" lang=\"lt\">\u0411\u043e\u043b\u044c\u0448\u043e\u0439 \u0447\u0435\u0445\u043e\u043b LYKKE Weekender, \u0438\u0437\u0433\u043e\u0442\u043e\u0432\u043b\u0435\u043d\u043d\u044b\u0439 \u0438\u0437 \u043f\u0440\u043e\u0447\u043d\u043e\u0433\u043e \u0434\u0435\u043d\u0438\u043c\u0430 \u0438 \u0432\u0435\u0433\u0430\u043d\u0441\u043a\u043e\u0439 \u043a\u043e\u0436\u0438, \u0441\u0442\u0438\u043b\u044c\u043d\u044b\u0439 \u0438 \u043f\u0440\u0430\u043a\u0442\u0438\u0447\u043d\u044b\u0439.<\/span><\/strong><\/h6>\n<p>&nbsp;<\/p>\n<p><img fetchpriority=\"high\" decoding=\"async\" class=\"alignnone size-medium wp-image-5114\" src=\"https:\/\/bitessiulai.lt\/wp-content\/uploads\/2025\/01\/lykke-weekender-denim-vegan-large-leather-travel-needle-case-956314_900x-300x300.webp\" alt=\"\" width=\"300\" height=\"300\" srcset=\"https:\/\/bitessiulai.lt\/wp-content\/uploads\/2025\/01\/lykke-weekender-denim-vegan-large-leather-travel-needle-case-956314_900x-300x300.webp 300w, https:\/\/bitessiulai.lt\/wp-content\/uploads\/2025\/01\/lykke-weekender-denim-vegan-large-leather-travel-needle-case-956314_900x-150x150.webp 150w, https:\/\/bitessiulai.lt\/wp-content\/uploads\/2025\/01\/lykke-weekender-denim-vegan-large-leather-travel-needle-case-956314_900x-768x768.webp 768w, https:\/\/bitessiulai.lt\/wp-content\/uploads\/2025\/01\/lykke-weekender-denim-vegan-large-leather-travel-needle-case-956314_900x-12x12.webp 12w, https:\/\/bitessiulai.lt\/wp-content\/uploads\/2025\/01\/lykke-weekender-denim-vegan-large-leather-travel-needle-case-956314_900x-600x600.webp 600w, https:\/\/bitessiulai.lt\/wp-content\/uploads\/2025\/01\/lykke-weekender-denim-vegan-large-leather-travel-needle-case-956314_900x-96x96.webp 96w, https:\/\/bitessiulai.lt\/wp-content\/uploads\/2025\/01\/lykke-weekender-denim-vegan-large-leather-travel-needle-case-956314_900x.webp 900w\" sizes=\"(max-width: 300px) 100vw, 300px\" \/><img decoding=\"async\" class=\"alignnone size-medium wp-image-5113\" src=\"https:\/\/bitessiulai.lt\/wp-content\/uploads\/2025\/01\/K-LYKKE-MISC-WRK-WEEK-LG-CASE-DM-CHO-300x300.jpg\" alt=\"\" width=\"300\" height=\"300\" srcset=\"https:\/\/bitessiulai.lt\/wp-content\/uploads\/2025\/01\/K-LYKKE-MISC-WRK-WEEK-LG-CASE-DM-CHO-300x300.jpg 300w, https:\/\/bitessiulai.lt\/wp-content\/uploads\/2025\/01\/K-LYKKE-MISC-WRK-WEEK-LG-CASE-DM-CHO-1024x1024.jpg 1024w, https:\/\/bitessiulai.lt\/wp-content\/uploads\/2025\/01\/K-LYKKE-MISC-WRK-WEEK-LG-CASE-DM-CHO-150x150.jpg 150w, https:\/\/bitessiulai.lt\/wp-content\/uploads\/2025\/01\/K-LYKKE-MISC-WRK-WEEK-LG-CASE-DM-CHO-768x768.jpg 768w, https:\/\/bitessiulai.lt\/wp-content\/uploads\/2025\/01\/K-LYKKE-MISC-WRK-WEEK-LG-CASE-DM-CHO-12x12.jpg 12w, https:\/\/bitessiulai.lt\/wp-content\/uploads\/2025\/01\/K-LYKKE-MISC-WRK-WEEK-LG-CASE-DM-CHO-600x600.jpg 600w, https:\/\/bitessiulai.lt\/wp-content\/uploads\/2025\/01\/K-LYKKE-MISC-WRK-WEEK-LG-CASE-DM-CHO-96x96.jpg 96w, https:\/\/bitessiulai.lt\/wp-content\/uploads\/2025\/01\/K-LYKKE-MISC-WRK-WEEK-LG-CASE-DM-CHO.jpg 1200w\" sizes=\"(max-width: 300px) 100vw, 300px\" \/><\/p>\n<h6><\/h6>\n<h6>\u041f\u0440\u0435\u0434\u043b\u0430\u0433\u0430\u0435\u043c\u044b\u0435 \u0432\u0430\u0440\u0438\u0430\u043d\u0442\u044b \u0438\u0441\u043f\u043e\u043b\u044c\u0437\u043e\u0432\u0430\u043d\u0438\u044f:<\/h6>\n<ul>\n<li>\u0425\u0440\u0430\u043d\u0435\u043d\u0438\u0435 \u0441\u043f\u0438\u0446 \u0438 \u043a\u0440\u044e\u0447\u043a\u043e\u0432.<\/li>\n<li>\u041f\u043e\u0434\u0445\u043e\u0434\u0438\u0442 \u0434\u043b\u044f \u0445\u0440\u0430\u043d\u0435\u043d\u0438\u044f \u043c\u0435\u043b\u043a\u0438\u0445 \u0432\u044f\u0437\u0430\u043b\u044c\u043d\u044b\u0445 \u043f\u0440\u0438\u043d\u0430\u0434\u043b\u0435\u0436\u043d\u043e\u0441\u0442\u0435\u0439, \u0442\u0430\u043a\u0438\u0445 \u043a\u0430\u043a \u043c\u0430\u0440\u043a\u0435\u0440\u044b, \u043b\u0435\u0441\u043a\u0438, \u043d\u043e\u0436\u043d\u0438\u0446\u044b, \u0438\u0437\u043c\u0435\u0440\u0438\u0442\u0435\u043b\u044c\u043d\u044b\u0435 \u043b\u0435\u043d\u0442\u044b \u0438 \u0442. \u0434.<\/li>\n<\/ul>\n<p>&nbsp;<\/p>\n<p><strong>\u0412\u044b\u0441\u043e\u0442\u0430 9\u0441\u043c.<\/strong><\/p>\n<p><strong>\u0428\u0438\u0440\u0438\u043d\u0430 18\u0441\u043c.<\/strong><\/p>","protected":false},"excerpt":{"rendered":"<p>LYKKE Weekender didelis d\u0117klas , pagamintas i\u0161 patvaraus d\u017einso ir vegani\u0161kos odos, pasi\u017eymi stilingumu ir prakti\u0161kumu. &nbsp; Si\u016blomi naudojimo b\u016bdai: Mezgimo virbal\u0173 ir n\u0117rimo va\u0161eli\u0173 laikymas. Tinka ma\u017eiems mezgimo reikmenims laikyti, tokiems kaip \u017eymekliams, valams, \u017eirkl\u0117ms, matavimo juostoms ar pn\u0161. &nbsp; Auk\u0161tis 9cm. Plotis 18cm.<\/p>","protected":false},"featured_media":5113,"comment_status":"open","ping_status":"closed","template":"","meta":[],"product_brand":[],"product_cat":[199,192],"product_tag":[],"giftcard-category":[],"class_list":{"0":"post-5112","1":"product","2":"type-product","3":"status-publish","4":"has-post-thumbnail","6":"product_cat-deklai-krepsiai","7":"product_cat-priedai-mezgimui","9":"first","10":"instock","11":"taxable","12":"shipping-taxable","13":"purchasable","14":"product-type-simple"},"_links":{"self":[{"href":"https:\/\/bitessiulai.lt\/ru\/wp-json\/wp\/v2\/product\/5112","targetHints":{"allow":["GET"]}}],"collection":[{"href":"https:\/\/bitessiulai.lt\/ru\/wp-json\/wp\/v2\/product"}],"about":[{"href":"https:\/\/bitessiulai.lt\/ru\/wp-json\/wp\/v2\/types\/product"}],"replies":[{"embeddable":true,"href":"https:\/\/bitessiulai.lt\/ru\/wp-json\/wp\/v2\/comments?post=5112"}],"version-history":[{"count":1,"href":"https:\/\/bitessiulai.lt\/ru\/wp-json\/wp\/v2\/product\/5112\/revisions"}],"predecessor-version":[{"id":20420,"href":"https:\/\/bitessiulai.lt\/ru\/wp-json\/wp\/v2\/product\/5112\/revisions\/20420"}],"wp:featuredmedia":[{"embeddable":true,"href":"https:\/\/bitessiulai.lt\/ru\/wp-json\/wp\/v2\/media\/5113"}],"wp:attachment":[{"href":"https:\/\/bitessiulai.lt\/ru\/wp-json\/wp\/v2\/media?parent=5112"}],"wp:term":[{"taxonomy":"product_brand","embeddable":true,"href":"https:\/\/bitessiulai.lt\/ru\/wp-json\/wp\/v2\/product_brand?post=5112"},{"taxonomy":"product_cat","embeddable":true,"href":"https:\/\/bitessiulai.lt\/ru\/wp-json\/wp\/v2\/product_cat?post=5112"},{"taxonomy":"product_tag","embeddable":true,"href":"https:\/\/bitessiulai.lt\/ru\/wp-json\/wp\/v2\/product_tag?post=5112"},{"taxonomy":"giftcard-category","embeddable":true,"href":"https:\/\/bitessiulai.lt\/ru\/wp-json\/wp\/v2\/giftcard-category?post=5112"}],"curies":[{"name":"wp","href":"https:\/\/api.w.org\/{rel}","templated":true}]}}