{"id":5052,"date":"2025-02-07T11:52:22","date_gmt":"2025-02-07T09:52:22","guid":{"rendered":"https:\/\/bitessiulai.lt\/?post_type=product&#038;p=5052"},"modified":"2025-04-28T13:28:30","modified_gmt":"2025-04-28T10:28:30","slug":"115cm-lykke-grove-prisukamu-bambukiniu-virbalu-rinkinys-2","status":"publish","type":"product","link":"https:\/\/bitessiulai.lt\/ru\/product\/115cm-lykke-grove-prisukamu-bambukiniu-virbalu-rinkinys-2\/","title":{"rendered":"11,5 \u0441\u043c. \u041d\u0430\u0431\u043e\u0440 \u0431\u0430\u043c\u0431\u0443\u043a\u043e\u0432\u044b\u0445 \u0448\u0430\u043c\u043f\u0443\u0440\u043e\u0432 LYKKE GROVE \u0441 \u0432\u0438\u043d\u0442\u043e\u0432\u044b\u043c \u043a\u0440\u0435\u043f\u043b\u0435\u043d\u0438\u0435\u043c."},"content":{"rendered":"<h6>\u041d\u0430\u0431\u043e\u0440 \u0431\u0430\u043c\u0431\u0443\u043a\u043e\u0432\u044b\u0445 \u0448\u0430\u043c\u043f\u0443\u0440\u043e\u0432 \u0441 \u0432\u0438\u043d\u0442\u043e\u0432\u044b\u043c \u043a\u0440\u0435\u043f\u043b\u0435\u043d\u0438\u0435\u043c LYKKE GROVE:<\/h6>\n<ul>\n<li><strong>12 \u0448\u0442. \u0432\u0438\u043d\u0442\u043e\u0432\u044b\u0445 \u0448\u043f\u0430\u0436\u0435\u043a<\/strong> (<em>3,25 \u043c\u043c, 3,5 \u043c\u043c, 3,75 \u043c\u043c, 4,0 \u043c\u043c, 4,5 \u043c\u043c, 5,0 \u043c\u043c, 5,5 \u043c\u043c, 6,0 \u043c\u043c, 6,5 \u043c\u043c, 8,0 \u043c\u043c, 9,0 \u043c\u043c, 10,0 \u043c\u043c.)<\/em><\/li>\n<li><strong>5 \u0448\u0442. \u0432\u0432\u0438\u043d\u0447\u0438\u0432\u0430\u0435\u043c\u044b\u0445 \u043b\u0438\u043d\u0438\u0439<\/strong> ( <em>2 \u0448\u0442. \u0445 60 \u0441\u043c, 2 \u0448\u0442. \u0445 80 \u0441\u043c, 1 \u0448\u0442. \u0445 100 \u0441\u043c)<\/em><\/li>\n<li><strong>2<\/strong>\u00a0\u043b\u0438\u043d\u0435\u0439\u043d\u044b\u0435 \u0441\u043e\u0435\u0434\u0438\u043d\u0435\u043d\u0438\u044f,\u00a0<strong>8<\/strong>\u00a0\u0442\u043e\u0440\u043c\u043e\u0437\u0430,\u00a0<strong>4<\/strong> \u0417\u0430\u0442\u044f\u0436\u043d\u044b\u0435 \u043a\u043b\u044e\u0447\u0438. \u0414\u043b\u0438\u043d\u0430 \u0448\u0442\u0438\u0444\u0442\u043e\u0432: <strong>11,5\u0441\u043c.<\/strong><\/li>\n<\/ul>\n<p>&nbsp;<\/p>\n<p><img fetchpriority=\"high\" decoding=\"async\" class=\"alignnone size-medium wp-image-5044\" src=\"https:\/\/bitessiulai.lt\/wp-content\/uploads\/2025\/01\/eaf92d2930a190ffb1067a3c79b02f99-300x289.jpg\" alt=\"\" width=\"300\" height=\"289\" srcset=\"https:\/\/bitessiulai.lt\/wp-content\/uploads\/2025\/01\/eaf92d2930a190ffb1067a3c79b02f99-300x289.jpg 300w, https:\/\/bitessiulai.lt\/wp-content\/uploads\/2025\/01\/eaf92d2930a190ffb1067a3c79b02f99-12x12.jpg 12w, https:\/\/bitessiulai.lt\/wp-content\/uploads\/2025\/01\/eaf92d2930a190ffb1067a3c79b02f99-600x578.jpg 600w, https:\/\/bitessiulai.lt\/wp-content\/uploads\/2025\/01\/eaf92d2930a190ffb1067a3c79b02f99-150x144.jpg 150w, https:\/\/bitessiulai.lt\/wp-content\/uploads\/2025\/01\/eaf92d2930a190ffb1067a3c79b02f99.jpg 736w\" sizes=\"(max-width: 300px) 100vw, 300px\" \/> <img decoding=\"async\" class=\"alignnone size-medium wp-image-5043\" src=\"https:\/\/bitessiulai.lt\/wp-content\/uploads\/2025\/01\/92ff03d0082b3b9cd41cffa8ad9d78be-300x292.jpg\" alt=\"\" width=\"300\" height=\"292\" srcset=\"https:\/\/bitessiulai.lt\/wp-content\/uploads\/2025\/01\/92ff03d0082b3b9cd41cffa8ad9d78be-300x292.jpg 300w, https:\/\/bitessiulai.lt\/wp-content\/uploads\/2025\/01\/92ff03d0082b3b9cd41cffa8ad9d78be-12x12.jpg 12w, https:\/\/bitessiulai.lt\/wp-content\/uploads\/2025\/01\/92ff03d0082b3b9cd41cffa8ad9d78be-600x585.jpg 600w, https:\/\/bitessiulai.lt\/wp-content\/uploads\/2025\/01\/92ff03d0082b3b9cd41cffa8ad9d78be-150x146.jpg 150w, https:\/\/bitessiulai.lt\/wp-content\/uploads\/2025\/01\/92ff03d0082b3b9cd41cffa8ad9d78be.jpg 736w\" sizes=\"(max-width: 300px) 100vw, 300px\" \/><\/p>\n<p><b>\u041b\u0418\u041a\u041a-\u0413\u0420\u041e\u0412 <\/b>\u2013 \u044d\u0442\u043e \u0432\u044b\u0441\u043e\u043a\u043e\u043a\u0430\u0447\u0435\u0441\u0442\u0432\u0435\u043d\u043d\u044b\u0435 \u0448\u0430\u043c\u043f\u0443\u0440\u044b \u0440\u0443\u0447\u043d\u043e\u0439 \u0440\u0430\u0431\u043e\u0442\u044b, \u0438\u0437\u0433\u043e\u0442\u043e\u0432\u043b\u0435\u043d\u043d\u044b\u0435 \u0438\u0437 \u043d\u0430\u0442\u0443\u0440\u0430\u043b\u044c\u043d\u043e\u0433\u043e \u0431\u0430\u043c\u0431\u0443\u043a\u043e\u0432\u043e\u0433\u043e \u0434\u0435\u0440\u0435\u0432\u0430.<\/p>\n<p>\u0418\u0433\u043b\u044b \u0438\u043c\u0435\u044e\u0442 \u0441\u0432\u043e\u0439 \u0443\u043d\u0438\u043a\u0430\u043b\u044c\u043d\u044b\u0439 \u0446\u0432\u0435\u0442\u043e\u0432\u043e\u0439 \u0442\u043e\u043d, \u043f\u043e\u044d\u0442\u043e\u043c\u0443 \u043a\u0430\u0436\u0434\u0430\u044f \u0438\u0433\u043b\u0430 \u0432 \u043d\u0430\u0431\u043e\u0440\u0435 \u043c\u043e\u0436\u0435\u0442 \u043d\u0435\u043c\u043d\u043e\u0433\u043e \u043e\u0442\u043b\u0438\u0447\u0430\u0442\u044c\u0441\u044f.<\/p>\n<p><span class=\"weight900\">\u041d\u0430 \u041b\u0410\u0419\u041a\u041a\u0415<\/span> \u0420\u0430\u0437\u043c\u0435\u0440\u044b \u0438\u0433\u043b \u0432\u044b\u0433\u0440\u0430\u0432\u0438\u0440\u043e\u0432\u0430\u043d\u044b, \u043d\u0430\u0431\u043e\u0440 \u043f\u0440\u0435\u0434\u0441\u0442\u0430\u0432\u043b\u0435\u043d \u0432 \u043a\u0440\u0430\u0441\u0438\u0432\u043e\u043c \u0447\u0435\u0445\u043b\u0435 \u0438\u0437 \u044d\u043a\u043e\u043a\u043e\u0436\u0438 \u0441 \u043a\u0430\u0440\u043c\u0430\u0448\u043a\u0430\u043c\u0438, \u043a\u0430\u0436\u0434\u044b\u0439 \u0438\u043d\u0441\u0442\u0440\u0443\u043c\u0435\u043d\u0442 \u0438\u043c\u0435\u0435\u0442 \u0441\u0432\u043e\u0435 \u043c\u0435\u0441\u0442\u043e, \u0442\u0430\u043a \u0447\u0442\u043e \u043f\u043e\u0440\u044f\u0434\u043e\u043a \u0434\u0435\u0439\u0441\u0442\u0432\u0438\u0442\u0435\u043b\u044c\u043d\u043e \u0433\u0430\u0440\u0430\u043d\u0442\u0438\u0440\u043e\u0432\u0430\u043d \ud83d\ude42<\/p>","protected":false},"excerpt":{"rendered":"<p>LYKKE GROVE prisukam\u0173 bambukini\u0173 virbal\u0173 rinkinys: 12vnt. prisukam\u0173 virbal\u0173 (3.25 mm, 3,5 mm, 3.75 mm, 4.0 mm, 4.5 mm, 5.0 mm, 5.5 mm, 6.0 mm, 6.5 mm, 8.0mm, 9.0mm, 10.0mm.) 5vnt. prisukam\u0173 val\u0173 ( 2vnt. x 60 cm, 2vnt. x 80 cm, 1vnt. x 100 cm) 2\u00a0val\u0173 jungtys,\u00a08\u00a0stabd\u017eiukai,\u00a04 priver\u017eimo rakteliai. Virbal\u0173 ilgis: 11,5cm. &nbsp; LYKKE GROVE \u2013 \u00a0tai rank\u0173 darbo, auk\u0161tos kokyb\u0117s virbalai, pagaminti i\u0161 nat\u016bralios bambuko medienos. Virbalai pasi\u017eymi savo unikaliu spalvos atpalviu, tod\u0117l kiekvienas virbalas rinkinyje gali \u0161iektiek skirtis. Ant LYKKE virbal\u0173 yra i\u0161graviruoti dyd\u017eiai, rinkinys pateiktas gra\u017eiame eko odos d\u0117kle su ki\u0161en\u0117liais, kiekviena priemon\u0117 turi savo viet\u0105, tod\u0117l tvarka tikrai garantuota \ud83d\ude42<\/p>","protected":false},"featured_media":5053,"comment_status":"open","ping_status":"closed","template":"","meta":[],"product_brand":[],"product_cat":[2124,180,181],"product_tag":[],"giftcard-category":[],"class_list":{"0":"post-5052","1":"product","2":"type-product","3":"status-publish","4":"has-post-thumbnail","6":"product_cat-lykke","7":"product_cat-mezgimo-priemones","8":"product_cat-virbalu-rinkiniai","10":"first","11":"instock","12":"taxable","13":"shipping-taxable","14":"purchasable","15":"product-type-simple"},"_links":{"self":[{"href":"https:\/\/bitessiulai.lt\/ru\/wp-json\/wp\/v2\/product\/5052","targetHints":{"allow":["GET"]}}],"collection":[{"href":"https:\/\/bitessiulai.lt\/ru\/wp-json\/wp\/v2\/product"}],"about":[{"href":"https:\/\/bitessiulai.lt\/ru\/wp-json\/wp\/v2\/types\/product"}],"replies":[{"embeddable":true,"href":"https:\/\/bitessiulai.lt\/ru\/wp-json\/wp\/v2\/comments?post=5052"}],"version-history":[{"count":0,"href":"https:\/\/bitessiulai.lt\/ru\/wp-json\/wp\/v2\/product\/5052\/revisions"}],"wp:featuredmedia":[{"embeddable":true,"href":"https:\/\/bitessiulai.lt\/ru\/wp-json\/wp\/v2\/media\/5053"}],"wp:attachment":[{"href":"https:\/\/bitessiulai.lt\/ru\/wp-json\/wp\/v2\/media?parent=5052"}],"wp:term":[{"taxonomy":"product_brand","embeddable":true,"href":"https:\/\/bitessiulai.lt\/ru\/wp-json\/wp\/v2\/product_brand?post=5052"},{"taxonomy":"product_cat","embeddable":true,"href":"https:\/\/bitessiulai.lt\/ru\/wp-json\/wp\/v2\/product_cat?post=5052"},{"taxonomy":"product_tag","embeddable":true,"href":"https:\/\/bitessiulai.lt\/ru\/wp-json\/wp\/v2\/product_tag?post=5052"},{"taxonomy":"giftcard-category","embeddable":true,"href":"https:\/\/bitessiulai.lt\/ru\/wp-json\/wp\/v2\/giftcard-category?post=5052"}],"curies":[{"name":"wp","href":"https:\/\/api.w.org\/{rel}","templated":true}]}}