{"id":4484,"date":"2024-12-19T15:41:29","date_gmt":"2024-12-19T13:41:29","guid":{"rendered":"https:\/\/bitessiulai.lt\/?post_type=product&#038;p=4484"},"modified":"2026-04-27T18:47:57","modified_gmt":"2026-04-27T15:47:57","slug":"15cm-seeknit-curve-koshitsu-prisukami-mezgimo-virbalai","status":"publish","type":"product","link":"https:\/\/bitessiulai.lt\/ru\/product\/15cm-seeknit-curve-koshitsu-prisukami-mezgimo-virbalai\/","title":{"rendered":"15 \u0441\u043c. \u0421\u043f\u0438\u0446\u044b \u0434\u043b\u044f \u0441\u043f\u0438\u0440\u0430\u043b\u044c\u043d\u043e\u0433\u043e \u0432\u044f\u0437\u0430\u043d\u0438\u044f Seeknit Curve Koshitsu"},"content":{"rendered":"<h6><strong>15 \u0441\u043c. \u0421\u043f\u0438\u0446\u044b \u0434\u043b\u044f \u0441\u043f\u0438\u0440\u0430\u043b\u044c\u043d\u043e\u0433\u043e \u0432\u044f\u0437\u0430\u043d\u0438\u044f Seeknit Curve Koshitsu<\/strong><\/h6>\n<p id=\"tw-target-text\" class=\"tw-data-text tw-text-large tw-ta\" dir=\"ltr\" data-placeholder=\"Vertimas\" data-ved=\"2ahUKEwj16fbpw52LAxW8R_EDHRD_ECsQ3ewLegQICBAV\" aria-label=\"\u041f\u0435\u0440\u0435\u0432\u043e\u0434 \u0442\u0435\u043a\u0441\u0442\u0430: Seeknit \u2014 \u0441\u0442\u0430\u0440\u0435\u0439\u0448\u0438\u0439 \u0432 \u042f\u043f\u043e\u043d\u0438\u0438 \u043f\u0440\u043e\u0438\u0437\u0432\u043e\u0434\u0438\u0442\u0435\u043b\u044c \u0431\u0430\u043c\u0431\u0443\u043a\u043e\u0432\u044b\u0445 \u0441\u043f\u0438\u0446. \u042d\u0442\u043e \u0441\u0442\u0430\u0440\u0438\u043d\u043d\u0430\u044f \u0441\u0435\u043c\u0435\u0439\u043d\u0430\u044f \u0444\u0430\u0431\u0440\u0438\u043a\u0430 \u0441 \u0431\u043e\u0433\u0430\u0442\u044b\u043c\u0438 \u0442\u0440\u0430\u0434\u0438\u0446\u0438\u044f\u043c\u0438 \u043c\u0430\u0441\u0442\u0435\u0440\u0441\u0442\u0432\u0430 \u0438 \u043a\u0430\u0447\u0435\u0441\u0442\u0432\u0430. \u0418\u0441\u043f\u043e\u043b\u044c\u0437\u0443\u0435\u0442\u0441\u044f \u0442\u043e\u043b\u044c\u043a\u043e \u0442\u0449\u0430\u0442\u0435\u043b\u044c\u043d\u043e \u043e\u0442\u043e\u0431\u0440\u0430\u043d\u043d\u044b\u0439 \u043f\u0440\u043e\u0447\u043d\u044b\u0439 \u044f\u043f\u043e\u043d\u0441\u043a\u0438\u0439 \u0431\u0430\u043c\u0431\u0443\u043a \u0441 \u043e\u0441\u043e\u0431\u044b\u0445 \u043f\u043b\u0430\u043d\u0442\u0430\u0446\u0438\u0439 \u0432 \u0440\u0430\u0439\u043e\u043d\u0435 \u041d\u0430\u0440\u0430. Koshitsu \u2014 \u044d\u0442\u043e \u0434\u0440\u0435\u0432\u043d\u044f\u044f \u0442\u0440\u0430\u0432\u044f\u043d\u0430\u044f \u0432\u0430\u043d\u043d\u0430 \u0438 \u0442\u0435\u0440\u043c\u0438\u0447\u0435\u0441\u043a\u0430\u044f \u043e\u0431\u0440\u0430\u0431\u043e\u0442\u043a\u0430, \u043a\u043e\u0442\u043e\u0440\u0430\u044f \u0434\u0435\u043b\u0430\u0435\u0442 \u043f\u0440\u043e\u0447\u043d\u044b\u0439 \u0431\u0430\u043c\u0431\u0443\u043a \u0435\u0449\u0451 \u043f\u0440\u043e\u0447\u043d\u0435\u0435. Koshitsu \u043e\u0431\u0435\u0441\u043f\u0435\u0447\u0438\u0432\u0430\u0435\u0442 \u0431\u043e\u043b\u0435\u0435 \u0442\u0432\u0451\u0440\u0434\u0443\u044e \u0438 \u0434\u043e\u043b\u0433\u043e\u0432\u0435\u0447\u043d\u0443\u044e \u043f\u043e\u0432\u0435\u0440\u0445\u043d\u043e\u0441\u0442\u044c, \u043a\u043e\u0442\u043e\u0440\u0430\u044f \u043f\u0440\u0438 \u044d\u0442\u043e\u043c \u0441\u043e\u0445\u0440\u0430\u043d\u044f\u0435\u0442 \u0435\u0441\u0442\u0435\u0441\u0442\u0432\u0435\u043d\u043d\u0443\u044e \u043c\u044f\u0433\u043a\u043e\u0441\u0442\u044c \u0431\u0430\u043c\u0431\u0443\u043a\u0430.\"><span class=\"Y2IQFc\" lang=\"lt\"><strong>Seeknit<\/strong> \u2014 \u0441\u0442\u0430\u0440\u0435\u0439\u0448\u0438\u0439 \u043f\u0440\u043e\u0438\u0437\u0432\u043e\u0434\u0438\u0442\u0435\u043b\u044c \u0431\u0430\u043c\u0431\u0443\u043a\u043e\u0432\u044b\u0445 \u0441\u043f\u0438\u0446 \u0432 \u042f\u043f\u043e\u043d\u0438\u0438. \u042d\u0442\u043e \u0441\u0442\u0430\u0440\u0438\u043d\u043d\u0430\u044f \u0441\u0435\u043c\u0435\u0439\u043d\u0430\u044f \u0444\u0430\u0431\u0440\u0438\u043a\u0430, \u043e\u0442\u043b\u0438\u0447\u0430\u044e\u0449\u0430\u044f\u0441\u044f \u0432\u044b\u0441\u043e\u043a\u0438\u043c \u043c\u0430\u0441\u0442\u0435\u0440\u0441\u0442\u0432\u043e\u043c \u0438 \u043a\u0430\u0447\u0435\u0441\u0442\u0432\u043e\u043c. \u041c\u044b \u0438\u0441\u043f\u043e\u043b\u044c\u0437\u0443\u0435\u043c \u0442\u043e\u043b\u044c\u043a\u043e \u0442\u0449\u0430\u0442\u0435\u043b\u044c\u043d\u043e \u043e\u0442\u043e\u0431\u0440\u0430\u043d\u043d\u044b\u0439 \u043f\u0440\u043e\u0447\u043d\u044b\u0439 \u044f\u043f\u043e\u043d\u0441\u043a\u0438\u0439 \u0431\u0430\u043c\u0431\u0443\u043a \u0441 \u043e\u0441\u043e\u0431\u044b\u0445 \u043f\u043b\u0430\u043d\u0442\u0430\u0446\u0438\u0439 \u0432 \u0440\u0430\u0439\u043e\u043d\u0435 \u041d\u0430\u0440\u0430. <\/span><\/p>\n<p class=\"tw-data-text tw-text-large tw-ta\" dir=\"ltr\" data-placeholder=\"Vertimas\" data-ved=\"2ahUKEwj16fbpw52LAxW8R_EDHRD_ECsQ3ewLegQICBAV\" aria-label=\"\u041f\u0435\u0440\u0435\u0432\u043e\u0434 \u0442\u0435\u043a\u0441\u0442\u0430: Seeknit \u2014 \u0441\u0442\u0430\u0440\u0435\u0439\u0448\u0438\u0439 \u0432 \u042f\u043f\u043e\u043d\u0438\u0438 \u043f\u0440\u043e\u0438\u0437\u0432\u043e\u0434\u0438\u0442\u0435\u043b\u044c \u0431\u0430\u043c\u0431\u0443\u043a\u043e\u0432\u044b\u0445 \u0441\u043f\u0438\u0446. \u042d\u0442\u043e \u0441\u0442\u0430\u0440\u0438\u043d\u043d\u0430\u044f \u0441\u0435\u043c\u0435\u0439\u043d\u0430\u044f \u0444\u0430\u0431\u0440\u0438\u043a\u0430 \u0441 \u0431\u043e\u0433\u0430\u0442\u044b\u043c\u0438 \u0442\u0440\u0430\u0434\u0438\u0446\u0438\u044f\u043c\u0438 \u043c\u0430\u0441\u0442\u0435\u0440\u0441\u0442\u0432\u0430 \u0438 \u043a\u0430\u0447\u0435\u0441\u0442\u0432\u0430. \u0418\u0441\u043f\u043e\u043b\u044c\u0437\u0443\u0435\u0442\u0441\u044f \u0442\u043e\u043b\u044c\u043a\u043e \u0442\u0449\u0430\u0442\u0435\u043b\u044c\u043d\u043e \u043e\u0442\u043e\u0431\u0440\u0430\u043d\u043d\u044b\u0439 \u043f\u0440\u043e\u0447\u043d\u044b\u0439 \u044f\u043f\u043e\u043d\u0441\u043a\u0438\u0439 \u0431\u0430\u043c\u0431\u0443\u043a \u0441 \u043e\u0441\u043e\u0431\u044b\u0445 \u043f\u043b\u0430\u043d\u0442\u0430\u0446\u0438\u0439 \u0432 \u0440\u0430\u0439\u043e\u043d\u0435 \u041d\u0430\u0440\u0430. Koshitsu \u2014 \u044d\u0442\u043e \u0434\u0440\u0435\u0432\u043d\u044f\u044f \u0442\u0440\u0430\u0432\u044f\u043d\u0430\u044f \u0432\u0430\u043d\u043d\u0430 \u0438 \u0442\u0435\u0440\u043c\u0438\u0447\u0435\u0441\u043a\u0430\u044f \u043e\u0431\u0440\u0430\u0431\u043e\u0442\u043a\u0430, \u043a\u043e\u0442\u043e\u0440\u0430\u044f \u0434\u0435\u043b\u0430\u0435\u0442 \u043f\u0440\u043e\u0447\u043d\u044b\u0439 \u0431\u0430\u043c\u0431\u0443\u043a \u0435\u0449\u0451 \u043f\u0440\u043e\u0447\u043d\u0435\u0435. Koshitsu \u043e\u0431\u0435\u0441\u043f\u0435\u0447\u0438\u0432\u0430\u0435\u0442 \u0431\u043e\u043b\u0435\u0435 \u0442\u0432\u0451\u0440\u0434\u0443\u044e \u0438 \u0434\u043e\u043b\u0433\u043e\u0432\u0435\u0447\u043d\u0443\u044e \u043f\u043e\u0432\u0435\u0440\u0445\u043d\u043e\u0441\u0442\u044c, \u043a\u043e\u0442\u043e\u0440\u0430\u044f \u043f\u0440\u0438 \u044d\u0442\u043e\u043c \u0441\u043e\u0445\u0440\u0430\u043d\u044f\u0435\u0442 \u0435\u0441\u0442\u0435\u0441\u0442\u0432\u0435\u043d\u043d\u0443\u044e \u043c\u044f\u0433\u043a\u043e\u0441\u0442\u044c \u0431\u0430\u043c\u0431\u0443\u043a\u0430.\"><span class=\"Y2IQFc\" lang=\"lt\"><strong>\u041a\u043e\u0448\u0438\u0446\u0443<\/strong> \u042d\u0442\u043e \u0434\u0440\u0435\u0432\u043d\u044f\u044f \u0442\u0440\u0430\u0432\u044f\u043d\u0430\u044f \u0432\u0430\u043d\u043d\u0430 \u0438 \u0442\u0435\u0440\u043c\u043e\u043e\u0431\u0440\u0430\u0431\u043e\u0442\u043a\u0430, \u043a\u043e\u0442\u043e\u0440\u0430\u044f \u0434\u0435\u043b\u0430\u0435\u0442 \u043f\u0440\u043e\u0447\u043d\u044b\u0439 \u0431\u0430\u043c\u0431\u0443\u043a \u0435\u0449\u0451 \u043f\u0440\u043e\u0447\u043d\u0435\u0435. \u041a\u043e\u0448\u0438\u0446\u0443 \u043e\u0431\u0435\u0441\u043f\u0435\u0447\u0438\u0432\u0430\u0435\u0442 \u0431\u043e\u043b\u0435\u0435 \u0442\u0432\u0451\u0440\u0434\u0443\u044e \u0438 \u0434\u043e\u043b\u0433\u043e\u0432\u0435\u0447\u043d\u0443\u044e \u043f\u043e\u0432\u0435\u0440\u0445\u043d\u043e\u0441\u0442\u044c, \u043a\u043e\u0442\u043e\u0440\u0430\u044f \u0432 \u0442\u043e \u0436\u0435 \u0432\u0440\u0435\u043c\u044f \u0441\u043e\u0445\u0440\u0430\u043d\u044f\u0435\u0442 \u0435\u0441\u0442\u0435\u0441\u0442\u0432\u0435\u043d\u043d\u0443\u044e \u043c\u044f\u0433\u043a\u043e\u0441\u0442\u044c \u0431\u0430\u043c\u0431\u0443\u043a\u0430.<\/span><\/p>\n<p><img fetchpriority=\"high\" decoding=\"async\" class=\"alignnone size-medium wp-image-4354\" src=\"https:\/\/bitessiulai.lt\/wp-content\/uploads\/2024\/12\/Seeknit-IC-Needles-and-Parts-Interchangeability-Image-1536x1024-1-300x200.jpg\" alt=\"\" width=\"300\" height=\"200\" srcset=\"https:\/\/bitessiulai.lt\/wp-content\/uploads\/2024\/12\/Seeknit-IC-Needles-and-Parts-Interchangeability-Image-1536x1024-1-300x200.jpg 300w, https:\/\/bitessiulai.lt\/wp-content\/uploads\/2024\/12\/Seeknit-IC-Needles-and-Parts-Interchangeability-Image-1536x1024-1-1024x683.jpg 1024w, https:\/\/bitessiulai.lt\/wp-content\/uploads\/2024\/12\/Seeknit-IC-Needles-and-Parts-Interchangeability-Image-1536x1024-1-768x512.jpg 768w, https:\/\/bitessiulai.lt\/wp-content\/uploads\/2024\/12\/Seeknit-IC-Needles-and-Parts-Interchangeability-Image-1536x1024-1-18x12.jpg 18w, https:\/\/bitessiulai.lt\/wp-content\/uploads\/2024\/12\/Seeknit-IC-Needles-and-Parts-Interchangeability-Image-1536x1024-1-600x400.jpg 600w, https:\/\/bitessiulai.lt\/wp-content\/uploads\/2024\/12\/Seeknit-IC-Needles-and-Parts-Interchangeability-Image-1536x1024-1-150x100.jpg 150w, https:\/\/bitessiulai.lt\/wp-content\/uploads\/2024\/12\/Seeknit-IC-Needles-and-Parts-Interchangeability-Image-1536x1024-1.jpg 1536w\" sizes=\"(max-width: 300px) 100vw, 300px\" \/><\/p>\n<p><img decoding=\"async\" class=\"alignnone size-medium wp-image-4485\" src=\"https:\/\/bitessiulai.lt\/wp-content\/uploads\/2024\/12\/Seeknit-Curve-Koshitsu-IC-Needle-Tips-15-cm-6inch-1-1-300x210.jpg\" alt=\"\" width=\"300\" height=\"210\" srcset=\"https:\/\/bitessiulai.lt\/wp-content\/uploads\/2024\/12\/Seeknit-Curve-Koshitsu-IC-Needle-Tips-15-cm-6inch-1-1-300x210.jpg 300w, https:\/\/bitessiulai.lt\/wp-content\/uploads\/2024\/12\/Seeknit-Curve-Koshitsu-IC-Needle-Tips-15-cm-6inch-1-1-1024x717.jpg 1024w, https:\/\/bitessiulai.lt\/wp-content\/uploads\/2024\/12\/Seeknit-Curve-Koshitsu-IC-Needle-Tips-15-cm-6inch-1-1-768x538.jpg 768w, https:\/\/bitessiulai.lt\/wp-content\/uploads\/2024\/12\/Seeknit-Curve-Koshitsu-IC-Needle-Tips-15-cm-6inch-1-1-1536x1075.jpg 1536w, https:\/\/bitessiulai.lt\/wp-content\/uploads\/2024\/12\/Seeknit-Curve-Koshitsu-IC-Needle-Tips-15-cm-6inch-1-1-18x12.jpg 18w, https:\/\/bitessiulai.lt\/wp-content\/uploads\/2024\/12\/Seeknit-Curve-Koshitsu-IC-Needle-Tips-15-cm-6inch-1-1-600x420.jpg 600w, https:\/\/bitessiulai.lt\/wp-content\/uploads\/2024\/12\/Seeknit-Curve-Koshitsu-IC-Needle-Tips-15-cm-6inch-1-1-150x105.jpg 150w, https:\/\/bitessiulai.lt\/wp-content\/uploads\/2024\/12\/Seeknit-Curve-Koshitsu-IC-Needle-Tips-15-cm-6inch-1-1.jpg 2000w\" sizes=\"(max-width: 300px) 100vw, 300px\" \/><\/p>","protected":false},"excerpt":{"rendered":"<p>15cm. Seeknit Curve Koshitsu prisukami mezgimo virbalai Seeknit yra seniausias Japonijos bambuko mezgimo virbal\u0173 gamintojas. Tai sena \u0161eimai priklausanti gamykla, stiprus meistri\u0161kumas ir kokyb\u0117. Naudojamas tik kruop\u0161\u010diai atrinktas stiprus japoni\u0161kas bambukas i\u0161 speciali\u0173 plantacij\u0173 Naros apylink\u0117se. Koshitshu yra senovin\u0117 \u017eoleli\u0173 vonia ir terminis apdorojimas, d\u0117l kurio stiprus bambukas tampa dar stipresnis. Koshitsu suteikia kietesn\u012f ir tvirtesn\u012f pavir\u0161i\u0173, kuris tuo pat metu turi nat\u016bral\u0173 mink\u0161t\u0105 bambuko poj\u016bt\u012f.<\/p>","protected":false},"featured_media":4485,"comment_status":"open","ping_status":"closed","template":"","meta":[],"product_brand":[],"product_cat":[180,184,2439],"product_tag":[],"giftcard-category":[],"class_list":{"0":"post-4484","1":"product","2":"type-product","3":"status-publish","4":"has-post-thumbnail","6":"product_cat-mezgimo-priemones","7":"product_cat-prisukami-virbalai","8":"product_cat-seeknit-mezgimo-priemoniu-gamintojai","10":"first","11":"instock","12":"taxable","13":"shipping-taxable","14":"purchasable","15":"product-type-variable"},"_links":{"self":[{"href":"https:\/\/bitessiulai.lt\/ru\/wp-json\/wp\/v2\/product\/4484","targetHints":{"allow":["GET"]}}],"collection":[{"href":"https:\/\/bitessiulai.lt\/ru\/wp-json\/wp\/v2\/product"}],"about":[{"href":"https:\/\/bitessiulai.lt\/ru\/wp-json\/wp\/v2\/types\/product"}],"replies":[{"embeddable":true,"href":"https:\/\/bitessiulai.lt\/ru\/wp-json\/wp\/v2\/comments?post=4484"}],"version-history":[{"count":1,"href":"https:\/\/bitessiulai.lt\/ru\/wp-json\/wp\/v2\/product\/4484\/revisions"}],"predecessor-version":[{"id":20994,"href":"https:\/\/bitessiulai.lt\/ru\/wp-json\/wp\/v2\/product\/4484\/revisions\/20994"}],"wp:featuredmedia":[{"embeddable":true,"href":"https:\/\/bitessiulai.lt\/ru\/wp-json\/wp\/v2\/media\/4485"}],"wp:attachment":[{"href":"https:\/\/bitessiulai.lt\/ru\/wp-json\/wp\/v2\/media?parent=4484"}],"wp:term":[{"taxonomy":"product_brand","embeddable":true,"href":"https:\/\/bitessiulai.lt\/ru\/wp-json\/wp\/v2\/product_brand?post=4484"},{"taxonomy":"product_cat","embeddable":true,"href":"https:\/\/bitessiulai.lt\/ru\/wp-json\/wp\/v2\/product_cat?post=4484"},{"taxonomy":"product_tag","embeddable":true,"href":"https:\/\/bitessiulai.lt\/ru\/wp-json\/wp\/v2\/product_tag?post=4484"},{"taxonomy":"giftcard-category","embeddable":true,"href":"https:\/\/bitessiulai.lt\/ru\/wp-json\/wp\/v2\/giftcard-category?post=4484"}],"curies":[{"name":"wp","href":"https:\/\/api.w.org\/{rel}","templated":true}]}}