{"id":4438,"date":"2024-12-19T14:52:40","date_gmt":"2024-12-19T12:52:40","guid":{"rendered":"https:\/\/bitessiulai.lt\/?post_type=product&#038;p=4438"},"modified":"2026-05-03T10:27:51","modified_gmt":"2026-05-03T07:27:51","slug":"80-cm-shirotake-seeknit-virbalai-su-valu","status":"publish","type":"product","link":"https:\/\/bitessiulai.lt\/ru\/product\/80-cm-shirotake-seeknit-virbalai-su-valu\/","title":{"rendered":"80 \u0441\u043c. \u0421\u043f\u0438\u0446\u044b Shirotake Seeknit \u0441 \u043b\u0435\u0441\u043a\u043e\u0439."},"content":{"rendered":"<h6><strong>80 \u0441\u043c. \u0421\u043f\u0438\u0446\u044b Shirotake Seeknit \u0441 \u043b\u0435\u0441\u043a\u043e\u0439.<\/strong><\/h6>\n<p>\u0421\u043f\u0438\u0446\u044b \u043b\u0438\u043d\u0435\u0439\u043a\u0438 \u043f\u0440\u043e\u0434\u0443\u043a\u0446\u0438\u0438 Shirotake \u0438\u0437\u0433\u043e\u0442\u043e\u0432\u043b\u0435\u043d\u044b \u0438\u0437 \u043d\u0430\u0442\u0443\u0440\u0430\u043b\u044c\u043d\u043e \u043e\u043a\u0440\u0430\u0448\u0435\u043d\u043d\u043e\u0433\u043e \u0438 \u044d\u043a\u043e\u043b\u043e\u0433\u0438\u0447\u0435\u0441\u043a\u0438 \u0447\u0438\u0441\u0442\u043e\u0433\u043e \u0431\u0430\u043c\u0431\u0443\u043a\u0430.<\/p>\n<p><strong>\u0421\u043f\u0438\u0446\u044b \u0434\u043b\u044f \u0432\u044f\u0437\u0430\u043d\u0438\u044f \u0428\u0438\u0440\u043e\u0442\u0430\u043a\u0435 \u0441 \u043b\u0435\u0441\u043a\u043e\u0439<\/strong> \u043e\u0442\u043f\u043e\u043b\u0438\u0440\u043e\u0432\u0430\u043d\u044b \u043d\u0430\u0442\u0443\u0440\u0430\u043b\u044c\u043d\u044b\u043c \u0440\u0430\u0441\u0442\u0438\u0442\u0435\u043b\u044c\u043d\u044b\u043c \u0432\u043e\u0441\u043a\u043e\u043c, \u0447\u0442\u043e \u043f\u0440\u0438\u0434\u0430\u0435\u0442 \u0438\u043c \u043a\u0440\u0430\u0441\u0438\u0432\u044b\u0439 \u0431\u043b\u0435\u0441\u043a. <strong>Seeknit<\/strong>\u00a0\u0420\u0430\u0437\u043c\u0435\u0440 \u0443\u0434\u0438\u043b\u0438\u0449\u0430 \u0447\u0451\u0442\u043a\u043e \u0432\u0438\u0434\u0435\u043d \u0438 \u0432\u044b\u0433\u0440\u0430\u0432\u0438\u0440\u043e\u0432\u0430\u043d \u043b\u0430\u0437\u0435\u0440\u043e\u043c \u043d\u0430 \u043a\u0430\u0436\u0434\u043e\u043c \u0443\u0434\u0438\u043b\u0438\u0449\u0435. \u0412\u0441\u0435 \u0443\u0434\u0438\u043b\u0438\u0449\u0430 Seeknit \u0438\u043c\u0435\u044e\u0442 \u043e\u0447\u0435\u043d\u044c \u0433\u0438\u0431\u043a\u0443\u044e \u043b\u0435\u0441\u043a\u0443, \u043f\u0440\u0435\u0434\u043e\u0442\u0432\u0440\u0430\u0449\u0430\u044e\u0449\u0443\u044e \u0441\u043a\u0440\u0443\u0447\u0438\u0432\u0430\u043d\u0438\u0435 \u0438 \u0437\u0430\u043f\u0443\u0442\u044b\u0432\u0430\u043d\u0438\u0435.<\/p>\n<p><img fetchpriority=\"high\" decoding=\"async\" class=\"alignnone size-medium wp-image-4281\" src=\"https:\/\/bitessiulai.lt\/wp-content\/uploads\/2024\/12\/Circular-Needles_Shirotake_100cm_2021-3-9png-1-300x193.jpg\" alt=\"\" width=\"300\" height=\"193\" srcset=\"https:\/\/bitessiulai.lt\/wp-content\/uploads\/2024\/12\/Circular-Needles_Shirotake_100cm_2021-3-9png-1-300x193.jpg 300w, https:\/\/bitessiulai.lt\/wp-content\/uploads\/2024\/12\/Circular-Needles_Shirotake_100cm_2021-3-9png-1-1024x658.jpg 1024w, https:\/\/bitessiulai.lt\/wp-content\/uploads\/2024\/12\/Circular-Needles_Shirotake_100cm_2021-3-9png-1-768x493.jpg 768w, https:\/\/bitessiulai.lt\/wp-content\/uploads\/2024\/12\/Circular-Needles_Shirotake_100cm_2021-3-9png-1-18x12.jpg 18w, https:\/\/bitessiulai.lt\/wp-content\/uploads\/2024\/12\/Circular-Needles_Shirotake_100cm_2021-3-9png-1-600x385.jpg 600w, https:\/\/bitessiulai.lt\/wp-content\/uploads\/2024\/12\/Circular-Needles_Shirotake_100cm_2021-3-9png-1-150x96.jpg 150w, https:\/\/bitessiulai.lt\/wp-content\/uploads\/2024\/12\/Circular-Needles_Shirotake_100cm_2021-3-9png-1.jpg 1292w\" sizes=\"(max-width: 300px) 100vw, 300px\" \/><\/p>","protected":false},"excerpt":{"rendered":"<p>80 cm. Shirotake Seeknit virbalai su valu \u201eShirotake\u201c gamini\u0173 linijos mezgimo virbalai yra pagaminti i\u0161 nat\u016bralios spalvos ir tvaraus bambuko. Shirotake Seeknit virbalai su valu nupoliruoti nat\u016braliu augaliniu va\u0161ku, kuris suteikia jiems gra\u017e\u0173 blizg\u0117jim\u0105. \u201eSeeknit\u201c\u00a0virbal\u0173 dydis ai\u0161kiai matomas ir lazeriu \u012fspaustas ant kiekvieno virbalo. Visi Seeknit virbalai turi itin lankst\u0173 val\u0105, kuris neleid\u017eia susisukti ar susipainioti.<\/p>","protected":false},"featured_media":4280,"comment_status":"open","ping_status":"closed","template":"","meta":[],"product_brand":[],"product_cat":[180,2439,183],"product_tag":[],"giftcard-category":[],"class_list":{"0":"post-4438","1":"product","2":"type-product","3":"status-publish","4":"has-post-thumbnail","6":"product_cat-mezgimo-priemones","7":"product_cat-seeknit-mezgimo-priemoniu-gamintojai","8":"product_cat-virbalai-su-valu","10":"first","11":"instock","12":"taxable","13":"shipping-taxable","14":"purchasable","15":"product-type-variable"},"_links":{"self":[{"href":"https:\/\/bitessiulai.lt\/ru\/wp-json\/wp\/v2\/product\/4438","targetHints":{"allow":["GET"]}}],"collection":[{"href":"https:\/\/bitessiulai.lt\/ru\/wp-json\/wp\/v2\/product"}],"about":[{"href":"https:\/\/bitessiulai.lt\/ru\/wp-json\/wp\/v2\/types\/product"}],"replies":[{"embeddable":true,"href":"https:\/\/bitessiulai.lt\/ru\/wp-json\/wp\/v2\/comments?post=4438"}],"version-history":[{"count":1,"href":"https:\/\/bitessiulai.lt\/ru\/wp-json\/wp\/v2\/product\/4438\/revisions"}],"predecessor-version":[{"id":20990,"href":"https:\/\/bitessiulai.lt\/ru\/wp-json\/wp\/v2\/product\/4438\/revisions\/20990"}],"wp:featuredmedia":[{"embeddable":true,"href":"https:\/\/bitessiulai.lt\/ru\/wp-json\/wp\/v2\/media\/4280"}],"wp:attachment":[{"href":"https:\/\/bitessiulai.lt\/ru\/wp-json\/wp\/v2\/media?parent=4438"}],"wp:term":[{"taxonomy":"product_brand","embeddable":true,"href":"https:\/\/bitessiulai.lt\/ru\/wp-json\/wp\/v2\/product_brand?post=4438"},{"taxonomy":"product_cat","embeddable":true,"href":"https:\/\/bitessiulai.lt\/ru\/wp-json\/wp\/v2\/product_cat?post=4438"},{"taxonomy":"product_tag","embeddable":true,"href":"https:\/\/bitessiulai.lt\/ru\/wp-json\/wp\/v2\/product_tag?post=4438"},{"taxonomy":"giftcard-category","embeddable":true,"href":"https:\/\/bitessiulai.lt\/ru\/wp-json\/wp\/v2\/giftcard-category?post=4438"}],"curies":[{"name":"wp","href":"https:\/\/api.w.org\/{rel}","templated":true}]}}