{"id":4198,"date":"2024-12-19T10:46:00","date_gmt":"2024-12-19T08:46:00","guid":{"rendered":"https:\/\/bitessiulai.lt\/?post_type=product&#038;p=4198"},"modified":"2025-12-03T13:29:40","modified_gmt":"2025-12-03T11:29:40","slug":"6cm-koshitsu-seeknit-curve-bambuko-prisukamu-virbalu-rinkinys","status":"publish","type":"product","link":"https:\/\/bitessiulai.lt\/ru\/product\/6cm-koshitsu-seeknit-curve-bambuko-prisukamu-virbalu-rinkinys\/","title":{"rendered":"6 \u0441\u043c. \u041d\u0430\u0431\u043e\u0440 \u0431\u0430\u043c\u0431\u0443\u043a\u043e\u0432\u044b\u0445 \u0441\u043f\u0438\u0446 Koshitsu Seeknit CURVE."},"content":{"rendered":"<h6><strong>6 \u0441\u043c. \u041d\u0430\u0431\u043e\u0440 \u0431\u0430\u043c\u0431\u0443\u043a\u043e\u0432\u044b\u0445 \u0441\u043f\u0438\u0446 Koshitsu Seeknit CURVE.<\/strong><\/h6>\n<p id=\"tw-target-text\" class=\"tw-data-text tw-text-large tw-ta\" dir=\"ltr\" data-placeholder=\"Vertimas\" data-ved=\"2ahUKEwj16fbpw52LAxW8R_EDHRD_ECsQ3ewLegQICBAV\" aria-label=\"\u041f\u0435\u0440\u0435\u0432\u043e\u0434 \u0442\u0435\u043a\u0441\u0442\u0430: Seeknit \u2014 \u0441\u0442\u0430\u0440\u0435\u0439\u0448\u0438\u0439 \u0432 \u042f\u043f\u043e\u043d\u0438\u0438 \u043f\u0440\u043e\u0438\u0437\u0432\u043e\u0434\u0438\u0442\u0435\u043b\u044c \u0431\u0430\u043c\u0431\u0443\u043a\u043e\u0432\u044b\u0445 \u0441\u043f\u0438\u0446. \u042d\u0442\u043e \u0441\u0442\u0430\u0440\u0438\u043d\u043d\u0430\u044f \u0441\u0435\u043c\u0435\u0439\u043d\u0430\u044f \u0444\u0430\u0431\u0440\u0438\u043a\u0430 \u0441 \u0431\u043e\u0433\u0430\u0442\u044b\u043c\u0438 \u0442\u0440\u0430\u0434\u0438\u0446\u0438\u044f\u043c\u0438 \u043c\u0430\u0441\u0442\u0435\u0440\u0441\u0442\u0432\u0430 \u0438 \u043a\u0430\u0447\u0435\u0441\u0442\u0432\u0430. \u0418\u0441\u043f\u043e\u043b\u044c\u0437\u0443\u0435\u0442\u0441\u044f \u0442\u043e\u043b\u044c\u043a\u043e \u0442\u0449\u0430\u0442\u0435\u043b\u044c\u043d\u043e \u043e\u0442\u043e\u0431\u0440\u0430\u043d\u043d\u044b\u0439 \u043f\u0440\u043e\u0447\u043d\u044b\u0439 \u044f\u043f\u043e\u043d\u0441\u043a\u0438\u0439 \u0431\u0430\u043c\u0431\u0443\u043a \u0441 \u043e\u0441\u043e\u0431\u044b\u0445 \u043f\u043b\u0430\u043d\u0442\u0430\u0446\u0438\u0439 \u0432 \u0440\u0430\u0439\u043e\u043d\u0435 \u041d\u0430\u0440\u0430. Koshitsu \u2014 \u044d\u0442\u043e \u0434\u0440\u0435\u0432\u043d\u044f\u044f \u0442\u0440\u0430\u0432\u044f\u043d\u0430\u044f \u0432\u0430\u043d\u043d\u0430 \u0438 \u0442\u0435\u0440\u043c\u0438\u0447\u0435\u0441\u043a\u0430\u044f \u043e\u0431\u0440\u0430\u0431\u043e\u0442\u043a\u0430, \u043a\u043e\u0442\u043e\u0440\u0430\u044f \u0434\u0435\u043b\u0430\u0435\u0442 \u043f\u0440\u043e\u0447\u043d\u044b\u0439 \u0431\u0430\u043c\u0431\u0443\u043a \u0435\u0449\u0451 \u043f\u0440\u043e\u0447\u043d\u0435\u0435. Koshitsu \u043e\u0431\u0435\u0441\u043f\u0435\u0447\u0438\u0432\u0430\u0435\u0442 \u0431\u043e\u043b\u0435\u0435 \u0442\u0432\u0451\u0440\u0434\u0443\u044e \u0438 \u0434\u043e\u043b\u0433\u043e\u0432\u0435\u0447\u043d\u0443\u044e \u043f\u043e\u0432\u0435\u0440\u0445\u043d\u043e\u0441\u0442\u044c, \u043a\u043e\u0442\u043e\u0440\u0430\u044f \u043f\u0440\u0438 \u044d\u0442\u043e\u043c \u0441\u043e\u0445\u0440\u0430\u043d\u044f\u0435\u0442 \u0435\u0441\u0442\u0435\u0441\u0442\u0432\u0435\u043d\u043d\u0443\u044e \u043c\u044f\u0433\u043a\u043e\u0441\u0442\u044c \u0431\u0430\u043c\u0431\u0443\u043a\u0430.\"><span class=\"Y2IQFc\" lang=\"lt\"><strong>Seeknit<\/strong> \u2014 \u0441\u0442\u0430\u0440\u0435\u0439\u0448\u0438\u0439 \u043f\u0440\u043e\u0438\u0437\u0432\u043e\u0434\u0438\u0442\u0435\u043b\u044c \u0431\u0430\u043c\u0431\u0443\u043a\u043e\u0432\u044b\u0445 \u0441\u043f\u0438\u0446 \u0432 \u042f\u043f\u043e\u043d\u0438\u0438. \u042d\u0442\u043e \u0441\u0442\u0430\u0440\u0438\u043d\u043d\u0430\u044f \u0441\u0435\u043c\u0435\u0439\u043d\u0430\u044f \u0444\u0430\u0431\u0440\u0438\u043a\u0430, \u043e\u0442\u043b\u0438\u0447\u0430\u044e\u0449\u0430\u044f\u0441\u044f \u0432\u044b\u0441\u043e\u043a\u0438\u043c \u043c\u0430\u0441\u0442\u0435\u0440\u0441\u0442\u0432\u043e\u043c \u0438 \u043a\u0430\u0447\u0435\u0441\u0442\u0432\u043e\u043c. \u041c\u044b \u0438\u0441\u043f\u043e\u043b\u044c\u0437\u0443\u0435\u043c \u0442\u043e\u043b\u044c\u043a\u043e \u0442\u0449\u0430\u0442\u0435\u043b\u044c\u043d\u043e \u043e\u0442\u043e\u0431\u0440\u0430\u043d\u043d\u044b\u0439 \u043f\u0440\u043e\u0447\u043d\u044b\u0439 \u044f\u043f\u043e\u043d\u0441\u043a\u0438\u0439 \u0431\u0430\u043c\u0431\u0443\u043a \u0441 \u043e\u0441\u043e\u0431\u044b\u0445 \u043f\u043b\u0430\u043d\u0442\u0430\u0446\u0438\u0439 \u0432 \u0440\u0430\u0439\u043e\u043d\u0435 \u041d\u0430\u0440\u0430. <\/span><\/p>\n<p class=\"tw-data-text tw-text-large tw-ta\" dir=\"ltr\" data-placeholder=\"Vertimas\" data-ved=\"2ahUKEwj16fbpw52LAxW8R_EDHRD_ECsQ3ewLegQICBAV\" aria-label=\"\u041f\u0435\u0440\u0435\u0432\u043e\u0434 \u0442\u0435\u043a\u0441\u0442\u0430: Seeknit \u2014 \u0441\u0442\u0430\u0440\u0435\u0439\u0448\u0438\u0439 \u0432 \u042f\u043f\u043e\u043d\u0438\u0438 \u043f\u0440\u043e\u0438\u0437\u0432\u043e\u0434\u0438\u0442\u0435\u043b\u044c \u0431\u0430\u043c\u0431\u0443\u043a\u043e\u0432\u044b\u0445 \u0441\u043f\u0438\u0446. \u042d\u0442\u043e \u0441\u0442\u0430\u0440\u0438\u043d\u043d\u0430\u044f \u0441\u0435\u043c\u0435\u0439\u043d\u0430\u044f \u0444\u0430\u0431\u0440\u0438\u043a\u0430 \u0441 \u0431\u043e\u0433\u0430\u0442\u044b\u043c\u0438 \u0442\u0440\u0430\u0434\u0438\u0446\u0438\u044f\u043c\u0438 \u043c\u0430\u0441\u0442\u0435\u0440\u0441\u0442\u0432\u0430 \u0438 \u043a\u0430\u0447\u0435\u0441\u0442\u0432\u0430. \u0418\u0441\u043f\u043e\u043b\u044c\u0437\u0443\u0435\u0442\u0441\u044f \u0442\u043e\u043b\u044c\u043a\u043e \u0442\u0449\u0430\u0442\u0435\u043b\u044c\u043d\u043e \u043e\u0442\u043e\u0431\u0440\u0430\u043d\u043d\u044b\u0439 \u043f\u0440\u043e\u0447\u043d\u044b\u0439 \u044f\u043f\u043e\u043d\u0441\u043a\u0438\u0439 \u0431\u0430\u043c\u0431\u0443\u043a \u0441 \u043e\u0441\u043e\u0431\u044b\u0445 \u043f\u043b\u0430\u043d\u0442\u0430\u0446\u0438\u0439 \u0432 \u0440\u0430\u0439\u043e\u043d\u0435 \u041d\u0430\u0440\u0430. Koshitsu \u2014 \u044d\u0442\u043e \u0434\u0440\u0435\u0432\u043d\u044f\u044f \u0442\u0440\u0430\u0432\u044f\u043d\u0430\u044f \u0432\u0430\u043d\u043d\u0430 \u0438 \u0442\u0435\u0440\u043c\u0438\u0447\u0435\u0441\u043a\u0430\u044f \u043e\u0431\u0440\u0430\u0431\u043e\u0442\u043a\u0430, \u043a\u043e\u0442\u043e\u0440\u0430\u044f \u0434\u0435\u043b\u0430\u0435\u0442 \u043f\u0440\u043e\u0447\u043d\u044b\u0439 \u0431\u0430\u043c\u0431\u0443\u043a \u0435\u0449\u0451 \u043f\u0440\u043e\u0447\u043d\u0435\u0435. Koshitsu \u043e\u0431\u0435\u0441\u043f\u0435\u0447\u0438\u0432\u0430\u0435\u0442 \u0431\u043e\u043b\u0435\u0435 \u0442\u0432\u0451\u0440\u0434\u0443\u044e \u0438 \u0434\u043e\u043b\u0433\u043e\u0432\u0435\u0447\u043d\u0443\u044e \u043f\u043e\u0432\u0435\u0440\u0445\u043d\u043e\u0441\u0442\u044c, \u043a\u043e\u0442\u043e\u0440\u0430\u044f \u043f\u0440\u0438 \u044d\u0442\u043e\u043c \u0441\u043e\u0445\u0440\u0430\u043d\u044f\u0435\u0442 \u0435\u0441\u0442\u0435\u0441\u0442\u0432\u0435\u043d\u043d\u0443\u044e \u043c\u044f\u0433\u043a\u043e\u0441\u0442\u044c \u0431\u0430\u043c\u0431\u0443\u043a\u0430.\"><span class=\"Y2IQFc\" lang=\"lt\"><strong>\u041a\u043e\u0448\u0438\u0446\u0443<\/strong> \u042d\u0442\u043e \u0434\u0440\u0435\u0432\u043d\u044f\u044f \u0442\u0440\u0430\u0432\u044f\u043d\u0430\u044f \u0432\u0430\u043d\u043d\u0430 \u0438 \u0442\u0435\u0440\u043c\u043e\u043e\u0431\u0440\u0430\u0431\u043e\u0442\u043a\u0430, \u043a\u043e\u0442\u043e\u0440\u0430\u044f \u0434\u0435\u043b\u0430\u0435\u0442 \u043f\u0440\u043e\u0447\u043d\u044b\u0439 \u0431\u0430\u043c\u0431\u0443\u043a \u0435\u0449\u0451 \u043f\u0440\u043e\u0447\u043d\u0435\u0435. \u041a\u043e\u0448\u0438\u0446\u0443 \u043e\u0431\u0435\u0441\u043f\u0435\u0447\u0438\u0432\u0430\u0435\u0442 \u0431\u043e\u043b\u0435\u0435 \u0442\u0432\u0451\u0440\u0434\u0443\u044e \u0438 \u0434\u043e\u043b\u0433\u043e\u0432\u0435\u0447\u043d\u0443\u044e \u043f\u043e\u0432\u0435\u0440\u0445\u043d\u043e\u0441\u0442\u044c, \u043a\u043e\u0442\u043e\u0440\u0430\u044f \u0432 \u0442\u043e \u0436\u0435 \u0432\u0440\u0435\u043c\u044f \u0441\u043e\u0445\u0440\u0430\u043d\u044f\u0435\u0442 \u0435\u0441\u0442\u0435\u0441\u0442\u0432\u0435\u043d\u043d\u0443\u044e \u043c\u044f\u0433\u043a\u043e\u0441\u0442\u044c \u0431\u0430\u043c\u0431\u0443\u043a\u0430.<\/span><\/p>\n<p><strong>\u041a\u0440\u0438\u0432\u0430\u044f Seeknit<\/strong> \u2013 \u044d\u0442\u043e \u0443\u0441\u043e\u0432\u0435\u0440\u0448\u0435\u043d\u0441\u0442\u0432\u043e\u0432\u0430\u043d\u043d\u0430\u044f \u0438 \u043e\u0431\u043d\u043e\u0432\u043b\u0435\u043d\u043d\u0430\u044f \u043a\u043e\u043b\u043b\u0435\u043a\u0446\u0438\u044f, \u043a\u043e\u0442\u043e\u0440\u0430\u044f \u0442\u0430\u043a\u0436\u0435 \u0431\u0443\u0434\u0435\u0442 \u043f\u0440\u0435\u043a\u0440\u0430\u0441\u043d\u043e \u0441\u043e\u0447\u0435\u0442\u0430\u0442\u044c\u0441\u044f \u0441 \u043d\u0430\u0432\u0438\u043d\u0447\u0438\u0432\u0430\u044e\u0449\u0438\u043c\u0438\u0441\u044f \u0430\u043a\u0441\u0435\u0441\u0441\u0443\u0430\u0440\u0430\u043c\u0438 \u0438\u0437 \u043e\u0431\u044b\u0447\u043d\u043e\u0439 \u043a\u043e\u043b\u043b\u0435\u043a\u0446\u0438\u0438 \u0441\u043f\u0438\u0446 Seeknit.<\/p>\n<p>\u041d\u043e\u0432\u044b\u0439 <strong>\u041a\u0440\u0438\u0432\u0430\u044f Seeknit<\/strong> \u041a\u043e\u043b\u043b\u0435\u043a\u0446\u0438\u044f \u043e\u0442\u043b\u0438\u0447\u0430\u0435\u0442\u0441\u044f \u0438\u0441\u043a\u043b\u044e\u0447\u0438\u0442\u0435\u043b\u044c\u043d\u043e \u043f\u043b\u0430\u0432\u043d\u044b\u043c \u043f\u0435\u0440\u0435\u0445\u043e\u0434\u043e\u043c \u043e\u0442 \u0441\u043f\u0438\u0446\u044b \u043a \u043b\u0435\u0441\u043a\u0435. \u0413\u043b\u0430\u0434\u043a\u0430\u044f, \u0440\u043e\u0432\u043d\u0430\u044f \u0444\u043e\u0440\u043c\u0430 \u0441\u043f\u0438\u0446 \u043f\u043e\u0437\u0432\u043e\u043b\u044f\u0435\u0442 \u043f\u0440\u044f\u0436\u0435 \u043b\u0435\u0433\u043a\u043e \u0441\u043a\u043e\u043b\u044c\u0437\u0438\u0442\u044c \u043f\u043e \u0438\u0445 \u043f\u043e\u0432\u0435\u0440\u0445\u043d\u043e\u0441\u0442\u0438, \u0434\u0435\u043b\u0430\u044f \u0438 \u0431\u0435\u0437 \u0442\u043e\u0433\u043e \u0443\u0432\u043b\u0435\u043a\u0430\u0442\u0435\u043b\u044c\u043d\u043e\u0435 \u0432\u044f\u0437\u0430\u043d\u0438\u0435 \u0435\u0449\u0451 \u0431\u043e\u043b\u0435\u0435 \u043f\u0440\u0438\u044f\u0442\u043d\u044b\u043c.<\/p>\n<p><strong>\u0412 \u043a\u043e\u043c\u043f\u043b\u0435\u043a\u0442 \u0440\u0430\u0437\u043c\u0435\u0440\u0430 S \u0432\u0445\u043e\u0434\u0438\u0442:<\/strong><\/p>\n<ul>\n<li>4 \u0432\u0432\u0438\u043d\u0447\u0438\u0432\u0430\u044e\u0449\u0438\u0445\u0441\u044f \u0431\u0430\u043c\u0431\u0443\u043a\u043e\u0432\u044b\u0445 \u0448\u043f\u0430\u0436\u043a\u0438 \u0434\u043b\u0438\u043d\u043e\u0439 6 \u0441\u043c (\u0442\u0438\u043f \u041c1,8 2,50 \u043c\u043c, 2,75 \u043c\u043c, 3,00 \u043c\u043c, 3,25 \u043c\u043c)<\/li>\n<li>3 \u0448\u0442. \u0432\u0438\u043d\u0442\u043e\u0432\u044b\u0445 \u043b\u0435\u0441\u043e\u043a (\u0442\u0438\u043f \u041c1,8 12 \u0441\u043c, 18 \u0441\u043c, 28 \u0441\u043c)<\/li>\n<li>1 \u0448\u0442. \u0440\u0430\u0437\u044a\u0435\u043c<\/li>\n<li>2 \u0448\u0442. \u0442\u043e\u0440\u043c\u043e\u0437\u0430<\/li>\n<\/ul>\n<p><strong>\u0412 \u043a\u043e\u043c\u043f\u043b\u0435\u043a\u0442 \u0440\u0430\u0437\u043c\u0435\u0440\u0430 M \u0432\u0445\u043e\u0434\u0438\u0442:<\/strong><\/p>\n<ul>\n<li>4 \u0431\u0430\u043c\u0431\u0443\u043a\u043e\u0432\u044b\u0435 \u0448\u043f\u0430\u0436\u043a\u0438 \u0441 \u0432\u0438\u043d\u0442\u043e\u0432\u044b\u043c \u043a\u0440\u0435\u043f\u043b\u0435\u043d\u0438\u0435\u043c \u0434\u043b\u0438\u043d\u043e\u0439 6 \u0441\u043c (\u0442\u0438\u043f \u041c2 3,50 \u043c\u043c, 4,00 \u043c\u043c, 4,50 \u043c\u043c, 5,00 \u043c\u043c)<\/li>\n<li>3 \u0448\u0442. \u0432\u0438\u043d\u0442\u043e\u0432\u044b\u0445 \u043b\u0435\u0441\u043e\u043a (\u0442\u0438\u043f \u041c2 12\u0441\u043c, 18\u0441\u043c, 28\u0441\u043c)<\/li>\n<li>1 \u0448\u0442. \u0440\u0430\u0437\u044a\u0435\u043c<\/li>\n<li>2 \u0448\u0442. \u0442\u043e\u0440\u043c\u043e\u0437\u0430<\/li>\n<\/ul>\n<p><img fetchpriority=\"high\" decoding=\"async\" class=\"alignnone size-medium wp-image-4048\" src=\"https:\/\/bitessiulai.lt\/wp-content\/uploads\/2024\/12\/Seeknit-Curve-Koshitsu-IC-Needle-Tips-10-cm-4inch_Small-768x551-1-300x215.jpg\" alt=\"\" width=\"300\" height=\"215\" srcset=\"https:\/\/bitessiulai.lt\/wp-content\/uploads\/2024\/12\/Seeknit-Curve-Koshitsu-IC-Needle-Tips-10-cm-4inch_Small-768x551-1-300x215.jpg 300w, https:\/\/bitessiulai.lt\/wp-content\/uploads\/2024\/12\/Seeknit-Curve-Koshitsu-IC-Needle-Tips-10-cm-4inch_Small-768x551-1-18x12.jpg 18w, https:\/\/bitessiulai.lt\/wp-content\/uploads\/2024\/12\/Seeknit-Curve-Koshitsu-IC-Needle-Tips-10-cm-4inch_Small-768x551-1-600x430.jpg 600w, https:\/\/bitessiulai.lt\/wp-content\/uploads\/2024\/12\/Seeknit-Curve-Koshitsu-IC-Needle-Tips-10-cm-4inch_Small-768x551-1-150x108.jpg 150w, https:\/\/bitessiulai.lt\/wp-content\/uploads\/2024\/12\/Seeknit-Curve-Koshitsu-IC-Needle-Tips-10-cm-4inch_Small-768x551-1.jpg 768w\" sizes=\"(max-width: 300px) 100vw, 300px\" \/><\/p>\n<p><img decoding=\"async\" class=\"alignnone size-medium wp-image-4050\" src=\"https:\/\/bitessiulai.lt\/wp-content\/uploads\/2024\/12\/Seeknit-Curve-Koshitsu_IC-Needles-and-Stoppers_Image-300x200.jpg\" alt=\"\" width=\"300\" height=\"200\" srcset=\"https:\/\/bitessiulai.lt\/wp-content\/uploads\/2024\/12\/Seeknit-Curve-Koshitsu_IC-Needles-and-Stoppers_Image-300x200.jpg 300w, https:\/\/bitessiulai.lt\/wp-content\/uploads\/2024\/12\/Seeknit-Curve-Koshitsu_IC-Needles-and-Stoppers_Image-1024x682.jpg 1024w, https:\/\/bitessiulai.lt\/wp-content\/uploads\/2024\/12\/Seeknit-Curve-Koshitsu_IC-Needles-and-Stoppers_Image-768x512.jpg 768w, https:\/\/bitessiulai.lt\/wp-content\/uploads\/2024\/12\/Seeknit-Curve-Koshitsu_IC-Needles-and-Stoppers_Image-1536x1024.jpg 1536w, https:\/\/bitessiulai.lt\/wp-content\/uploads\/2024\/12\/Seeknit-Curve-Koshitsu_IC-Needles-and-Stoppers_Image-18x12.jpg 18w, https:\/\/bitessiulai.lt\/wp-content\/uploads\/2024\/12\/Seeknit-Curve-Koshitsu_IC-Needles-and-Stoppers_Image-600x400.jpg 600w, https:\/\/bitessiulai.lt\/wp-content\/uploads\/2024\/12\/Seeknit-Curve-Koshitsu_IC-Needles-and-Stoppers_Image-150x100.jpg 150w, https:\/\/bitessiulai.lt\/wp-content\/uploads\/2024\/12\/Seeknit-Curve-Koshitsu_IC-Needles-and-Stoppers_Image.jpg 2000w\" sizes=\"(max-width: 300px) 100vw, 300px\" \/><\/p>","protected":false},"excerpt":{"rendered":"<p>6cm. Koshitsu Seeknit CURVE bambuko prisukam\u0173 virbal\u0173 rinkinys Seeknit yra seniausias Japonijos bambuko mezgimo virbal\u0173 gamintojas. Tai sena \u0161eimai priklausanti gamykla, stiprus meistri\u0161kumas ir kokyb\u0117. Naudojamas tik kruop\u0161\u010diai atrinktas stiprus japoni\u0161kas bambukas i\u0161 speciali\u0173 plantacij\u0173 Naros apylink\u0117se. Koshitshu yra senovin\u0117 \u017eoleli\u0173 vonia ir terminis apdorojimas, d\u0117l kurio stiprus bambukas tampa dar stipresnis. Koshitsu suteikia kietesn\u012f ir tvirtesn\u012f pavir\u0161i\u0173, kuris tuo pat metu turi nat\u016bral\u0173 mink\u0161t\u0105 bambuko poj\u016bt\u012f. Seeknit Curve \u2013 tai i\u0161tobulinta ir atnaujinta kolekcija, kuri puikiai tiks ir prie \u012fprastos Seeknit virbal\u0173 kolekcijos prisukam\u0173 pried\u0173. Naujoji Seeknit Curve kolekcija pasi\u017eymi ypatingai \u0161velniu per\u0117jimu nuo virbalo link valo. Aptaki, i\u0161formuota, i\u0161gludinta virbal\u0173 forma leid\u017eia lengvai si\u016blams slysti virbal\u0173 pavir\u0161iumi, o ir taip malonus mezgimas tampa dar malonesnis. S dyd\u017eio rinkin\u012f sudaro: 6cm. ilgio 4 prisukami bambuko virbalai &#8211; (M1.8 tipo 2.50mm., 2.75mm., 3.00mm., 3.25mm.) 3 vnt. prisukami valai (M1.8 tipo 12cm., 18cm., 28cm.) 1 vnt. sujung\u0117jas 2 vnt. stabd\u017eiukai M dyd\u017eio rink\u012f sudaro: 6cm. ilgio 4 prisukami bambuko virbalai &#8211; (M2 tipo 3.50mm., 4.00mm., 4.50mm., 5.00mm.) 3 vnt. prisukami valai (M2 tipo 12cm., 18cm., 28cm.) 1 vnt. sujung\u0117jas 2 vnt. stabd\u017eiukai<\/p>","protected":false},"featured_media":4056,"comment_status":"open","ping_status":"closed","template":"","meta":[],"product_brand":[],"product_cat":[180,2439,181],"product_tag":[],"giftcard-category":[],"class_list":{"0":"post-4198","1":"product","2":"type-product","3":"status-publish","4":"has-post-thumbnail","6":"product_cat-mezgimo-priemones","7":"product_cat-seeknit-mezgimo-priemoniu-gamintojai","8":"product_cat-virbalu-rinkiniai","10":"first","11":"instock","12":"taxable","13":"shipping-taxable","14":"purchasable","15":"product-type-variable"},"_links":{"self":[{"href":"https:\/\/bitessiulai.lt\/ru\/wp-json\/wp\/v2\/product\/4198","targetHints":{"allow":["GET"]}}],"collection":[{"href":"https:\/\/bitessiulai.lt\/ru\/wp-json\/wp\/v2\/product"}],"about":[{"href":"https:\/\/bitessiulai.lt\/ru\/wp-json\/wp\/v2\/types\/product"}],"replies":[{"embeddable":true,"href":"https:\/\/bitessiulai.lt\/ru\/wp-json\/wp\/v2\/comments?post=4198"}],"version-history":[{"count":0,"href":"https:\/\/bitessiulai.lt\/ru\/wp-json\/wp\/v2\/product\/4198\/revisions"}],"wp:featuredmedia":[{"embeddable":true,"href":"https:\/\/bitessiulai.lt\/ru\/wp-json\/wp\/v2\/media\/4056"}],"wp:attachment":[{"href":"https:\/\/bitessiulai.lt\/ru\/wp-json\/wp\/v2\/media?parent=4198"}],"wp:term":[{"taxonomy":"product_brand","embeddable":true,"href":"https:\/\/bitessiulai.lt\/ru\/wp-json\/wp\/v2\/product_brand?post=4198"},{"taxonomy":"product_cat","embeddable":true,"href":"https:\/\/bitessiulai.lt\/ru\/wp-json\/wp\/v2\/product_cat?post=4198"},{"taxonomy":"product_tag","embeddable":true,"href":"https:\/\/bitessiulai.lt\/ru\/wp-json\/wp\/v2\/product_tag?post=4198"},{"taxonomy":"giftcard-category","embeddable":true,"href":"https:\/\/bitessiulai.lt\/ru\/wp-json\/wp\/v2\/giftcard-category?post=4198"}],"curies":[{"name":"wp","href":"https:\/\/api.w.org\/{rel}","templated":true}]}}