{"id":3769,"date":"2024-12-19T11:29:10","date_gmt":"2024-12-19T09:29:10","guid":{"rendered":"https:\/\/bitessiulai.lt\/?post_type=product&#038;p=3769"},"modified":"2026-02-16T13:25:01","modified_gmt":"2026-02-16T11:25:01","slug":"matavimo-juosta-seeknit","status":"publish","type":"product","link":"https:\/\/bitessiulai.lt\/ru\/product\/matavimo-juosta-seeknit\/","title":{"rendered":"\u0438\u0437\u043c\u0435\u0440\u0438\u0442\u0435\u043b\u044c\u043d\u0430\u044f \u043b\u0435\u043d\u0442\u0430 Seeknit"},"content":{"rendered":"<p>&nbsp;<\/p>\n<h1><strong>\u0421\u0430\u043d\u0442\u0438\u043c\u0435\u0442\u0440\u043e\u0432\u0430\u044f \u043b\u0435\u043d\u0442\u0430 Seeknit 1,5\u043c.<\/strong><\/h1>\n<p><img fetchpriority=\"high\" decoding=\"async\" class=\"alignnone size-medium wp-image-3765\" src=\"https:\/\/bitessiulai.lt\/wp-content\/uploads\/2024\/12\/Seeknit-Tape-Measure_Image-NO3_2023-11-7-300x200.jpg\" alt=\"\" width=\"300\" height=\"200\" srcset=\"https:\/\/bitessiulai.lt\/wp-content\/uploads\/2024\/12\/Seeknit-Tape-Measure_Image-NO3_2023-11-7-300x200.jpg 300w, https:\/\/bitessiulai.lt\/wp-content\/uploads\/2024\/12\/Seeknit-Tape-Measure_Image-NO3_2023-11-7-768x512.jpg 768w, https:\/\/bitessiulai.lt\/wp-content\/uploads\/2024\/12\/Seeknit-Tape-Measure_Image-NO3_2023-11-7-18x12.jpg 18w, https:\/\/bitessiulai.lt\/wp-content\/uploads\/2024\/12\/Seeknit-Tape-Measure_Image-NO3_2023-11-7-600x400.jpg 600w, https:\/\/bitessiulai.lt\/wp-content\/uploads\/2024\/12\/Seeknit-Tape-Measure_Image-NO3_2023-11-7-150x100.jpg 150w, https:\/\/bitessiulai.lt\/wp-content\/uploads\/2024\/12\/Seeknit-Tape-Measure_Image-NO3_2023-11-7.jpg 1000w\" sizes=\"(max-width: 300px) 100vw, 300px\" \/> <img decoding=\"async\" class=\"alignnone size-medium wp-image-3764\" src=\"https:\/\/bitessiulai.lt\/wp-content\/uploads\/2024\/12\/Seeknit-Tape-Measure_Image-NO2_2023-11-7-300x200.jpg\" alt=\"\" width=\"300\" height=\"200\" srcset=\"https:\/\/bitessiulai.lt\/wp-content\/uploads\/2024\/12\/Seeknit-Tape-Measure_Image-NO2_2023-11-7-300x200.jpg 300w, https:\/\/bitessiulai.lt\/wp-content\/uploads\/2024\/12\/Seeknit-Tape-Measure_Image-NO2_2023-11-7-768x512.jpg 768w, https:\/\/bitessiulai.lt\/wp-content\/uploads\/2024\/12\/Seeknit-Tape-Measure_Image-NO2_2023-11-7-18x12.jpg 18w, https:\/\/bitessiulai.lt\/wp-content\/uploads\/2024\/12\/Seeknit-Tape-Measure_Image-NO2_2023-11-7-600x400.jpg 600w, https:\/\/bitessiulai.lt\/wp-content\/uploads\/2024\/12\/Seeknit-Tape-Measure_Image-NO2_2023-11-7-150x100.jpg 150w, https:\/\/bitessiulai.lt\/wp-content\/uploads\/2024\/12\/Seeknit-Tape-Measure_Image-NO2_2023-11-7.jpg 1000w\" sizes=\"(max-width: 300px) 100vw, 300px\" \/><\/p>\n<p>*\u0426\u0432\u0435\u0442\u0430, \u043a\u043e\u0442\u043e\u0440\u044b\u0435 \u0432\u044b \u0432\u0438\u0434\u0438\u0442\u0435 \u043d\u0430 \u044d\u043a\u0440\u0430\u043d\u0435, \u043c\u043e\u0433\u0443\u0442 \u043d\u0435\u043c\u043d\u043e\u0433\u043e \u043e\u0442\u043b\u0438\u0447\u0430\u0442\u044c\u0441\u044f \u043e\u0442 \u0444\u0430\u043a\u0442\u0438\u0447\u0435\u0441\u043a\u043e\u0433\u043e \u0446\u0432\u0435\u0442\u0430 \u043d\u0438\u0442\u0438.<\/p>","protected":false},"excerpt":{"rendered":"<p>&nbsp; Matavimo juosta Seeknit 1,5m. *Ekrane matomos spalvos gali \u0161iek tiek skirtis nuo tikrosios si\u016bl\u0173 spalvos.<\/p>","protected":false},"featured_media":3766,"comment_status":"open","ping_status":"closed","template":"","meta":[],"product_brand":[],"product_cat":[202,192],"product_tag":[],"giftcard-category":[],"class_list":{"0":"post-3769","1":"product","2":"type-product","3":"status-publish","4":"has-post-thumbnail","6":"product_cat-matavimo-priemones","7":"product_cat-priedai-mezgimui","9":"first","10":"instock","11":"taxable","12":"shipping-taxable","13":"purchasable","14":"product-type-variable"},"_links":{"self":[{"href":"https:\/\/bitessiulai.lt\/ru\/wp-json\/wp\/v2\/product\/3769","targetHints":{"allow":["GET"]}}],"collection":[{"href":"https:\/\/bitessiulai.lt\/ru\/wp-json\/wp\/v2\/product"}],"about":[{"href":"https:\/\/bitessiulai.lt\/ru\/wp-json\/wp\/v2\/types\/product"}],"replies":[{"embeddable":true,"href":"https:\/\/bitessiulai.lt\/ru\/wp-json\/wp\/v2\/comments?post=3769"}],"version-history":[{"count":1,"href":"https:\/\/bitessiulai.lt\/ru\/wp-json\/wp\/v2\/product\/3769\/revisions"}],"predecessor-version":[{"id":20416,"href":"https:\/\/bitessiulai.lt\/ru\/wp-json\/wp\/v2\/product\/3769\/revisions\/20416"}],"wp:featuredmedia":[{"embeddable":true,"href":"https:\/\/bitessiulai.lt\/ru\/wp-json\/wp\/v2\/media\/3766"}],"wp:attachment":[{"href":"https:\/\/bitessiulai.lt\/ru\/wp-json\/wp\/v2\/media?parent=3769"}],"wp:term":[{"taxonomy":"product_brand","embeddable":true,"href":"https:\/\/bitessiulai.lt\/ru\/wp-json\/wp\/v2\/product_brand?post=3769"},{"taxonomy":"product_cat","embeddable":true,"href":"https:\/\/bitessiulai.lt\/ru\/wp-json\/wp\/v2\/product_cat?post=3769"},{"taxonomy":"product_tag","embeddable":true,"href":"https:\/\/bitessiulai.lt\/ru\/wp-json\/wp\/v2\/product_tag?post=3769"},{"taxonomy":"giftcard-category","embeddable":true,"href":"https:\/\/bitessiulai.lt\/ru\/wp-json\/wp\/v2\/giftcard-category?post=3769"}],"curies":[{"name":"wp","href":"https:\/\/api.w.org\/{rel}","templated":true}]}}