{"id":24855,"date":"2026-04-03T18:09:21","date_gmt":"2026-04-03T15:09:21","guid":{"rendered":"https:\/\/bitessiulai.lt\/?post_type=product&#038;p=24855"},"modified":"2026-04-03T18:09:25","modified_gmt":"2026-04-03T15:09:25","slug":"yarnart-jeans-bamboo","status":"publish","type":"product","link":"https:\/\/bitessiulai.lt\/ru\/product\/yarnart-jeans-bamboo\/","title":{"rendered":"YarnArt Jeans Bamboo"},"content":{"rendered":"<p><strong>YarnArt Jeans Bamboo<\/strong> \u2013 tai unikal\u016bs si\u016blai, kuriuose dera nat\u016bralus bambuko mink\u0161tumas ir akrilo tvirtumas. Si\u016blai ypatingai lengvi , \u0161veln\u016bs ir pralaid\u016bs orui, tod\u0117l puikiai tinka tiek vasariniams r\u016bbams, tiek k\u016bdiki\u0173 mezginiams. D\u0117l bambuko pluo\u0161to gaminiai turi subtil\u0173 nat\u016bral\u0173 blizges\u012f ir yra itin malon\u016bs odai.<\/p>\n<p><img fetchpriority=\"high\" decoding=\"async\" class=\"alignnone size-medium wp-image-24857\" src=\"http:\/\/bitessiulai.lt\/wp-content\/uploads\/2026\/04\/JEANSBAMBOO_Yarnart599_SITE-600x600-1-300x300.jpg\" alt=\"\" width=\"300\" height=\"300\" srcset=\"https:\/\/bitessiulai.lt\/wp-content\/uploads\/2026\/04\/JEANSBAMBOO_Yarnart599_SITE-600x600-1-300x300.jpg 300w, https:\/\/bitessiulai.lt\/wp-content\/uploads\/2026\/04\/JEANSBAMBOO_Yarnart599_SITE-600x600-1-150x150.jpg 150w, https:\/\/bitessiulai.lt\/wp-content\/uploads\/2026\/04\/JEANSBAMBOO_Yarnart599_SITE-600x600-1-12x12.jpg 12w, https:\/\/bitessiulai.lt\/wp-content\/uploads\/2026\/04\/JEANSBAMBOO_Yarnart599_SITE-600x600-1.jpg 600w\" sizes=\"(max-width: 300px) 100vw, 300px\" \/> <img decoding=\"async\" class=\"alignnone size-medium wp-image-24858\" src=\"http:\/\/bitessiulai.lt\/wp-content\/uploads\/2026\/04\/JEANSBAMBOO_Yarnart5410_SITE-1-300x300.jpg\" alt=\"\" width=\"300\" height=\"300\" srcset=\"https:\/\/bitessiulai.lt\/wp-content\/uploads\/2026\/04\/JEANSBAMBOO_Yarnart5410_SITE-1-300x300.jpg 300w, https:\/\/bitessiulai.lt\/wp-content\/uploads\/2026\/04\/JEANSBAMBOO_Yarnart5410_SITE-1-1024x1024.jpg 1024w, https:\/\/bitessiulai.lt\/wp-content\/uploads\/2026\/04\/JEANSBAMBOO_Yarnart5410_SITE-1-150x150.jpg 150w, https:\/\/bitessiulai.lt\/wp-content\/uploads\/2026\/04\/JEANSBAMBOO_Yarnart5410_SITE-1-768x768.jpg 768w, https:\/\/bitessiulai.lt\/wp-content\/uploads\/2026\/04\/JEANSBAMBOO_Yarnart5410_SITE-1-1536x1536.jpg 1536w, https:\/\/bitessiulai.lt\/wp-content\/uploads\/2026\/04\/JEANSBAMBOO_Yarnart5410_SITE-1-12x12.jpg 12w, https:\/\/bitessiulai.lt\/wp-content\/uploads\/2026\/04\/JEANSBAMBOO_Yarnart5410_SITE-1-600x600.jpg 600w, https:\/\/bitessiulai.lt\/wp-content\/uploads\/2026\/04\/JEANSBAMBOO_Yarnart5410_SITE-1.jpg 2000w\" sizes=\"(max-width: 300px) 100vw, 300px\" \/> <img decoding=\"async\" class=\"alignnone size-medium wp-image-24859\" src=\"http:\/\/bitessiulai.lt\/wp-content\/uploads\/2026\/04\/JEANS_BAMBOO_02-1-300x300.jpg\" alt=\"\" width=\"300\" height=\"300\" srcset=\"https:\/\/bitessiulai.lt\/wp-content\/uploads\/2026\/04\/JEANS_BAMBOO_02-1-300x300.jpg 300w, https:\/\/bitessiulai.lt\/wp-content\/uploads\/2026\/04\/JEANS_BAMBOO_02-1-150x150.jpg 150w, https:\/\/bitessiulai.lt\/wp-content\/uploads\/2026\/04\/JEANS_BAMBOO_02-1-768x768.jpg 768w, https:\/\/bitessiulai.lt\/wp-content\/uploads\/2026\/04\/JEANS_BAMBOO_02-1-12x12.jpg 12w, https:\/\/bitessiulai.lt\/wp-content\/uploads\/2026\/04\/JEANS_BAMBOO_02-1-600x600.jpg 600w, https:\/\/bitessiulai.lt\/wp-content\/uploads\/2026\/04\/JEANS_BAMBOO_02-1.jpg 1000w\" sizes=\"(max-width: 300px) 100vw, 300px\" \/> <img loading=\"lazy\" decoding=\"async\" class=\"alignnone size-medium wp-image-24860\" src=\"http:\/\/bitessiulai.lt\/wp-content\/uploads\/2026\/04\/JEANS_BAMBOO_01-600x600-1-300x300.jpg\" alt=\"\" width=\"300\" height=\"300\" srcset=\"https:\/\/bitessiulai.lt\/wp-content\/uploads\/2026\/04\/JEANS_BAMBOO_01-600x600-1-300x300.jpg 300w, https:\/\/bitessiulai.lt\/wp-content\/uploads\/2026\/04\/JEANS_BAMBOO_01-600x600-1-150x150.jpg 150w, https:\/\/bitessiulai.lt\/wp-content\/uploads\/2026\/04\/JEANS_BAMBOO_01-600x600-1-12x12.jpg 12w, https:\/\/bitessiulai.lt\/wp-content\/uploads\/2026\/04\/JEANS_BAMBOO_01-600x600-1.jpg 600w\" sizes=\"(max-width: 300px) 100vw, 300px\" \/><\/p>\n<p>&nbsp;<\/p>\n<p>*\u0426\u0432\u0435\u0442\u0430, \u043a\u043e\u0442\u043e\u0440\u044b\u0435 \u0432\u044b \u0432\u0438\u0434\u0438\u0442\u0435 \u043d\u0430 \u044d\u043a\u0440\u0430\u043d\u0435, \u043c\u043e\u0433\u0443\u0442 \u043d\u0435\u043c\u043d\u043e\u0433\u043e \u043e\u0442\u043b\u0438\u0447\u0430\u0442\u044c\u0441\u044f \u043e\u0442 \u0444\u0430\u043a\u0442\u0438\u0447\u0435\u0441\u043a\u043e\u0433\u043e \u0446\u0432\u0435\u0442\u0430 \u043d\u0438\u0442\u0438.<\/p>\n<p>&nbsp;<\/p>","protected":false},"excerpt":{"rendered":"<p>Sud\u0117tis: 50% Bambukas, 50% Akrilas<\/p>\n<p>\u0412\u0435\u0441\/\u0434\u043b\u0438\u043d\u0430: 50 \u0433. = \u043f\u0440\u0438\u043c\u0435\u0440\u043d\u043e 150 \u043c.<\/p>\n<p>\u0420\u0435\u043a\u043e\u043c\u0435\u043d\u0434\u0443\u0435\u043c\u044b\u0439 \u0440\u0430\u0437\u043c\u0435\u0440 \u0438\u0433\u043b\u044b: 3,5 \u043c\u043c.<\/p>\n<p>\u0420\u0435\u043a\u043e\u043c\u0435\u043d\u0434\u0443\u0435\u043c\u044b\u0439 \u0440\u0430\u0437\u043c\u0435\u0440 \u043a\u0440\u044e\u0447\u043a\u0430: 3,5 \u043c\u043c.<\/p>","protected":false},"featured_media":24856,"comment_status":"open","ping_status":"closed","template":"","meta":[],"product_brand":[],"product_cat":[173,326,4596,4738,177,178,174,175,255],"product_tag":[],"giftcard-category":[],"class_list":{"0":"post-24855","1":"product","2":"type-product","3":"status-publish","4":"has-post-thumbnail","6":"product_cat-siulai","7":"product_cat-akrilas","8":"product_cat-bambukas","9":"product_cat-jeans-bamboo","10":"product_cat-mezgimo-siulai","11":"product_cat-nerimo-siulai","12":"product_cat-siulu-gamintojai","13":"product_cat-siulu-pluostai","14":"product_cat-yarnart","16":"first","17":"instock","18":"taxable","19":"shipping-taxable","20":"purchasable","21":"product-type-variable"},"_links":{"self":[{"href":"https:\/\/bitessiulai.lt\/ru\/wp-json\/wp\/v2\/product\/24855","targetHints":{"allow":["GET"]}}],"collection":[{"href":"https:\/\/bitessiulai.lt\/ru\/wp-json\/wp\/v2\/product"}],"about":[{"href":"https:\/\/bitessiulai.lt\/ru\/wp-json\/wp\/v2\/types\/product"}],"replies":[{"embeddable":true,"href":"https:\/\/bitessiulai.lt\/ru\/wp-json\/wp\/v2\/comments?post=24855"}],"version-history":[{"count":1,"href":"https:\/\/bitessiulai.lt\/ru\/wp-json\/wp\/v2\/product\/24855\/revisions"}],"predecessor-version":[{"id":24906,"href":"https:\/\/bitessiulai.lt\/ru\/wp-json\/wp\/v2\/product\/24855\/revisions\/24906"}],"wp:featuredmedia":[{"embeddable":true,"href":"https:\/\/bitessiulai.lt\/ru\/wp-json\/wp\/v2\/media\/24856"}],"wp:attachment":[{"href":"https:\/\/bitessiulai.lt\/ru\/wp-json\/wp\/v2\/media?parent=24855"}],"wp:term":[{"taxonomy":"product_brand","embeddable":true,"href":"https:\/\/bitessiulai.lt\/ru\/wp-json\/wp\/v2\/product_brand?post=24855"},{"taxonomy":"product_cat","embeddable":true,"href":"https:\/\/bitessiulai.lt\/ru\/wp-json\/wp\/v2\/product_cat?post=24855"},{"taxonomy":"product_tag","embeddable":true,"href":"https:\/\/bitessiulai.lt\/ru\/wp-json\/wp\/v2\/product_tag?post=24855"},{"taxonomy":"giftcard-category","embeddable":true,"href":"https:\/\/bitessiulai.lt\/ru\/wp-json\/wp\/v2\/giftcard-category?post=24855"}],"curies":[{"name":"wp","href":"https:\/\/api.w.org\/{rel}","templated":true}]}}