{"id":24737,"date":"2026-04-03T15:56:39","date_gmt":"2026-04-03T12:56:39","guid":{"rendered":"https:\/\/bitessiulai.lt\/?post_type=product&#038;p=24737"},"modified":"2026-04-03T15:56:42","modified_gmt":"2026-04-03T12:56:42","slug":"yarnart-lily","status":"publish","type":"product","link":"https:\/\/bitessiulai.lt\/ru\/product\/yarnart-lily\/","title":{"rendered":"YarnArt Lily"},"content":{"rendered":"<p><strong>YarnArt Lily<\/strong> \u2013 tai auk\u0161tos kokyb\u0117s 100% merserizuota medviln\u0117, kuri d\u017eiugina savo prabangia tekst\u016bra ir neprilygstamu patvarumu. Tai ypatingai apdorota medviln\u0117, kuri i\u0161siskiria subtiliu blizgesiu, glotnumu ir sustiprintu atsparumu d\u0117v\u0117jimuisi.<\/p>\n<p>\u0160ie si\u016blai yra puikus pasirinkimas tiems, kurie vertina nat\u016bralum\u0105 ir komfort\u0105. 100% medviln\u0117s sud\u0117tis suteikia gaminiams nat\u016bral\u0173 jaukum\u0105 ir orui pralaid\u017ei\u0105 tekst\u016br\u0105. Tod\u0117l jie tampa tobulu pasirinkimu vasaros rankdarbiams \u2013 lengviems n\u0117riniams, stilingiems aksesuarams ar net vaiki\u0161koms aprangoms.<\/p>\n<p>&nbsp;<\/p>\n<p><img fetchpriority=\"high\" decoding=\"async\" class=\"alignnone size-medium wp-image-24740\" src=\"http:\/\/bitessiulai.lt\/wp-content\/uploads\/2026\/04\/YarnArt-Lily-1-1-300x300.webp\" alt=\"\" width=\"300\" height=\"300\" srcset=\"https:\/\/bitessiulai.lt\/wp-content\/uploads\/2026\/04\/YarnArt-Lily-1-1-300x300.webp 300w, https:\/\/bitessiulai.lt\/wp-content\/uploads\/2026\/04\/YarnArt-Lily-1-1-150x150.webp 150w, https:\/\/bitessiulai.lt\/wp-content\/uploads\/2026\/04\/YarnArt-Lily-1-1-768x768.webp 768w, https:\/\/bitessiulai.lt\/wp-content\/uploads\/2026\/04\/YarnArt-Lily-1-1-12x12.webp 12w, https:\/\/bitessiulai.lt\/wp-content\/uploads\/2026\/04\/YarnArt-Lily-1-1-600x600.webp 600w, https:\/\/bitessiulai.lt\/wp-content\/uploads\/2026\/04\/YarnArt-Lily-1-1.webp 1000w\" sizes=\"(max-width: 300px) 100vw, 300px\" \/> <img decoding=\"async\" class=\"alignnone size-medium wp-image-24741\" src=\"http:\/\/bitessiulai.lt\/wp-content\/uploads\/2026\/04\/il_1140xN.1047007573_bq0y-1-300x211.webp\" alt=\"\" width=\"300\" height=\"211\" srcset=\"https:\/\/bitessiulai.lt\/wp-content\/uploads\/2026\/04\/il_1140xN.1047007573_bq0y-1-300x211.webp 300w, https:\/\/bitessiulai.lt\/wp-content\/uploads\/2026\/04\/il_1140xN.1047007573_bq0y-1-1024x719.webp 1024w, https:\/\/bitessiulai.lt\/wp-content\/uploads\/2026\/04\/il_1140xN.1047007573_bq0y-1-768x539.webp 768w, https:\/\/bitessiulai.lt\/wp-content\/uploads\/2026\/04\/il_1140xN.1047007573_bq0y-1-18x12.webp 18w, https:\/\/bitessiulai.lt\/wp-content\/uploads\/2026\/04\/il_1140xN.1047007573_bq0y-1-600x421.webp 600w, https:\/\/bitessiulai.lt\/wp-content\/uploads\/2026\/04\/il_1140xN.1047007573_bq0y-1-150x105.webp 150w, https:\/\/bitessiulai.lt\/wp-content\/uploads\/2026\/04\/il_1140xN.1047007573_bq0y-1.webp 1140w\" sizes=\"(max-width: 300px) 100vw, 300px\" \/><\/p>\n<p>&nbsp;<\/p>\n<p>*\u0426\u0432\u0435\u0442\u0430, \u043a\u043e\u0442\u043e\u0440\u044b\u0435 \u0432\u044b \u0432\u0438\u0434\u0438\u0442\u0435 \u043d\u0430 \u044d\u043a\u0440\u0430\u043d\u0435, \u043c\u043e\u0433\u0443\u0442 \u043d\u0435\u043c\u043d\u043e\u0433\u043e \u043e\u0442\u043b\u0438\u0447\u0430\u0442\u044c\u0441\u044f \u043e\u0442 \u0444\u0430\u043a\u0442\u0438\u0447\u0435\u0441\u043a\u043e\u0433\u043e \u0446\u0432\u0435\u0442\u0430 \u043d\u0438\u0442\u0438.<\/p>","protected":false},"excerpt":{"rendered":"<p>Sud\u0117tis: 100% merserizuota medviln\u0117<\/p>\n<p>Svoris\/ilgis: 50 g.= ma\u017edaug 225 m.<\/p>\n<p>Rekomenduojamas v\u0105\u0161elio dydis: 2 mm.<\/p>","protected":false},"featured_media":24738,"comment_status":"open","ping_status":"closed","template":"","meta":[],"product_brand":[],"product_cat":[173,4676,652,177,174,175,255],"product_tag":[],"giftcard-category":[],"class_list":{"0":"post-24737","1":"product","2":"type-product","3":"status-publish","4":"has-post-thumbnail","6":"product_cat-siulai","7":"product_cat-lily","8":"product_cat-medvilne","9":"product_cat-mezgimo-siulai","10":"product_cat-siulu-gamintojai","11":"product_cat-siulu-pluostai","12":"product_cat-yarnart","14":"first","15":"instock","16":"taxable","17":"shipping-taxable","18":"purchasable","19":"product-type-variable"},"_links":{"self":[{"href":"https:\/\/bitessiulai.lt\/ru\/wp-json\/wp\/v2\/product\/24737","targetHints":{"allow":["GET"]}}],"collection":[{"href":"https:\/\/bitessiulai.lt\/ru\/wp-json\/wp\/v2\/product"}],"about":[{"href":"https:\/\/bitessiulai.lt\/ru\/wp-json\/wp\/v2\/types\/product"}],"replies":[{"embeddable":true,"href":"https:\/\/bitessiulai.lt\/ru\/wp-json\/wp\/v2\/comments?post=24737"}],"version-history":[{"count":2,"href":"https:\/\/bitessiulai.lt\/ru\/wp-json\/wp\/v2\/product\/24737\/revisions"}],"predecessor-version":[{"id":24781,"href":"https:\/\/bitessiulai.lt\/ru\/wp-json\/wp\/v2\/product\/24737\/revisions\/24781"}],"wp:featuredmedia":[{"embeddable":true,"href":"https:\/\/bitessiulai.lt\/ru\/wp-json\/wp\/v2\/media\/24738"}],"wp:attachment":[{"href":"https:\/\/bitessiulai.lt\/ru\/wp-json\/wp\/v2\/media?parent=24737"}],"wp:term":[{"taxonomy":"product_brand","embeddable":true,"href":"https:\/\/bitessiulai.lt\/ru\/wp-json\/wp\/v2\/product_brand?post=24737"},{"taxonomy":"product_cat","embeddable":true,"href":"https:\/\/bitessiulai.lt\/ru\/wp-json\/wp\/v2\/product_cat?post=24737"},{"taxonomy":"product_tag","embeddable":true,"href":"https:\/\/bitessiulai.lt\/ru\/wp-json\/wp\/v2\/product_tag?post=24737"},{"taxonomy":"giftcard-category","embeddable":true,"href":"https:\/\/bitessiulai.lt\/ru\/wp-json\/wp\/v2\/giftcard-category?post=24737"}],"curies":[{"name":"wp","href":"https:\/\/api.w.org\/{rel}","templated":true}]}}