{"id":23773,"date":"2026-03-12T14:37:46","date_gmt":"2026-03-12T12:37:46","guid":{"rendered":"https:\/\/bitessiulai.lt\/?post_type=product&#038;p=23773"},"modified":"2026-03-12T14:37:47","modified_gmt":"2026-03-12T12:37:47","slug":"knitpro-mezginio-akiu-zymeklis-7vnt-7","status":"publish","type":"product","link":"https:\/\/bitessiulai.lt\/ru\/product\/knitpro-mezginio-akiu-zymeklis-7vnt-7\/","title":{"rendered":"\u041c\u0430\u0440\u043a\u0435\u0440\u044b \u0434\u043b\u044f \u0433\u043b\u0430\u0437 KnitPro 7 \u0448\u0442."},"content":{"rendered":"<p>\u041c\u0430\u0440\u043a\u0435\u0440\u044b \u043f\u0435\u0442\u0435\u043b\u044c \u0434\u043b\u044f \u0432\u044f\u0437\u0430\u043d\u0438\u044f KnitPro, 7 \u0448\u0442. \u041c\u0430\u0440\u043a\u0435\u0440\u044b \u043f\u0435\u0442\u0435\u043b\u044c \u0434\u043b\u044f \u0432\u044f\u0437\u0430\u043d\u0438\u044f KnitPro \u2013 \u043e\u0447\u0435\u043d\u044c \u0443\u0434\u043e\u0431\u043d\u044b \u043f\u0440\u0438 \u0432\u044f\u0437\u0430\u043d\u0438\u0438 \u043b\u044e\u0431\u044b\u0445 \u0443\u0437\u043e\u0440\u043e\u0432. \u041c\u0430\u0440\u043a\u0435\u0440\u044b \u043f\u0440\u0435\u0434\u043d\u0430\u0437\u043d\u0430\u0447\u0435\u043d\u044b \u0434\u043b\u044f \u043e\u0431\u043e\u0437\u043d\u0430\u0447\u0435\u043d\u0438\u044f \u043d\u043e\u0432\u044b\u0445 \u0440\u044f\u0434\u043e\u0432 \u043f\u0440\u0438 \u0432\u044f\u0437\u0430\u043d\u0438\u0438 \u043f\u043e \u043a\u0440\u0443\u0433\u0443, \u043d\u0430\u0447\u0430\u043b\u0430 \u0438\u043b\u0438 \u043a\u043e\u043d\u0446\u0430 \u043d\u043e\u0432\u043e\u0433\u043e \u0443\u0437\u043e\u0440\u0430.<\/p>\n<p>*\u0426\u0432\u0435\u0442\u0430, \u043a\u043e\u0442\u043e\u0440\u044b\u0435 \u0432\u044b \u0432\u0438\u0434\u0438\u0442\u0435 \u043d\u0430 \u044d\u043a\u0440\u0430\u043d\u0435, \u0438 \u0444\u0430\u043a\u0442\u0438\u0447\u0435\u0441\u043a\u0438\u0435 \u0446\u0432\u0435\u0442\u0430 \u043f\u0440\u0435\u0434\u043c\u0435\u0442\u043e\u0432 \u043c\u043e\u0433\u0443\u0442 \u043d\u0435\u0437\u043d\u0430\u0447\u0438\u0442\u0435\u043b\u044c\u043d\u043e \u043e\u0442\u043b\u0438\u0447\u0430\u0442\u044c\u0441\u044f.<\/p>","protected":false},"excerpt":{"rendered":"<p>KnitPro Mezginio aki\u0173 \u017eymeklis 7vnt. KnitPro mezginio aki\u0173 \u017eymeklis &#8211; labai patogu naudoti mezgant bet kokius ra\u0161tus. \u017dymekliai skirti pasi\u017eym\u0117ti naujas eiles mezgant ratu, naujo ra\u0161to prad\u017ei\u0105 ar pabaig\u0105. *Ekrane matomos spalvos ir tikroji preki\u0173 spalva gali \u0161iek tiek skirtis.<\/p>","protected":false},"featured_media":23774,"comment_status":"open","ping_status":"closed","template":"","meta":[],"product_brand":[],"product_cat":[194,192],"product_tag":[],"giftcard-category":[],"class_list":{"0":"post-23773","1":"product","2":"type-product","3":"status-publish","4":"has-post-thumbnail","6":"product_cat-akiu-zymekliai","7":"product_cat-priedai-mezgimui","9":"first","10":"instock","11":"taxable","12":"shipping-taxable","13":"purchasable","14":"product-type-simple"},"_links":{"self":[{"href":"https:\/\/bitessiulai.lt\/ru\/wp-json\/wp\/v2\/product\/23773","targetHints":{"allow":["GET"]}}],"collection":[{"href":"https:\/\/bitessiulai.lt\/ru\/wp-json\/wp\/v2\/product"}],"about":[{"href":"https:\/\/bitessiulai.lt\/ru\/wp-json\/wp\/v2\/types\/product"}],"replies":[{"embeddable":true,"href":"https:\/\/bitessiulai.lt\/ru\/wp-json\/wp\/v2\/comments?post=23773"}],"version-history":[{"count":1,"href":"https:\/\/bitessiulai.lt\/ru\/wp-json\/wp\/v2\/product\/23773\/revisions"}],"predecessor-version":[{"id":23775,"href":"https:\/\/bitessiulai.lt\/ru\/wp-json\/wp\/v2\/product\/23773\/revisions\/23775"}],"wp:featuredmedia":[{"embeddable":true,"href":"https:\/\/bitessiulai.lt\/ru\/wp-json\/wp\/v2\/media\/23774"}],"wp:attachment":[{"href":"https:\/\/bitessiulai.lt\/ru\/wp-json\/wp\/v2\/media?parent=23773"}],"wp:term":[{"taxonomy":"product_brand","embeddable":true,"href":"https:\/\/bitessiulai.lt\/ru\/wp-json\/wp\/v2\/product_brand?post=23773"},{"taxonomy":"product_cat","embeddable":true,"href":"https:\/\/bitessiulai.lt\/ru\/wp-json\/wp\/v2\/product_cat?post=23773"},{"taxonomy":"product_tag","embeddable":true,"href":"https:\/\/bitessiulai.lt\/ru\/wp-json\/wp\/v2\/product_tag?post=23773"},{"taxonomy":"giftcard-category","embeddable":true,"href":"https:\/\/bitessiulai.lt\/ru\/wp-json\/wp\/v2\/giftcard-category?post=23773"}],"curies":[{"name":"wp","href":"https:\/\/api.w.org\/{rel}","templated":true}]}}