{"id":23748,"date":"2026-03-12T14:04:15","date_gmt":"2026-03-12T12:04:15","guid":{"rendered":"https:\/\/bitessiulai.lt\/?post_type=product&#038;p=23748"},"modified":"2026-03-12T14:04:19","modified_gmt":"2026-03-12T12:04:19","slug":"tulip-sirdeles-akiu-zymekliai-mazi","status":"publish","type":"product","link":"https:\/\/bitessiulai.lt\/ru\/product\/tulip-sirdeles-akiu-zymekliai-mazi\/","title":{"rendered":"Tulip \u0161irdel\u0117s aki\u0173 \u017eymekliai (ma\u017ei)"},"content":{"rendered":"<p><span dir=\"auto\">\u0160ie ma\u017ei \u201eTulip\u201c fiksuojami \u017eymekliai yra stilingi ir funkcional\u016bs! \u017dymekliai yra b\u016btini ma\u017ei \u012frankiai, padedantys megzti ar nerti. Juos galite naudoti eilut\u0117s pabaigai arba prad\u017eiai pa\u017eym\u0117ti, akims suskai\u010diuoti ar netgi pa\u017eym\u0117ti srit\u012f, \u012f kuri\u0105 v\u0117liau reik\u0117s atkreipti d\u0117mes\u012f. D\u0117l apvalios nosies \u0161ie \u017eymekliai neperpjaus si\u016bl\u0173, kai rinksite akis. \u0160ie mieli \u017eymekliai yra m\u0117lynos, baltos ir oran\u017ein\u0117s spalvos. Kiekvienoje pakuot\u0117je yra 7 \u017eymekliai.<\/span><\/p>\n<p>&nbsp;<\/p>\n<p><img fetchpriority=\"high\" decoding=\"async\" class=\"alignnone size-medium wp-image-23752\" src=\"http:\/\/bitessiulai.lt\/wp-content\/uploads\/2026\/03\/ac-0830e-1-300x300.webp\" alt=\"\" width=\"300\" height=\"300\" srcset=\"https:\/\/bitessiulai.lt\/wp-content\/uploads\/2026\/03\/ac-0830e-1-300x300.webp 300w, https:\/\/bitessiulai.lt\/wp-content\/uploads\/2026\/03\/ac-0830e-1-150x150.webp 150w, https:\/\/bitessiulai.lt\/wp-content\/uploads\/2026\/03\/ac-0830e-1-12x12.webp 12w, https:\/\/bitessiulai.lt\/wp-content\/uploads\/2026\/03\/ac-0830e-1-600x600.webp 600w, https:\/\/bitessiulai.lt\/wp-content\/uploads\/2026\/03\/ac-0830e-1.webp 700w\" sizes=\"(max-width: 300px) 100vw, 300px\" \/> <img decoding=\"async\" class=\"alignnone size-medium wp-image-23753\" src=\"http:\/\/bitessiulai.lt\/wp-content\/uploads\/2026\/03\/ac-0830e-2_2-300x300.webp\" alt=\"\" width=\"300\" height=\"300\" srcset=\"https:\/\/bitessiulai.lt\/wp-content\/uploads\/2026\/03\/ac-0830e-2_2-300x300.webp 300w, https:\/\/bitessiulai.lt\/wp-content\/uploads\/2026\/03\/ac-0830e-2_2-150x150.webp 150w, https:\/\/bitessiulai.lt\/wp-content\/uploads\/2026\/03\/ac-0830e-2_2-12x12.webp 12w, https:\/\/bitessiulai.lt\/wp-content\/uploads\/2026\/03\/ac-0830e-2_2.webp 583w\" sizes=\"(max-width: 300px) 100vw, 300px\" \/><\/p>","protected":false},"excerpt":{"rendered":"<p>\u0160ie ma\u017ei \u201eTulip\u201c fiksuojami \u017eymekliai yra stilingi ir funkcional\u016bs! \u017dymekliai yra b\u016btini ma\u017ei \u012frankiai, padedantys megzti ar nerti. Juos galite naudoti eilut\u0117s pabaigai arba prad\u017eiai pa\u017eym\u0117ti, akims suskai\u010diuoti ar netgi pa\u017eym\u0117ti srit\u012f, \u012f kuri\u0105 v\u0117liau reik\u0117s atkreipti d\u0117mes\u012f. D\u0117l apvalios nosies \u0161ie \u017eymekliai neperpjaus si\u016bl\u0173, kai rinksite akis. \u0160ie mieli \u017eymekliai yra m\u0117lynos, baltos ir oran\u017ein\u0117s spalvos. Kiekvienoje pakuot\u0117je yra 7 \u017eymekliai. &nbsp;<\/p>","protected":false},"featured_media":23749,"comment_status":"open","ping_status":"closed","template":"","meta":[],"product_brand":[],"product_cat":[194,192],"product_tag":[],"giftcard-category":[],"class_list":{"0":"post-23748","1":"product","2":"type-product","3":"status-publish","4":"has-post-thumbnail","6":"product_cat-akiu-zymekliai","7":"product_cat-priedai-mezgimui","9":"first","10":"instock","11":"taxable","12":"shipping-taxable","13":"purchasable","14":"product-type-variable"},"_links":{"self":[{"href":"https:\/\/bitessiulai.lt\/ru\/wp-json\/wp\/v2\/product\/23748","targetHints":{"allow":["GET"]}}],"collection":[{"href":"https:\/\/bitessiulai.lt\/ru\/wp-json\/wp\/v2\/product"}],"about":[{"href":"https:\/\/bitessiulai.lt\/ru\/wp-json\/wp\/v2\/types\/product"}],"replies":[{"embeddable":true,"href":"https:\/\/bitessiulai.lt\/ru\/wp-json\/wp\/v2\/comments?post=23748"}],"version-history":[{"count":1,"href":"https:\/\/bitessiulai.lt\/ru\/wp-json\/wp\/v2\/product\/23748\/revisions"}],"predecessor-version":[{"id":23757,"href":"https:\/\/bitessiulai.lt\/ru\/wp-json\/wp\/v2\/product\/23748\/revisions\/23757"}],"wp:featuredmedia":[{"embeddable":true,"href":"https:\/\/bitessiulai.lt\/ru\/wp-json\/wp\/v2\/media\/23749"}],"wp:attachment":[{"href":"https:\/\/bitessiulai.lt\/ru\/wp-json\/wp\/v2\/media?parent=23748"}],"wp:term":[{"taxonomy":"product_brand","embeddable":true,"href":"https:\/\/bitessiulai.lt\/ru\/wp-json\/wp\/v2\/product_brand?post=23748"},{"taxonomy":"product_cat","embeddable":true,"href":"https:\/\/bitessiulai.lt\/ru\/wp-json\/wp\/v2\/product_cat?post=23748"},{"taxonomy":"product_tag","embeddable":true,"href":"https:\/\/bitessiulai.lt\/ru\/wp-json\/wp\/v2\/product_tag?post=23748"},{"taxonomy":"giftcard-category","embeddable":true,"href":"https:\/\/bitessiulai.lt\/ru\/wp-json\/wp\/v2\/giftcard-category?post=23748"}],"curies":[{"name":"wp","href":"https:\/\/api.w.org\/{rel}","templated":true}]}}