{"id":23179,"date":"2026-02-24T08:11:54","date_gmt":"2026-02-24T06:11:54","guid":{"rendered":"https:\/\/bitessiulai.lt\/?post_type=product&#038;p=23179"},"modified":"2026-04-01T18:45:43","modified_gmt":"2026-04-01T15:45:43","slug":"yarnart-forza-yoga","status":"publish","type":"product","link":"https:\/\/bitessiulai.lt\/ru\/product\/yarnart-forza-yoga\/","title":{"rendered":"YarnArt Forza Yoga"},"content":{"rendered":"<p><strong>YarnArt Forza Yoga<\/strong> &#8211; kojini\u0173 si\u016blai , kai norisi tvirt\u0173, kasdien ne\u0161iojam\u0173 kojini\u0173 ir gra\u017eaus margumo be papildomo vargo. \u0160ie si\u016blai yra i\u0161 Forza linijos: 75% superwash vilna suteikia \u0161ilumos, o 25% poliamido padeda kojin\u0117ms ilgiau i\u0161laikyti nepriekai\u0161ting\u0105 \u012fvaizd\u012f. \u0160ie si\u016blai ypa\u010d tinka kojin\u0117ms, bet mezg\u0117jos juos da\u017enai renkasi ir pir\u0161tin\u0117ms, rie\u0161in\u0117ms ar plonoms kepur\u0117ms \u2013 kai norisi, kad mezginys b\u016bt\u0173 \u0161iltas, bet ne per storas.<\/p>\n<p>*\u0426\u0432\u0435\u0442\u0430, \u043a\u043e\u0442\u043e\u0440\u044b\u0435 \u0432\u044b \u0432\u0438\u0434\u0438\u0442\u0435 \u043d\u0430 \u044d\u043a\u0440\u0430\u043d\u0435, \u043c\u043e\u0433\u0443\u0442 \u043d\u0435\u043c\u043d\u043e\u0433\u043e \u043e\u0442\u043b\u0438\u0447\u0430\u0442\u044c\u0441\u044f \u043e\u0442 \u0444\u0430\u043a\u0442\u0438\u0447\u0435\u0441\u043a\u043e\u0433\u043e \u0446\u0432\u0435\u0442\u0430 \u043d\u0438\u0442\u0438.<\/p>","protected":false},"excerpt":{"rendered":"<p>Sud\u0117tis: 75% vilna , 25% poliamidas<\/p>\n<p>\u0412\u0435\u0441\/\u0434\u043b\u0438\u043d\u0430: 100 \u0433. = \u043f\u0440\u0438\u043c\u0435\u0440\u043d\u043e 420 \u043c.<\/p>\n<p>\u0420\u0435\u043a\u043e\u043c\u0435\u043d\u0434\u0443\u0435\u043c\u044b\u0439 \u0440\u0430\u0437\u043c\u0435\u0440 \u0438\u0433\u043b\u044b: 3 \u043c\u043c.<\/p>\n<p>Rekomenduojamas v\u0105\u0161elio dydis: 3 mm.<\/p>","protected":false},"featured_media":23180,"comment_status":"open","ping_status":"closed","template":"","meta":[],"product_brand":[],"product_cat":[173,4409,177,178,324,3345,174,175,410,255],"product_tag":[],"giftcard-category":[],"class_list":{"0":"post-23179","1":"product","2":"type-product","3":"status-publish","4":"has-post-thumbnail","6":"product_cat-siulai","7":"product_cat-forza-yoga","8":"product_cat-mezgimo-siulai","9":"product_cat-nerimo-siulai","10":"product_cat-poliamidas","11":"product_cat-siulai-kojinems","12":"product_cat-siulu-gamintojai","13":"product_cat-siulu-pluostai","14":"product_cat-vilna","15":"product_cat-yarnart","17":"first","18":"instock","19":"taxable","20":"shipping-taxable","21":"purchasable","22":"product-type-variable"},"_links":{"self":[{"href":"https:\/\/bitessiulai.lt\/ru\/wp-json\/wp\/v2\/product\/23179","targetHints":{"allow":["GET"]}}],"collection":[{"href":"https:\/\/bitessiulai.lt\/ru\/wp-json\/wp\/v2\/product"}],"about":[{"href":"https:\/\/bitessiulai.lt\/ru\/wp-json\/wp\/v2\/types\/product"}],"replies":[{"embeddable":true,"href":"https:\/\/bitessiulai.lt\/ru\/wp-json\/wp\/v2\/comments?post=23179"}],"version-history":[{"count":1,"href":"https:\/\/bitessiulai.lt\/ru\/wp-json\/wp\/v2\/product\/23179\/revisions"}],"predecessor-version":[{"id":23198,"href":"https:\/\/bitessiulai.lt\/ru\/wp-json\/wp\/v2\/product\/23179\/revisions\/23198"}],"wp:featuredmedia":[{"embeddable":true,"href":"https:\/\/bitessiulai.lt\/ru\/wp-json\/wp\/v2\/media\/23180"}],"wp:attachment":[{"href":"https:\/\/bitessiulai.lt\/ru\/wp-json\/wp\/v2\/media?parent=23179"}],"wp:term":[{"taxonomy":"product_brand","embeddable":true,"href":"https:\/\/bitessiulai.lt\/ru\/wp-json\/wp\/v2\/product_brand?post=23179"},{"taxonomy":"product_cat","embeddable":true,"href":"https:\/\/bitessiulai.lt\/ru\/wp-json\/wp\/v2\/product_cat?post=23179"},{"taxonomy":"product_tag","embeddable":true,"href":"https:\/\/bitessiulai.lt\/ru\/wp-json\/wp\/v2\/product_tag?post=23179"},{"taxonomy":"giftcard-category","embeddable":true,"href":"https:\/\/bitessiulai.lt\/ru\/wp-json\/wp\/v2\/giftcard-category?post=23179"}],"curies":[{"name":"wp","href":"https:\/\/api.w.org\/{rel}","templated":true}]}}