{"id":23018,"date":"2026-02-18T12:15:37","date_gmt":"2026-02-18T10:15:37","guid":{"rendered":"https:\/\/bitessiulai.lt\/?post_type=product&#038;p=23018"},"modified":"2026-02-18T12:15:40","modified_gmt":"2026-02-18T10:15:40","slug":"chiaogoo-dvismailiu-metaliniu-virbalu-rinkinys-15-cm","status":"publish","type":"product","link":"https:\/\/bitessiulai.lt\/ru\/product\/chiaogoo-dvismailiu-metaliniu-virbalu-rinkinys-15-cm\/","title":{"rendered":"ChiaoGoo dvismaili\u0173 metalini\u0173 virbal\u0173 rinkinys 15 cm"},"content":{"rendered":"<p>N\u0117ra geresnio laiko \u012fsigyti nuostab\u0173 rinkin\u012f.\u00a0 \u201e<strong>ChiaoGoo dvismaili\u0173 metalini\u0173 virbal\u0173 rinkinys 15 cm<\/strong>\u201c puikiai tiks sukurti k\u0105 nors stulbinan\u010dio. \u0160\u012f kojini\u0173 mezgimo rinkin\u012f sudaro \u0161e\u0161i 15 cm dvismaili\u0173 virbal\u0173 rinkiniai, kuri\u0173 dyd\u017eiai yra 2,00, 2,25, 2,50, 2,75, 3,00 ir 3,25 mm. Rinkinyje yra 12 \u017eymekli\u0173, liniuot\u0117 ir gra\u017eus kompakti\u0161kas med\u017eiaginis d\u0117klas. D\u0117klo i\u0161or\u0117je taip pat yra ki\u0161en\u0117, kuri\u0105 galite tiesiog u\u017etraukti u\u017etrauktuku. Virbalai pagaminti i\u0161 ner\u016bdijan\u010dio plieno.<\/p>\n<p>&nbsp;<\/p>\n<p><img fetchpriority=\"high\" decoding=\"async\" class=\"alignnone size-medium wp-image-23021\" src=\"http:\/\/bitessiulai.lt\/wp-content\/uploads\/2026\/02\/cg6600-2_1-300x300.webp\" alt=\"\" width=\"300\" height=\"300\" srcset=\"https:\/\/bitessiulai.lt\/wp-content\/uploads\/2026\/02\/cg6600-2_1-300x300.webp 300w, https:\/\/bitessiulai.lt\/wp-content\/uploads\/2026\/02\/cg6600-2_1-150x150.webp 150w, https:\/\/bitessiulai.lt\/wp-content\/uploads\/2026\/02\/cg6600-2_1-12x12.webp 12w, https:\/\/bitessiulai.lt\/wp-content\/uploads\/2026\/02\/cg6600-2_1-600x600.webp 600w, https:\/\/bitessiulai.lt\/wp-content\/uploads\/2026\/02\/cg6600-2_1-96x96.webp 96w, https:\/\/bitessiulai.lt\/wp-content\/uploads\/2026\/02\/cg6600-2_1.webp 700w\" sizes=\"(max-width: 300px) 100vw, 300px\" \/> <img decoding=\"async\" class=\"alignnone size-medium wp-image-23022\" src=\"http:\/\/bitessiulai.lt\/wp-content\/uploads\/2026\/02\/cg6600-1_1-300x300.webp\" alt=\"\" width=\"300\" height=\"300\" srcset=\"https:\/\/bitessiulai.lt\/wp-content\/uploads\/2026\/02\/cg6600-1_1-300x300.webp 300w, https:\/\/bitessiulai.lt\/wp-content\/uploads\/2026\/02\/cg6600-1_1-150x150.webp 150w, https:\/\/bitessiulai.lt\/wp-content\/uploads\/2026\/02\/cg6600-1_1-12x12.webp 12w, https:\/\/bitessiulai.lt\/wp-content\/uploads\/2026\/02\/cg6600-1_1-600x600.webp 600w, https:\/\/bitessiulai.lt\/wp-content\/uploads\/2026\/02\/cg6600-1_1-96x96.webp 96w, https:\/\/bitessiulai.lt\/wp-content\/uploads\/2026\/02\/cg6600-1_1.webp 700w\" sizes=\"(max-width: 300px) 100vw, 300px\" \/><\/p>","protected":false},"excerpt":{"rendered":"<p>N\u0117ra geresnio laiko \u012fsigyti nuostab\u0173 rinkin\u012f.\u00a0 \u201eChiaoGoo dvismaili\u0173 metalini\u0173 virbal\u0173 rinkinys 15 cm\u201c puikiai tiks sukurti k\u0105 nors stulbinan\u010dio. \u0160\u012f kojini\u0173 mezgimo rinkin\u012f sudaro \u0161e\u0161i 15 cm dvismaili\u0173 virbal\u0173 rinkiniai, kuri\u0173 dyd\u017eiai yra 2,00, 2,25, 2,50, 2,75, 3,00 ir 3,25 mm. Rinkinyje yra 12 \u017eymekli\u0173, liniuot\u0117 ir gra\u017eus kompakti\u0161kas med\u017eiaginis d\u0117klas. D\u0117klo i\u0161or\u0117je taip pat yra ki\u0161en\u0117, kuri\u0105 galite tiesiog u\u017etraukti u\u017etrauktuku. Virbalai pagaminti i\u0161 ner\u016bdijan\u010dio plieno. &nbsp;<\/p>","protected":false},"featured_media":23019,"comment_status":"open","ping_status":"closed","template":"","meta":[],"product_brand":[],"product_cat":[180,2419,2123,181],"product_tag":[],"giftcard-category":[],"class_list":{"0":"post-23018","1":"product","2":"type-product","3":"status-publish","4":"has-post-thumbnail","6":"product_cat-mezgimo-priemones","7":"product_cat-chiaogoo","8":"product_cat-mezgimo-priemoniu-gamintojai","9":"product_cat-virbalu-rinkiniai","11":"first","12":"instock","13":"taxable","14":"shipping-taxable","15":"purchasable","16":"product-type-simple"},"_links":{"self":[{"href":"https:\/\/bitessiulai.lt\/ru\/wp-json\/wp\/v2\/product\/23018","targetHints":{"allow":["GET"]}}],"collection":[{"href":"https:\/\/bitessiulai.lt\/ru\/wp-json\/wp\/v2\/product"}],"about":[{"href":"https:\/\/bitessiulai.lt\/ru\/wp-json\/wp\/v2\/types\/product"}],"replies":[{"embeddable":true,"href":"https:\/\/bitessiulai.lt\/ru\/wp-json\/wp\/v2\/comments?post=23018"}],"version-history":[{"count":2,"href":"https:\/\/bitessiulai.lt\/ru\/wp-json\/wp\/v2\/product\/23018\/revisions"}],"predecessor-version":[{"id":23024,"href":"https:\/\/bitessiulai.lt\/ru\/wp-json\/wp\/v2\/product\/23018\/revisions\/23024"}],"wp:featuredmedia":[{"embeddable":true,"href":"https:\/\/bitessiulai.lt\/ru\/wp-json\/wp\/v2\/media\/23019"}],"wp:attachment":[{"href":"https:\/\/bitessiulai.lt\/ru\/wp-json\/wp\/v2\/media?parent=23018"}],"wp:term":[{"taxonomy":"product_brand","embeddable":true,"href":"https:\/\/bitessiulai.lt\/ru\/wp-json\/wp\/v2\/product_brand?post=23018"},{"taxonomy":"product_cat","embeddable":true,"href":"https:\/\/bitessiulai.lt\/ru\/wp-json\/wp\/v2\/product_cat?post=23018"},{"taxonomy":"product_tag","embeddable":true,"href":"https:\/\/bitessiulai.lt\/ru\/wp-json\/wp\/v2\/product_tag?post=23018"},{"taxonomy":"giftcard-category","embeddable":true,"href":"https:\/\/bitessiulai.lt\/ru\/wp-json\/wp\/v2\/giftcard-category?post=23018"}],"curies":[{"name":"wp","href":"https:\/\/api.w.org\/{rel}","templated":true}]}}