{"id":22617,"date":"2026-02-07T12:59:58","date_gmt":"2026-02-07T10:59:58","guid":{"rendered":"https:\/\/bitessiulai.lt\/?post_type=product&#038;p=22617"},"modified":"2026-04-10T19:10:27","modified_gmt":"2026-04-10T16:10:27","slug":"drops-pagalbiniai-virbalai-pynems-25mm-4-0mm","status":"publish","type":"product","link":"https:\/\/bitessiulai.lt\/ru\/product\/drops-pagalbiniai-virbalai-pynems-25mm-4-0mm\/","title":{"rendered":"Drops pagalbiniai virbalai pyn\u0117ms (2,5mm., 4.0mm.)"},"content":{"rendered":"<p><strong>Drops pagalbiniai virbalai pyn\u0117ms (2,5mm., 4.0mm.)<\/strong><\/p>\n<p>Pakuot\u0117je yra 2vnt &#8211; 2.5mm ir 4.0mm dyd\u017eio. Skirti megzti pyn\u0117ms.<\/p>\n<p>*\u0426\u0432\u0435\u0442\u0430 \u043d\u0430 \u044d\u043a\u0440\u0430\u043d\u0435 \u043c\u043e\u0433\u0443\u0442 \u043d\u0435\u043c\u043d\u043e\u0433\u043e \u043e\u0442\u043b\u0438\u0447\u0430\u0442\u044c\u0441\u044f \u043e\u0442 \u0440\u0435\u0430\u043b\u044c\u043d\u044b\u0445.<\/p>","protected":false},"excerpt":{"rendered":"<p>Drops pagalbiniai virbalai pyn\u0117ms (2,5mm., 4.0mm.) Pakuot\u0117je yra 2vnt &#8211; 2.5mm ir 4.0mm dyd\u017eio. Skirti megzti pyn\u0117ms. *Ekrane matomos spalvos gali \u0161iek tiek skirtis nuo tikrosios spalvos.<\/p>","protected":false},"featured_media":22621,"comment_status":"open","ping_status":"closed","template":"","meta":[],"product_brand":[],"product_cat":[180,187],"product_tag":[],"giftcard-category":[],"class_list":{"0":"post-22617","1":"product","2":"type-product","3":"status-publish","4":"has-post-thumbnail","6":"product_cat-mezgimo-priemones","7":"product_cat-virbalai-pynems","9":"first","10":"instock","11":"taxable","12":"shipping-taxable","13":"purchasable","14":"product-type-simple"},"_links":{"self":[{"href":"https:\/\/bitessiulai.lt\/ru\/wp-json\/wp\/v2\/product\/22617","targetHints":{"allow":["GET"]}}],"collection":[{"href":"https:\/\/bitessiulai.lt\/ru\/wp-json\/wp\/v2\/product"}],"about":[{"href":"https:\/\/bitessiulai.lt\/ru\/wp-json\/wp\/v2\/types\/product"}],"replies":[{"embeddable":true,"href":"https:\/\/bitessiulai.lt\/ru\/wp-json\/wp\/v2\/comments?post=22617"}],"version-history":[{"count":1,"href":"https:\/\/bitessiulai.lt\/ru\/wp-json\/wp\/v2\/product\/22617\/revisions"}],"predecessor-version":[{"id":22622,"href":"https:\/\/bitessiulai.lt\/ru\/wp-json\/wp\/v2\/product\/22617\/revisions\/22622"}],"wp:featuredmedia":[{"embeddable":true,"href":"https:\/\/bitessiulai.lt\/ru\/wp-json\/wp\/v2\/media\/22621"}],"wp:attachment":[{"href":"https:\/\/bitessiulai.lt\/ru\/wp-json\/wp\/v2\/media?parent=22617"}],"wp:term":[{"taxonomy":"product_brand","embeddable":true,"href":"https:\/\/bitessiulai.lt\/ru\/wp-json\/wp\/v2\/product_brand?post=22617"},{"taxonomy":"product_cat","embeddable":true,"href":"https:\/\/bitessiulai.lt\/ru\/wp-json\/wp\/v2\/product_cat?post=22617"},{"taxonomy":"product_tag","embeddable":true,"href":"https:\/\/bitessiulai.lt\/ru\/wp-json\/wp\/v2\/product_tag?post=22617"},{"taxonomy":"giftcard-category","embeddable":true,"href":"https:\/\/bitessiulai.lt\/ru\/wp-json\/wp\/v2\/giftcard-category?post=22617"}],"curies":[{"name":"wp","href":"https:\/\/api.w.org\/{rel}","templated":true}]}}