{"id":22535,"date":"2026-02-06T21:45:28","date_gmt":"2026-02-06T19:45:28","guid":{"rendered":"https:\/\/bitessiulai.lt\/?post_type=product&#038;p=22535"},"modified":"2026-05-12T14:11:14","modified_gmt":"2026-05-12T11:11:14","slug":"drops-belle","status":"publish","type":"product","link":"https:\/\/bitessiulai.lt\/ru\/product\/drops-belle\/","title":{"rendered":"Drops Belle"},"content":{"rendered":"<p><strong>Drops Belle<\/strong> &#8211; pagaminti i\u0161 nuostabaus medviln\u0117s, viskoz\u0117s ir lino mi\u0161inio, I\u0161tisus metus tinkami megzti si\u016blai, kurie gerai praleid\u017eia or\u0105, yra subtilios tekst\u016bros ir \u017evilga, tod\u0117l puikiai tinka d\u0117v\u0117ti tiesiai ant odos.<\/p>\n<p><strong>Drops Belle<\/strong> si\u016blai\u00a0 suteikia mezginiui prabangos ir i\u0161skirtinumo, bei nat\u016bralumo poj\u016bt\u012f. Skirtingos\u00a0 strukt\u016bros leid\u017eia sukurti \u012fvairius projektus, pritaikytus skirtingoms id\u0117joms ir dizainams. Platus spalv\u0173 pasirinkimas leis atrasti gra\u017eiausi\u0105 derin\u012f. \u0160i si\u016bl\u0173 sud\u0117tis suteikia galimyb\u0119 kurti \u012fvairius stilius, derinant nat\u016bralum\u0105 su i\u0161skirtinumu. Tai puikus pasirinkimas tiek pradedantiesiems, tiek patyrusiems meistrams, kurie siekia sukurti unikalius ir patrauklius tekstil\u0117s gaminius.<\/p>\n<p><img fetchpriority=\"high\" decoding=\"async\" class=\"alignnone size-medium wp-image-22541\" src=\"http:\/\/bitessiulai.lt\/wp-content\/uploads\/2026\/02\/1674b-2-194x300.jpg\" alt=\"\" width=\"194\" height=\"300\" srcset=\"https:\/\/bitessiulai.lt\/wp-content\/uploads\/2026\/02\/1674b-2-194x300.jpg 194w, https:\/\/bitessiulai.lt\/wp-content\/uploads\/2026\/02\/1674b-2-8x12.jpg 8w, https:\/\/bitessiulai.lt\/wp-content\/uploads\/2026\/02\/1674b-2-97x150.jpg 97w, https:\/\/bitessiulai.lt\/wp-content\/uploads\/2026\/02\/1674b-2.jpg 458w\" sizes=\"(max-width: 194px) 100vw, 194px\" \/><img decoding=\"async\" class=\"alignnone size-medium wp-image-22542\" src=\"http:\/\/bitessiulai.lt\/wp-content\/uploads\/2026\/02\/13-2-194x300.jpg\" alt=\"\" width=\"194\" height=\"300\" srcset=\"https:\/\/bitessiulai.lt\/wp-content\/uploads\/2026\/02\/13-2-194x300.jpg 194w, https:\/\/bitessiulai.lt\/wp-content\/uploads\/2026\/02\/13-2-8x12.jpg 8w, https:\/\/bitessiulai.lt\/wp-content\/uploads\/2026\/02\/13-2-97x150.jpg 97w, https:\/\/bitessiulai.lt\/wp-content\/uploads\/2026\/02\/13-2.jpg 458w\" sizes=\"(max-width: 194px) 100vw, 194px\" \/><img decoding=\"async\" class=\"alignnone size-medium wp-image-22543\" src=\"http:\/\/bitessiulai.lt\/wp-content\/uploads\/2026\/02\/21-2-194x300.jpg\" alt=\"\" width=\"194\" height=\"300\" srcset=\"https:\/\/bitessiulai.lt\/wp-content\/uploads\/2026\/02\/21-2-194x300.jpg 194w, https:\/\/bitessiulai.lt\/wp-content\/uploads\/2026\/02\/21-2-8x12.jpg 8w, https:\/\/bitessiulai.lt\/wp-content\/uploads\/2026\/02\/21-2-97x150.jpg 97w, https:\/\/bitessiulai.lt\/wp-content\/uploads\/2026\/02\/21-2.jpg 458w\" sizes=\"(max-width: 194px) 100vw, 194px\" \/><\/p>\n<div class=\"embed-responsive embed-responsive-16by9\"><iframe title=\"DROPS Belle - Everyday luxury!\" width=\"540\" height=\"960\" src=\"https:\/\/www.youtube.com\/embed\/icvAt2x0DqU?feature=oembed\" frameborder=\"0\" allow=\"accelerometer; autoplay; clipboard-write; encrypted-media; gyroscope; picture-in-picture; web-share\" referrerpolicy=\"strict-origin-when-cross-origin\" allowfullscreen><\/iframe><\/div>\n<p>&nbsp;<\/p>\n<p>*\u0426\u0432\u0435\u0442\u0430, \u043a\u043e\u0442\u043e\u0440\u044b\u0435 \u0432\u044b \u0432\u0438\u0434\u0438\u0442\u0435 \u043d\u0430 \u044d\u043a\u0440\u0430\u043d\u0435, \u043c\u043e\u0433\u0443\u0442 \u043d\u0435\u043c\u043d\u043e\u0433\u043e \u043e\u0442\u043b\u0438\u0447\u0430\u0442\u044c\u0441\u044f \u043e\u0442 \u0444\u0430\u043a\u0442\u0438\u0447\u0435\u0441\u043a\u043e\u0433\u043e \u0446\u0432\u0435\u0442\u0430 \u043d\u0438\u0442\u0438.<\/p>\n<p>&nbsp;<\/p>\n<p>&nbsp;<\/p>","protected":false},"excerpt":{"rendered":"<p>Sud\u0117tis: 53% medviln\u0117, 33% viskoz\u0117, 14% linas<\/p>\n<p>\u0412\u0435\u0441\/\u0434\u043b\u0438\u043d\u0430: 50 \u0433. = \u043f\u0440\u0438\u043c\u0435\u0440\u043d\u043e 120 \u043c.<\/p>\n<p>\u0420\u0435\u043a\u043e\u043c\u0435\u043d\u0434\u0443\u0435\u043c\u044b\u0439 \u0440\u0430\u0437\u043c\u0435\u0440 \u0438\u0433\u043b\u044b: 4 \u043c\u043c.<\/p>","protected":false},"featured_media":22536,"comment_status":"open","ping_status":"closed","template":"","meta":[],"product_brand":[],"product_cat":[173,4298,256,217,4299,652,177,174,175,337],"product_tag":[],"giftcard-category":[],"class_list":{"0":"post-22535","1":"product","2":"type-product","3":"status-publish","4":"has-post-thumbnail","6":"product_cat-siulai","7":"product_cat-belle","8":"product_cat-drops","9":"product_cat-isparduotuve","10":"product_cat-linas","11":"product_cat-medvilne","12":"product_cat-mezgimo-siulai","13":"product_cat-siulu-gamintojai","14":"product_cat-siulu-pluostai","15":"product_cat-viskoze","17":"first","18":"instock","19":"sale","20":"taxable","21":"shipping-taxable","22":"purchasable","23":"product-type-variable"},"_links":{"self":[{"href":"https:\/\/bitessiulai.lt\/ru\/wp-json\/wp\/v2\/product\/22535","targetHints":{"allow":["GET"]}}],"collection":[{"href":"https:\/\/bitessiulai.lt\/ru\/wp-json\/wp\/v2\/product"}],"about":[{"href":"https:\/\/bitessiulai.lt\/ru\/wp-json\/wp\/v2\/types\/product"}],"replies":[{"embeddable":true,"href":"https:\/\/bitessiulai.lt\/ru\/wp-json\/wp\/v2\/comments?post=22535"}],"version-history":[{"count":3,"href":"https:\/\/bitessiulai.lt\/ru\/wp-json\/wp\/v2\/product\/22535\/revisions"}],"predecessor-version":[{"id":22593,"href":"https:\/\/bitessiulai.lt\/ru\/wp-json\/wp\/v2\/product\/22535\/revisions\/22593"}],"wp:featuredmedia":[{"embeddable":true,"href":"https:\/\/bitessiulai.lt\/ru\/wp-json\/wp\/v2\/media\/22536"}],"wp:attachment":[{"href":"https:\/\/bitessiulai.lt\/ru\/wp-json\/wp\/v2\/media?parent=22535"}],"wp:term":[{"taxonomy":"product_brand","embeddable":true,"href":"https:\/\/bitessiulai.lt\/ru\/wp-json\/wp\/v2\/product_brand?post=22535"},{"taxonomy":"product_cat","embeddable":true,"href":"https:\/\/bitessiulai.lt\/ru\/wp-json\/wp\/v2\/product_cat?post=22535"},{"taxonomy":"product_tag","embeddable":true,"href":"https:\/\/bitessiulai.lt\/ru\/wp-json\/wp\/v2\/product_tag?post=22535"},{"taxonomy":"giftcard-category","embeddable":true,"href":"https:\/\/bitessiulai.lt\/ru\/wp-json\/wp\/v2\/giftcard-category?post=22535"}],"curies":[{"name":"wp","href":"https:\/\/api.w.org\/{rel}","templated":true}]}}