{"id":22155,"date":"2026-01-23T11:52:58","date_gmt":"2026-01-23T09:52:58","guid":{"rendered":"https:\/\/bitessiulai.lt\/?post_type=product&#038;p=22155"},"modified":"2026-04-17T15:00:25","modified_gmt":"2026-04-17T12:00:25","slug":"stenli-juliet","status":"publish","type":"product","link":"https:\/\/bitessiulai.lt\/ru\/product\/stenli-juliet\/","title":{"rendered":"Stenli Juliet"},"content":{"rendered":"<p><strong>Stenli Juliet <\/strong>&#8211; \u0161veln\u016bs, subtili\u0173 ir ry\u0161ki\u0173 atspalvi\u0173 medvilniniai debes\u0117liai susipina su puriais vilnos ir akrilo pluo\u0161tais, suteikdami netik\u0117t\u0105 \u0161velnum\u0105 jautriai odai. Si\u016blai skland\u017eiai slysta virbalais, neriant neskilin\u0117ja ir u\u017etikrina malonum\u0105 bei pasitik\u0117jim\u0105 savimi rankdarbi\u0173 metu. Rezultatas \u2013 gra\u017ei impresionistin\u0117 palet\u0117, kuri \u012fkvepia gyvyb\u0117s kiekvienam projektui.<\/p>\n<p>Rekomenduojamas kamuoliuk\u0173 kiekis J\u016bs\u0173 projektams:<\/p>\n<ul>\n<li>\u0160alikas 3-5vnt.<\/li>\n<li>K\u016bdiki\u0173 antklod\u0117s 5-10vnt.<\/li>\n<li>Vaiki\u0161ki megztiniai 4-7vnt.<\/li>\n<li>Megztiniui 5-12vnt.<\/li>\n<\/ul>\n<p><img fetchpriority=\"high\" decoding=\"async\" class=\"alignnone size-medium wp-image-22157\" src=\"http:\/\/bitessiulai.lt\/wp-content\/uploads\/2026\/01\/B_1761304165683-20251029080134-583-300x300.jpg\" alt=\"\" width=\"300\" height=\"300\" srcset=\"https:\/\/bitessiulai.lt\/wp-content\/uploads\/2026\/01\/B_1761304165683-20251029080134-583-300x300.jpg 300w, https:\/\/bitessiulai.lt\/wp-content\/uploads\/2026\/01\/B_1761304165683-20251029080134-583-150x150.jpg 150w, https:\/\/bitessiulai.lt\/wp-content\/uploads\/2026\/01\/B_1761304165683-20251029080134-583-12x12.jpg 12w, https:\/\/bitessiulai.lt\/wp-content\/uploads\/2026\/01\/B_1761304165683-20251029080134-583-96x96.jpg 96w, https:\/\/bitessiulai.lt\/wp-content\/uploads\/2026\/01\/B_1761304165683-20251029080134-583.jpg 400w\" sizes=\"(max-width: 300px) 100vw, 300px\" \/> <img decoding=\"async\" class=\"alignnone size-medium wp-image-22158\" src=\"http:\/\/bitessiulai.lt\/wp-content\/uploads\/2026\/01\/B_550762493_1400932428706725_1794797213485536253_n-20250924080042-829-300x300.jpg\" alt=\"\" width=\"300\" height=\"300\" srcset=\"https:\/\/bitessiulai.lt\/wp-content\/uploads\/2026\/01\/B_550762493_1400932428706725_1794797213485536253_n-20250924080042-829-300x300.jpg 300w, https:\/\/bitessiulai.lt\/wp-content\/uploads\/2026\/01\/B_550762493_1400932428706725_1794797213485536253_n-20250924080042-829-150x150.jpg 150w, https:\/\/bitessiulai.lt\/wp-content\/uploads\/2026\/01\/B_550762493_1400932428706725_1794797213485536253_n-20250924080042-829-12x12.jpg 12w, https:\/\/bitessiulai.lt\/wp-content\/uploads\/2026\/01\/B_550762493_1400932428706725_1794797213485536253_n-20250924080042-829-96x96.jpg 96w, https:\/\/bitessiulai.lt\/wp-content\/uploads\/2026\/01\/B_550762493_1400932428706725_1794797213485536253_n-20250924080042-829.jpg 400w\" sizes=\"(max-width: 300px) 100vw, 300px\" \/> <img decoding=\"async\" class=\"alignnone size-medium wp-image-22159\" src=\"http:\/\/bitessiulai.lt\/wp-content\/uploads\/2026\/01\/DSC_9600.JPG-20250904111755-406-300x200.jpg\" alt=\"\" width=\"300\" height=\"200\" srcset=\"https:\/\/bitessiulai.lt\/wp-content\/uploads\/2026\/01\/DSC_9600.JPG-20250904111755-406-300x200.jpg 300w, https:\/\/bitessiulai.lt\/wp-content\/uploads\/2026\/01\/DSC_9600.JPG-20250904111755-406-1024x684.jpg 1024w, https:\/\/bitessiulai.lt\/wp-content\/uploads\/2026\/01\/DSC_9600.JPG-20250904111755-406-768x513.jpg 768w, https:\/\/bitessiulai.lt\/wp-content\/uploads\/2026\/01\/DSC_9600.JPG-20250904111755-406-1536x1025.jpg 1536w, https:\/\/bitessiulai.lt\/wp-content\/uploads\/2026\/01\/DSC_9600.JPG-20250904111755-406-2048x1367.jpg 2048w, https:\/\/bitessiulai.lt\/wp-content\/uploads\/2026\/01\/DSC_9600.JPG-20250904111755-406-18x12.jpg 18w, https:\/\/bitessiulai.lt\/wp-content\/uploads\/2026\/01\/DSC_9600.JPG-20250904111755-406-600x401.jpg 600w, https:\/\/bitessiulai.lt\/wp-content\/uploads\/2026\/01\/DSC_9600.JPG-20250904111755-406-150x100.jpg 150w\" sizes=\"(max-width: 300px) 100vw, 300px\" \/><\/p>\n<p><iframe title=\"\u0425\u0438\u0442\u044a\u0442 \u0442\u043e\u0437\u0438 \u0441\u0435\u0437\u043e\u043d - \u0421\u0442\u0435\u043d\u043b\u0438 \u0416\u0443\u043b\u0438\u0435\u0442\u0430 \u2764\ufe0f\" width=\"640\" height=\"360\" src=\"https:\/\/www.youtube.com\/embed\/WL7tE4gHgOI?feature=oembed\" frameborder=\"0\" allow=\"accelerometer; autoplay; clipboard-write; encrypted-media; gyroscope; picture-in-picture; web-share\" referrerpolicy=\"strict-origin-when-cross-origin\" allowfullscreen><\/iframe><\/p>\n<p>*\u0426\u0432\u0435\u0442\u0430, \u043a\u043e\u0442\u043e\u0440\u044b\u0435 \u0432\u044b \u0432\u0438\u0434\u0438\u0442\u0435 \u043d\u0430 \u044d\u043a\u0440\u0430\u043d\u0435, \u043c\u043e\u0433\u0443\u0442 \u043d\u0435\u043c\u043d\u043e\u0433\u043e \u043e\u0442\u043b\u0438\u0447\u0430\u0442\u044c\u0441\u044f \u043e\u0442 \u0444\u0430\u043a\u0442\u0438\u0447\u0435\u0441\u043a\u043e\u0433\u043e \u0446\u0432\u0435\u0442\u0430 \u043d\u0438\u0442\u0438.<\/p>","protected":false},"excerpt":{"rendered":"<p>Sud\u0117tis: 20% merino vilna, 40% medviln\u0117, 30% akrilas, 10% polietilenas<\/p>\n<p>\u0412\u0435\u0441\/\u0434\u043b\u0438\u043d\u0430: 50 \u0433. = \u043f\u0440\u0438\u043c\u0435\u0440\u043d\u043e 130 \u043c.<\/p>\n<p>\u0420\u0435\u043a\u043e\u043c\u0435\u043d\u0434\u0443\u0435\u043c\u044b\u0439 \u0440\u0430\u0437\u043c\u0435\u0440 \u0438\u0433\u043b\u044b: 5 \u2013 6 \u043c\u043c.<\/p>\n<p>Rekomenduojamas va\u0161elio dydis: 4 &#8211; 7 mm.<\/p>","protected":false},"featured_media":22194,"comment_status":"open","ping_status":"closed","template":"","meta":[],"product_brand":[],"product_cat":[173,326,4254,652,948,177,178,4253,175,1641],"product_tag":[],"giftcard-category":[],"class_list":{"0":"post-22155","1":"product","2":"type-product","3":"status-publish","4":"has-post-thumbnail","6":"product_cat-siulai","7":"product_cat-akrilas","8":"product_cat-juliet","9":"product_cat-medvilne","10":"product_cat-merino-vilna","11":"product_cat-mezgimo-siulai","12":"product_cat-nerimo-siulai","13":"product_cat-polietilenas","14":"product_cat-siulu-pluostai","15":"product_cat-stenli","17":"first","18":"instock","19":"taxable","20":"shipping-taxable","21":"purchasable","22":"product-type-variable"},"_links":{"self":[{"href":"https:\/\/bitessiulai.lt\/ru\/wp-json\/wp\/v2\/product\/22155","targetHints":{"allow":["GET"]}}],"collection":[{"href":"https:\/\/bitessiulai.lt\/ru\/wp-json\/wp\/v2\/product"}],"about":[{"href":"https:\/\/bitessiulai.lt\/ru\/wp-json\/wp\/v2\/types\/product"}],"replies":[{"embeddable":true,"href":"https:\/\/bitessiulai.lt\/ru\/wp-json\/wp\/v2\/comments?post=22155"}],"version-history":[{"count":1,"href":"https:\/\/bitessiulai.lt\/ru\/wp-json\/wp\/v2\/product\/22155\/revisions"}],"predecessor-version":[{"id":22189,"href":"https:\/\/bitessiulai.lt\/ru\/wp-json\/wp\/v2\/product\/22155\/revisions\/22189"}],"wp:featuredmedia":[{"embeddable":true,"href":"https:\/\/bitessiulai.lt\/ru\/wp-json\/wp\/v2\/media\/22194"}],"wp:attachment":[{"href":"https:\/\/bitessiulai.lt\/ru\/wp-json\/wp\/v2\/media?parent=22155"}],"wp:term":[{"taxonomy":"product_brand","embeddable":true,"href":"https:\/\/bitessiulai.lt\/ru\/wp-json\/wp\/v2\/product_brand?post=22155"},{"taxonomy":"product_cat","embeddable":true,"href":"https:\/\/bitessiulai.lt\/ru\/wp-json\/wp\/v2\/product_cat?post=22155"},{"taxonomy":"product_tag","embeddable":true,"href":"https:\/\/bitessiulai.lt\/ru\/wp-json\/wp\/v2\/product_tag?post=22155"},{"taxonomy":"giftcard-category","embeddable":true,"href":"https:\/\/bitessiulai.lt\/ru\/wp-json\/wp\/v2\/giftcard-category?post=22155"}],"curies":[{"name":"wp","href":"https:\/\/api.w.org\/{rel}","templated":true}]}}