{"id":20847,"date":"2025-12-19T09:29:36","date_gmt":"2025-12-19T07:29:36","guid":{"rendered":"https:\/\/bitessiulai.lt\/?post_type=product&#038;p=20847"},"modified":"2026-05-06T13:26:31","modified_gmt":"2026-05-06T10:26:31","slug":"knitpro-zing-midi-13cm-3-5mm-keiciamu-virbalu-rinkinys","status":"publish","type":"product","link":"https:\/\/bitessiulai.lt\/ru\/product\/knitpro-zing-midi-13cm-3-5mm-keiciamu-virbalu-rinkinys\/","title":{"rendered":"KnitPro Zing Midi 13cm 3-5mm kei\u010diam\u0173 virbal\u0173 rinkinys"},"content":{"rendered":"<p><span dir=\"auto\">Spalvingas kei\u010diam\u0173 virbal\u0173 rinkinys\u00a0<\/span><b><span dir=\"auto\">\u201eKnitPro Zing Midi 13cm 3-5mm kei\u010diam\u0173 virbal\u0173 rinkinys<\/span><\/b><span dir=\"auto\">\u201c yra pilnas komplektas su kei\u010diamais mezgimo antgaliais ir priedais. Kiekvienas virbal\u0173 dydis turi savo unikali\u0105 spalv\u0105. Idealiai smail\u0117jantys kei\u010diami antgaliai pagaminti i\u0161 patvaraus ir lengvo, auk\u0161tos kokyb\u0117s aliuminio ir turi lyg\u0173 pavir\u0161i\u0173, kuris garantuoja patog\u0173 mezgim\u0105. Virbal\u0173 antgalius galima lengvai prijungti prie nailono valo naudojant patogi\u0105 var\u017et\u0173 sistem\u0105. Valai yra tvirti ir lankst\u016bs tuo pa\u010diu metu, ir lengvai slysta per akis. Valai galuose turi skylut\u0119, \u012f kuri\u0105 \u012fstatomas valo raktas, kuris pritvirtina virbalo galiuk\u0105 prie valo. Skylut\u0117s taip pat naudingos norint \u012fki\u0161ti gelb\u0117jimo virv\u0119 \u012f mezgin\u012f, kad b\u016bt\u0173 galima saugiai i\u0161imti darb\u0105 arba surinkti i\u0161kritusius akis. <\/span><\/p>\n<p><strong><span dir=\"auto\">\u201eKnitPro Zing Midi\u201c rinkin\u012f sudaro \u0161ie elementai:<\/span><\/strong><\/p>\n<ul>\n<li><strong><span dir=\"auto\">8 poros kei\u010diam\u0173 virbal\u0173, kuri\u0173 ilgis 13 cm, dyd\u017eiai 3,00, 3,25, 3,50, 3,75, 4,00, 4,50 ir 5,00 mm<\/span><\/strong><\/li>\n<li><strong><span dir=\"auto\">3 x valai(1 x 60, 1 x 80 cm ir 1 x 100 cm, bendras ilgis \u012fskaitant virbal\u0173 galiukus)<\/span><\/strong><\/li>\n<li><strong><span dir=\"auto\">4 \u0442\u043e\u0440\u0446\u0435\u0432\u044b\u0435 \u0437\u0430\u0433\u043b\u0443\u0448\u043a\u0438<\/span><\/strong><\/li>\n<li><strong><span dir=\"auto\">2 \u043b\u0438\u043d\u0435\u0439\u043d\u044b\u0435 \u043a\u043b\u0430\u0432\u0438\u0448\u0438<\/span><\/strong><\/li>\n<li><strong><span dir=\"auto\">1 \u043a\u043e\u043c\u043f\u043b\u0435\u043a\u0442 \u043b\u0438\u043d\u0435\u0439\u043d\u044b\u0445 \u0440\u0430\u0437\u044a\u0435\u043c\u043e\u0432<\/span><\/strong><\/li>\n<\/ul>\n<p>&nbsp;<\/p>\n<p><span dir=\"auto\">Rinkinys supakuotas gra\u017eiame \u0161viesiai ro\u017einiame med\u017eiaginiame voke.<\/span><\/p>\n<p><img fetchpriority=\"high\" decoding=\"async\" class=\"alignnone size-medium wp-image-20850\" src=\"http:\/\/bitessiulai.lt\/wp-content\/uploads\/2025\/12\/k47434-7-300x300.webp\" alt=\"\" width=\"300\" height=\"300\" srcset=\"https:\/\/bitessiulai.lt\/wp-content\/uploads\/2025\/12\/k47434-7-300x300.webp 300w, https:\/\/bitessiulai.lt\/wp-content\/uploads\/2025\/12\/k47434-7-150x150.webp 150w, https:\/\/bitessiulai.lt\/wp-content\/uploads\/2025\/12\/k47434-7-12x12.webp 12w, https:\/\/bitessiulai.lt\/wp-content\/uploads\/2025\/12\/k47434-7-96x96.webp 96w, https:\/\/bitessiulai.lt\/wp-content\/uploads\/2025\/12\/k47434-7.webp 583w\" sizes=\"(max-width: 300px) 100vw, 300px\" \/> <img decoding=\"async\" class=\"alignnone size-medium wp-image-20851\" src=\"http:\/\/bitessiulai.lt\/wp-content\/uploads\/2025\/12\/k47434-4-300x300.webp\" alt=\"\" width=\"300\" height=\"300\" srcset=\"https:\/\/bitessiulai.lt\/wp-content\/uploads\/2025\/12\/k47434-4-300x300.webp 300w, https:\/\/bitessiulai.lt\/wp-content\/uploads\/2025\/12\/k47434-4-150x150.webp 150w, https:\/\/bitessiulai.lt\/wp-content\/uploads\/2025\/12\/k47434-4-12x12.webp 12w, https:\/\/bitessiulai.lt\/wp-content\/uploads\/2025\/12\/k47434-4-96x96.webp 96w, https:\/\/bitessiulai.lt\/wp-content\/uploads\/2025\/12\/k47434-4.webp 583w\" sizes=\"(max-width: 300px) 100vw, 300px\" \/> <img decoding=\"async\" class=\"alignnone size-medium wp-image-20852\" src=\"http:\/\/bitessiulai.lt\/wp-content\/uploads\/2025\/12\/k47434-3-300x300.webp\" alt=\"\" width=\"300\" height=\"300\" srcset=\"https:\/\/bitessiulai.lt\/wp-content\/uploads\/2025\/12\/k47434-3-300x300.webp 300w, https:\/\/bitessiulai.lt\/wp-content\/uploads\/2025\/12\/k47434-3-150x150.webp 150w, https:\/\/bitessiulai.lt\/wp-content\/uploads\/2025\/12\/k47434-3-12x12.webp 12w, https:\/\/bitessiulai.lt\/wp-content\/uploads\/2025\/12\/k47434-3-96x96.webp 96w, https:\/\/bitessiulai.lt\/wp-content\/uploads\/2025\/12\/k47434-3.webp 583w\" sizes=\"(max-width: 300px) 100vw, 300px\" \/><\/p>","protected":false},"excerpt":{"rendered":"<p>Spalvingas kei\u010diam\u0173 virbal\u0173 rinkinys\u00a0\u201eKnitPro Zing Midi 13cm 3-5mm kei\u010diam\u0173 virbal\u0173 rinkinys\u201c yra pilnas komplektas su kei\u010diamais mezgimo antgaliais ir priedais. Kiekvienas virbal\u0173 dydis turi savo unikali\u0105 spalv\u0105. Idealiai smail\u0117jantys kei\u010diami antgaliai pagaminti i\u0161 patvaraus ir lengvo, auk\u0161tos kokyb\u0117s aliuminio ir turi lyg\u0173 pavir\u0161i\u0173, kuris garantuoja patog\u0173 mezgim\u0105. Virbal\u0173 antgalius galima lengvai prijungti prie nailono valo naudojant patogi\u0105 var\u017et\u0173 sistem\u0105. Valai yra tvirti ir lankst\u016bs tuo pa\u010diu metu, ir lengvai slysta per akis. Valai galuose turi skylut\u0119, \u012f kuri\u0105 \u012fstatomas valo raktas, kuris pritvirtina virbalo galiuk\u0105 prie valo. Skylut\u0117s taip pat naudingos norint \u012fki\u0161ti gelb\u0117jimo virv\u0119 \u012f mezgin\u012f, kad b\u016bt\u0173 galima saugiai i\u0161imti darb\u0105 arba surinkti i\u0161kritusius akis. \u201eKnitPro Zing Midi\u201c rinkin\u012f sudaro \u0161ie elementai: 8 poros kei\u010diam\u0173 virbal\u0173, kuri\u0173 ilgis 13 cm, dyd\u017eiai 3,00, 3,25, 3,50, 3,75, 4,00, 4,50 ir 5,00 mm 3 x valai(1 x 60, 1 x 80 cm ir 1 x 100 cm, bendras ilgis \u012fskaitant virbal\u0173 galiukus) 4 x galiniai kam\u0161\u010diai 2 x valo raktai 1 x val\u0173 jung\u010di\u0173 rinkinys &nbsp; Rinkinys supakuotas gra\u017eiame \u0161viesiai ro\u017einiame med\u017eiaginiame voke.<\/p>","protected":false},"featured_media":20848,"comment_status":"open","ping_status":"closed","template":"","meta":[],"product_brand":[],"product_cat":[2440,2123,181],"product_tag":[],"giftcard-category":[],"class_list":{"0":"post-20847","1":"product","2":"type-product","3":"status-publish","4":"has-post-thumbnail","6":"product_cat-knitpro","7":"product_cat-mezgimo-priemoniu-gamintojai","8":"product_cat-virbalu-rinkiniai","10":"first","11":"instock","12":"taxable","13":"shipping-taxable","14":"purchasable","15":"product-type-simple"},"_links":{"self":[{"href":"https:\/\/bitessiulai.lt\/ru\/wp-json\/wp\/v2\/product\/20847","targetHints":{"allow":["GET"]}}],"collection":[{"href":"https:\/\/bitessiulai.lt\/ru\/wp-json\/wp\/v2\/product"}],"about":[{"href":"https:\/\/bitessiulai.lt\/ru\/wp-json\/wp\/v2\/types\/product"}],"replies":[{"embeddable":true,"href":"https:\/\/bitessiulai.lt\/ru\/wp-json\/wp\/v2\/comments?post=20847"}],"version-history":[{"count":1,"href":"https:\/\/bitessiulai.lt\/ru\/wp-json\/wp\/v2\/product\/20847\/revisions"}],"predecessor-version":[{"id":20853,"href":"https:\/\/bitessiulai.lt\/ru\/wp-json\/wp\/v2\/product\/20847\/revisions\/20853"}],"wp:featuredmedia":[{"embeddable":true,"href":"https:\/\/bitessiulai.lt\/ru\/wp-json\/wp\/v2\/media\/20848"}],"wp:attachment":[{"href":"https:\/\/bitessiulai.lt\/ru\/wp-json\/wp\/v2\/media?parent=20847"}],"wp:term":[{"taxonomy":"product_brand","embeddable":true,"href":"https:\/\/bitessiulai.lt\/ru\/wp-json\/wp\/v2\/product_brand?post=20847"},{"taxonomy":"product_cat","embeddable":true,"href":"https:\/\/bitessiulai.lt\/ru\/wp-json\/wp\/v2\/product_cat?post=20847"},{"taxonomy":"product_tag","embeddable":true,"href":"https:\/\/bitessiulai.lt\/ru\/wp-json\/wp\/v2\/product_tag?post=20847"},{"taxonomy":"giftcard-category","embeddable":true,"href":"https:\/\/bitessiulai.lt\/ru\/wp-json\/wp\/v2\/giftcard-category?post=20847"}],"curies":[{"name":"wp","href":"https:\/\/api.w.org\/{rel}","templated":true}]}}