{"id":20838,"date":"2025-12-19T09:28:54","date_gmt":"2025-12-19T07:28:54","guid":{"rendered":"https:\/\/bitessiulai.lt\/?post_type=product&#038;p=20838"},"modified":"2025-12-19T09:28:55","modified_gmt":"2025-12-19T07:28:55","slug":"knitpro-zing-mini-5cm-3-6mm-keiciamu-virbalu-rinkinys","status":"publish","type":"product","link":"https:\/\/bitessiulai.lt\/ru\/product\/knitpro-zing-mini-5cm-3-6mm-keiciamu-virbalu-rinkinys\/","title":{"rendered":"KnitPro Zing Mini 5cm 3-6mm kei\u010diam\u0173 virbal\u0173 rinkinys"},"content":{"rendered":"<p><span dir=\"auto\">\u041a\u0440\u0430\u0441\u043e\u0447\u043d\u044b\u0439\u00a0<\/span><b><span dir=\"auto\">\u201eKnitPro Zing Mini 5cm 3-6mm kei\u010diam\u0173 virbal\u0173 rinkinys<\/span><\/b><span dir=\"auto\">\u201c kei\u010diam\u0173 virbal\u0173 rinkinys yra pilnas komplektas su kei\u010diamais virbal\u0173 antgaliais ir priedais. Ypa\u010d trumpi 5 cm kei\u010diami antgaliai idealiai tinka mezgant ma\u017eo skersmens projektus ratu, pavyzd\u017eiui, kojines ir k\u016bdiki\u0173 drabu\u017eius. Kiekvienas dydis turi savo unikali\u0105 spalv\u0105. Idealiai smail\u0117jantys kei\u010diami antgaliai pagaminti i\u0161 patvaraus, lengvo ir auk\u0161tos kokyb\u0117s aliuminio. J\u0173 lygus pavir\u0161ius garantuoja patog\u0173 mezgim\u0105 valand\u0173 valandas. Virbal\u0173 antgalius galima lengvai prijungti prie nailono valo naudojant patogi\u0105 var\u017et\u0173 sistem\u0105. Valai yra tvirti ir lankst\u016bs tuo pa\u010diu metu, ir lengvai slysta per akis. Valai galuose turi skylutes, \u012f kurias \u012fstatomas valo raktas, kuris pritvirtina virbalo galiuk\u0105 prie valo. Skylut\u0117s taip pat naudingos norint \u012fki\u0161ti gelb\u0117jimo virv\u0119 \u012f mezgin\u012f, saugiai i\u0161imti darb\u0105 arba surinkti i\u0161kritusius akis. <\/span><\/p>\n<p><strong><span dir=\"auto\">\u201eKnitPro Zing Mini\u201c rinkin\u012f sudaro \u0161ie elementai:<\/span><\/strong><\/p>\n<ul>\n<li><strong><span dir=\"auto\">8 x 5 cm ilgio kei\u010diam\u0173 virbal\u0173 poros, kuri\u0173 dyd\u017eiai: 3,00, 3,50, 3,75, 4,00, 4,50, 5,00, 5,50 ir 6,00 mm<\/span><\/strong><\/li>\n<li><strong><span dir=\"auto\">4 x valai (2 x 27 cm ir 2 x 30 cm; bendras ilgis, \u012fskaitant virbal\u0173 galiukus)<\/span><\/strong><\/li>\n<li><strong><span dir=\"auto\">4 \u0442\u043e\u0440\u0446\u0435\u0432\u044b\u0435 \u0437\u0430\u0433\u043b\u0443\u0448\u043a\u0438<\/span><\/strong><\/li>\n<li><strong><span dir=\"auto\">2 \u043b\u0438\u043d\u0435\u0439\u043d\u044b\u0435 \u043a\u043b\u0430\u0432\u0438\u0448\u0438<\/span><\/strong><\/li>\n<\/ul>\n<p>&nbsp;<\/p>\n<p><span dir=\"auto\">Rinkinys supakuotas \u0161viesiai rausvame med\u017eiaginiame vokelyje.<\/span><\/p>\n<p><img fetchpriority=\"high\" decoding=\"async\" class=\"alignnone size-medium wp-image-20842\" src=\"http:\/\/bitessiulai.lt\/wp-content\/uploads\/2025\/12\/il_fullxfull.6865928438_ejkp-300x300.jpg\" alt=\"\" width=\"300\" height=\"300\" srcset=\"https:\/\/bitessiulai.lt\/wp-content\/uploads\/2025\/12\/il_fullxfull.6865928438_ejkp-300x300.jpg 300w, https:\/\/bitessiulai.lt\/wp-content\/uploads\/2025\/12\/il_fullxfull.6865928438_ejkp-150x150.jpg 150w, https:\/\/bitessiulai.lt\/wp-content\/uploads\/2025\/12\/il_fullxfull.6865928438_ejkp-768x768.jpg 768w, https:\/\/bitessiulai.lt\/wp-content\/uploads\/2025\/12\/il_fullxfull.6865928438_ejkp-12x12.jpg 12w, https:\/\/bitessiulai.lt\/wp-content\/uploads\/2025\/12\/il_fullxfull.6865928438_ejkp-600x600.jpg 600w, https:\/\/bitessiulai.lt\/wp-content\/uploads\/2025\/12\/il_fullxfull.6865928438_ejkp.jpg 800w\" sizes=\"(max-width: 300px) 100vw, 300px\" \/><\/p>","protected":false},"excerpt":{"rendered":"<p>Spalvingas\u00a0\u201eKnitPro Zing Mini 5cm 3-6mm kei\u010diam\u0173 virbal\u0173 rinkinys\u201c kei\u010diam\u0173 virbal\u0173 rinkinys yra pilnas komplektas su kei\u010diamais virbal\u0173 antgaliais ir priedais. Ypa\u010d trumpi 5 cm kei\u010diami antgaliai idealiai tinka mezgant ma\u017eo skersmens projektus ratu, pavyzd\u017eiui, kojines ir k\u016bdiki\u0173 drabu\u017eius. Kiekvienas dydis turi savo unikali\u0105 spalv\u0105. Idealiai smail\u0117jantys kei\u010diami antgaliai pagaminti i\u0161 patvaraus, lengvo ir auk\u0161tos kokyb\u0117s aliuminio. J\u0173 lygus pavir\u0161ius garantuoja patog\u0173 mezgim\u0105 valand\u0173 valandas. Virbal\u0173 antgalius galima lengvai prijungti prie nailono valo naudojant patogi\u0105 var\u017et\u0173 sistem\u0105. Valai yra tvirti ir lankst\u016bs tuo pa\u010diu metu, ir lengvai slysta per akis. Valai galuose turi skylutes, \u012f kurias \u012fstatomas valo raktas, kuris pritvirtina virbalo galiuk\u0105 prie valo. Skylut\u0117s taip pat naudingos norint \u012fki\u0161ti gelb\u0117jimo virv\u0119 \u012f mezgin\u012f, saugiai i\u0161imti darb\u0105 arba surinkti i\u0161kritusius akis. \u201eKnitPro Zing Mini\u201c rinkin\u012f sudaro \u0161ie elementai: 8 x 5 cm ilgio kei\u010diam\u0173 virbal\u0173 poros, kuri\u0173 dyd\u017eiai: 3,00, 3,50, 3,75, 4,00, 4,50, 5,00, 5,50 ir 6,00 mm 4 x valai (2 x 27 cm ir 2 x 30 cm; bendras ilgis, \u012fskaitant virbal\u0173 galiukus) 4 x galiniai kam\u0161\u010diai 2 x valo raktai &nbsp; Rinkinys supakuotas \u0161viesiai rausvame med\u017eiaginiame vokelyje.<\/p>","protected":false},"featured_media":20839,"comment_status":"open","ping_status":"closed","template":"","meta":[],"product_brand":[],"product_cat":[2440,2123,181],"product_tag":[],"giftcard-category":[],"class_list":{"0":"post-20838","1":"product","2":"type-product","3":"status-publish","4":"has-post-thumbnail","6":"product_cat-knitpro","7":"product_cat-mezgimo-priemoniu-gamintojai","8":"product_cat-virbalu-rinkiniai","10":"first","11":"instock","12":"taxable","13":"shipping-taxable","14":"purchasable","15":"product-type-simple"},"_links":{"self":[{"href":"https:\/\/bitessiulai.lt\/ru\/wp-json\/wp\/v2\/product\/20838","targetHints":{"allow":["GET"]}}],"collection":[{"href":"https:\/\/bitessiulai.lt\/ru\/wp-json\/wp\/v2\/product"}],"about":[{"href":"https:\/\/bitessiulai.lt\/ru\/wp-json\/wp\/v2\/types\/product"}],"replies":[{"embeddable":true,"href":"https:\/\/bitessiulai.lt\/ru\/wp-json\/wp\/v2\/comments?post=20838"}],"version-history":[{"count":3,"href":"https:\/\/bitessiulai.lt\/ru\/wp-json\/wp\/v2\/product\/20838\/revisions"}],"predecessor-version":[{"id":20854,"href":"https:\/\/bitessiulai.lt\/ru\/wp-json\/wp\/v2\/product\/20838\/revisions\/20854"}],"wp:featuredmedia":[{"embeddable":true,"href":"https:\/\/bitessiulai.lt\/ru\/wp-json\/wp\/v2\/media\/20839"}],"wp:attachment":[{"href":"https:\/\/bitessiulai.lt\/ru\/wp-json\/wp\/v2\/media?parent=20838"}],"wp:term":[{"taxonomy":"product_brand","embeddable":true,"href":"https:\/\/bitessiulai.lt\/ru\/wp-json\/wp\/v2\/product_brand?post=20838"},{"taxonomy":"product_cat","embeddable":true,"href":"https:\/\/bitessiulai.lt\/ru\/wp-json\/wp\/v2\/product_cat?post=20838"},{"taxonomy":"product_tag","embeddable":true,"href":"https:\/\/bitessiulai.lt\/ru\/wp-json\/wp\/v2\/product_tag?post=20838"},{"taxonomy":"giftcard-category","embeddable":true,"href":"https:\/\/bitessiulai.lt\/ru\/wp-json\/wp\/v2\/giftcard-category?post=20838"}],"curies":[{"name":"wp","href":"https:\/\/api.w.org\/{rel}","templated":true}]}}