{"id":20823,"date":"2025-12-19T09:30:33","date_gmt":"2025-12-19T07:30:33","guid":{"rendered":"https:\/\/bitessiulai.lt\/?post_type=product&#038;p=20823"},"modified":"2025-12-19T09:30:34","modified_gmt":"2025-12-19T07:30:34","slug":"knitpro-dreamz-spec-5cm-virbalu-rinkinys","status":"publish","type":"product","link":"https:\/\/bitessiulai.lt\/ru\/product\/knitpro-dreamz-spec-5cm-virbalu-rinkinys\/","title":{"rendered":"KnitPro Dreamz Spec 5cm kei\u010diam\u0173 virbal\u0173 rinkinys"},"content":{"rendered":"<p><strong>KnitPro Dreamz Spec 5cm kei\u010diam\u0173 virbal\u0173 rinkinys\u00a0&#8211; <\/strong><span dir=\"auto\">tai nuostabi ry\u0161kiomis spalvomis nuda\u017eyt\u0173 ber\u017eo medienos mezgimo virbal\u0173 kolekcija. Nat\u016brali med\u017eiaga maloniai \u0161velni ir \u0161ilta rankose, ta\u010diau tuo pa\u010diu lengva ir i\u0161skirtinai tvirta.<\/span><\/p>\n<p><span dir=\"auto\">\u0160io \u201eKnitPro Dreamz Special Mini\u201c rinkinio kei\u010diami antgaliai yra 5 cm ilgio, tod\u0117l jie idealiai tinka megzti ma\u017eus projektus, tokius kaip kojin\u0117s, pir\u0161tin\u0117s ir k\u016bdiki\u0173 reikmenys. Virbalai turi palaipsniui smail\u0117jan\u010dius galiukus, kurie u\u017etikrina puik\u0173 dygsnio ai\u0161kum\u0105. Be to, \u0161ie virbalai tinka vis\u0173 tip\u0173 si\u016blams. Novatori\u0161kas jungties dizainas u\u017etikrina skland\u0173 per\u0117jim\u0105 tarp mezgimo galiuko ir valo. Valo dydis ai\u0161kiai matomas ant valo galiuk\u0173. Val\u0105 ir antgalius galima sujungti naudojant pridedam\u0105 valo rakt\u0105. Skylut\u0117s valo raktui taip pat gali b\u016bti naudojamos kaip gelb\u0117jimosi ratas, pavyzd\u017eiui, norint atkurti i\u0161kritusius akis. <\/span><\/p>\n<p><strong><span dir=\"auto\">Piln\u0105 rinkin\u012f sudaro:<\/span><\/strong><\/p>\n<ul>\n<li><strong><span dir=\"auto\">8 x 5 cm ilgio kei\u010diam\u0173 virbal\u0173 poros, kuri\u0173 dyd\u017eiai: 3,00, 3,50, 3,75, 4,00, 4,50, 5,00, 5,50 ir 6,00 mm<\/span><\/strong><\/li>\n<li><strong><span dir=\"auto\">4 x juodi ner\u016bdijan\u010dio plienovalai: 2 x 27 cm ir 2 x 30 cm bendras ilgis, \u012fskaitant virbal\u0173 galiukus<\/span><\/strong><\/li>\n<li><strong><span dir=\"auto\">4 x juodi galiniai kam\u0161\u010diai<\/span><\/strong><\/li>\n<li><strong><span dir=\"auto\">2 \u043b\u0438\u043d\u0435\u0439\u043d\u044b\u0435 \u043a\u043b\u0430\u0432\u0438\u0448\u0438<\/span><\/strong><\/li>\n<\/ul>\n<p><span dir=\"auto\">Visas rinkinys supakuotas gra\u017eiame voke, pasi\u016btame i\u0161 bordo raudonos spalvos audinio. Mai\u0161elis u\u017esegamas spaude<\/span><\/p>\n<p>&nbsp;<\/p>\n<p><img fetchpriority=\"high\" decoding=\"async\" class=\"alignnone size-medium wp-image-20827\" src=\"http:\/\/bitessiulai.lt\/wp-content\/uploads\/2025\/12\/k200631-4-300x300.webp\" alt=\"\" width=\"300\" height=\"300\" srcset=\"https:\/\/bitessiulai.lt\/wp-content\/uploads\/2025\/12\/k200631-4-300x300.webp 300w, https:\/\/bitessiulai.lt\/wp-content\/uploads\/2025\/12\/k200631-4-150x150.webp 150w, https:\/\/bitessiulai.lt\/wp-content\/uploads\/2025\/12\/k200631-4-768x768.webp 768w, https:\/\/bitessiulai.lt\/wp-content\/uploads\/2025\/12\/k200631-4-12x12.webp 12w, https:\/\/bitessiulai.lt\/wp-content\/uploads\/2025\/12\/k200631-4-600x600.webp 600w, https:\/\/bitessiulai.lt\/wp-content\/uploads\/2025\/12\/k200631-4-96x96.webp 96w, https:\/\/bitessiulai.lt\/wp-content\/uploads\/2025\/12\/k200631-4.webp 1000w\" sizes=\"(max-width: 300px) 100vw, 300px\" \/> <img decoding=\"async\" class=\"alignnone size-medium wp-image-20828\" src=\"http:\/\/bitessiulai.lt\/wp-content\/uploads\/2025\/12\/k200631-3_1-300x300.webp\" alt=\"\" width=\"300\" height=\"300\" srcset=\"https:\/\/bitessiulai.lt\/wp-content\/uploads\/2025\/12\/k200631-3_1-300x300.webp 300w, https:\/\/bitessiulai.lt\/wp-content\/uploads\/2025\/12\/k200631-3_1-150x150.webp 150w, https:\/\/bitessiulai.lt\/wp-content\/uploads\/2025\/12\/k200631-3_1-768x768.webp 768w, https:\/\/bitessiulai.lt\/wp-content\/uploads\/2025\/12\/k200631-3_1-12x12.webp 12w, https:\/\/bitessiulai.lt\/wp-content\/uploads\/2025\/12\/k200631-3_1-600x600.webp 600w, https:\/\/bitessiulai.lt\/wp-content\/uploads\/2025\/12\/k200631-3_1-96x96.webp 96w, https:\/\/bitessiulai.lt\/wp-content\/uploads\/2025\/12\/k200631-3_1.webp 1000w\" sizes=\"(max-width: 300px) 100vw, 300px\" \/><\/p>","protected":false},"excerpt":{"rendered":"<p>KnitPro Dreamz Spec 5cm kei\u010diam\u0173 virbal\u0173 rinkinys\u00a0&#8211; tai nuostabi ry\u0161kiomis spalvomis nuda\u017eyt\u0173 ber\u017eo medienos mezgimo virbal\u0173 kolekcija. Nat\u016brali med\u017eiaga maloniai \u0161velni ir \u0161ilta rankose, ta\u010diau tuo pa\u010diu lengva ir i\u0161skirtinai tvirta. \u0160io \u201eKnitPro Dreamz Special Mini\u201c rinkinio kei\u010diami antgaliai yra 5 cm ilgio, tod\u0117l jie idealiai tinka megzti ma\u017eus projektus, tokius kaip kojin\u0117s, pir\u0161tin\u0117s ir k\u016bdiki\u0173 reikmenys. Virbalai turi palaipsniui smail\u0117jan\u010dius galiukus, kurie u\u017etikrina puik\u0173 dygsnio ai\u0161kum\u0105. Be to, \u0161ie virbalai tinka vis\u0173 tip\u0173 si\u016blams. Novatori\u0161kas jungties dizainas u\u017etikrina skland\u0173 per\u0117jim\u0105 tarp mezgimo galiuko ir valo. Valo dydis ai\u0161kiai matomas ant valo galiuk\u0173. Val\u0105 ir antgalius galima sujungti naudojant pridedam\u0105 valo rakt\u0105. Skylut\u0117s valo raktui taip pat gali b\u016bti naudojamos kaip gelb\u0117jimosi ratas, pavyzd\u017eiui, norint atkurti i\u0161kritusius akis. Piln\u0105 rinkin\u012f sudaro: 8 x 5 cm ilgio kei\u010diam\u0173 virbal\u0173 poros, kuri\u0173 dyd\u017eiai: 3,00, 3,50, 3,75, 4,00, 4,50, 5,00, 5,50 ir 6,00 mm 4 x juodi ner\u016bdijan\u010dio plienovalai: 2 x 27 cm ir 2 x 30 cm bendras ilgis, \u012fskaitant virbal\u0173 galiukus 4 x juodi galiniai kam\u0161\u010diai 2 x valo raktai Visas rinkinys supakuotas gra\u017eiame voke, pasi\u016btame i\u0161 bordo raudonos spalvos audinio. Mai\u0161elis u\u017esegamas spaude &nbsp;<\/p>","protected":false},"featured_media":20825,"comment_status":"open","ping_status":"closed","template":"","meta":[],"product_brand":[],"product_cat":[181,2440,2123],"product_tag":[],"giftcard-category":[],"class_list":{"0":"post-20823","1":"product","2":"type-product","3":"status-publish","4":"has-post-thumbnail","6":"product_cat-virbalu-rinkiniai","7":"product_cat-knitpro","8":"product_cat-mezgimo-priemoniu-gamintojai","10":"first","11":"instock","12":"taxable","13":"shipping-taxable","14":"purchasable","15":"product-type-simple"},"_links":{"self":[{"href":"https:\/\/bitessiulai.lt\/ru\/wp-json\/wp\/v2\/product\/20823","targetHints":{"allow":["GET"]}}],"collection":[{"href":"https:\/\/bitessiulai.lt\/ru\/wp-json\/wp\/v2\/product"}],"about":[{"href":"https:\/\/bitessiulai.lt\/ru\/wp-json\/wp\/v2\/types\/product"}],"replies":[{"embeddable":true,"href":"https:\/\/bitessiulai.lt\/ru\/wp-json\/wp\/v2\/comments?post=20823"}],"version-history":[{"count":4,"href":"https:\/\/bitessiulai.lt\/ru\/wp-json\/wp\/v2\/product\/20823\/revisions"}],"predecessor-version":[{"id":20856,"href":"https:\/\/bitessiulai.lt\/ru\/wp-json\/wp\/v2\/product\/20823\/revisions\/20856"}],"wp:featuredmedia":[{"embeddable":true,"href":"https:\/\/bitessiulai.lt\/ru\/wp-json\/wp\/v2\/media\/20825"}],"wp:attachment":[{"href":"https:\/\/bitessiulai.lt\/ru\/wp-json\/wp\/v2\/media?parent=20823"}],"wp:term":[{"taxonomy":"product_brand","embeddable":true,"href":"https:\/\/bitessiulai.lt\/ru\/wp-json\/wp\/v2\/product_brand?post=20823"},{"taxonomy":"product_cat","embeddable":true,"href":"https:\/\/bitessiulai.lt\/ru\/wp-json\/wp\/v2\/product_cat?post=20823"},{"taxonomy":"product_tag","embeddable":true,"href":"https:\/\/bitessiulai.lt\/ru\/wp-json\/wp\/v2\/product_tag?post=20823"},{"taxonomy":"giftcard-category","embeddable":true,"href":"https:\/\/bitessiulai.lt\/ru\/wp-json\/wp\/v2\/giftcard-category?post=20823"}],"curies":[{"name":"wp","href":"https:\/\/api.w.org\/{rel}","templated":true}]}}