{"id":20088,"date":"2025-12-02T15:51:41","date_gmt":"2025-12-02T13:51:41","guid":{"rendered":"https:\/\/bitessiulai.lt\/?post_type=product&#038;p=20088"},"modified":"2026-01-12T20:49:22","modified_gmt":"2026-01-12T18:49:22","slug":"della-q-everyday-train-case-mezgejos-krepsys","status":"publish","type":"product","link":"https:\/\/bitessiulai.lt\/ru\/product\/della-q-everyday-train-case-mezgejos-krepsys\/","title":{"rendered":"Della Q Everyday train case Mezg\u0117jos krep\u0161ys"},"content":{"rendered":"<p><span dir=\"auto\" style=\"letter-spacing: 0px;\">Stilingai ne\u0161iokit\u0117s savo rankdarbi\u0173 reikmenis su \u0161iuo <\/span><b style=\"letter-spacing: 0px;\"><span dir=\"auto\">\u201eDella Q Everyday train case Mezg\u0117jos krep\u0161ys&#8221;<\/span><\/b><span dir=\"auto\" style=\"letter-spacing: 0px;\"> . \u0160\u012f tvirt\u0105 lagamin\u0105 galite be joki\u0173 problem\u0173 pasiimti su savimi keliaujant ir jis yra pakankamai erdvus mezgimo ar n\u0117rimo projektams bei priedams. \u017dinoma, lagaminas tinka ir kitiems tikslams, pavyzd\u017eiui, kaip kosmetikos d\u0117kl\u0105. D\u0117kle telpa kelios si\u016bl\u0173 sruogos arba kamuoliukai. Pa\u010dius si\u016blus galima \u012fvesti per U formos ang\u0105 abiejose pus\u0117se, kad gal\u0117tum\u0117te t\u0119sti darb\u0105 su projektu net ir u\u017edaryti d\u0117kl\u0105. D\u0117klo \u012fd\u0117klas (apytiksliai 27,9 x 14,6 x 2,5 cm) suteikia vietos vis\u0173 r\u016b\u0161i\u0173 priedams ir reikmenims. Vir\u0161uje yra galingi magnetai \u2013 naudingi, pavyzd\u017eiui, pritvirtinant mezgimo ar n\u0117rimo ra\u0161t\u0105, kad b\u016bt\u0173 galima greitai ir lengvai perskaityti. D\u0117klas turi dvi nuimamas rankenas (15,2 cm ilgio) ir reguliuojamo ilgio pe\u010di\u0173 dir\u017eel\u012f (maks. 88,9 cm). D\u0117l keturi\u0173 apa\u010dioje esan\u010di\u0173 kojeli\u0173 lagaminas tvirtai stovi. I\u0161or\u0117 pagaminta i\u0161 tvirtos drob\u0117s (va\u0161kin\u0117s med\u017eiagos) su dirbtin\u0117s odos detal\u0117mis, o vidus \u2013 i\u0161 polietileno tereftalato (PET). Galima \u012fsigyti \u012fvairi\u0173 gra\u017ei\u0173 spalv\u0173. \u201eDella Q\u201c d\u0117klo matmenys: ilgis \u2013 30,5 cm, plotis \u2013 15,3 cm, auk\u0161tis \u2013 12,7 cm. \u012e komplekt\u0105 \u012feina 3 lotoso formos si\u016bli\u0173 \u017eymekliai, 1 gobeleno adata ir 1 u\u017era\u0161\u0173 knygel\u0117.<\/span><\/p>\n<p>&nbsp;<\/p>\n<p><img fetchpriority=\"high\" decoding=\"async\" class=\"alignnone size-medium wp-image-20092\" src=\"http:\/\/bitessiulai.lt\/wp-content\/uploads\/2025\/12\/MakersTrainCase-interior2-300x300.webp\" alt=\"\" width=\"300\" height=\"300\" srcset=\"https:\/\/bitessiulai.lt\/wp-content\/uploads\/2025\/12\/MakersTrainCase-interior2-300x300.webp 300w, https:\/\/bitessiulai.lt\/wp-content\/uploads\/2025\/12\/MakersTrainCase-interior2-1024x1024.webp 1024w, https:\/\/bitessiulai.lt\/wp-content\/uploads\/2025\/12\/MakersTrainCase-interior2-150x150.webp 150w, https:\/\/bitessiulai.lt\/wp-content\/uploads\/2025\/12\/MakersTrainCase-interior2-768x768.webp 768w, https:\/\/bitessiulai.lt\/wp-content\/uploads\/2025\/12\/MakersTrainCase-interior2-12x12.webp 12w, https:\/\/bitessiulai.lt\/wp-content\/uploads\/2025\/12\/MakersTrainCase-interior2-600x600.webp 600w, https:\/\/bitessiulai.lt\/wp-content\/uploads\/2025\/12\/MakersTrainCase-interior2-96x96.webp 96w, https:\/\/bitessiulai.lt\/wp-content\/uploads\/2025\/12\/MakersTrainCase-interior2.webp 1200w\" sizes=\"(max-width: 300px) 100vw, 300px\" \/><img decoding=\"async\" class=\"alignnone size-full wp-image-20093\" src=\"http:\/\/bitessiulai.lt\/wp-content\/uploads\/2025\/12\/images.jpg\" alt=\"\" width=\"246\" height=\"205\" srcset=\"https:\/\/bitessiulai.lt\/wp-content\/uploads\/2025\/12\/images.jpg 246w, https:\/\/bitessiulai.lt\/wp-content\/uploads\/2025\/12\/images-14x12.jpg 14w, https:\/\/bitessiulai.lt\/wp-content\/uploads\/2025\/12\/images-150x125.jpg 150w\" sizes=\"(max-width: 246px) 100vw, 246px\" \/><img decoding=\"async\" class=\"alignnone size-medium wp-image-20094\" src=\"http:\/\/bitessiulai.lt\/wp-content\/uploads\/2025\/12\/train_case_400x-300x200.webp\" alt=\"\" width=\"300\" height=\"200\" srcset=\"https:\/\/bitessiulai.lt\/wp-content\/uploads\/2025\/12\/train_case_400x-300x200.webp 300w, https:\/\/bitessiulai.lt\/wp-content\/uploads\/2025\/12\/train_case_400x-18x12.webp 18w, https:\/\/bitessiulai.lt\/wp-content\/uploads\/2025\/12\/train_case_400x-150x100.webp 150w, https:\/\/bitessiulai.lt\/wp-content\/uploads\/2025\/12\/train_case_400x.webp 400w\" sizes=\"(max-width: 300px) 100vw, 300px\" \/><img loading=\"lazy\" decoding=\"async\" class=\"alignnone size-medium wp-image-20095\" src=\"http:\/\/bitessiulai.lt\/wp-content\/uploads\/2025\/12\/Screenshot2023-06-13164307_1080x-234x300.webp\" alt=\"\" width=\"234\" height=\"300\" srcset=\"https:\/\/bitessiulai.lt\/wp-content\/uploads\/2025\/12\/Screenshot2023-06-13164307_1080x-234x300.webp 234w, https:\/\/bitessiulai.lt\/wp-content\/uploads\/2025\/12\/Screenshot2023-06-13164307_1080x-9x12.webp 9w, https:\/\/bitessiulai.lt\/wp-content\/uploads\/2025\/12\/Screenshot2023-06-13164307_1080x-600x768.webp 600w, https:\/\/bitessiulai.lt\/wp-content\/uploads\/2025\/12\/Screenshot2023-06-13164307_1080x-117x150.webp 117w, https:\/\/bitessiulai.lt\/wp-content\/uploads\/2025\/12\/Screenshot2023-06-13164307_1080x.webp 652w\" sizes=\"(max-width: 234px) 100vw, 234px\" \/><\/p>\n<p>*\u0426\u0432\u0435\u0442\u0430 \u043d\u0430 \u044d\u043a\u0440\u0430\u043d\u0435 \u043c\u043e\u0433\u0443\u0442 \u043d\u0435\u043c\u043d\u043e\u0433\u043e \u043e\u0442\u043b\u0438\u0447\u0430\u0442\u044c\u0441\u044f \u043e\u0442 \u0440\u0435\u0430\u043b\u044c\u043d\u044b\u0445.<\/p>\n<p>&nbsp;<\/p>","protected":false},"excerpt":{"rendered":"<h5><\/h5>","protected":false},"featured_media":20089,"comment_status":"open","ping_status":"closed","template":"","meta":[],"product_brand":[],"product_cat":[192,199,217,3718],"product_tag":[],"giftcard-category":[],"class_list":{"0":"post-20088","1":"product","2":"type-product","3":"status-publish","4":"has-post-thumbnail","6":"product_cat-priedai-mezgimui","7":"product_cat-deklai-krepsiai","8":"product_cat-isparduotuve","9":"product_cat-naujienos","11":"first","12":"instock","13":"sale","14":"taxable","15":"shipping-taxable","16":"purchasable","17":"product-type-variable"},"_links":{"self":[{"href":"https:\/\/bitessiulai.lt\/ru\/wp-json\/wp\/v2\/product\/20088","targetHints":{"allow":["GET"]}}],"collection":[{"href":"https:\/\/bitessiulai.lt\/ru\/wp-json\/wp\/v2\/product"}],"about":[{"href":"https:\/\/bitessiulai.lt\/ru\/wp-json\/wp\/v2\/types\/product"}],"replies":[{"embeddable":true,"href":"https:\/\/bitessiulai.lt\/ru\/wp-json\/wp\/v2\/comments?post=20088"}],"version-history":[{"count":0,"href":"https:\/\/bitessiulai.lt\/ru\/wp-json\/wp\/v2\/product\/20088\/revisions"}],"wp:featuredmedia":[{"embeddable":true,"href":"https:\/\/bitessiulai.lt\/ru\/wp-json\/wp\/v2\/media\/20089"}],"wp:attachment":[{"href":"https:\/\/bitessiulai.lt\/ru\/wp-json\/wp\/v2\/media?parent=20088"}],"wp:term":[{"taxonomy":"product_brand","embeddable":true,"href":"https:\/\/bitessiulai.lt\/ru\/wp-json\/wp\/v2\/product_brand?post=20088"},{"taxonomy":"product_cat","embeddable":true,"href":"https:\/\/bitessiulai.lt\/ru\/wp-json\/wp\/v2\/product_cat?post=20088"},{"taxonomy":"product_tag","embeddable":true,"href":"https:\/\/bitessiulai.lt\/ru\/wp-json\/wp\/v2\/product_tag?post=20088"},{"taxonomy":"giftcard-category","embeddable":true,"href":"https:\/\/bitessiulai.lt\/ru\/wp-json\/wp\/v2\/giftcard-category?post=20088"}],"curies":[{"name":"wp","href":"https:\/\/api.w.org\/{rel}","templated":true}]}}