{"id":19909,"date":"2025-11-27T17:19:49","date_gmt":"2025-11-27T15:19:49","guid":{"rendered":"https:\/\/bitessiulai.lt\/?post_type=product&#038;p=19909"},"modified":"2026-04-26T12:47:17","modified_gmt":"2026-04-26T09:47:17","slug":"yarnart-forza-stripe","status":"publish","type":"product","link":"https:\/\/bitessiulai.lt\/ru\/product\/yarnart-forza-stripe\/","title":{"rendered":"YarnArt Forza Stripe"},"content":{"rendered":"<p><strong>YarnArt Forza Stripe<\/strong> &#8211; itin margas ir spalvotas si\u016blas, kuris J\u016bs\u0173 projektams suteiks gyvyb\u0117s. Puikiai tinkantis megztiniams, kojin\u0117ms, \u0161alikams ar kitiem mezginiams.<\/p>\n<p><img fetchpriority=\"high\" decoding=\"async\" class=\"alignnone size-medium wp-image-19913\" src=\"http:\/\/bitessiulai.lt\/wp-content\/uploads\/2025\/11\/YARNART_FORZA_STRIPE_2810_ORGU-600x600-1-300x300.jpg\" alt=\"\" width=\"300\" height=\"300\" srcset=\"https:\/\/bitessiulai.lt\/wp-content\/uploads\/2025\/11\/YARNART_FORZA_STRIPE_2810_ORGU-600x600-1-300x300.jpg 300w, https:\/\/bitessiulai.lt\/wp-content\/uploads\/2025\/11\/YARNART_FORZA_STRIPE_2810_ORGU-600x600-1-150x150.jpg 150w, https:\/\/bitessiulai.lt\/wp-content\/uploads\/2025\/11\/YARNART_FORZA_STRIPE_2810_ORGU-600x600-1-12x12.jpg 12w, https:\/\/bitessiulai.lt\/wp-content\/uploads\/2025\/11\/YARNART_FORZA_STRIPE_2810_ORGU-600x600-1-96x96.jpg 96w, https:\/\/bitessiulai.lt\/wp-content\/uploads\/2025\/11\/YARNART_FORZA_STRIPE_2810_ORGU-600x600-1.jpg 600w\" sizes=\"(max-width: 300px) 100vw, 300px\" \/> <img decoding=\"async\" class=\"alignnone size-medium wp-image-19914\" src=\"http:\/\/bitessiulai.lt\/wp-content\/uploads\/2025\/11\/Yarnart3134_FORZA_STRIPE_WEB-600x600-1-300x300.jpg\" alt=\"\" width=\"300\" height=\"300\" srcset=\"https:\/\/bitessiulai.lt\/wp-content\/uploads\/2025\/11\/Yarnart3134_FORZA_STRIPE_WEB-600x600-1-300x300.jpg 300w, https:\/\/bitessiulai.lt\/wp-content\/uploads\/2025\/11\/Yarnart3134_FORZA_STRIPE_WEB-600x600-1-150x150.jpg 150w, https:\/\/bitessiulai.lt\/wp-content\/uploads\/2025\/11\/Yarnart3134_FORZA_STRIPE_WEB-600x600-1-12x12.jpg 12w, https:\/\/bitessiulai.lt\/wp-content\/uploads\/2025\/11\/Yarnart3134_FORZA_STRIPE_WEB-600x600-1-96x96.jpg 96w, https:\/\/bitessiulai.lt\/wp-content\/uploads\/2025\/11\/Yarnart3134_FORZA_STRIPE_WEB-600x600-1.jpg 600w\" sizes=\"(max-width: 300px) 100vw, 300px\" \/> <img decoding=\"async\" class=\"alignnone size-medium wp-image-19915\" src=\"http:\/\/bitessiulai.lt\/wp-content\/uploads\/2025\/11\/Yarnart3336_FORZA_STRIPE_WEB-600x600-1-300x300.jpg\" alt=\"\" width=\"300\" height=\"300\" srcset=\"https:\/\/bitessiulai.lt\/wp-content\/uploads\/2025\/11\/Yarnart3336_FORZA_STRIPE_WEB-600x600-1-300x300.jpg 300w, https:\/\/bitessiulai.lt\/wp-content\/uploads\/2025\/11\/Yarnart3336_FORZA_STRIPE_WEB-600x600-1-150x150.jpg 150w, https:\/\/bitessiulai.lt\/wp-content\/uploads\/2025\/11\/Yarnart3336_FORZA_STRIPE_WEB-600x600-1-12x12.jpg 12w, https:\/\/bitessiulai.lt\/wp-content\/uploads\/2025\/11\/Yarnart3336_FORZA_STRIPE_WEB-600x600-1-96x96.jpg 96w, https:\/\/bitessiulai.lt\/wp-content\/uploads\/2025\/11\/Yarnart3336_FORZA_STRIPE_WEB-600x600-1.jpg 600w\" sizes=\"(max-width: 300px) 100vw, 300px\" \/><\/p>\n<p>*\u0426\u0432\u0435\u0442\u0430, \u043a\u043e\u0442\u043e\u0440\u044b\u0435 \u0432\u044b \u0432\u0438\u0434\u0438\u0442\u0435 \u043d\u0430 \u044d\u043a\u0440\u0430\u043d\u0435, \u043c\u043e\u0433\u0443\u0442 \u043d\u0435\u043c\u043d\u043e\u0433\u043e \u043e\u0442\u043b\u0438\u0447\u0430\u0442\u044c\u0441\u044f \u043e\u0442 \u0444\u0430\u043a\u0442\u0438\u0447\u0435\u0441\u043a\u043e\u0433\u043e \u0446\u0432\u0435\u0442\u0430 \u043d\u0438\u0442\u0438.<\/p>","protected":false},"excerpt":{"rendered":"<p>\u0421\u043e\u0441\u0442\u0430\u0432: \u0448\u0435\u0440\u0441\u0442\u044c 75%, \u043f\u043e\u043b\u0438\u0430\u043c\u0438\u0434 25%<\/p>\n<p>\u0412\u0435\u0441\/\u0434\u043b\u0438\u043d\u0430: 100 \u0433. = \u043f\u0440\u0438\u043c\u0435\u0440\u043d\u043e 420 \u043c.<\/p>\n<p>\u0420\u0435\u043a\u043e\u043c\u0435\u043d\u0434\u0443\u0435\u043c\u044b\u0439 \u0440\u0430\u0437\u043c\u0435\u0440 \u0438\u0433\u043b\u044b: 3 \u043c\u043c.<\/p>\n<p>\u0420\u0435\u043a\u043e\u043c\u0435\u043d\u0434\u0443\u0435\u043c\u044b\u0439 \u0440\u0430\u0437\u043c\u0435\u0440 \u0438\u0433\u043b\u044b: 3 \u043c\u043c.<\/p>","protected":false},"featured_media":19911,"comment_status":"open","ping_status":"closed","template":"","meta":[],"product_brand":[],"product_cat":[173,4004,177,3718,178,324,3345,174,175,410,255],"product_tag":[],"giftcard-category":[],"class_list":{"0":"post-19909","1":"product","2":"type-product","3":"status-publish","4":"has-post-thumbnail","6":"product_cat-siulai","7":"product_cat-forza-stripe","8":"product_cat-mezgimo-siulai","9":"product_cat-naujienos","10":"product_cat-nerimo-siulai","11":"product_cat-poliamidas","12":"product_cat-siulai-kojinems","13":"product_cat-siulu-gamintojai","14":"product_cat-siulu-pluostai","15":"product_cat-vilna","16":"product_cat-yarnart","18":"first","19":"instock","20":"taxable","21":"shipping-taxable","22":"purchasable","23":"product-type-variable"},"_links":{"self":[{"href":"https:\/\/bitessiulai.lt\/ru\/wp-json\/wp\/v2\/product\/19909","targetHints":{"allow":["GET"]}}],"collection":[{"href":"https:\/\/bitessiulai.lt\/ru\/wp-json\/wp\/v2\/product"}],"about":[{"href":"https:\/\/bitessiulai.lt\/ru\/wp-json\/wp\/v2\/types\/product"}],"replies":[{"embeddable":true,"href":"https:\/\/bitessiulai.lt\/ru\/wp-json\/wp\/v2\/comments?post=19909"}],"version-history":[{"count":0,"href":"https:\/\/bitessiulai.lt\/ru\/wp-json\/wp\/v2\/product\/19909\/revisions"}],"wp:featuredmedia":[{"embeddable":true,"href":"https:\/\/bitessiulai.lt\/ru\/wp-json\/wp\/v2\/media\/19911"}],"wp:attachment":[{"href":"https:\/\/bitessiulai.lt\/ru\/wp-json\/wp\/v2\/media?parent=19909"}],"wp:term":[{"taxonomy":"product_brand","embeddable":true,"href":"https:\/\/bitessiulai.lt\/ru\/wp-json\/wp\/v2\/product_brand?post=19909"},{"taxonomy":"product_cat","embeddable":true,"href":"https:\/\/bitessiulai.lt\/ru\/wp-json\/wp\/v2\/product_cat?post=19909"},{"taxonomy":"product_tag","embeddable":true,"href":"https:\/\/bitessiulai.lt\/ru\/wp-json\/wp\/v2\/product_tag?post=19909"},{"taxonomy":"giftcard-category","embeddable":true,"href":"https:\/\/bitessiulai.lt\/ru\/wp-json\/wp\/v2\/giftcard-category?post=19909"}],"curies":[{"name":"wp","href":"https:\/\/api.w.org\/{rel}","templated":true}]}}