{"id":18195,"date":"2025-10-09T17:09:26","date_gmt":"2025-10-09T14:09:26","guid":{"rendered":"https:\/\/bitessiulai.lt\/?post_type=product&#038;p=18195"},"modified":"2025-10-15T12:27:48","modified_gmt":"2025-10-15T09:27:48","slug":"knitpro-symfonie-rose-deluxe-virbalu-rinkinys","status":"publish","type":"product","link":"https:\/\/bitessiulai.lt\/ru\/product\/knitpro-symfonie-rose-deluxe-virbalu-rinkinys\/","title":{"rendered":"\u041d\u0430\u0431\u043e\u0440 \u0438\u0433\u043b KnitPro Symfonie Rose Deluxe"},"content":{"rendered":"<p><span dir=\"auto\"><strong> \u041d\u0430\u0431\u043e\u0440 \u0438\u0433\u043b KnitPro Symfonie Rose Deluxe<\/strong> \u2013 \u044d\u0442\u043e \u043f\u0440\u0435\u043a\u0440\u0430\u0441\u043d\u044b\u0439 \u043d\u0430\u0431\u043e\u0440 \u0441\u043c\u0435\u043d\u043d\u044b\u0445 \u0441\u043f\u0438\u0446 \u0438\u0437 \u043a\u0440\u0430\u0441\u043d\u043e\u0432\u0430\u0442\u043e-\u043a\u043e\u0440\u0438\u0447\u043d\u0435\u0432\u043e\u0433\u043e \u043f\u043e\u043b\u0438\u0440\u043e\u0432\u0430\u043d\u043d\u043e\u0433\u043e \u0434\u0435\u0440\u0435\u0432\u0430. \u0421\u043f\u0438\u0446\u044b \u043b\u0451\u0433\u043a\u0438\u0435 \u0438 \u0443\u0434\u0438\u0432\u0438\u0442\u0435\u043b\u044c\u043d\u043e \u0442\u0451\u043f\u043b\u044b\u0435, \u043f\u043e\u044d\u0442\u043e\u043c\u0443 \u0432\u044b \u0441\u043c\u043e\u0436\u0435\u0442\u0435 \u0432\u044f\u0437\u0430\u0442\u044c \u0447\u0430\u0441\u0430\u043c\u0438, \u043d\u0435 \u0443\u0441\u0442\u0430\u0432\u0430\u044f.<\/span><\/p>\n<p><span dir=\"auto\"> \u0412 \u043d\u0430\u0431\u043e\u0440 \u0441\u043c\u0435\u043d\u043d\u044b\u0445 \u0441\u043f\u0438\u0446 Knitpro Symfonie Rose Deluxe \u0432\u0445\u043e\u0434\u044f\u0442 \u0441\u043b\u0435\u0434\u0443\u044e\u0449\u0438\u0435 \u043f\u0440\u0435\u0434\u043c\u0435\u0442\u044b:<\/span><\/p>\n<ul>\n<li><span dir=\"auto\">8 \u043f\u0430\u0440 \u0441\u043c\u0435\u043d\u043d\u044b\u0445 \u0438\u0433\u043b \u0440\u0430\u0437\u043c\u0435\u0440\u043e\u043c: 3,50, 4,00, 4,50, 5,00, 5,50, 6,00, 7,00 \u0438 8,00 \u043c\u043c<\/span><\/li>\n<li><span dir=\"auto\">4 \u043b\u0435\u0441\u043a\u0438: 1 x 60, 2 x 80 \u0438 1 x 100 \u0441\u043c \u0434\u043b\u0438\u043d\u043e\u0439, \u0432\u043a\u043b\u044e\u0447\u0430\u044f \u043a\u043e\u043d\u0447\u0438\u043a\u0438 \u0443\u0434\u0438\u043b\u0438\u0449<\/span><\/li>\n<li><span dir=\"auto\">8 \u0437\u0430\u0433\u043b\u0443\u0448\u0435\u043a<\/span><\/li>\n<li><span dir=\"auto\">4 \u0433\u0430\u0435\u0447\u043d\u044b\u0445 \u043a\u043b\u044e\u0447\u0430<\/span><\/li>\n<li><span dir=\"auto\">1 \u043a\u043e\u043c\u043f\u043b\u0435\u043a\u0442 \u043b\u0438\u043d\u0435\u0439\u043d\u044b\u0445 \u0440\u0430\u0437\u044a\u0435\u043c\u043e\u0432<\/span><\/li>\n<li><span dir=\"auto\">1 x \u0441\u0443\u043c\u043a\u0430 \u0434\u043b\u044f \u0430\u043a\u0441\u0435\u0441\u0441\u0443\u0430\u0440\u043e\u0432 \u043d\u0430 \u043c\u043e\u043b\u043d\u0438\u0438 \u0438\u0437 \u0442\u043a\u0430\u043d\u0438 \u0437\u043e\u043b\u043e\u0442\u0438\u0441\u0442\u043e\u0433\u043e \u0446\u0432\u0435\u0442\u0430<\/span><\/li>\n<\/ul>\n<p><span dir=\"auto\">\u041d\u0430\u0431\u043e\u0440 \u0443\u043f\u0430\u043a\u043e\u0432\u0430\u043d \u0432 \u0440\u043e\u0441\u043a\u043e\u0448\u043d\u0443\u044e \u043d\u0435\u0436\u043d\u043e-\u0440\u043e\u0437\u043e\u0432\u0443\u044e \u043a\u043e\u0440\u043e\u0431\u043a\u0443 \u0441 \u0437\u043e\u043b\u043e\u0442\u044b\u043c \u043f\u0440\u0438\u043d\u0442\u043e\u043c.\u00a0<\/span><\/p>\n<p><img fetchpriority=\"high\" decoding=\"async\" class=\"alignnone size-medium wp-image-18198\" src=\"http:\/\/bitessiulai.lt\/wp-content\/uploads\/2025\/10\/K20718-3-300x300.webp\" alt=\"\" width=\"300\" height=\"300\" srcset=\"https:\/\/bitessiulai.lt\/wp-content\/uploads\/2025\/10\/K20718-3-300x300.webp 300w, https:\/\/bitessiulai.lt\/wp-content\/uploads\/2025\/10\/K20718-3-150x150.webp 150w, https:\/\/bitessiulai.lt\/wp-content\/uploads\/2025\/10\/K20718-3-12x12.webp 12w, https:\/\/bitessiulai.lt\/wp-content\/uploads\/2025\/10\/K20718-3-600x600.webp 600w, https:\/\/bitessiulai.lt\/wp-content\/uploads\/2025\/10\/K20718-3-96x96.webp 96w, https:\/\/bitessiulai.lt\/wp-content\/uploads\/2025\/10\/K20718-3.webp 700w\" sizes=\"(max-width: 300px) 100vw, 300px\" \/> <img decoding=\"async\" class=\"alignnone size-medium wp-image-18199\" src=\"http:\/\/bitessiulai.lt\/wp-content\/uploads\/2025\/10\/K20718-4-300x300.webp\" alt=\"\" width=\"300\" height=\"300\" srcset=\"https:\/\/bitessiulai.lt\/wp-content\/uploads\/2025\/10\/K20718-4-300x300.webp 300w, https:\/\/bitessiulai.lt\/wp-content\/uploads\/2025\/10\/K20718-4-150x150.webp 150w, https:\/\/bitessiulai.lt\/wp-content\/uploads\/2025\/10\/K20718-4-12x12.webp 12w, https:\/\/bitessiulai.lt\/wp-content\/uploads\/2025\/10\/K20718-4-600x600.webp 600w, https:\/\/bitessiulai.lt\/wp-content\/uploads\/2025\/10\/K20718-4-96x96.webp 96w, https:\/\/bitessiulai.lt\/wp-content\/uploads\/2025\/10\/K20718-4.webp 700w\" sizes=\"(max-width: 300px) 100vw, 300px\" \/><\/p>","protected":false},"excerpt":{"rendered":"<p>KnitPro Symfonie Rose Deluxe virbal\u0173 rinkinys \u2013 tai gra\u017eus kei\u010diam\u0173 antgali\u0173 rinkinys, pagamintas i\u0161 raudonai rudos poliruotos medienos. Virbalai yra lengvi ir nuostabiai \u0161ilti, tod\u0117l galite be vargo megzti valand\u0173 valandas nepavargdami rank\u0173. \u201eKnitpro Symfonie Rose\u201c kei\u010diam\u0173 virbal\u0173 rinkin\u012f \u201eDeluxe\u201c sudaro \u0161ie elementai: 8 poros kei\u010diam\u0173 virbal\u0173 antgali\u0173, kuri\u0173 dyd\u017eiai: 3,50, 4,00, 4,50, 5,00, 5,50, 6,00, 7,00 ir 8,00 mm 4 xvalai: 1 x 60, 2 x 80 ir 1 x 100 cm ilgio, \u012fskaitant virbal\u0173 antgalius 8 x galiniai kam\u0161\u010diai 4 x val\u0173 raktai 1 x val\u0173 jung\u010di\u0173 rinkinys 1 x u\u017etraukiamas mai\u0161elis aksesuarams, pagamintas i\u0161 aukso spalvos audinio Rinkinys supakuotas prabangioje \u0161velniai ro\u017ein\u0117je d\u0117\u017eut\u0117je su aukso spalvos spauda.\u00a0<\/p>","protected":false},"featured_media":18196,"comment_status":"open","ping_status":"closed","template":"","meta":[],"product_brand":[],"product_cat":[180,2440,2123,3718,181],"product_tag":[],"giftcard-category":[],"class_list":{"0":"post-18195","1":"product","2":"type-product","3":"status-publish","4":"has-post-thumbnail","6":"product_cat-mezgimo-priemones","7":"product_cat-knitpro","8":"product_cat-mezgimo-priemoniu-gamintojai","9":"product_cat-naujienos","10":"product_cat-virbalu-rinkiniai","12":"first","13":"instock","14":"taxable","15":"shipping-taxable","16":"purchasable","17":"product-type-simple"},"_links":{"self":[{"href":"https:\/\/bitessiulai.lt\/ru\/wp-json\/wp\/v2\/product\/18195","targetHints":{"allow":["GET"]}}],"collection":[{"href":"https:\/\/bitessiulai.lt\/ru\/wp-json\/wp\/v2\/product"}],"about":[{"href":"https:\/\/bitessiulai.lt\/ru\/wp-json\/wp\/v2\/types\/product"}],"replies":[{"embeddable":true,"href":"https:\/\/bitessiulai.lt\/ru\/wp-json\/wp\/v2\/comments?post=18195"}],"version-history":[{"count":0,"href":"https:\/\/bitessiulai.lt\/ru\/wp-json\/wp\/v2\/product\/18195\/revisions"}],"wp:featuredmedia":[{"embeddable":true,"href":"https:\/\/bitessiulai.lt\/ru\/wp-json\/wp\/v2\/media\/18196"}],"wp:attachment":[{"href":"https:\/\/bitessiulai.lt\/ru\/wp-json\/wp\/v2\/media?parent=18195"}],"wp:term":[{"taxonomy":"product_brand","embeddable":true,"href":"https:\/\/bitessiulai.lt\/ru\/wp-json\/wp\/v2\/product_brand?post=18195"},{"taxonomy":"product_cat","embeddable":true,"href":"https:\/\/bitessiulai.lt\/ru\/wp-json\/wp\/v2\/product_cat?post=18195"},{"taxonomy":"product_tag","embeddable":true,"href":"https:\/\/bitessiulai.lt\/ru\/wp-json\/wp\/v2\/product_tag?post=18195"},{"taxonomy":"giftcard-category","embeddable":true,"href":"https:\/\/bitessiulai.lt\/ru\/wp-json\/wp\/v2\/giftcard-category?post=18195"}],"curies":[{"name":"wp","href":"https:\/\/api.w.org\/{rel}","templated":true}]}}