{"id":16136,"date":"2025-09-06T12:27:18","date_gmt":"2025-09-06T09:27:18","guid":{"rendered":"https:\/\/bitessiulai.lt\/?post_type=product&#038;p=16136"},"modified":"2026-02-16T13:24:57","modified_gmt":"2026-02-16T11:24:57","slug":"gleener-swift-audiniu-prieziuros-priemone","status":"publish","type":"product","link":"https:\/\/bitessiulai.lt\/ru\/product\/gleener-swift-audiniu-prieziuros-priemone\/","title":{"rendered":"Gleener Swift Fabric Care"},"content":{"rendered":"<p>\u0421\u0440\u0435\u0434\u0441\u0442\u0432\u043e \u043f\u043e \u0443\u0445\u043e\u0434\u0443 \u0437\u0430 \u0442\u043a\u0430\u043d\u044f\u043c\u0438 Gleener Swift \u2013<span style=\"letter-spacing: 0px;\"> \u041e\u0431\u0435\u0441\u043f\u0435\u0447\u0438\u0432\u0430\u0435\u0442 \u0431\u043e\u043b\u0435\u0435 \u0434\u043b\u0438\u0442\u0435\u043b\u044c\u043d\u044b\u0439 \u0441\u0440\u043e\u043a \u0441\u043b\u0443\u0436\u0431\u044b \u043e\u0434\u0435\u0436\u0434\u044b, \u043c\u0435\u0431\u0435\u043b\u0438 \u0438 \u0430\u043a\u0441\u0435\u0441\u0441\u0443\u0430\u0440\u043e\u0432 \u0434\u043b\u044f \u0434\u043e\u043c\u0430, \u0438\u0445 \u043f\u0440\u0435\u0432\u043e\u0441\u0445\u043e\u0434\u043d\u044b\u0439 \u0432\u043d\u0435\u0448\u043d\u0438\u0439 \u0432\u0438\u0434 \u0438 \u0431\u043e\u043b\u0435\u0435 \u0434\u043b\u0438\u0442\u0435\u043b\u044c\u043d\u043e\u0435 \u0438\u0441\u043f\u043e\u043b\u044c\u0437\u043e\u0432\u0430\u043d\u0438\u0435. \u0421\u0440\u0435\u0434\u0441\u0442\u0432\u043e \u0437\u0430\u0449\u0438\u0449\u0430\u0435\u0442 \u0441\u0438\u043d\u0442\u0435\u0442\u0438\u0447\u0435\u0441\u043a\u0438\u0435, \u0445\u043b\u043e\u043f\u043a\u043e\u0432\u044b\u0435 \u0438 \u0448\u0435\u0440\u0441\u0442\u044f\u043d\u044b\u0435 \u0442\u043a\u0430\u043d\u0438 \u043e\u0442 \u043e\u0431\u0440\u0430\u0437\u043e\u0432\u0430\u043d\u0438\u044f \u043a\u0430\u0442\u044b\u0448\u043a\u043e\u0432. \u0422\u0440\u0435\u043d\u0438\u0435, \u0441\u0442\u0438\u0440\u043a\u0430 \u0438 \u043d\u043e\u0448\u0435\u043d\u0438\u0435 \u043c\u043e\u0433\u0443\u0442 \u043f\u0440\u0438\u0432\u0435\u0441\u0442\u0438 \u043a \u043e\u0431\u0440\u0430\u0437\u043e\u0432\u0430\u043d\u0438\u044e \u043a\u0430\u0442\u044b\u0448\u043a\u043e\u0432 \u043d\u0430 \u0442\u043a\u0430\u043d\u0438. \u0412 \u0440\u0435\u0437\u0443\u043b\u044c\u0442\u0430\u0442\u0435 \u0432\u0441\u044f \u043f\u043e\u0432\u0435\u0440\u0445\u043d\u043e\u0441\u0442\u044c \u043f\u043e\u043a\u0440\u044b\u0432\u0430\u0435\u0442\u0441\u044f \u0432\u043e\u0440\u0441\u043e\u043c, \u0438\u0437-\u0437\u0430 \u0447\u0435\u0433\u043e \u0442\u043a\u0430\u043d\u044c \u0432\u044b\u0433\u043b\u044f\u0434\u0438\u0442 \u0441\u0442\u0430\u0440\u043e\u0439 \u0438 \u0438\u0437\u043d\u043e\u0448\u0435\u043d\u043d\u043e\u0439. \u0411\u043b\u0430\u0433\u043e\u0434\u0430\u0440\u044f \u044d\u0442\u043e\u043c\u0443 \u0441\u0440\u0435\u0434\u0441\u0442\u0432\u0443 \u0434\u043b\u044f \u0443\u0445\u043e\u0434\u0430 \u0437\u0430 \u0442\u043a\u0430\u043d\u044f\u043c\u0438 \u043f\u0440\u043e\u0431\u043b\u0435\u043c\u0430 \u0432\u043e\u0440\u0441\u0430 \u0441\u043a\u043e\u0440\u043e \u043e\u0441\u0442\u0430\u043d\u0435\u0442\u0441\u044f \u0432 \u043f\u0440\u043e\u0448\u043b\u043e\u043c.<\/span><\/p>\n<p><span dir=\"auto\">Gleener Swift \u0438\u043c\u0435\u0435\u0442 \u0440\u0443\u0447\u043a\u0443 \u0438\u0437 \u043f\u0435\u0440\u0435\u0440\u0430\u0431\u043e\u0442\u0430\u043d\u043d\u043e\u0433\u043e \u043f\u043b\u0430\u0441\u0442\u0438\u043a\u0430 \u0438 \u0443\u0434\u043e\u0431\u0435\u043d \u0434\u043b\u044f \u0437\u0430\u0445\u0432\u0430\u0442\u0430 \u0431\u043b\u0430\u0433\u043e\u0434\u0430\u0440\u044f \u044d\u0440\u0433\u043e\u043d\u043e\u043c\u0438\u0447\u043d\u043e\u0439 \u0444\u043e\u0440\u043c\u0435. \u0418\u043d\u0441\u0442\u0440\u0443\u043c\u0435\u043d\u0442 \u043f\u043e\u0441\u0442\u0430\u0432\u043b\u044f\u0435\u0442\u0441\u044f \u0441 \u0434\u0432\u0443\u043c\u044f \u0440\u0430\u0437\u043b\u0438\u0447\u043d\u044b\u043c\u0438 \u043d\u0430\u0441\u0430\u0434\u043a\u0430\u043c\u0438, \u043a\u043e\u0442\u043e\u0440\u044b\u0435 \u043c\u043e\u0436\u043d\u043e \u043f\u0440\u0438\u043a\u0440\u0435\u043f\u0438\u0442\u044c \u043a \u043e\u0434\u043d\u043e\u043c\u0443 \u0438\u0437 \u0435\u0433\u043e \u043a\u043e\u043d\u0446\u043e\u0432:<\/span><\/p>\n<ul>\n<li><span dir=\"auto\">\u041a\u0440\u043e\u043c\u043a\u0430 1: \u043f\u043e\u0434\u0445\u043e\u0434\u0438\u0442 \u0434\u043b\u044f \u0442\u044f\u0436\u0435\u043b\u043e\u0439 \u0448\u0435\u0440\u0441\u0442\u0438 \u0438 \u0442\u043e\u043b\u0441\u0442\u044b\u0445 \u0441\u0438\u043d\u0442\u0435\u0442\u0438\u0447\u0435\u0441\u043a\u0438\u0445 \u0442\u043a\u0430\u043d\u0435\u0439<\/span><\/li>\n<li><span dir=\"auto\">\u041a\u0440\u043e\u043c\u043a\u0430 2: \u043f\u043e\u0434\u0445\u043e\u0434\u0438\u0442 \u0434\u043b\u044f \u0442\u043a\u0430\u043d\u0435\u0439 \u0441\u0440\u0435\u0434\u043d\u0435\u0439 \u0436\u0435\u0441\u0442\u043a\u043e\u0441\u0442\u0438, \u0442\u0430\u043a\u0438\u0445 \u043a\u0430\u043a \u043a\u0430\u0448\u0435\u043c\u0438\u0440, \u043c\u0435\u0440\u0438\u043d\u043e\u0441\u043e\u0432\u0430\u044f \u0448\u0435\u0440\u0441\u0442\u044c \u0438 \u0434\u0440\u0443\u0433\u0438\u0435 \u0431\u043e\u043b\u0435\u0435 \u0442\u043e\u043d\u043a\u0438\u0435 \u0432\u0438\u0434\u044b \u0448\u0435\u0440\u0441\u0442\u0438.<\/span><\/li>\n<\/ul>\n<p><span dir=\"auto\">\u0421\u043c\u0435\u043d\u0430 \u043d\u0430\u0441\u0430\u0434\u043e\u043a \u043e\u0447\u0435\u043d\u044c \u043f\u0440\u043e\u0441\u0442\u0430. \u041a\u0430\u0436\u0434\u0443\u044e \u043d\u0430\u0441\u0430\u0434\u043a\u0443 \u043c\u043e\u0436\u043d\u043e \u0441\u043d\u044f\u0442\u044c \u043e\u0434\u043d\u0438\u043c \u043d\u0430\u0436\u0430\u0442\u0438\u0435\u043c \u043a\u043d\u043e\u043f\u043a\u0438, \u0430 \u0441\u043b\u0435\u0434\u0443\u044e\u0449\u0443\u044e \u2013 \u043f\u0440\u043e\u0441\u0442\u043e \u0443\u0441\u0442\u0430\u043d\u043e\u0432\u0438\u0442\u044c \u043e\u0431\u0440\u0430\u0442\u043d\u043e. \u041d\u0435\u0438\u0441\u043f\u043e\u043b\u044c\u0437\u043e\u0432\u0430\u043d\u043d\u0443\u044e \u043d\u0430\u0441\u0430\u0434\u043a\u0443 \u0443\u0434\u043e\u0431\u043d\u043e \u0445\u0440\u0430\u043d\u0438\u0442\u044c \u0432 \u0440\u0443\u0447\u043a\u0435. \u0421\u0440\u0435\u0434\u0441\u0442\u0432\u043e \u0434\u043b\u044f \u0443\u0445\u043e\u0434\u0430 \u0437\u0430 \u0442\u043a\u0430\u043d\u044c\u044e Gleener Swift \u043d\u0435 \u0442\u0440\u0435\u0431\u0443\u0435\u0442 \u043f\u0438\u0442\u0430\u043d\u0438\u044f \u043e\u0442 \u0441\u0435\u0442\u0438 \u0438\u043b\u0438 \u0431\u0430\u0442\u0430\u0440\u0435\u0435\u043a, \u0447\u0442\u043e \u0434\u0435\u043b\u0430\u0435\u0442 \u0435\u0433\u043e \u043e\u0447\u0435\u043d\u044c \u044d\u043a\u043e\u043b\u043e\u0433\u0438\u0447\u043d\u044b\u043c. \u0412 \u043a\u0430\u0436\u0434\u043e\u0439 \u0443\u043f\u0430\u043a\u043e\u0432\u043a\u0435 \u0441\u043e\u0434\u0435\u0440\u0436\u0438\u0442\u0441\u044f \u0441\u0440\u0435\u0434\u0441\u0442\u0432\u043e \u0434\u043b\u044f \u0443\u0445\u043e\u0434\u0430 \u0437\u0430 \u0442\u043a\u0430\u043d\u044c\u044e Gleener Swift \u0438 \u0434\u0432\u0435 \u043d\u0430\u0441\u0430\u0434\u043a\u0438.<\/span><\/p>\n<p><img fetchpriority=\"high\" decoding=\"async\" class=\"alignnone size-medium wp-image-16139\" src=\"http:\/\/bitessiulai.lt\/wp-content\/uploads\/2025\/09\/SWIFT-CT-INT-9-300x300.webp\" alt=\"\" width=\"300\" height=\"300\" srcset=\"https:\/\/bitessiulai.lt\/wp-content\/uploads\/2025\/09\/SWIFT-CT-INT-9-300x300.webp 300w, https:\/\/bitessiulai.lt\/wp-content\/uploads\/2025\/09\/SWIFT-CT-INT-9-150x150.webp 150w, https:\/\/bitessiulai.lt\/wp-content\/uploads\/2025\/09\/SWIFT-CT-INT-9-12x12.webp 12w, https:\/\/bitessiulai.lt\/wp-content\/uploads\/2025\/09\/SWIFT-CT-INT-9-600x600.webp 600w, https:\/\/bitessiulai.lt\/wp-content\/uploads\/2025\/09\/SWIFT-CT-INT-9-96x96.webp 96w, https:\/\/bitessiulai.lt\/wp-content\/uploads\/2025\/09\/SWIFT-CT-INT-9.webp 700w\" sizes=\"(max-width: 300px) 100vw, 300px\" \/> <img decoding=\"async\" class=\"alignnone size-medium wp-image-16140\" src=\"http:\/\/bitessiulai.lt\/wp-content\/uploads\/2025\/09\/SWIFT-CT-INT-8-300x300.webp\" alt=\"\" width=\"300\" height=\"300\" srcset=\"https:\/\/bitessiulai.lt\/wp-content\/uploads\/2025\/09\/SWIFT-CT-INT-8-300x300.webp 300w, https:\/\/bitessiulai.lt\/wp-content\/uploads\/2025\/09\/SWIFT-CT-INT-8-150x150.webp 150w, https:\/\/bitessiulai.lt\/wp-content\/uploads\/2025\/09\/SWIFT-CT-INT-8-12x12.webp 12w, https:\/\/bitessiulai.lt\/wp-content\/uploads\/2025\/09\/SWIFT-CT-INT-8-600x600.webp 600w, https:\/\/bitessiulai.lt\/wp-content\/uploads\/2025\/09\/SWIFT-CT-INT-8-96x96.webp 96w, https:\/\/bitessiulai.lt\/wp-content\/uploads\/2025\/09\/SWIFT-CT-INT-8.webp 700w\" sizes=\"(max-width: 300px) 100vw, 300px\" \/> <img decoding=\"async\" class=\"alignnone size-medium wp-image-16141\" src=\"http:\/\/bitessiulai.lt\/wp-content\/uploads\/2025\/09\/SWIFT-CT-INT-6-300x300.webp\" alt=\"\" width=\"300\" height=\"300\" srcset=\"https:\/\/bitessiulai.lt\/wp-content\/uploads\/2025\/09\/SWIFT-CT-INT-6-300x300.webp 300w, https:\/\/bitessiulai.lt\/wp-content\/uploads\/2025\/09\/SWIFT-CT-INT-6-150x150.webp 150w, https:\/\/bitessiulai.lt\/wp-content\/uploads\/2025\/09\/SWIFT-CT-INT-6-12x12.webp 12w, https:\/\/bitessiulai.lt\/wp-content\/uploads\/2025\/09\/SWIFT-CT-INT-6-600x600.webp 600w, https:\/\/bitessiulai.lt\/wp-content\/uploads\/2025\/09\/SWIFT-CT-INT-6-96x96.webp 96w, https:\/\/bitessiulai.lt\/wp-content\/uploads\/2025\/09\/SWIFT-CT-INT-6.webp 700w\" sizes=\"(max-width: 300px) 100vw, 300px\" \/> <img loading=\"lazy\" decoding=\"async\" class=\"alignnone size-medium wp-image-16142\" src=\"http:\/\/bitessiulai.lt\/wp-content\/uploads\/2025\/09\/SWIFT-CT-INT-5-300x300.webp\" alt=\"\" width=\"300\" height=\"300\" srcset=\"https:\/\/bitessiulai.lt\/wp-content\/uploads\/2025\/09\/SWIFT-CT-INT-5-300x300.webp 300w, https:\/\/bitessiulai.lt\/wp-content\/uploads\/2025\/09\/SWIFT-CT-INT-5-150x150.webp 150w, https:\/\/bitessiulai.lt\/wp-content\/uploads\/2025\/09\/SWIFT-CT-INT-5-12x12.webp 12w, https:\/\/bitessiulai.lt\/wp-content\/uploads\/2025\/09\/SWIFT-CT-INT-5-600x600.webp 600w, https:\/\/bitessiulai.lt\/wp-content\/uploads\/2025\/09\/SWIFT-CT-INT-5-96x96.webp 96w, https:\/\/bitessiulai.lt\/wp-content\/uploads\/2025\/09\/SWIFT-CT-INT-5.webp 700w\" sizes=\"(max-width: 300px) 100vw, 300px\" \/> <img loading=\"lazy\" decoding=\"async\" class=\"alignnone size-medium wp-image-16143\" src=\"http:\/\/bitessiulai.lt\/wp-content\/uploads\/2025\/09\/SWIFT-CT-INT-4-300x300.webp\" alt=\"\" width=\"300\" height=\"300\" srcset=\"https:\/\/bitessiulai.lt\/wp-content\/uploads\/2025\/09\/SWIFT-CT-INT-4-300x300.webp 300w, https:\/\/bitessiulai.lt\/wp-content\/uploads\/2025\/09\/SWIFT-CT-INT-4-150x150.webp 150w, https:\/\/bitessiulai.lt\/wp-content\/uploads\/2025\/09\/SWIFT-CT-INT-4-12x12.webp 12w, https:\/\/bitessiulai.lt\/wp-content\/uploads\/2025\/09\/SWIFT-CT-INT-4-600x600.webp 600w, https:\/\/bitessiulai.lt\/wp-content\/uploads\/2025\/09\/SWIFT-CT-INT-4-96x96.webp 96w, https:\/\/bitessiulai.lt\/wp-content\/uploads\/2025\/09\/SWIFT-CT-INT-4.webp 700w\" sizes=\"(max-width: 300px) 100vw, 300px\" \/> <img loading=\"lazy\" decoding=\"async\" class=\"alignnone size-medium wp-image-16144\" src=\"http:\/\/bitessiulai.lt\/wp-content\/uploads\/2025\/09\/SWIFT-CT-INT-2-300x300.webp\" alt=\"\" width=\"300\" height=\"300\" srcset=\"https:\/\/bitessiulai.lt\/wp-content\/uploads\/2025\/09\/SWIFT-CT-INT-2-300x300.webp 300w, https:\/\/bitessiulai.lt\/wp-content\/uploads\/2025\/09\/SWIFT-CT-INT-2-150x150.webp 150w, https:\/\/bitessiulai.lt\/wp-content\/uploads\/2025\/09\/SWIFT-CT-INT-2-12x12.webp 12w, https:\/\/bitessiulai.lt\/wp-content\/uploads\/2025\/09\/SWIFT-CT-INT-2-600x600.webp 600w, https:\/\/bitessiulai.lt\/wp-content\/uploads\/2025\/09\/SWIFT-CT-INT-2-96x96.webp 96w, https:\/\/bitessiulai.lt\/wp-content\/uploads\/2025\/09\/SWIFT-CT-INT-2.webp 700w\" sizes=\"(max-width: 300px) 100vw, 300px\" \/><\/p>","protected":false},"excerpt":{"rendered":"<p>Gleener Swift audini\u0173 prie\u017ei\u016bros priemon\u0117 &#8211; u\u017etikrina, kad j\u016bs\u0173 drabu\u017eiai, baldai ir nam\u0173 aksesuarai tarnaut\u0173 ilgiau, atrodyt\u0173 geriau, kad gal\u0117tum\u0117te jais ilgiau d\u017eiaugtis. Jis apsaugo sintetinius, medvilninius ir vilnonius audinius nuo p\u016bkeli\u0173. Trintis, skalbimas ar d\u0117v\u0117jimas gali sukelti audinio pumpuravim\u0105. D\u0117l to visas pavir\u0161ius pasidengia p\u016bkeliais, tod\u0117l audinys staiga atrodo senas ir susid\u0117v\u0117j\u0119s. Su \u0161iuo audini\u0173 prie\u017ei\u016bros priemone p\u016bkeliai netrukus taps praeitimi. \u201eGleener Swift\u201c rankena pagaminta i\u0161 perdirbto plastiko ir yra patogi laikyti d\u0117l ergonomi\u0161ko dizaino. \u0160is \u012frankis tiekiamas su dviem skirtingais priedais, kuriuos galima u\u017ed\u0117ti viename gale: 1 kra\u0161tas: tinka sunkiems vilnos ir storiems sintetiniams audiniams 2 kra\u0161tas: tinka vidutinio kietumo audiniams, tokioms med\u017eiagoms kaip ka\u0161myras, merino vilna ir kitos smulkesn\u0117s vilnos r\u016b\u0161ys Priedus keisti labai paprasta. Kiekvien\u0105 pried\u0105 galima nuimti vienu mygtuko paspaudimu, o kit\u0105 tiesiog \u012fstatyti atgal. Nenaudojam\u0105 pried\u0105 galima patogiai laikyti rankenoje. Norint naudoti Gleener Swift audini\u0173 prie\u017ei\u016bros priemon\u0119 , nereikia elektros tinklo ar baterij\u0173, tod\u0117l jis labai draugi\u0161kas aplinkai. Kiekvienoje pakuot\u0117je yra Gleener Swift audini\u0173 prie\u017ei\u016bros priemon\u0117 ir 2 priedai.<\/p>","protected":false},"featured_media":16137,"comment_status":"open","ping_status":"closed","template":"","meta":[],"product_brand":[],"product_cat":[192,203,3718],"product_tag":[],"giftcard-category":[],"class_list":{"0":"post-16136","1":"product","2":"type-product","3":"status-publish","4":"has-post-thumbnail","6":"product_cat-priedai-mezgimui","7":"product_cat-mezginiu-prieziura","8":"product_cat-naujienos","10":"first","11":"instock","12":"taxable","13":"shipping-taxable","14":"purchasable","15":"product-type-simple"},"_links":{"self":[{"href":"https:\/\/bitessiulai.lt\/ru\/wp-json\/wp\/v2\/product\/16136","targetHints":{"allow":["GET"]}}],"collection":[{"href":"https:\/\/bitessiulai.lt\/ru\/wp-json\/wp\/v2\/product"}],"about":[{"href":"https:\/\/bitessiulai.lt\/ru\/wp-json\/wp\/v2\/types\/product"}],"replies":[{"embeddable":true,"href":"https:\/\/bitessiulai.lt\/ru\/wp-json\/wp\/v2\/comments?post=16136"}],"version-history":[{"count":1,"href":"https:\/\/bitessiulai.lt\/ru\/wp-json\/wp\/v2\/product\/16136\/revisions"}],"predecessor-version":[{"id":21000,"href":"https:\/\/bitessiulai.lt\/ru\/wp-json\/wp\/v2\/product\/16136\/revisions\/21000"}],"wp:featuredmedia":[{"embeddable":true,"href":"https:\/\/bitessiulai.lt\/ru\/wp-json\/wp\/v2\/media\/16137"}],"wp:attachment":[{"href":"https:\/\/bitessiulai.lt\/ru\/wp-json\/wp\/v2\/media?parent=16136"}],"wp:term":[{"taxonomy":"product_brand","embeddable":true,"href":"https:\/\/bitessiulai.lt\/ru\/wp-json\/wp\/v2\/product_brand?post=16136"},{"taxonomy":"product_cat","embeddable":true,"href":"https:\/\/bitessiulai.lt\/ru\/wp-json\/wp\/v2\/product_cat?post=16136"},{"taxonomy":"product_tag","embeddable":true,"href":"https:\/\/bitessiulai.lt\/ru\/wp-json\/wp\/v2\/product_tag?post=16136"},{"taxonomy":"giftcard-category","embeddable":true,"href":"https:\/\/bitessiulai.lt\/ru\/wp-json\/wp\/v2\/giftcard-category?post=16136"}],"curies":[{"name":"wp","href":"https:\/\/api.w.org\/{rel}","templated":true}]}}