{"id":16116,"date":"2025-09-06T12:20:00","date_gmt":"2025-09-06T09:20:00","guid":{"rendered":"https:\/\/bitessiulai.lt\/?post_type=product&#038;p=16116"},"modified":"2026-04-01T08:00:27","modified_gmt":"2026-04-01T05:00:27","slug":"gleener-sukos","status":"publish","type":"product","link":"https:\/\/bitessiulai.lt\/ru\/product\/gleener-sukos\/","title":{"rendered":"\u0413\u043b\u0438\u043d\u0435\u0440 \u0433\u0440\u0435\u0431\u0435\u043d\u044c"},"content":{"rendered":"<p>\u0413\u043b\u0438\u043d\u0435\u0440 \u0433\u0440\u0435\u0431\u0435\u043d\u044c \u2013<span dir=\"auto\"> \u041e\u0442\u043b\u0438\u0447\u043d\u0430\u044f \u043a\u043e\u043c\u043f\u0430\u043a\u0442\u043d\u0430\u044f \u0440\u0430\u0441\u0447\u0435\u0441\u043a\u0430 \u0434\u043b\u044f \u0442\u043a\u0430\u043d\u0438, \u043a\u043e\u0442\u043e\u0440\u0430\u044f \u043f\u0440\u043e\u0434\u043b\u0438\u0442 \u0441\u0440\u043e\u043a \u0441\u043b\u0443\u0436\u0431\u044b \u0438 \u0443\u043b\u0443\u0447\u0448\u0438\u0442 \u0432\u043d\u0435\u0448\u043d\u0438\u0439 \u0432\u0438\u0434 \u0432\u0430\u0448\u0435\u0439 \u043e\u0434\u0435\u0436\u0434\u044b \u0438 \u0434\u043e\u043c\u0430\u0448\u043d\u0435\u0433\u043e \u0442\u0435\u043a\u0441\u0442\u0438\u043b\u044f, \u0447\u0442\u043e\u0431\u044b \u0432\u044b \u043c\u043e\u0433\u043b\u0438 \u043d\u0430\u0441\u043b\u0430\u0436\u0434\u0430\u0442\u044c\u0441\u044f \u0438\u043c\u0438 \u0434\u043e\u043b\u044c\u0448\u0435! \u0422\u0440\u0435\u043d\u0438\u0435, \u0441\u0442\u0438\u0440\u043a\u0430 \u0438\u043b\u0438 \u0438\u0437\u043d\u043e\u0441 \u0447\u0430\u0441\u0442\u043e \u043f\u0440\u0438\u0432\u043e\u0434\u044f\u0442 \u043a \u0442\u043e\u043c\u0443, \u0447\u0442\u043e \u0442\u043a\u0430\u043d\u044c \u043d\u0430\u0447\u0438\u043d\u0430\u0435\u0442 \u0431\u0430\u0445\u0440\u043e\u043c\u0438\u0442\u044c\u0441\u044f. \u041f\u043e\u0432\u0435\u0440\u0445\u043d\u043e\u0441\u0442\u044c \u043f\u043e\u043a\u0440\u044b\u0432\u0430\u0435\u0442\u0441\u044f \u0432\u043e\u0440\u0441\u043e\u043c, \u0438\u0437-\u0437\u0430 \u0447\u0435\u0433\u043e \u043e\u0434\u0435\u0436\u0434\u0430 \u0432\u044b\u0433\u043b\u044f\u0434\u0438\u0442 \u0441\u0442\u0430\u0440\u043e\u0439 \u0438 \u043f\u043e\u043d\u043e\u0448\u0435\u043d\u043d\u043e\u0439. \u0421 \u044d\u0442\u043e\u0439 \u0440\u0430\u0441\u0447\u0435\u0441\u043a\u043e\u0439 \u0434\u043b\u044f \u0442\u043a\u0430\u043d\u0438 \u0432\u043e\u0440\u0441 \u0431\u044b\u0441\u0442\u0440\u043e \u0443\u0439\u0434\u0435\u0442 \u0432 \u043f\u0440\u043e\u0448\u043b\u043e\u0435. \u0420\u0430\u0441\u0447\u0435\u0441\u043a\u0430 Sweater Saver \u043f\u043e\u0434\u0445\u043e\u0434\u0438\u0442 \u0434\u043b\u044f \u0442\u043a\u0430\u043d\u0435\u0439 \u0441\u0440\u0435\u0434\u043d\u0435\u0439 \u043f\u043b\u043e\u0442\u043d\u043e\u0441\u0442\u0438, \u0442\u0430\u043a\u0438\u0445 \u043a\u0430\u043a \u043a\u0430\u0448\u0435\u043c\u0438\u0440, \u043c\u0435\u0440\u0438\u043d\u043e\u0441\u043e\u0432\u0430\u044f \u0448\u0435\u0440\u0441\u0442\u044c \u0438\u043b\u0438 \u0431\u043e\u043b\u0435\u0435 \u0442\u043e\u043d\u043a\u0438\u0435 \u0441\u0432\u0438\u0442\u0435\u0440\u0430. \u0420\u0443\u0447\u043a\u0430 \u0438\u0437\u0433\u043e\u0442\u043e\u0432\u043b\u0435\u043d\u0430 \u0438\u0437 100% \u043f\u0435\u0440\u0435\u0440\u0430\u0431\u043e\u0442\u0430\u043d\u043d\u043e\u0433\u043e \u043f\u043b\u0430\u0441\u0442\u0438\u043a\u0430 %.\u00a0<\/span><\/p>\n<p><span dir=\"auto\">\u042d\u043a\u043e\u043d\u043e\u043c\u0438\u0442\u0435\u043b\u044c \u0441\u0432\u0438\u0442\u0435\u0440\u043e\u0432 Gleener \u043d\u0435 \u0442\u0440\u0435\u0431\u0443\u0435\u0442 \u044d\u043b\u0435\u043a\u0442\u0440\u0438\u0447\u0435\u0441\u0442\u0432\u0430 \u0438\u043b\u0438 \u0431\u0430\u0442\u0430\u0440\u0435\u0435\u043a, \u0447\u0442\u043e \u043f\u043e\u0437\u0432\u043e\u043b\u044f\u0435\u0442 \u043b\u0435\u0433\u043a\u043e \u043f\u0435\u0440\u0435\u043d\u043e\u0441\u0438\u0442\u044c \u0435\u0433\u043e \u0438 \u0438\u0441\u043f\u043e\u043b\u044c\u0437\u043e\u0432\u0430\u0442\u044c \u0432 \u043b\u044e\u0431\u043e\u0435 \u0432\u0440\u0435\u043c\u044f \u0438 \u0432 \u043b\u044e\u0431\u043e\u043c \u043c\u0435\u0441\u0442\u0435.<\/span><\/p>\n<p><img fetchpriority=\"high\" decoding=\"async\" class=\"alignnone size-medium wp-image-16132\" src=\"http:\/\/bitessiulai.lt\/wp-content\/uploads\/2025\/09\/sc-tr-int-4_1-300x300.webp\" alt=\"\" width=\"300\" height=\"300\" srcset=\"https:\/\/bitessiulai.lt\/wp-content\/uploads\/2025\/09\/sc-tr-int-4_1-300x300.webp 300w, https:\/\/bitessiulai.lt\/wp-content\/uploads\/2025\/09\/sc-tr-int-4_1-150x150.webp 150w, https:\/\/bitessiulai.lt\/wp-content\/uploads\/2025\/09\/sc-tr-int-4_1-12x12.webp 12w, https:\/\/bitessiulai.lt\/wp-content\/uploads\/2025\/09\/sc-tr-int-4_1-600x600.webp 600w, https:\/\/bitessiulai.lt\/wp-content\/uploads\/2025\/09\/sc-tr-int-4_1-96x96.webp 96w, https:\/\/bitessiulai.lt\/wp-content\/uploads\/2025\/09\/sc-tr-int-4_1.webp 700w\" sizes=\"(max-width: 300px) 100vw, 300px\" \/> <img decoding=\"async\" class=\"alignnone size-medium wp-image-16133\" src=\"http:\/\/bitessiulai.lt\/wp-content\/uploads\/2025\/09\/sc-tr-int-5_1-300x300.webp\" alt=\"\" width=\"300\" height=\"300\" srcset=\"https:\/\/bitessiulai.lt\/wp-content\/uploads\/2025\/09\/sc-tr-int-5_1-300x300.webp 300w, https:\/\/bitessiulai.lt\/wp-content\/uploads\/2025\/09\/sc-tr-int-5_1-150x150.webp 150w, https:\/\/bitessiulai.lt\/wp-content\/uploads\/2025\/09\/sc-tr-int-5_1-12x12.webp 12w, https:\/\/bitessiulai.lt\/wp-content\/uploads\/2025\/09\/sc-tr-int-5_1-600x600.webp 600w, https:\/\/bitessiulai.lt\/wp-content\/uploads\/2025\/09\/sc-tr-int-5_1-96x96.webp 96w, https:\/\/bitessiulai.lt\/wp-content\/uploads\/2025\/09\/sc-tr-int-5_1.webp 700w\" sizes=\"(max-width: 300px) 100vw, 300px\" \/> <img decoding=\"async\" class=\"alignnone size-medium wp-image-16134\" src=\"http:\/\/bitessiulai.lt\/wp-content\/uploads\/2025\/09\/sc-tr-int-6_1-300x300.webp\" alt=\"\" width=\"300\" height=\"300\" srcset=\"https:\/\/bitessiulai.lt\/wp-content\/uploads\/2025\/09\/sc-tr-int-6_1-300x300.webp 300w, https:\/\/bitessiulai.lt\/wp-content\/uploads\/2025\/09\/sc-tr-int-6_1-150x150.webp 150w, https:\/\/bitessiulai.lt\/wp-content\/uploads\/2025\/09\/sc-tr-int-6_1-12x12.webp 12w, https:\/\/bitessiulai.lt\/wp-content\/uploads\/2025\/09\/sc-tr-int-6_1-600x600.webp 600w, https:\/\/bitessiulai.lt\/wp-content\/uploads\/2025\/09\/sc-tr-int-6_1-96x96.webp 96w, https:\/\/bitessiulai.lt\/wp-content\/uploads\/2025\/09\/sc-tr-int-6_1.webp 700w\" sizes=\"(max-width: 300px) 100vw, 300px\" \/><\/p>\n<p>&nbsp;<\/p>","protected":false},"excerpt":{"rendered":"<p>Gleener \u0161ukos &#8211; puikios, kompakti\u0161kos audini\u0173 \u0161ukos, u\u017etikrins, kad j\u016bs\u0173 drabu\u017eiai ir nam\u0173 tekstil\u0117 tarnaut\u0173 ilgiau ir atrodyt\u0173 geriau, kad gal\u0117tum\u0117te jais ilgiau d\u017eiaugtis! Trintis, skalbimas ar d\u0117v\u0117jimas da\u017enai gali sukelti audinio p\u016bkavim\u0105si. Pavir\u0161ius pasidengia p\u016bkeliais, tod\u0117l drabu\u017eis staiga atrodo senas ir susid\u0117v\u0117j\u0119s. Su \u0161iomis audini\u0173 \u0161ukomis p\u016bkeliai greitai taps praeitimi. \u201eSweater Saver\u201c tinka naudoti su vidutinio storio audiniais, tokiais kaip ka\u0161myras, merino vilna ar smulkesni megztiniai. Rankena pagamint\u0105 i\u0161 100 % perdirbto plastiko.\u00a0 \u201eGleener Sweater Saver\u201c naudojimui nereikia elektros ar baterij\u0173. Tod\u0117l \u0161ukas lengva ne\u0161iotis su savimi ir naudoti bet kada ir bet kur. &nbsp;<\/p>","protected":false},"featured_media":16131,"comment_status":"open","ping_status":"closed","template":"","meta":[],"product_brand":[],"product_cat":[192,203,3718],"product_tag":[],"giftcard-category":[],"class_list":{"0":"post-16116","1":"product","2":"type-product","3":"status-publish","4":"has-post-thumbnail","6":"product_cat-priedai-mezgimui","7":"product_cat-mezginiu-prieziura","8":"product_cat-naujienos","10":"first","11":"instock","12":"taxable","13":"shipping-taxable","14":"purchasable","15":"product-type-variable"},"_links":{"self":[{"href":"https:\/\/bitessiulai.lt\/ru\/wp-json\/wp\/v2\/product\/16116","targetHints":{"allow":["GET"]}}],"collection":[{"href":"https:\/\/bitessiulai.lt\/ru\/wp-json\/wp\/v2\/product"}],"about":[{"href":"https:\/\/bitessiulai.lt\/ru\/wp-json\/wp\/v2\/types\/product"}],"replies":[{"embeddable":true,"href":"https:\/\/bitessiulai.lt\/ru\/wp-json\/wp\/v2\/comments?post=16116"}],"version-history":[{"count":0,"href":"https:\/\/bitessiulai.lt\/ru\/wp-json\/wp\/v2\/product\/16116\/revisions"}],"wp:featuredmedia":[{"embeddable":true,"href":"https:\/\/bitessiulai.lt\/ru\/wp-json\/wp\/v2\/media\/16131"}],"wp:attachment":[{"href":"https:\/\/bitessiulai.lt\/ru\/wp-json\/wp\/v2\/media?parent=16116"}],"wp:term":[{"taxonomy":"product_brand","embeddable":true,"href":"https:\/\/bitessiulai.lt\/ru\/wp-json\/wp\/v2\/product_brand?post=16116"},{"taxonomy":"product_cat","embeddable":true,"href":"https:\/\/bitessiulai.lt\/ru\/wp-json\/wp\/v2\/product_cat?post=16116"},{"taxonomy":"product_tag","embeddable":true,"href":"https:\/\/bitessiulai.lt\/ru\/wp-json\/wp\/v2\/product_tag?post=16116"},{"taxonomy":"giftcard-category","embeddable":true,"href":"https:\/\/bitessiulai.lt\/ru\/wp-json\/wp\/v2\/giftcard-category?post=16116"}],"curies":[{"name":"wp","href":"https:\/\/api.w.org\/{rel}","templated":true}]}}