{"id":16064,"date":"2025-09-06T10:30:51","date_gmt":"2025-09-06T07:30:51","guid":{"rendered":"https:\/\/bitessiulai.lt\/?post_type=product&#038;p=16064"},"modified":"2026-03-09T14:13:53","modified_gmt":"2026-03-09T12:13:53","slug":"eucalan-skystas-skalbiklis-su-eukalipto-kvapu-500ml","status":"publish","type":"product","link":"https:\/\/bitessiulai.lt\/ru\/product\/eucalan-skystas-skalbiklis-su-eukalipto-kvapu-500ml\/","title":{"rendered":"\u0416\u0438\u0434\u043a\u043e\u0435 \u043c\u043e\u044e\u0449\u0435\u0435 \u0441\u0440\u0435\u0434\u0441\u0442\u0432\u043e Eucalan \u0441 \u0430\u0440\u043e\u043c\u0430\u0442\u043e\u043c \u044d\u0432\u043a\u0430\u043b\u0438\u043f\u0442\u0430 500 \u043c\u043b"},"content":{"rendered":"<p>\u0416\u0438\u0434\u043a\u043e\u0435 \u043c\u043e\u044e\u0449\u0435\u0435 \u0441\u0440\u0435\u0434\u0441\u0442\u0432\u043e Eucalan \u0441 \u0430\u0440\u043e\u043c\u0430\u0442\u043e\u043c \u044d\u0432\u043a\u0430\u043b\u0438\u043f\u0442\u0430 500 \u043c\u043b. <b><span dir=\"auto\">\u042d\u0432\u043a\u0430\u043b\u0430\u043d<\/span><\/b><span dir=\"auto\">\u00a0 \u0412 \u0441\u043e\u0441\u0442\u0430\u0432 \u043c\u043e\u044e\u0449\u0435\u0433\u043e \u0441\u0440\u0435\u0434\u0441\u0442\u0432\u0430 \u0432\u0445\u043e\u0434\u0438\u0442 \u043b\u0430\u043d\u043e\u043b\u0438\u043d, \u043a\u043e\u0442\u043e\u0440\u044b\u0439 \u0443\u043a\u0440\u0435\u043f\u043b\u044f\u0435\u0442 \u0432\u043e\u043b\u043e\u043a\u043d\u0430 \u0448\u0435\u0440\u0441\u0442\u044f\u043d\u044b\u0445 \u0438\u0437\u0434\u0435\u043b\u0438\u0439 \u0438 \u043f\u043e\u043c\u043e\u0433\u0430\u0435\u0442 \u0438\u043c \u043e\u0441\u0442\u0430\u0432\u0430\u0442\u044c\u0441\u044f \u0432 \u043e\u043f\u0442\u0438\u043c\u0430\u043b\u044c\u043d\u043e\u043c \u0441\u043e\u0441\u0442\u043e\u044f\u043d\u0438\u0438. \u042d\u0442\u043e\u0442 \u0432\u0430\u0440\u0438\u0430\u043d\u0442 \u0441 \u0430\u0440\u043e\u043c\u0430\u0442\u043e\u043c \u044d\u0432\u043a\u0430\u043b\u0438\u043f\u0442\u0430 \u0438 \u044d\u0444\u0438\u0440\u043d\u044b\u043c \u043c\u0430\u0441\u043b\u043e\u043c \u043f\u0440\u0438\u0434\u0430\u0441\u0442 \u0432\u0430\u0448\u0435\u043c\u0443 \u0431\u0435\u043b\u044c\u044e \u043f\u0440\u0438\u044f\u0442\u043d\u044b\u0439 \u0430\u0440\u043e\u043c\u0430\u0442. Eucalan \u043d\u0435\u0442\u043e\u043a\u0441\u0438\u0447\u0435\u043d, \u043d\u0435 \u0441\u043e\u0434\u0435\u0440\u0436\u0438\u0442 \u043e\u043f\u0442\u0438\u0447\u0435\u0441\u043a\u0438\u0445 \u043e\u0442\u0431\u0435\u043b\u0438\u0432\u0430\u0442\u0435\u043b\u0435\u0439 \u0438 \u0438\u0441\u043a\u0443\u0441\u0441\u0442\u0432\u0435\u043d\u043d\u044b\u0445 \u043e\u0442\u0434\u0443\u0448\u0435\u043a \u0438 \u043d\u0435 \u043e\u0441\u0442\u0430\u0432\u043b\u044f\u0435\u0442 \u0441\u043b\u0435\u0434\u043e\u0432 \u043d\u0430 \u043e\u0434\u0435\u0436\u0434\u0435. Eucalan \u2014 \u0438\u0434\u0435\u0430\u043b\u044c\u043d\u043e\u0435 \u0441\u0440\u0435\u0434\u0441\u0442\u0432\u043e \u0434\u043b\u044f \u0441\u0442\u0438\u0440\u043a\u0438 \u0432\u044f\u0437\u0430\u043d\u044b\u0445 \u0438 \u0432\u044f\u0437\u0430\u043d\u044b\u0445 \u043a\u0440\u044e\u0447\u043a\u043e\u043c \u0438\u0437\u0434\u0435\u043b\u0438\u0439, \u043d\u0438\u0436\u043d\u0435\u0433\u043e \u0431\u0435\u043b\u044c\u044f, \u0434\u0435\u0442\u0441\u043a\u043e\u0439 \u043e\u0434\u0435\u0436\u0434\u044b \u0438 \u043c\u044f\u0433\u043a\u0438\u0445 \u0438\u0433\u0440\u0443\u0448\u0435\u043a. \u041e\u0431\u044a\u0451\u043c \u043a\u0430\u0436\u0434\u043e\u0439 \u0431\u0443\u0442\u044b\u043b\u043a\u0438 \u2014 500 \u043c\u043b.\u00a0<\/span><\/p>\n<p><span dir=\"auto\">\u0421\u043f\u0438\u0441\u043e\u043a \u0438\u043d\u0433\u0440\u0435\u0434\u0438\u0435\u043d\u0442\u043e\u0432:<\/span><\/p>\n<ul>\n<li><span dir=\"auto\">\u044d\u0444\u0438\u0440\u043d\u043e\u0435 \u043c\u0430\u0441\u043b\u043e (\u043d\u0430\u0442\u0443\u0440\u0430\u043b\u044c\u043d\u043e\u0435 \u043c\u0430\u0441\u043b\u043e \u044d\u0432\u043a\u0430\u043b\u0438\u043f\u0442\u0430)<\/span><\/li>\n<li><span dir=\"auto\">\u043b\u0430\u0443\u0440\u0438\u043b\u0441\u0443\u043b\u044c\u0444\u0430\u0442 \u0430\u043c\u043c\u043e\u043d\u0438\u044f (\u0440\u0430\u0441\u0442\u0438\u0442\u0435\u043b\u044c\u043d\u043e\u0435 \u043c\u044b\u043b\u043e)<\/span><\/li>\n<li><span dir=\"auto\">\u0445\u043b\u043e\u0440\u0438\u0434 \u0430\u043c\u043c\u043e\u043d\u0438\u044f (\u0441\u043e\u043b\u044c \u0430\u043c\u043c\u043e\u043d\u0438\u044f, \u0438\u0441\u043f\u043e\u043b\u044c\u0437\u0443\u0435\u043c\u0430\u044f \u0432 \u043a\u0430\u0447\u0435\u0441\u0442\u0432\u0435 \u0437\u0430\u0433\u0443\u0441\u0442\u0438\u0442\u0435\u043b\u044f)<\/span><\/li>\n<li><span dir=\"auto\">\u043a\u043e\u043a\u0430\u043c\u0438\u0434 \u041c\u042d\u0410 (\u0441\u043b\u0430\u0431\u044b\u0439 \u043f\u0435\u043d\u043e\u043e\u0431\u0440\u0430\u0437\u043e\u0432\u0430\u0442\u0435\u043b\u044c \u0438 \u0437\u0430\u0433\u0443\u0441\u0442\u0438\u0442\u0435\u043b\u044c \u0440\u0430\u0441\u0442\u0438\u0442\u0435\u043b\u044c\u043d\u043e\u0433\u043e \u043f\u0440\u043e\u0438\u0441\u0445\u043e\u0436\u0434\u0435\u043d\u0438\u044f)<\/span><\/li>\n<li><span dir=\"auto\">\u043e\u0447\u0438\u0449\u0435\u043d\u043d\u0430\u044f \u0432\u043e\u0434\u0430<\/span><\/li>\n<li><span dir=\"auto\">\u0433\u0438\u0434\u0440\u043e\u043a\u0441\u0438\u043f\u0440\u043e\u043f\u0438\u043b\u043c\u0435\u0442\u0438\u043b\u0446\u0435\u043b\u043b\u044e\u043b\u043e\u0437\u0430 (\u0437\u0430\u0433\u0443\u0441\u0442\u0438\u0442\u0435\u043b\u044c \u043d\u0430 \u0440\u0430\u0441\u0442\u0438\u0442\u0435\u043b\u044c\u043d\u043e\u0439 \u043e\u0441\u043d\u043e\u0432\u0435)<\/span><\/li>\n<li><span dir=\"auto\">\u041b\u0430\u043d\u043e\u043b\u0438\u043d \u041f\u042d\u0413 75 (\u043b\u0430\u043d\u043e\u043b\u0438\u043d \u043d\u0430\u0442\u0443\u0440\u0430\u043b\u044c\u043d\u043e\u0433\u043e \u043f\u0440\u043e\u0438\u0441\u0445\u043e\u0436\u0434\u0435\u043d\u0438\u044f)<\/span><\/li>\n<li><span dir=\"auto\">\u043c\u0435\u0442\u0438\u043b\u0445\u043b\u043e\u0440\u0438\u0437\u043e\u0442\u0438\u0430\u0437\u043e\u043b\u0438\u043d\u043e\u043d (\u0430\u043d\u0442\u0438\u0431\u0430\u043a\u0442\u0435\u0440\u0438\u0430\u043b\u044c\u043d\u044b\u0439 \u043a\u043e\u043d\u0441\u0435\u0440\u0432\u0430\u043d\u0442)<\/span><\/li>\n<\/ul>\n<p><img fetchpriority=\"high\" decoding=\"async\" class=\"alignnone size-medium wp-image-16067\" src=\"http:\/\/bitessiulai.lt\/wp-content\/uploads\/2025\/09\/config500ml_1-300x300.webp\" alt=\"\" width=\"300\" height=\"300\" srcset=\"https:\/\/bitessiulai.lt\/wp-content\/uploads\/2025\/09\/config500ml_1-300x300.webp 300w, https:\/\/bitessiulai.lt\/wp-content\/uploads\/2025\/09\/config500ml_1-150x150.webp 150w, https:\/\/bitessiulai.lt\/wp-content\/uploads\/2025\/09\/config500ml_1-12x12.webp 12w, https:\/\/bitessiulai.lt\/wp-content\/uploads\/2025\/09\/config500ml_1-600x600.webp 600w, https:\/\/bitessiulai.lt\/wp-content\/uploads\/2025\/09\/config500ml_1-96x96.webp 96w, https:\/\/bitessiulai.lt\/wp-content\/uploads\/2025\/09\/config500ml_1.webp 700w\" sizes=\"(max-width: 300px) 100vw, 300px\" \/> <img decoding=\"async\" class=\"alignnone size-medium wp-image-16068\" src=\"http:\/\/bitessiulai.lt\/wp-content\/uploads\/2025\/09\/config_1-300x300.webp\" alt=\"\" width=\"300\" height=\"300\" srcset=\"https:\/\/bitessiulai.lt\/wp-content\/uploads\/2025\/09\/config_1-300x300.webp 300w, https:\/\/bitessiulai.lt\/wp-content\/uploads\/2025\/09\/config_1-150x150.webp 150w, https:\/\/bitessiulai.lt\/wp-content\/uploads\/2025\/09\/config_1-12x12.webp 12w, https:\/\/bitessiulai.lt\/wp-content\/uploads\/2025\/09\/config_1-600x600.webp 600w, https:\/\/bitessiulai.lt\/wp-content\/uploads\/2025\/09\/config_1-96x96.webp 96w, https:\/\/bitessiulai.lt\/wp-content\/uploads\/2025\/09\/config_1.webp 700w\" sizes=\"(max-width: 300px) 100vw, 300px\" \/> <img decoding=\"async\" class=\"alignnone size-medium wp-image-16069\" src=\"http:\/\/bitessiulai.lt\/wp-content\/uploads\/2025\/09\/elg500-2-300x300.webp\" alt=\"\" width=\"300\" height=\"300\" srcset=\"https:\/\/bitessiulai.lt\/wp-content\/uploads\/2025\/09\/elg500-2-300x300.webp 300w, https:\/\/bitessiulai.lt\/wp-content\/uploads\/2025\/09\/elg500-2-150x150.webp 150w, https:\/\/bitessiulai.lt\/wp-content\/uploads\/2025\/09\/elg500-2-12x12.webp 12w, https:\/\/bitessiulai.lt\/wp-content\/uploads\/2025\/09\/elg500-2-600x600.webp 600w, https:\/\/bitessiulai.lt\/wp-content\/uploads\/2025\/09\/elg500-2-96x96.webp 96w, https:\/\/bitessiulai.lt\/wp-content\/uploads\/2025\/09\/elg500-2.webp 700w\" sizes=\"(max-width: 300px) 100vw, 300px\" \/><\/p>","protected":false},"excerpt":{"rendered":"<p>Eucalan skystas skalbiklis su eukalipto kvapu 500ml . \u201eEucalan\u201c\u00a0 skalbiklio sud\u0117tyje yra lanolino, kuris stiprina vilnoni\u0173 gamini\u0173 pluo\u0161tus ir padeda jiems i\u0161likti optimalios b\u016bkl\u0117s. \u0160is eukalipto kvapo variantas su eteriniu aliejumi suteiks j\u016bs\u0173 skalbiniams malon\u0173 kvap\u0105. \u201eEucalan\u201c yra netoksi\u0161kas, be optini\u0173 balikli\u0173, dirbtini\u0173 kvapikli\u0173 ir nepalieka joki\u0173 p\u0117dsak\u0173 ant j\u016bs\u0173 drabu\u017ei\u0173. \u201eEucalan\u201c yra idealus skalbiklis megztiems ir nertiems gaminiams, apatiniams, k\u016bdiki\u0173 drabu\u017eiams ir pliu\u0161iniams \u017eaislams skalbti. Kiekviename buteliuke yra 500 ml skalbiklio.\u00a0 Ingredient\u0173 s\u0105ra\u0161as: eterinis aliejus (nat\u016bralus eukalipto aliejus) amonio laurilsulfatas (augalinis muilas) amonio chloridas (amonio druska, naudojama kaip tir\u0161tiklis) kokamidas MEA (silpnas putojantis agentas ir augalin\u0117s kilm\u0117s tir\u0161tiklis) i\u0161grynintas vanduo hidroksipropilmetilceliulioz\u0117 (augalin\u0117s kilm\u0117s tir\u0161tiklis) PEG 75 lanolinas (nat\u016braliai i\u0161gaunamas lanolinas) metilchlorizotiazolinonas (antibakterinis konservantas)<\/p>","protected":false},"featured_media":16065,"comment_status":"open","ping_status":"closed","template":"","meta":[],"product_brand":[],"product_cat":[192,203,3718],"product_tag":[],"giftcard-category":[],"class_list":{"0":"post-16064","1":"product","2":"type-product","3":"status-publish","4":"has-post-thumbnail","6":"product_cat-priedai-mezgimui","7":"product_cat-mezginiu-prieziura","8":"product_cat-naujienos","10":"first","11":"instock","12":"taxable","13":"shipping-taxable","14":"purchasable","15":"product-type-simple"},"_links":{"self":[{"href":"https:\/\/bitessiulai.lt\/ru\/wp-json\/wp\/v2\/product\/16064","targetHints":{"allow":["GET"]}}],"collection":[{"href":"https:\/\/bitessiulai.lt\/ru\/wp-json\/wp\/v2\/product"}],"about":[{"href":"https:\/\/bitessiulai.lt\/ru\/wp-json\/wp\/v2\/types\/product"}],"replies":[{"embeddable":true,"href":"https:\/\/bitessiulai.lt\/ru\/wp-json\/wp\/v2\/comments?post=16064"}],"version-history":[{"count":1,"href":"https:\/\/bitessiulai.lt\/ru\/wp-json\/wp\/v2\/product\/16064\/revisions"}],"predecessor-version":[{"id":23624,"href":"https:\/\/bitessiulai.lt\/ru\/wp-json\/wp\/v2\/product\/16064\/revisions\/23624"}],"wp:featuredmedia":[{"embeddable":true,"href":"https:\/\/bitessiulai.lt\/ru\/wp-json\/wp\/v2\/media\/16065"}],"wp:attachment":[{"href":"https:\/\/bitessiulai.lt\/ru\/wp-json\/wp\/v2\/media?parent=16064"}],"wp:term":[{"taxonomy":"product_brand","embeddable":true,"href":"https:\/\/bitessiulai.lt\/ru\/wp-json\/wp\/v2\/product_brand?post=16064"},{"taxonomy":"product_cat","embeddable":true,"href":"https:\/\/bitessiulai.lt\/ru\/wp-json\/wp\/v2\/product_cat?post=16064"},{"taxonomy":"product_tag","embeddable":true,"href":"https:\/\/bitessiulai.lt\/ru\/wp-json\/wp\/v2\/product_tag?post=16064"},{"taxonomy":"giftcard-category","embeddable":true,"href":"https:\/\/bitessiulai.lt\/ru\/wp-json\/wp\/v2\/giftcard-category?post=16064"}],"curies":[{"name":"wp","href":"https:\/\/api.w.org\/{rel}","templated":true}]}}