{"id":11945,"date":"2025-04-29T10:21:52","date_gmt":"2025-04-29T07:21:52","guid":{"rendered":"https:\/\/bitessiulai.lt\/?post_type=product&#038;p=11945"},"modified":"2026-04-02T14:19:23","modified_gmt":"2026-04-02T11:19:23","slug":"knitpro-waves-nerimo-vaseliu-rinkinys-2-00-12-00-mm-grande","status":"publish","type":"product","link":"https:\/\/bitessiulai.lt\/ru\/product\/knitpro-waves-nerimo-vaseliu-rinkinys-2-00-12-00-mm-grande\/","title":{"rendered":"\u041d\u0430\u0431\u043e\u0440 \u043a\u0440\u044e\u0447\u043a\u043e\u0432 \u0434\u043b\u044f \u0432\u044f\u0437\u0430\u043d\u0438\u044f KnitPro Waves 2.00-12.00 \u043c\u043c Grande"},"content":{"rendered":"<p><strong>\u041d\u0430\u0431\u043e\u0440 \u043a\u0440\u044e\u0447\u043a\u043e\u0432 \u0434\u043b\u044f \u0432\u044f\u0437\u0430\u043d\u0438\u044f KnitPro Waves 2.00-12.00 \u043c\u043c Grande<\/strong>\u042d\u0442\u0438 \u043a\u0440\u044e\u0447\u043a\u0438 \u0438\u0437\u0433\u043e\u0442\u043e\u0432\u043b\u0435\u043d\u044b \u0438\u0437 \u043b\u0451\u0433\u043a\u043e\u0433\u043e \u0438 \u043f\u0440\u043e\u0447\u043d\u043e\u0433\u043e \u0430\u043b\u044e\u043c\u0438\u043d\u0438\u044f. \u0423\u0434\u043e\u0431\u043d\u044b\u0435 \u0438 \u043c\u044f\u0433\u043a\u0438\u0435 \u0440\u0435\u0437\u0438\u043d\u043e\u0432\u044b\u0435 \u0440\u0443\u0447\u043a\u0438 \u0433\u0430\u0440\u0430\u043d\u0442\u0438\u0440\u0443\u044e\u0442 \u0434\u043e\u043b\u0433\u0438\u0435 \u0447\u0430\u0441\u044b \u0443\u0434\u043e\u0432\u043e\u043b\u044c\u0441\u0442\u0432\u0438\u044f \u043e\u0442 \u0432\u044f\u0437\u0430\u043d\u0438\u044f \u0431\u0435\u0437 \u0443\u0441\u0442\u0430\u043b\u043e\u0441\u0442\u0438 \u0440\u0443\u043a. \u041a\u0430\u0436\u0434\u044b\u0439 \u0440\u0430\u0437\u043c\u0435\u0440 \u043a\u0440\u044e\u0447\u043a\u0430 \u0438\u043c\u0435\u0435\u0442 \u0441\u0432\u043e\u0439 \u044f\u0440\u043a\u0438\u0439 \u0446\u0432\u0435\u0442, \u043f\u043e\u044d\u0442\u043e\u043c\u0443 \u0432\u044b \u043b\u0435\u0433\u043a\u043e \u0441\u043c\u043e\u0436\u0435\u0442\u0435 \u043e\u0442\u043b\u0438\u0447\u0438\u0442\u044c \u0438\u0445 \u043f\u043e \u0440\u0430\u0437\u043c\u0435\u0440\u0443.<\/p>\n<p>\u0412 \u043d\u0430\u0431\u043e\u0440 \u0432\u0445\u043e\u0434\u044f\u0442 14 \u043a\u0440\u044e\u0447\u043a\u043e\u0432 \u0440\u0430\u0437\u043c\u0435\u0440\u043e\u043c 2,00, 2,50, 3,00, 3,50, 4,00, 4,50, 5,00, 5,50, 6,00, 7,00, 8,00, 9,00, 10,00 \u0438 12,00 \u043c\u043c. \u041d\u0430\u0431\u043e\u0440 \u0443\u043f\u0430\u043a\u043e\u0432\u0430\u043d \u0432 \u043a\u0440\u0430\u0441\u0438\u0432\u0443\u044e \u0441\u0443\u043c\u043a\u0443 \u043d\u0430 \u043c\u043e\u043b\u043d\u0438\u0438 \u0438\u0437 \u0442\u043a\u0430\u043d\u0438 \u0446\u0432\u0435\u0442\u0430 \u043c\u043e\u0440\u0441\u043a\u043e\u0439 \u0432\u043e\u043b\u043d\u044b.<\/p>\n<p><img fetchpriority=\"high\" decoding=\"async\" class=\"alignnone size-medium wp-image-11949\" src=\"http:\/\/bitessiulai.lt\/wp-content\/uploads\/2025\/04\/K30952-4-300x300.webp\" alt=\"\" width=\"300\" height=\"300\" srcset=\"https:\/\/bitessiulai.lt\/wp-content\/uploads\/2025\/04\/K30952-4-300x300.webp 300w, https:\/\/bitessiulai.lt\/wp-content\/uploads\/2025\/04\/K30952-4-150x150.webp 150w, https:\/\/bitessiulai.lt\/wp-content\/uploads\/2025\/04\/K30952-4-96x96.webp 96w, https:\/\/bitessiulai.lt\/wp-content\/uploads\/2025\/04\/K30952-4.webp 583w\" sizes=\"(max-width: 300px) 100vw, 300px\" \/><\/p>","protected":false},"excerpt":{"rendered":"<p>KnitPro Waves n\u0117rimo v\u0105\u0161eli\u0173 rinkinys 2.00-12.00 mm Grande. \u0160ie v\u0105\u0161eliai pagaminti i\u0161 lengvo ir tvirto aliuminio. Patogios ir mink\u0161tos gumin\u0117s rankenos garantuoja valand\u0173 valandas n\u0117rimo malonumo be jokio rank\u0173 nuovargio. Kiekvienas v\u0105\u0161elio dydis turi savo linksm\u0105 spalv\u0105, tod\u0117l lengvai atskirsite skirtingus dyd\u017eius. \u0160\u012f rinkin\u012f sudaro 14 v\u0105\u0161eli\u0173, kuri\u0173 dyd\u017eiai yra 2,00, 2,50, 3,00, 3,50, 4,00, 4,50, 5,00, 5,50, 6,00, 7,00, 8,00, 9,00, 10,00 ir 12,00 mm. Rinkinys supakuotas gra\u017eiame u\u017etraukiamame mai\u0161elyje i\u0161 vandens m\u0117lynos spalvos audinio.<\/p>","protected":false},"featured_media":11946,"comment_status":"open","ping_status":"closed","template":"","meta":[],"product_brand":[],"product_cat":[180,2440,190,191],"product_tag":[],"giftcard-category":[],"class_list":{"0":"post-11945","1":"product","2":"type-product","3":"status-publish","4":"has-post-thumbnail","6":"product_cat-mezgimo-priemones","7":"product_cat-knitpro","8":"product_cat-nerimo-vaseliai","9":"product_cat-vaseliu-rinkiniai","11":"first","12":"outofstock","13":"taxable","14":"shipping-taxable","15":"purchasable","16":"product-type-simple"},"_links":{"self":[{"href":"https:\/\/bitessiulai.lt\/ru\/wp-json\/wp\/v2\/product\/11945","targetHints":{"allow":["GET"]}}],"collection":[{"href":"https:\/\/bitessiulai.lt\/ru\/wp-json\/wp\/v2\/product"}],"about":[{"href":"https:\/\/bitessiulai.lt\/ru\/wp-json\/wp\/v2\/types\/product"}],"replies":[{"embeddable":true,"href":"https:\/\/bitessiulai.lt\/ru\/wp-json\/wp\/v2\/comments?post=11945"}],"version-history":[{"count":0,"href":"https:\/\/bitessiulai.lt\/ru\/wp-json\/wp\/v2\/product\/11945\/revisions"}],"wp:featuredmedia":[{"embeddable":true,"href":"https:\/\/bitessiulai.lt\/ru\/wp-json\/wp\/v2\/media\/11946"}],"wp:attachment":[{"href":"https:\/\/bitessiulai.lt\/ru\/wp-json\/wp\/v2\/media?parent=11945"}],"wp:term":[{"taxonomy":"product_brand","embeddable":true,"href":"https:\/\/bitessiulai.lt\/ru\/wp-json\/wp\/v2\/product_brand?post=11945"},{"taxonomy":"product_cat","embeddable":true,"href":"https:\/\/bitessiulai.lt\/ru\/wp-json\/wp\/v2\/product_cat?post=11945"},{"taxonomy":"product_tag","embeddable":true,"href":"https:\/\/bitessiulai.lt\/ru\/wp-json\/wp\/v2\/product_tag?post=11945"},{"taxonomy":"giftcard-category","embeddable":true,"href":"https:\/\/bitessiulai.lt\/ru\/wp-json\/wp\/v2\/giftcard-category?post=11945"}],"curies":[{"name":"wp","href":"https:\/\/api.w.org\/{rel}","templated":true}]}}