{"id":11919,"date":"2025-04-29T10:20:09","date_gmt":"2025-04-29T07:20:09","guid":{"rendered":"https:\/\/bitessiulai.lt\/?post_type=product&#038;p=11919"},"modified":"2025-10-09T16:49:41","modified_gmt":"2025-10-09T13:49:41","slug":"knitpro-nova-virbalu-rinkinys-13cm-3-8mm-regal","status":"publish","type":"product","link":"https:\/\/bitessiulai.lt\/ru\/product\/knitpro-nova-virbalu-rinkinys-13cm-3-8mm-regal\/","title":{"rendered":"\u041d\u0430\u0431\u043e\u0440 \u0441\u043f\u0438\u0446 KnitPro Nova 13 \u0441\u043c 3-8 \u043c\u043c Regal"},"content":{"rendered":"<p><b>\u041d\u0430\u0431\u043e\u0440 \u0441\u043f\u0438\u0446 KnitPro Nova 13 \u0441\u043c 3-8 \u043c\u043c Regal.<\/b><strong>KnitPro<\/strong><strong>\u00a0\u041d\u043e\u0432\u0430 \u0420\u0435\u0433\u0430\u043b<\/strong>\u041d\u0430\u0431\u043e\u0440 \u0441\u043c\u0435\u043d\u043d\u044b\u0445 \u043a\u0440\u0443\u0433\u043e\u0432\u044b\u0445 \u0441\u043f\u0438\u0446 \u2013 \u044d\u0442\u043e \u043f\u043e\u043b\u043d\u044b\u0439 \u043d\u0430\u0431\u043e\u0440 \u0441\u043e \u0441\u043c\u0435\u043d\u043d\u044b\u043c\u0438 \u0441\u043f\u0438\u0446\u0430\u043c\u0438 \u0434\u043b\u0438\u043d\u043e\u0439 13 \u0441\u043c \u0438 \u0430\u043a\u0441\u0435\u0441\u0441\u0443\u0430\u0440\u0430\u043c\u0438. \u0421\u043f\u0438\u0446\u044b \u0432 \u044d\u0442\u043e\u043c \u043d\u0430\u0431\u043e\u0440\u0435 \u0438\u0437\u0433\u043e\u0442\u043e\u0432\u043b\u0435\u043d\u044b \u0438\u0437 \u043b\u0430\u0442\u0443\u043d\u0438 \u0438 \u0438\u043c\u0435\u044e\u0442 \u0431\u043b\u0435\u0441\u0442\u044f\u0449\u0443\u044e \u0441\u0435\u0440\u0435\u0431\u0440\u0438\u0441\u0442\u0443\u044e \u043f\u043e\u0432\u0435\u0440\u0445\u043d\u043e\u0441\u0442\u044c. \u041b\u0435\u0433\u043a\u0438\u0435 \u043a\u043e\u043d\u0447\u0438\u043a\u0438 \u0441\u043f\u0438\u0446 \u0433\u0430\u0440\u0430\u043d\u0442\u0438\u0440\u0443\u044e\u0442 \u043f\u043b\u0430\u0432\u043d\u043e\u0435 \u0432\u044f\u0437\u0430\u043d\u0438\u0435 \u0431\u0435\u0437 \u0443\u0441\u0442\u0430\u043b\u043e\u0441\u0442\u0438 \u0440\u0443\u043a. \u0411\u043b\u0430\u0433\u043e\u0434\u0430\u0440\u044f \u043f\u043e\u0441\u0442\u0435\u043f\u0435\u043d\u043d\u043e \u0441\u0443\u0436\u0430\u044e\u0449\u0438\u043c\u0441\u044f \u043a\u043e\u043d\u0447\u0438\u043a\u0430\u043c \u0432\u044b \u043c\u043e\u0436\u0435\u0442\u0435 \u043b\u0435\u0433\u043a\u043e \u0432\u044f\u0437\u0430\u0442\u044c, \u043d\u0435 \u0440\u0430\u0441\u0449\u0435\u043f\u043b\u044f\u044f \u043f\u0440\u044f\u0436\u0443. \u041a\u0440\u043e\u043c\u0435 \u0442\u043e\u0433\u043e, \u043a\u043e\u043d\u0447\u0438\u043a\u0438 \u0441\u043f\u0438\u0446 \u0433\u0430\u0440\u0430\u043d\u0442\u0438\u0440\u0443\u044e\u0442 \u043a\u0440\u0430\u0441\u0438\u0432\u0443\u044e \u0447\u0451\u0442\u043a\u043e\u0441\u0442\u044c \u043f\u0435\u0442\u0435\u043b\u044c. \u0411\u043b\u0430\u0433\u043e\u0434\u0430\u0440\u044f \u043f\u0440\u043e\u0447\u043d\u043e\u043c\u0443 \u043c\u0430\u0442\u0435\u0440\u0438\u0430\u043b\u0443 \u044d\u0442\u0438 \u0441\u043f\u0438\u0446\u044b \u0447\u0440\u0435\u0437\u0432\u044b\u0447\u0430\u0439\u043d\u043e \u0434\u043e\u043b\u0433\u043e\u0432\u0435\u0447\u043d\u044b. \u041a\u043e\u043d\u0447\u0438\u043a\u0438 \u0441\u043f\u0438\u0446 \u043b\u0435\u0433\u043a\u043e \u043a\u0440\u0435\u043f\u044f\u0442\u0441\u044f \u043a \u0441\u0442\u0430\u043b\u044c\u043d\u043e\u0439 \u043b\u0435\u0441\u043a\u0435 \u0441 \u043f\u043e\u043c\u043e\u0449\u044c\u044e \u0443\u0434\u043e\u0431\u043d\u043e\u0439 \u0432\u0438\u043d\u0442\u043e\u0432\u043e\u0439 \u0441\u0438\u0441\u0442\u0435\u043c\u044b, \u043f\u043e\u043a\u0440\u044b\u0442\u043e\u0439 \u0441\u043b\u043e\u0435\u043c \u043d\u0435\u0439\u043b\u043e\u043d\u0430. \u042d\u0442\u043e \u0434\u0435\u043b\u0430\u0435\u0442 \u043b\u0435\u0441\u043a\u0443 \u043e\u0434\u043d\u043e\u0432\u0440\u0435\u043c\u0435\u043d\u043d\u043e \u043f\u0440\u043e\u0447\u043d\u043e\u0439 \u0438 \u0433\u0438\u0431\u043a\u043e\u0439, \u0431\u043b\u0430\u0433\u043e\u0434\u0430\u0440\u044f \u0447\u0435\u043c\u0443 \u043f\u0435\u0442\u043b\u0438 \u043b\u0435\u0433\u043a\u043e \u043f\u0435\u0440\u0435\u0445\u043e\u0434\u044f\u0442 \u0441 \u043a\u043e\u043d\u0447\u0438\u043a\u043e\u0432 \u0441\u043f\u0438\u0446 \u043d\u0430 \u043b\u0435\u0441\u043a\u0443. \u041b\u0435\u0441\u043a\u0430 \u0442\u0430\u043a\u0436\u0435 \u043e\u0441\u043d\u0430\u0449\u0435\u043d\u0430 \u0443\u0434\u043e\u0431\u043d\u044b\u043c \u043f\u043e\u0432\u043e\u0440\u043e\u0442\u043d\u044b\u043c \u043c\u0435\u0445\u0430\u043d\u0438\u0437\u043c\u043e\u043c, \u043f\u043e\u0437\u0432\u043e\u043b\u044f\u044e\u0449\u0438\u043c \u043a\u043e\u043d\u0447\u0438\u043a\u0430\u043c \u0441\u0432\u043e\u0431\u043e\u0434\u043d\u043e \u0432\u0440\u0430\u0449\u0430\u0442\u044c\u0441\u044f. \u042d\u0442\u043e \u043f\u0440\u0435\u0434\u043e\u0442\u0432\u0440\u0430\u0449\u0430\u0435\u0442 \u0437\u0430\u043f\u0443\u0442\u044b\u0432\u0430\u043d\u0438\u0435 \u043b\u0435\u0441\u043a\u0438. \u041d\u0430 \u043a\u043e\u043d\u0446\u0430\u0445 \u043b\u0435\u0441\u043a\u0438 \u0438\u043c\u0435\u044e\u0442\u0441\u044f \u043e\u0442\u0432\u0435\u0440\u0441\u0442\u0438\u044f \u0434\u043b\u044f \u043a\u043b\u044e\u0447\u0430, \u043a\u043e\u0442\u043e\u0440\u044b\u0439 \u0444\u0438\u043a\u0441\u0438\u0440\u0443\u0435\u0442 \u043a\u043e\u043d\u0447\u0438\u043a \u0441\u043f\u0438\u0446\u044b \u043d\u0430 \u043b\u0435\u0441\u043a\u0435. \u042d\u0442\u0438 \u043e\u0442\u0432\u0435\u0440\u0441\u0442\u0438\u044f \u0442\u0430\u043a\u0436\u0435 \u0443\u0434\u043e\u0431\u043d\u044b \u0434\u043b\u044f \u0432\u0441\u0442\u0430\u0432\u043a\u0438 \u0432 \u0441\u043f\u0430\u0441\u0430\u0442\u0435\u043b\u044c\u043d\u044b\u0439 \u043a\u0440\u0443\u0433 \u0434\u043b\u044f \u0431\u0435\u0437\u043e\u043f\u0430\u0441\u043d\u043e\u0433\u043e \u0441\u043d\u044f\u0442\u0438\u044f \u0432\u044f\u0437\u0430\u043d\u0438\u044f \u0438\u043b\u0438 \u043f\u043e\u0434\u0431\u043e\u0440\u0430 \u043f\u0440\u043e\u043f\u0443\u0449\u0435\u043d\u043d\u044b\u0445 \u043f\u0435\u0442\u0435\u043b\u044c. \u0412 \u043d\u0430\u0431\u043e\u0440 KnitPro Nova Regal \u0432\u0445\u043e\u0434\u044f\u0442 \u0441\u043b\u0435\u0434\u0443\u044e\u0449\u0438\u0435 \u043f\u0440\u0435\u0434\u043c\u0435\u0442\u044b:<\/p>\n<p>&nbsp;<\/p>\n<ul>\n<li>11 \u043f\u0430\u0440 \u0441\u043c\u0435\u043d\u043d\u044b\u0445 \u0441\u043f\u0438\u0446 \u0434\u043b\u0438\u043d\u043e\u0439 13 \u0441\u043c \u0440\u0430\u0437\u043c\u0435\u0440\u043e\u043c 3,00, 3,25, 3,50, 3,75, 4,00, 4,50, 5,00, 5,50, 6,00, 6,50 \u0438 8,00 \u043c\u043c<\/li>\n<li>5 \u0432\u0435\u0440\u0442\u043b\u044e\u0436\u043d\u044b\u0445 \u043f\u043e\u0432\u043e\u0434\u043a\u043e\u0432 (2 x 60 \u0441\u043c, 2 x 80 \u0441\u043c \u0438 1 x 100 \u0441\u043c; \u043e\u0431\u0449\u0430\u044f \u0434\u043b\u0438\u043d\u0430, \u0432\u043a\u043b\u044e\u0447\u0430\u044f \u043a\u043e\u043d\u0447\u0438\u043a\u0438 \u0443\u0434\u0438\u043b\u0438\u0449)<\/li>\n<li>8 \u0437\u0430\u0433\u043b\u0443\u0448\u0435\u043a<\/li>\n<li>4 \u043b\u0438\u043d\u0435\u0439\u043d\u044b\u0435 \u043a\u043b\u0430\u0432\u0438\u0448\u0438<\/li>\n<li>1 \u043a\u043e\u043c\u043f\u043b\u0435\u043a\u0442 \u043b\u0438\u043d\u0435\u0439\u043d\u044b\u0445 \u0440\u0430\u0437\u044a\u0435\u043c\u043e\u0432<\/li>\n<li>1x \u043d\u043e\u0436\u043d\u0438\u0446\u044b<\/li>\n<li>1 \u0438\u0437\u043c\u0435\u0440\u0438\u0442\u0435\u043b\u044c\u043d\u0430\u044f \u043b\u0435\u043d\u0442\u0430<\/li>\n<li>2 \u0438\u0433\u043b\u044b \u0434\u043b\u044f \u0448\u0435\u0440\u0441\u0442\u0438<\/li>\n<li>10 \u0444\u0438\u043a\u0441\u0438\u0440\u0443\u0435\u043c\u044b\u0445 \u043c\u0430\u0440\u043a\u0435\u0440\u043e\u0432 \u043f\u0435\u0442\u0435\u043b\u044c<\/li>\n<li>10 \u043a\u0440\u0443\u0433\u043e\u0432\u044b\u0445 \u043c\u0430\u0440\u043a\u0435\u0440\u043e\u0432 \u043f\u0435\u0442\u0435\u043b\u044c<\/li>\n<\/ul>\n<p>&nbsp;<\/p>\n<p>\u041d\u0430\u0431\u043e\u0440 \u0443\u043f\u0430\u043a\u043e\u0432\u0430\u043d \u0432 \u043a\u0440\u0430\u0441\u0438\u0432\u0443\u044e \u0441\u0438\u043d\u044e\u044e \u0442\u043a\u0430\u043d\u0435\u0432\u0443\u044e \u0441\u0443\u043c\u043a\u0443 \u043d\u0430 \u043c\u043e\u043b\u043d\u0438\u0438.<\/p>\n<p><img fetchpriority=\"high\" decoding=\"async\" class=\"alignnone size-medium wp-image-11922\" src=\"http:\/\/bitessiulai.lt\/wp-content\/uploads\/2025\/04\/K10622-3-300x300.webp\" alt=\"\" width=\"300\" height=\"300\" srcset=\"https:\/\/bitessiulai.lt\/wp-content\/uploads\/2025\/04\/K10622-3-300x300.webp 300w, https:\/\/bitessiulai.lt\/wp-content\/uploads\/2025\/04\/K10622-3-150x150.webp 150w, https:\/\/bitessiulai.lt\/wp-content\/uploads\/2025\/04\/K10622-3-96x96.webp 96w, https:\/\/bitessiulai.lt\/wp-content\/uploads\/2025\/04\/K10622-3.webp 583w\" sizes=\"(max-width: 300px) 100vw, 300px\" \/> <img decoding=\"async\" class=\"alignnone size-medium wp-image-11923\" src=\"http:\/\/bitessiulai.lt\/wp-content\/uploads\/2025\/04\/K10622-4-300x300.webp\" alt=\"\" width=\"300\" height=\"300\" srcset=\"https:\/\/bitessiulai.lt\/wp-content\/uploads\/2025\/04\/K10622-4-300x300.webp 300w, https:\/\/bitessiulai.lt\/wp-content\/uploads\/2025\/04\/K10622-4-150x150.webp 150w, https:\/\/bitessiulai.lt\/wp-content\/uploads\/2025\/04\/K10622-4-96x96.webp 96w, https:\/\/bitessiulai.lt\/wp-content\/uploads\/2025\/04\/K10622-4.webp 583w\" sizes=\"(max-width: 300px) 100vw, 300px\" \/><\/p>\n<p>&nbsp;<\/p>","protected":false},"excerpt":{"rendered":"<p>KnitPro Nova virbal\u0173 rinkinys 13cm 3-8mm Regal. \u201eKnitPro\u00a0Nova\u00a0Regal\u201c kei\u010diam\u0173 apskrit\u0173 virbal\u0173 rinkiniai yra pilnas komplektas su kei\u010diamais 13 cm ilgio mezgimo virbal\u0173 antgaliais ir priedais. \u0160io rinkinio virbal\u0173 antgaliai yra pagaminti i\u0161 \u017ealvario ir turi blizg\u0173 sidabro spalvos pavir\u0161i\u0173. Lengvi virbal\u0173 antgaliai garantuoja skland\u0173 mezgim\u0105 be jokio rank\u0173 nuovargio. Su palaipsniui siaur\u0117jan\u010diais antgaliais galite lengvai megzti neskaidydami verpal\u0173. Be to, virbal\u0173 antgaliai garantuoja gra\u017e\u0173 dygsnio apibr\u0117\u017eim\u0105. D\u0117l stiprios med\u017eiagos \u0161ie virbalai yra itin patvar\u016bs. Virbal\u0173 antgalius galima lengvai prijungti prie plieninio valo, naudojant patogi\u0105 var\u017et\u0173 sistem\u0105, kuri yra padengta nailono sluoksniu. D\u0117l to valas tuo pa\u010diu metu tampa tvirtas ir lankstus, tod\u0117l si\u016bl\u0117s gali lengvai nuslysti nuo virbal\u0173 galiuk\u0173 iki valo. Valas taip pat turi patogi\u0105 pasukimo sistem\u0105, kuri leid\u017eia antgaliams laisvai suktis. Tai neleid\u017eia valui susisukti. Val\u0173 galuose yra skyl\u0117s, kad tilpt\u0173 laido raktas, kuris pritvirtina virbalo galiuk\u0105 prie kabelio. Skyl\u0117s taip pat naudingos \u012fki\u0161us \u012f mezgin\u012f gelb\u0117jimosi virv\u0119, kad b\u016bt\u0173 galima saugiai nuimti darbel\u012f arba paimti i\u0161kritusias si\u016bles. KnitPro Nova Regal rinkin\u012f sudaro \u0161ie elementai: &nbsp; 11 x por\u0173 13 cm ilgio kei\u010diam\u0173 mezgimo virbal\u0173 antgali\u0173, kuri\u0173 dydis 3,00, 3,25, 3,50, 3,75, 4,00, 4,50, 5,00, 5,50, 6,00, 6,50 ir 8,00 mm 5 x pasukami valai (2 x 60 cm, 2 x 80 cm ir 1 x 100 cm; bendras ilgis, \u012fskaitant virbal\u0173 antgalius) 8 x galiniai kam\u0161\u010diai 4 x valo raktai 1 x val\u0173 jung\u010di\u0173 rinkinys 1x \u017eirkl\u0117s 1 x matavimo juosta 2x vilnos adatos 10 x u\u017erakinami dygsnio \u017eymekliai 10 x \u017eiedinio dygsnio \u017eymekliai &nbsp; Rinkinys yra gra\u017eiame m\u0117lynos spalvos audinio mai\u0161elyje su u\u017etrauktuku. &nbsp;<\/p>","protected":false},"featured_media":11920,"comment_status":"open","ping_status":"closed","template":"","meta":[],"product_brand":[],"product_cat":[180,2440,181],"product_tag":[],"giftcard-category":[],"class_list":{"0":"post-11919","1":"product","2":"type-product","3":"status-publish","4":"has-post-thumbnail","6":"product_cat-mezgimo-priemones","7":"product_cat-knitpro","8":"product_cat-virbalu-rinkiniai","10":"first","11":"instock","12":"taxable","13":"shipping-taxable","14":"purchasable","15":"product-type-simple"},"_links":{"self":[{"href":"https:\/\/bitessiulai.lt\/ru\/wp-json\/wp\/v2\/product\/11919","targetHints":{"allow":["GET"]}}],"collection":[{"href":"https:\/\/bitessiulai.lt\/ru\/wp-json\/wp\/v2\/product"}],"about":[{"href":"https:\/\/bitessiulai.lt\/ru\/wp-json\/wp\/v2\/types\/product"}],"replies":[{"embeddable":true,"href":"https:\/\/bitessiulai.lt\/ru\/wp-json\/wp\/v2\/comments?post=11919"}],"version-history":[{"count":0,"href":"https:\/\/bitessiulai.lt\/ru\/wp-json\/wp\/v2\/product\/11919\/revisions"}],"wp:featuredmedia":[{"embeddable":true,"href":"https:\/\/bitessiulai.lt\/ru\/wp-json\/wp\/v2\/media\/11920"}],"wp:attachment":[{"href":"https:\/\/bitessiulai.lt\/ru\/wp-json\/wp\/v2\/media?parent=11919"}],"wp:term":[{"taxonomy":"product_brand","embeddable":true,"href":"https:\/\/bitessiulai.lt\/ru\/wp-json\/wp\/v2\/product_brand?post=11919"},{"taxonomy":"product_cat","embeddable":true,"href":"https:\/\/bitessiulai.lt\/ru\/wp-json\/wp\/v2\/product_cat?post=11919"},{"taxonomy":"product_tag","embeddable":true,"href":"https:\/\/bitessiulai.lt\/ru\/wp-json\/wp\/v2\/product_tag?post=11919"},{"taxonomy":"giftcard-category","embeddable":true,"href":"https:\/\/bitessiulai.lt\/ru\/wp-json\/wp\/v2\/giftcard-category?post=11919"}],"curies":[{"name":"wp","href":"https:\/\/api.w.org\/{rel}","templated":true}]}}