{"id":11882,"date":"2025-04-28T13:13:15","date_gmt":"2025-04-28T10:13:15","guid":{"rendered":"https:\/\/bitessiulai.lt\/?post_type=product&#038;p=11882"},"modified":"2026-01-16T15:37:17","modified_gmt":"2026-01-16T13:37:17","slug":"knitpro-symfonie-virbalu-rinkinys-13cm-starter","status":"publish","type":"product","link":"https:\/\/bitessiulai.lt\/ru\/product\/knitpro-symfonie-virbalu-rinkinys-13cm-starter\/","title":{"rendered":"\u041d\u0430\u0431\u043e\u0440 \u0441\u043f\u0438\u0446 KnitPro Symfonie 13 \u0441\u043c \u0434\u043b\u044f \u043d\u0430\u0447\u0438\u043d\u0430\u044e\u0449\u0438\u0445"},"content":{"rendered":"<p>\u041d\u0430\u0431\u043e\u0440 \u0441\u043f\u0438\u0446 KnitPro Symfonie Starter \u0434\u043b\u0438\u043d\u043e\u0439 13 \u0441\u043c. \u041d\u0430\u0431\u043e\u0440 \u0441\u043c\u0435\u043d\u043d\u044b\u0445 \u0441\u043f\u0438\u0446 KnitPro Symfonie Starter \u2014 \u044d\u0442\u043e \u0438\u0441\u043a\u043b\u044e\u0447\u0438\u0442\u0435\u043b\u044c\u043d\u043e \u043a\u0440\u0430\u0441\u0438\u0432\u044b\u0439 \u043d\u0430\u0431\u043e\u0440 \u0441\u043c\u0435\u043d\u043d\u044b\u0445 \u0441\u043f\u0438\u0446. <b>\u0441\u043e\u043f\u043b\u0430<\/b> \u041d\u0430\u0431\u043e\u0440 \u0440\u0430\u0437\u043d\u043e\u0446\u0432\u0435\u0442\u043d\u044b\u0445 \u043f\u043e\u043b\u0438\u0440\u043e\u0432\u0430\u043d\u043d\u044b\u0445 \u0441\u043f\u0438\u0446. \u0421\u043f\u0438\u0446\u044b \u043b\u0451\u0433\u043a\u0438\u0435, \u043f\u043e\u044d\u0442\u043e\u043c\u0443 \u0432\u044b \u0441\u043c\u043e\u0436\u0435\u0442\u0435 \u0432\u044f\u0437\u0430\u0442\u044c \u0447\u0430\u0441\u0430\u043c\u0438, \u043d\u0435 \u0443\u0441\u0442\u0430\u0432\u0430\u044f. \u042d\u0442\u043e\u0442 \u043d\u0430\u0431\u043e\u0440 \u0438\u0434\u0435\u0430\u043b\u044c\u043d\u043e \u043f\u043e\u0434\u0445\u043e\u0434\u0438\u0442 \u043a\u0430\u043a \u0434\u043b\u044f \u043d\u0430\u0447\u0438\u043d\u0430\u044e\u0449\u0438\u0445, \u0442\u0430\u043a \u0438 \u0434\u043b\u044f \u043e\u043f\u044b\u0442\u043d\u044b\u0445 \u0432\u044f\u0437\u0430\u043b\u044c\u0449\u0438\u0446, \u0436\u0435\u043b\u0430\u044e\u0449\u0438\u0445 \u043f\u043e\u043f\u0440\u043e\u0431\u043e\u0432\u0430\u0442\u044c \u0441\u043c\u0435\u043d\u043d\u044b\u0435 \u0441\u043f\u0438\u0446\u044b. \u041d\u0430\u0431\u043e\u0440 \u0441\u043c\u0435\u043d\u043d\u044b\u0445 \u0441\u043f\u0438\u0446 Knitpro Symfonie \u0432\u043a\u043b\u044e\u0447\u0430\u0435\u0442 \u0432 \u0441\u0435\u0431\u044f \u0441\u043b\u0435\u0434\u0443\u044e\u0449\u0438\u0435 \u044d\u043b\u0435\u043c\u0435\u043d\u0442\u044b:<\/p>\n<ul>\n<li>3 \u043f\u0430\u0440\u044b \u0441\u043c\u0435\u043d\u043d\u044b\u0445 \u0438\u0433\u043b \u0440\u0430\u0437\u043c\u0435\u0440\u043e\u043c 4,00, 5,00 \u0438 6,00 \u043c\u043c<\/li>\n<li>3 \u043b\u0435\u0441\u043a\u0438: 1 x 60, 1 x 80 \u0438 1 x 100 \u0441\u043c \u0434\u043b\u0438\u043d\u043e\u0439<\/li>\n<li>6 \u0437\u0430\u0433\u043b\u0443\u0448\u0435\u043a<\/li>\n<li>3 \u043a\u043b\u044e\u0447\u0430 \u0434\u043b\u044f \u043a\u0430\u0431\u0435\u043b\u044f<\/li>\n<li>1 \u043a\u043e\u043c\u043f\u043b\u0435\u043a\u0442 \u043b\u0438\u043d\u0435\u0439\u043d\u044b\u0445 \u0440\u0430\u0437\u044a\u0435\u043c\u043e\u0432<\/li>\n<\/ul>\n<p>\u041d\u0430\u0431\u043e\u0440 \u0443\u043f\u0430\u043a\u043e\u0432\u0430\u043d \u0432 \u0441\u0442\u0438\u043b\u044c\u043d\u044b\u0439 \u043c\u0435\u0448\u043e\u0447\u0435\u043a \u043d\u0430 \u043c\u043e\u043b\u043d\u0438\u0438 \u0438\u0437 \u0444\u0438\u043e\u043b\u0435\u0442\u043e\u0432\u043e\u0439 \u0442\u043a\u0430\u043d\u0438. \u041d\u0430 \u043c\u0435\u0448\u043e\u0447\u043a\u0435 \u0438\u0437\u043e\u0431\u0440\u0430\u0436\u0435\u043d\u043e \u043d\u0435\u0431\u043e\u043b\u044c\u0448\u043e\u0435 \u0438\u0437\u043e\u0431\u0440\u0430\u0436\u0435\u043d\u0438\u0435 \u0434\u0432\u0443\u0445 \u043e\u0432\u0435\u0446.<\/p>\n<p><img fetchpriority=\"high\" decoding=\"async\" class=\"alignnone size-medium wp-image-11885\" src=\"http:\/\/bitessiulai.lt\/wp-content\/uploads\/2025\/04\/k20660-4-300x300.webp\" alt=\"\" width=\"300\" height=\"300\" srcset=\"https:\/\/bitessiulai.lt\/wp-content\/uploads\/2025\/04\/k20660-4-300x300.webp 300w, https:\/\/bitessiulai.lt\/wp-content\/uploads\/2025\/04\/k20660-4-150x150.webp 150w, https:\/\/bitessiulai.lt\/wp-content\/uploads\/2025\/04\/k20660-4-96x96.webp 96w, https:\/\/bitessiulai.lt\/wp-content\/uploads\/2025\/04\/k20660-4.webp 583w\" sizes=\"(max-width: 300px) 100vw, 300px\" \/> <img decoding=\"async\" class=\"alignnone size-medium wp-image-11886\" src=\"http:\/\/bitessiulai.lt\/wp-content\/uploads\/2025\/04\/k20660-3-300x300.webp\" alt=\"\" width=\"300\" height=\"300\" srcset=\"https:\/\/bitessiulai.lt\/wp-content\/uploads\/2025\/04\/k20660-3-300x300.webp 300w, https:\/\/bitessiulai.lt\/wp-content\/uploads\/2025\/04\/k20660-3-150x150.webp 150w, https:\/\/bitessiulai.lt\/wp-content\/uploads\/2025\/04\/k20660-3-96x96.webp 96w, https:\/\/bitessiulai.lt\/wp-content\/uploads\/2025\/04\/k20660-3.webp 583w\" sizes=\"(max-width: 300px) 100vw, 300px\" \/><\/p>","protected":false},"excerpt":{"rendered":"<p>KnitPro Symfonie virbal\u0173 rinkinys 13cm starteris. Kei\u010diam\u0173 virbal\u0173 rinkinys KnitPro Symfonie Starter \u2013 tai i\u0161skirtinai gra\u017eus kei\u010diam\u0173 virbal\u0173 antgali\u0173 rinkinys i\u0161 \u012fvairiaspalv\u0117s poliruotos medienos. Virbalai yra lengvi , tod\u0117l galite be vargo megzti valandas, nepatiriant rank\u0173 nuovargio. \u0160is rinkinys puikiai tiks pradedan\u010dioms mezg\u0117joms arba patyrusioms mezg\u0117joms, kurios nor\u0117t\u0173 i\u0161bandyti kei\u010diamus virbalus. \u201eKnitpro Symfonie\u201c kei\u010diam\u0173 virbal\u0173 rinkin\u012f\u00a0 sudaro \u0161ie elementai: 3 x poros kei\u010diam\u0173 4,00, 5,00 ir 6,00 mm dyd\u017ei\u0173 virbal\u0173 antgali\u0173 3 x valai: 1 x 60, 1 x 80 ir 1 x 100 cm ilgio 6 x galiniai kam\u0161\u010diai 3 x trosiniai ver\u017eliarak\u010diai 1 x val\u0173 jung\u010di\u0173 rinkinys Rinkinys tiekiamas stilingame mai\u0161elyje su u\u017etrauktuku i\u0161 violetin\u0117s spalvos audinio. D\u0117kle yra nedidel\u0117 dviej\u0173 avi\u0173 iliustracija.<\/p>","protected":false},"featured_media":11883,"comment_status":"open","ping_status":"closed","template":"","meta":[],"product_brand":[],"product_cat":[181,2440,180],"product_tag":[],"giftcard-category":[],"class_list":{"0":"post-11882","1":"product","2":"type-product","3":"status-publish","4":"has-post-thumbnail","6":"product_cat-virbalu-rinkiniai","7":"product_cat-knitpro","8":"product_cat-mezgimo-priemones","10":"first","11":"instock","12":"taxable","13":"shipping-taxable","14":"purchasable","15":"product-type-simple"},"_links":{"self":[{"href":"https:\/\/bitessiulai.lt\/ru\/wp-json\/wp\/v2\/product\/11882","targetHints":{"allow":["GET"]}}],"collection":[{"href":"https:\/\/bitessiulai.lt\/ru\/wp-json\/wp\/v2\/product"}],"about":[{"href":"https:\/\/bitessiulai.lt\/ru\/wp-json\/wp\/v2\/types\/product"}],"replies":[{"embeddable":true,"href":"https:\/\/bitessiulai.lt\/ru\/wp-json\/wp\/v2\/comments?post=11882"}],"version-history":[{"count":1,"href":"https:\/\/bitessiulai.lt\/ru\/wp-json\/wp\/v2\/product\/11882\/revisions"}],"predecessor-version":[{"id":21683,"href":"https:\/\/bitessiulai.lt\/ru\/wp-json\/wp\/v2\/product\/11882\/revisions\/21683"}],"wp:featuredmedia":[{"embeddable":true,"href":"https:\/\/bitessiulai.lt\/ru\/wp-json\/wp\/v2\/media\/11883"}],"wp:attachment":[{"href":"https:\/\/bitessiulai.lt\/ru\/wp-json\/wp\/v2\/media?parent=11882"}],"wp:term":[{"taxonomy":"product_brand","embeddable":true,"href":"https:\/\/bitessiulai.lt\/ru\/wp-json\/wp\/v2\/product_brand?post=11882"},{"taxonomy":"product_cat","embeddable":true,"href":"https:\/\/bitessiulai.lt\/ru\/wp-json\/wp\/v2\/product_cat?post=11882"},{"taxonomy":"product_tag","embeddable":true,"href":"https:\/\/bitessiulai.lt\/ru\/wp-json\/wp\/v2\/product_tag?post=11882"},{"taxonomy":"giftcard-category","embeddable":true,"href":"https:\/\/bitessiulai.lt\/ru\/wp-json\/wp\/v2\/giftcard-category?post=11882"}],"curies":[{"name":"wp","href":"https:\/\/api.w.org\/{rel}","templated":true}]}}