{"id":11867,"date":"2025-04-27T11:01:05","date_gmt":"2025-04-27T08:01:05","guid":{"rendered":"https:\/\/bitessiulai.lt\/?post_type=product&#038;p=11867"},"modified":"2025-09-12T16:06:17","modified_gmt":"2025-09-12T13:06:17","slug":"scheepjes-medinis-mezgejos-dubuo-2","status":"publish","type":"product","link":"https:\/\/bitessiulai.lt\/ru\/product\/scheepjes-medinis-mezgejos-dubuo-2\/","title":{"rendered":"\u0414\u0435\u0440\u0435\u0432\u044f\u043d\u043d\u0430\u044f \u043c\u0438\u0441\u043a\u0430 \u0434\u043b\u044f \u0432\u044f\u0437\u0430\u043d\u0438\u044f Scheepjes"},"content":{"rendered":"<p>\u0414\u0435\u0440\u0435\u0432\u044f\u043d\u043d\u0430\u044f \u043c\u0438\u0441\u043a\u0430 Scheepjes \u0438\u0434\u0435\u0430\u043b\u044c\u043d\u043e \u043f\u043e\u0434\u0445\u043e\u0434\u0438\u0442 \u0434\u043b\u044f \u0430\u043a\u043a\u0443\u0440\u0430\u0442\u043d\u043e\u0433\u043e \u0445\u0440\u0430\u043d\u0435\u043d\u0438\u044f \u0438 \u0440\u0430\u0441\u043f\u0440\u0435\u0434\u0435\u043b\u0435\u043d\u0438\u044f \u043f\u0440\u044f\u0436\u0438 \u043f\u0440\u0438 \u0432\u044f\u0437\u0430\u043d\u0438\u0438 \u0441\u043f\u0438\u0446\u0430\u043c\u0438 \u0438\u043b\u0438 \u043a\u0440\u044e\u0447\u043a\u043e\u043c. \u041f\u0440\u043e\u0441\u0442\u043e \u043f\u043e\u043c\u0435\u0441\u0442\u0438\u0442\u0435 \u043a\u043b\u0443\u0431\u043e\u043a \u043f\u0440\u044f\u0436\u0438 \u0432 \u043c\u0438\u0441\u043a\u0443 \u0438 \u043f\u0440\u043e\u0434\u0435\u043d\u044c\u0442\u0435 \u0441\u0432\u043e\u0431\u043e\u0434\u043d\u0443\u044e \u0432\u043d\u0435\u0448\u043d\u044e\u044e \u0438\u043b\u0438 \u0432\u043d\u0443\u0442\u0440\u0435\u043d\u043d\u044e\u044e \u043d\u0438\u0442\u044c \u0447\u0435\u0440\u0435\u0437 \u0441\u043f\u0438\u0440\u0430\u043b\u044c\u043d\u043e\u0435 \u043e\u0442\u0432\u0435\u0440\u0441\u0442\u0438\u0435 \u0432 \u0437\u0430\u0432\u0438\u0441\u0438\u043c\u043e\u0441\u0442\u0438 \u043e\u0442 \u0432\u0430\u0448\u0438\u0445 \u043f\u0440\u0435\u0434\u043f\u043e\u0447\u0442\u0435\u043d\u0438\u0439. \u0420\u0435\u0433\u0443\u043b\u0438\u0440\u0443\u044f \u0441\u043a\u043e\u0440\u043e\u0441\u0442\u044c \u0440\u0430\u0441\u043f\u0440\u0435\u0434\u0435\u043b\u0435\u043d\u0438\u044f \u043f\u0440\u044f\u0436\u0438, \u0432\u044b \u043c\u043e\u0436\u0435\u0442\u0435 \u043d\u0430\u0441\u043b\u0430\u0436\u0434\u0430\u0442\u044c\u0441\u044f \u0432\u044f\u0437\u0430\u043d\u0438\u0435\u043c, \u043d\u0435 \u0431\u0435\u0441\u043f\u043e\u043a\u043e\u044f\u0441\u044c \u043e \u0437\u0430\u043f\u0443\u0442\u044b\u0432\u0430\u043d\u0438\u0438 \u0438\u043b\u0438 \u0440\u0430\u0441\u0442\u044f\u0436\u0435\u043d\u0438\u0438! \u042d\u0442\u0430 \u043f\u0440\u0430\u043a\u0442\u0438\u0447\u043d\u0430\u044f \u043c\u0438\u0441\u043a\u0430 \u0434\u043b\u044f \u043f\u0440\u044f\u0436\u0438 \u0438\u0437\u0433\u043e\u0442\u043e\u0432\u043b\u0435\u043d\u0430 \u0438\u0437 \u0440\u0430\u0437\u043d\u044b\u0445 \u043f\u043e\u0440\u043e\u0434 \u0434\u0435\u0440\u0435\u0432\u0430, \u043a\u0430\u0436\u0434\u0430\u044f \u0438\u0437 \u043a\u043e\u0442\u043e\u0440\u044b\u0445 \u0438\u043c\u0435\u0435\u0442 \u0443\u043d\u0438\u043a\u0430\u043b\u044c\u043d\u044b\u0439 \u0434\u0438\u0437\u0430\u0439\u043d, \u0438 \u0438\u043c\u0435\u0435\u0442 \u0440\u0430\u0437\u043c\u0435\u0440 14,5 \u0445 10 \u0441\u043c. \u041a\u0430\u0436\u0434\u0430\u044f \u043c\u0438\u0441\u043a\u0430 \u0438\u0437\u0433\u043e\u0442\u043e\u0432\u043b\u0435\u043d\u0430 \u0432\u0440\u0443\u0447\u043d\u0443\u044e, \u0447\u0442\u043e \u0434\u0435\u043b\u0430\u0435\u0442 \u043a\u0430\u0436\u0434\u0443\u044e \u043c\u0438\u0441\u043a\u0443 \u0443\u043d\u0438\u043a\u0430\u043b\u044c\u043d\u043e\u0439 \u0438 \u043d\u0435\u043f\u043e\u0432\u0442\u043e\u0440\u0438\u043c\u043e\u0439!<\/p>\n<p>*\u0426\u0432\u0435\u0442\u0430 \u043d\u0430 \u044d\u043a\u0440\u0430\u043d\u0435 \u043c\u043e\u0433\u0443\u0442 \u043d\u0435\u043c\u043d\u043e\u0433\u043e \u043e\u0442\u043b\u0438\u0447\u0430\u0442\u044c\u0441\u044f \u043e\u0442 \u0440\u0435\u0430\u043b\u044c\u043d\u044b\u0445.<\/p>","protected":false},"excerpt":{"rendered":"<p>Scheepjes medinis mezg\u0117jos dubuo idealiai tinka norint tvarkingai laikyti ir i\u0161leisti verpalus mezgant ar neriant. Tiesiog \u012fd\u0117kite si\u016bl\u0173 rutul\u012f \u012f duben\u012f ir per spiralin\u0119 i\u0161pjov\u0105 perverkite laisv\u0105 i\u0161orin\u0119 arba vidin\u0119 sruog\u0105, priklausomai nuo j\u016bs\u0173 pageidavim\u0173. Kontroliuodami verpal\u0173 i\u0161leidimo temp\u0105, m\u0117gaukit\u0117s mezgimu ar n\u0117rimu nesijaudindami d\u0117l susipainiojimo ar tempimo! \u0160is prakti\u0161kas verpal\u0173 dubuo yra pagamintas i\u0161 skirting\u0173 medienos r\u016b\u0161i\u0173, kuri\u0173 kiekvienas turi unikal\u0173 dizain\u0105 ir yra 14,5 x 10 cm dyd\u017eio. Kiekvienas duben\u0117lis yra rank\u0173 darbo, tod\u0117l kiekvienas dubuo yra \u0161iek tiek kitoks ir unikalus! *Ekrane matomos spalvos gali \u0161iek tiek skirtis nuo tikrosios spalvos.<\/p>","protected":false},"featured_media":11868,"comment_status":"open","ping_status":"closed","template":"","meta":[],"product_brand":[],"product_cat":[192,916],"product_tag":[],"giftcard-category":[],"class_list":{"0":"post-11867","1":"product","2":"type-product","3":"status-publish","4":"has-post-thumbnail","6":"product_cat-priedai-mezgimui","7":"product_cat-kitos-priemones","9":"first","10":"instock","11":"taxable","12":"shipping-taxable","13":"purchasable","14":"product-type-simple"},"_links":{"self":[{"href":"https:\/\/bitessiulai.lt\/ru\/wp-json\/wp\/v2\/product\/11867","targetHints":{"allow":["GET"]}}],"collection":[{"href":"https:\/\/bitessiulai.lt\/ru\/wp-json\/wp\/v2\/product"}],"about":[{"href":"https:\/\/bitessiulai.lt\/ru\/wp-json\/wp\/v2\/types\/product"}],"replies":[{"embeddable":true,"href":"https:\/\/bitessiulai.lt\/ru\/wp-json\/wp\/v2\/comments?post=11867"}],"version-history":[{"count":0,"href":"https:\/\/bitessiulai.lt\/ru\/wp-json\/wp\/v2\/product\/11867\/revisions"}],"wp:featuredmedia":[{"embeddable":true,"href":"https:\/\/bitessiulai.lt\/ru\/wp-json\/wp\/v2\/media\/11868"}],"wp:attachment":[{"href":"https:\/\/bitessiulai.lt\/ru\/wp-json\/wp\/v2\/media?parent=11867"}],"wp:term":[{"taxonomy":"product_brand","embeddable":true,"href":"https:\/\/bitessiulai.lt\/ru\/wp-json\/wp\/v2\/product_brand?post=11867"},{"taxonomy":"product_cat","embeddable":true,"href":"https:\/\/bitessiulai.lt\/ru\/wp-json\/wp\/v2\/product_cat?post=11867"},{"taxonomy":"product_tag","embeddable":true,"href":"https:\/\/bitessiulai.lt\/ru\/wp-json\/wp\/v2\/product_tag?post=11867"},{"taxonomy":"giftcard-category","embeddable":true,"href":"https:\/\/bitessiulai.lt\/ru\/wp-json\/wp\/v2\/giftcard-category?post=11867"}],"curies":[{"name":"wp","href":"https:\/\/api.w.org\/{rel}","templated":true}]}}