{"id":11144,"date":"2025-03-31T13:14:34","date_gmt":"2025-03-31T10:14:34","guid":{"rendered":"https:\/\/bitessiulai.lt\/?post_type=product&#038;p=11144"},"modified":"2025-09-12T13:09:48","modified_gmt":"2025-09-12T10:09:48","slug":"yarnart-ir-lanoso-rinkinukas-9","status":"publish","type":"product","link":"https:\/\/bitessiulai.lt\/ru\/product\/yarnart-ir-lanoso-rinkinukas-9\/","title":{"rendered":"\u041d\u0430\u0431\u043e\u0440 YarnArt \u0438 Lanos"},"content":{"rendered":"<h6>\u0412 \u043d\u0430\u0431\u043e\u0440 YarnArt \u0438 Lanos \u0432\u0445\u043e\u0434\u044f\u0442:<\/h6>\n<ul>\n<li>YarnArt \u041b\u0435\u0442\u043d\u044f\u044f \u043c\u0435\u0447\u0442\u0430 3 \u0448\u0442.<\/li>\n<li>\u041b\u0430\u043d\u043e\u0441 \u041f\u0430\u0440\u043b\u0430 5\u0448\u0442.<\/li>\n<\/ul>\n<p><strong>YarnArt \u041b\u0435\u0442\u043d\u044f\u044f \u043c\u0435\u0447\u0442\u0430<\/strong><\/p>\n<p><img fetchpriority=\"high\" decoding=\"async\" class=\"alignnone size-medium wp-image-11147\" src=\"http:\/\/bitessiulai.lt\/wp-content\/uploads\/2025\/03\/YARNART_SUMMER_DREAM_4316_DETAY-600x600-1-1-300x300.jpg\" alt=\"\" width=\"300\" height=\"300\" srcset=\"https:\/\/bitessiulai.lt\/wp-content\/uploads\/2025\/03\/YARNART_SUMMER_DREAM_4316_DETAY-600x600-1-1-300x300.jpg 300w, https:\/\/bitessiulai.lt\/wp-content\/uploads\/2025\/03\/YARNART_SUMMER_DREAM_4316_DETAY-600x600-1-1-150x150.jpg 150w, https:\/\/bitessiulai.lt\/wp-content\/uploads\/2025\/03\/YARNART_SUMMER_DREAM_4316_DETAY-600x600-1-1-12x12.jpg 12w, https:\/\/bitessiulai.lt\/wp-content\/uploads\/2025\/03\/YARNART_SUMMER_DREAM_4316_DETAY-600x600-1-1-96x96.jpg 96w, https:\/\/bitessiulai.lt\/wp-content\/uploads\/2025\/03\/YARNART_SUMMER_DREAM_4316_DETAY-600x600-1-1.jpg 600w\" sizes=\"(max-width: 300px) 100vw, 300px\" \/><\/p>\n<p>(\u0426\u0432\u0435\u0442: 4316)<\/p>\n<ul>\n<li dir=\"auto\"><strong>\u0421\u043e\u0441\u0442\u0430\u0432:<\/strong> 70% \u0445\u043b\u043e\u043f\u043e\u043a, 30% \u0432\u0438\u0441\u043a\u043e\u0437\u0430<\/li>\n<li dir=\"auto\"><strong>\u0412\u0435\u0441\/\u0434\u043b\u0438\u043d\u0430:<\/strong> 100 \u0433. = \u043f\u0440\u0438\u043c\u0435\u0440\u043d\u043e 350 \u043c.<\/li>\n<li dir=\"auto\"><strong>\u0420\u0435\u043a\u043e\u043c\u0435\u043d\u0434\u0443\u0435\u043c\u044b\u0439 \u0440\u0430\u0437\u043c\u0435\u0440 \u0441\u043f\u0438\u0446:<\/strong> 3,5 \u043c\u043c.<\/li>\n<li dir=\"auto\"><strong>\u0420\u0435\u043a\u043e\u043c\u0435\u043d\u0434\u0443\u0435\u043c\u044b\u0439 \u0440\u0430\u0437\u043c\u0435\u0440 \u0432\u0430\u0437\u044b:<\/strong> 3 \u043c\u043c.<\/li>\n<\/ul>\n<p>&nbsp;<\/p>\n<p><span class=\"html-span xexx8yu x4uap5 x18d9i69 xkhd6sd x1hl2dhg x16tdsg8 x1vvkbs x3nfvp2 x1j61x8r x1fcty0u xdj266r xat24cr xgzva0m xhhsvwb xxymvpz xlup9mm x1kky2od\"><img decoding=\"async\" class=\"xz74otr\" src=\"https:\/\/static.xx.fbcdn.net\/images\/emoji.php\/v9\/t2d\/1\/16\/1f4cd.png\" alt=\"\ud83d\udccd\" width=\"16\" height=\"16\" \/><\/span> <strong>\u0426\u0435\u043d\u0430 3,10 \u0435\u0432\u0440\u043e<\/strong><\/p>\n<p><strong>\u041b\u0430\u043d\u043e\u0441 \u041f\u0430\u0440\u043b\u0430<\/strong><\/p>\n<p><img decoding=\"async\" class=\"alignnone size-medium wp-image-11148\" src=\"http:\/\/bitessiulai.lt\/wp-content\/uploads\/2025\/03\/aa105be5-3748-4df9-9df8-3c005aedef77-1-600x428-2-1-300x214.jpg\" alt=\"\" width=\"300\" height=\"214\" srcset=\"https:\/\/bitessiulai.lt\/wp-content\/uploads\/2025\/03\/aa105be5-3748-4df9-9df8-3c005aedef77-1-600x428-2-1-300x214.jpg 300w, https:\/\/bitessiulai.lt\/wp-content\/uploads\/2025\/03\/aa105be5-3748-4df9-9df8-3c005aedef77-1-600x428-2-1-18x12.jpg 18w, https:\/\/bitessiulai.lt\/wp-content\/uploads\/2025\/03\/aa105be5-3748-4df9-9df8-3c005aedef77-1-600x428-2-1-150x107.jpg 150w, https:\/\/bitessiulai.lt\/wp-content\/uploads\/2025\/03\/aa105be5-3748-4df9-9df8-3c005aedef77-1-600x428-2-1.jpg 600w\" sizes=\"(max-width: 300px) 100vw, 300px\" \/><\/p>\n<p>(\u0426\u0432\u0435\u0442: 5251)<\/p>\n<ul>\n<li dir=\"auto\"><strong>\u0421\u043e\u0441\u0442\u0430\u0432:<\/strong> 75% \u0431\u043b\u0435\u0441\u0442\u044f\u0449\u0430\u044f \u043d\u0438\u0442\u044c, 25% \u0445\u043b\u043e\u043f\u044c\u044f (100% \u043f\u043e\u043b\u0438\u044d\u0441\u0442\u0435\u0440)<\/li>\n<li dir=\"auto\"><strong>\u0412\u0435\u0441\/\u0434\u043b\u0438\u043d\u0430:<\/strong> \u00a025 \u043b\u0435\u0442 = \u043f\u0440\u0438\u0431\u043b\u0438\u0437\u0438\u0442\u0435\u043b\u044c\u043d\u043e 217 \u043b\u0435\u0442.<\/li>\n<li dir=\"auto\"><strong>\u0420\u0435\u043a\u043e\u043c\u0435\u043d\u0434\u0443\u0435\u043c\u044b\u0439 \u0440\u0430\u0437\u043c\u0435\u0440 \u0441\u043f\u0438\u0446:<\/strong> 2 \u2013 3 \u043c\u043c.<\/li>\n<\/ul>\n<p>&nbsp;<\/p>\n<p><span class=\"html-span xexx8yu x4uap5 x18d9i69 xkhd6sd x1hl2dhg x16tdsg8 x1vvkbs x3nfvp2 x1j61x8r x1fcty0u xdj266r xat24cr xgzva0m xhhsvwb xxymvpz xlup9mm x1kky2od\"><img decoding=\"async\" class=\"xz74otr\" src=\"https:\/\/static.xx.fbcdn.net\/images\/emoji.php\/v9\/t2d\/1\/16\/1f4cd.png\" alt=\"\ud83d\udccd\" width=\"16\" height=\"16\" \/><\/span> <strong>\u0426\u0435\u043d\u0430 2,20 \u0435\u0432\u0440\u043e<\/strong><\/p>\n<p><span class=\"html-span xexx8yu x4uap5 x18d9i69 xkhd6sd x1hl2dhg x16tdsg8 x1vvkbs x3nfvp2 x1j61x8r x1fcty0u xdj266r xat24cr xgzva0m xhhsvwb xxymvpz xlup9mm x1kky2od\"><img decoding=\"async\" class=\"xz74otr\" src=\"https:\/\/static.xx.fbcdn.net\/images\/emoji.php\/v9\/t2d\/1\/16\/1f4cd.png\" alt=\"\ud83d\udccd\" width=\"16\" height=\"16\" \/>\u0415\u0441\u043b\u0438 \u043d\u0430\u0431\u043e\u0440 Lanoso \u0438 YarnArt \u043e\u0442\u0441\u0443\u0442\u0441\u0442\u0432\u0443\u0435\u0442 \u0438\u043b\u0438 \u0442\u0440\u0435\u0431\u0443\u0435\u0442\u0441\u044f \u0431\u043e\u043b\u044c\u0448\u0435\u0435 \u043a\u043e\u043b\u0438\u0447\u0435\u0441\u0442\u0432\u043e, \u043f\u043e\u0436\u0430\u043b\u0443\u0439\u0441\u0442\u0430, \u0441\u0432\u044f\u0436\u0438\u0442\u0435\u0441\u044c \u0441 \u043d\u0430\u043c\u0438. <img decoding=\"async\" class=\"xz74otr\" src=\"https:\/\/static.xx.fbcdn.net\/images\/emoji.php\/v9\/t2d\/1\/16\/1f4cd.png\" alt=\"\ud83d\udccd\" width=\"16\" height=\"16\" \/><\/span><\/p>\n<div class=\"item\">\n<ul>\n<li class=\"text\">+370 672 44443<\/li>\n<\/ul>\n<\/div>\n<div class=\"item\">\n<ul>\n<li class=\"text\">info@bitessiulai.lt<\/li>\n<\/ul>\n<\/div>\n<p>&nbsp;<\/p>\n<p>*\u0426\u0432\u0435\u0442\u0430, \u043a\u043e\u0442\u043e\u0440\u044b\u0435 \u0432\u044b \u0432\u0438\u0434\u0438\u0442\u0435 \u043d\u0430 \u044d\u043a\u0440\u0430\u043d\u0435, \u043c\u043e\u0433\u0443\u0442 \u043d\u0435\u043c\u043d\u043e\u0433\u043e \u043e\u0442\u043b\u0438\u0447\u0430\u0442\u044c\u0441\u044f \u043e\u0442 \u0444\u0430\u043a\u0442\u0438\u0447\u0435\u0441\u043a\u043e\u0433\u043e \u0446\u0432\u0435\u0442\u0430 \u043d\u0438\u0442\u0438.<\/p>\n<p>&nbsp;<\/p>\n<p>&nbsp;<\/p>\n<p>&nbsp;<\/p>","protected":false},"excerpt":{"rendered":"<p>YarnArt ir Lanoso rinkinukas sudaromas i\u0161: YarnArt Summer Dream 3vnt. Lanoso Parla 5vnt. YarnArt Summer Dream (Spalva: 4316) Sud\u0117tis: 70% medviln\u0117, 30% viskoz\u0117 Svoris\/ilgis: 100 g.= ma\u017edaug 350 m. Rekomenduojamas virbal\u0173 dydis: 3,5 mm. Rekomenduojamas va\u0161elio dydis: 3 mm. &nbsp; Kaina 3,10\u20ac Lanoso Parla (Spalva: 5251) Sud\u0117tis: 75% blizgus si\u016blas, 25% \u017evyneliai (100% poliesteris) Svoris\/ilgis: \u00a025 g.= ma\u017edaug 217 m. Rekomenduojamas virbal\u0173 dydis: 2 \u2013 3\u00a0 mm. &nbsp; Kaina 2,20\u20ac Jeigu prekyboje Lanoso ir YarnArt rinkinys yra neprieinamas n\u0117ra arba reikalingas didesnis kiekis, susiekite su Mumis +370 672 44443 info@bitessiulai.lt &nbsp; *Ekrane matomos spalvos gali \u0161iek tiek skirtis nuo tikrosios si\u016bl\u0173 spalvos. &nbsp; &nbsp; &nbsp;<\/p>","protected":false},"featured_media":11146,"comment_status":"open","ping_status":"closed","template":"","meta":[],"product_brand":[],"product_cat":[176,3563,3565],"product_tag":[],"giftcard-category":[],"class_list":{"0":"post-11144","1":"product","2":"type-product","3":"status-publish","4":"has-post-thumbnail","6":"product_cat-siulu-rinkinukai","7":"product_cat-rinkinukai-su-lanoso-parla","8":"product_cat-rinkinukai-su-yarnart-summer-dream","10":"first","11":"outofstock","12":"taxable","13":"shipping-taxable","14":"purchasable","15":"product-type-simple"},"_links":{"self":[{"href":"https:\/\/bitessiulai.lt\/ru\/wp-json\/wp\/v2\/product\/11144","targetHints":{"allow":["GET"]}}],"collection":[{"href":"https:\/\/bitessiulai.lt\/ru\/wp-json\/wp\/v2\/product"}],"about":[{"href":"https:\/\/bitessiulai.lt\/ru\/wp-json\/wp\/v2\/types\/product"}],"replies":[{"embeddable":true,"href":"https:\/\/bitessiulai.lt\/ru\/wp-json\/wp\/v2\/comments?post=11144"}],"version-history":[{"count":0,"href":"https:\/\/bitessiulai.lt\/ru\/wp-json\/wp\/v2\/product\/11144\/revisions"}],"wp:featuredmedia":[{"embeddable":true,"href":"https:\/\/bitessiulai.lt\/ru\/wp-json\/wp\/v2\/media\/11146"}],"wp:attachment":[{"href":"https:\/\/bitessiulai.lt\/ru\/wp-json\/wp\/v2\/media?parent=11144"}],"wp:term":[{"taxonomy":"product_brand","embeddable":true,"href":"https:\/\/bitessiulai.lt\/ru\/wp-json\/wp\/v2\/product_brand?post=11144"},{"taxonomy":"product_cat","embeddable":true,"href":"https:\/\/bitessiulai.lt\/ru\/wp-json\/wp\/v2\/product_cat?post=11144"},{"taxonomy":"product_tag","embeddable":true,"href":"https:\/\/bitessiulai.lt\/ru\/wp-json\/wp\/v2\/product_tag?post=11144"},{"taxonomy":"giftcard-category","embeddable":true,"href":"https:\/\/bitessiulai.lt\/ru\/wp-json\/wp\/v2\/giftcard-category?post=11144"}],"curies":[{"name":"wp","href":"https:\/\/api.w.org\/{rel}","templated":true}]}}