{"id":10520,"date":"2025-03-23T16:25:49","date_gmt":"2025-03-23T14:25:49","guid":{"rendered":"https:\/\/bitessiulai.lt\/?post_type=product&#038;p=10520"},"modified":"2025-09-12T16:04:22","modified_gmt":"2025-09-12T13:04:22","slug":"scheepjes-marmurinis-juodai-baltas-mezgejos-dubuo","status":"publish","type":"product","link":"https:\/\/bitessiulai.lt\/ru\/product\/scheepjes-marmurinis-juodai-baltas-mezgejos-dubuo\/","title":{"rendered":"\u0427\u0435\u0440\u043d\u043e-\u0431\u0435\u043b\u0430\u044f \u043c\u0438\u0441\u043a\u0430 \u0434\u043b\u044f \u0432\u044f\u0437\u0430\u043d\u0438\u044f Scheepjes Marble"},"content":{"rendered":"<p>\u0425\u043e\u0442\u0438\u0442\u0435 \u0432\u044f\u0437\u0430\u0442\u044c \u043a\u0440\u044e\u0447\u043a\u043e\u043c \u0438\u043b\u0438 \u0441\u043f\u0438\u0446\u0430\u043c\u0438, \u043d\u0435 \u0441\u043a\u0430\u0442\u044b\u0432\u0430\u044f \u043a\u043b\u0443\u0431\u043e\u043a \u043f\u0440\u044f\u0436\u0438? \u041c\u0438\u0441\u043a\u0430 \u0434\u043b\u044f \u0432\u044f\u0437\u0430\u043d\u0438\u044f Scheepjes \u0438\u0437 \u043c\u0440\u0430\u043c\u043e\u0440\u0430, \u0447\u0451\u0440\u043d\u043e-\u0431\u0435\u043b\u0430\u044f, \u0438\u0434\u0435\u0430\u043b\u044c\u043d\u043e \u043f\u043e\u0434\u0445\u043e\u0434\u0438\u0442 \u0434\u043b\u044f \u044d\u0442\u043e\u0433\u043e. <b>\u0440\u0435\u0448\u0435\u043d\u0438\u0435<\/b> \u0414\u043b\u044f \u0432\u0430\u0441. \u041f\u043e\u043c\u0435\u0441\u0442\u0438\u0442\u0435 \u043a\u043b\u0443\u0431\u043e\u043a \u043f\u0440\u044f\u0436\u0438 \u0432 \u0447\u0430\u0448\u0443 \u0438 \u043f\u0440\u043e\u0434\u0435\u043d\u044c\u0442\u0435 \u0435\u0433\u043e \u0447\u0435\u0440\u0435\u0437 \u0441\u043f\u0438\u0440\u0430\u043b\u044c\u043d\u043e\u0435 \u043e\u0442\u0432\u0435\u0440\u0441\u0442\u0438\u0435 \u0441\u0431\u043e\u043a\u0443 \u0447\u0430\u0448\u0438. \u041f\u043e\u0441\u043a\u043e\u043b\u044c\u043a\u0443 \u043a\u043b\u0443\u0431\u043e\u043a \u043f\u0440\u044f\u0436\u0438 \u0441\u0432\u043e\u0431\u043e\u0434\u043d\u043e \u0432\u0440\u0430\u0449\u0430\u0435\u0442\u0441\u044f \u0438 \u0440\u0430\u0437\u043c\u0430\u0442\u044b\u0432\u0430\u0435\u0442\u0441\u044f \u0432 \u0447\u0430\u0448\u0435, \u0432\u044b \u043c\u043e\u0436\u0435\u0442\u0435 \u0441\u043f\u043e\u043a\u043e\u0439\u043d\u043e \u0441\u043e\u0441\u0440\u0435\u0434\u043e\u0442\u043e\u0447\u0438\u0442\u044c\u0441\u044f \u043d\u0430 \u0432\u044f\u0437\u0430\u043d\u0438\u0438 \u043a\u0440\u044e\u0447\u043a\u043e\u043c \u0438\u043b\u0438 \u0441\u043f\u0438\u0446\u0430\u043c\u0438. \u042d\u0442\u0430 \u0447\u0430\u0448\u0430 \u0434\u043b\u044f \u043f\u0440\u044f\u0436\u0438 \u0438\u0437\u0433\u043e\u0442\u043e\u0432\u043b\u0435\u043d\u0430 \u0438\u0437 \u043f\u043b\u0430\u0441\u0442\u0438\u043a\u0430 \u0441 \u044d\u0444\u0444\u0435\u043a\u0442\u043e\u043c \u0447\u0451\u0440\u043d\u043e-\u0431\u0435\u043b\u043e\u0433\u043e \u043c\u0440\u0430\u043c\u043e\u0440\u0430. \u042d\u0442\u0430 \u0441\u043b\u0435\u0433\u043a\u0430 \u043e\u0442\u043f\u043e\u043b\u0438\u0440\u043e\u0432\u0430\u043d\u043d\u0430\u044f \u0447\u0430\u0448\u0430 \u0434\u043b\u044f \u043f\u0440\u044f\u0436\u0438 \u0438\u043c\u0435\u0435\u0442 \u0448\u0438\u0440\u0438\u043d\u0443 15 \u0441\u043c \u0438 \u0432\u044b\u0441\u043e\u0442\u0443 9 \u0441\u043c. \u041a\u0430\u0436\u0434\u0430\u044f \u0447\u0430\u0448\u0430 \u0434\u043b\u044f \u043f\u0440\u044f\u0436\u0438 \u0438\u0437\u0433\u043e\u0442\u0430\u0432\u043b\u0438\u0432\u0430\u0435\u0442\u0441\u044f \u0432\u0440\u0443\u0447\u043d\u0443\u044e \u0438 \u043f\u043e\u044d\u0442\u043e\u043c\u0443 \u0443\u043d\u0438\u043a\u0430\u043b\u044c\u043d\u0430, \u043f\u043e\u044d\u0442\u043e\u043c\u0443 \u043a\u0430\u0436\u0434\u0430\u044f \u0447\u0430\u0448\u0430 \u043c\u043e\u0436\u0435\u0442 \u0432\u044b\u0433\u043b\u044f\u0434\u0435\u0442\u044c \u043d\u0435\u043c\u043d\u043e\u0433\u043e \u0438\u043d\u0430\u0447\u0435.<\/p>\n<p><img fetchpriority=\"high\" decoding=\"async\" class=\"alignnone size-medium wp-image-10521\" src=\"http:\/\/bitessiulai.lt\/wp-content\/uploads\/2025\/03\/23349-3_1_1-300x300.webp\" alt=\"\" width=\"300\" height=\"300\" srcset=\"https:\/\/bitessiulai.lt\/wp-content\/uploads\/2025\/03\/23349-3_1_1-300x300.webp 300w, https:\/\/bitessiulai.lt\/wp-content\/uploads\/2025\/03\/23349-3_1_1-150x150.webp 150w, https:\/\/bitessiulai.lt\/wp-content\/uploads\/2025\/03\/23349-3_1_1-12x12.webp 12w, https:\/\/bitessiulai.lt\/wp-content\/uploads\/2025\/03\/23349-3_1_1-600x600.webp 600w, https:\/\/bitessiulai.lt\/wp-content\/uploads\/2025\/03\/23349-3_1_1-96x96.webp 96w, https:\/\/bitessiulai.lt\/wp-content\/uploads\/2025\/03\/23349-3_1_1.webp 700w\" sizes=\"(max-width: 300px) 100vw, 300px\" \/><\/p>\n<p>*\u0426\u0432\u0435\u0442\u0430 \u043d\u0430 \u044d\u043a\u0440\u0430\u043d\u0435 \u043c\u043e\u0433\u0443\u0442 \u043d\u0435\u043c\u043d\u043e\u0433\u043e \u043e\u0442\u043b\u0438\u0447\u0430\u0442\u044c\u0441\u044f \u043e\u0442 \u0440\u0435\u0430\u043b\u044c\u043d\u044b\u0445.<\/p>","protected":false},"excerpt":{"rendered":"<p>Ar nor\u0117tum\u0117te tur\u0117ti galimyb\u0119 nerti ar megzti, kad si\u016bl\u0173 kamuoliukas nenuried\u0117t\u0173? Scheepjes marmurinis juodai baltas mezg\u0117jos dubuo yra tinkamas sprendimas jums. \u012ed\u0117kite si\u016bl\u0173 kamuoliuk\u0105 \u012f duben\u012f ir perki\u0161kite si\u016bl\u0105 per spiralin\u0119 ang\u0105 dubens \u0161one. Kadangi si\u016bl\u0173 rutulys gali laisvai jud\u0117ti ir i\u0161sivynioti si\u016bl\u0173 dubenyje, galite be r\u016bpes\u010di\u0173 susikoncentruoti \u012f mezgim\u0105 ar n\u0117rim\u0105. \u0160is verpal\u0173 dubuo pagamintas i\u0161 plastiko, turin\u010dio juodai balt\u0105 marmurin\u012f efekt\u0105. \u0160is \u0161velniai poliruot\u0173 si\u016bl\u0173 dubuo yra 15 cm plo\u010dio ir 9 cm auk\u0161\u010dio. Kiekvienas si\u016bl\u0173 dubuo yra rank\u0173 darbo, tod\u0117l unikalus, o tai rei\u0161kia, kad kiekvienas dubuo gali atrodyti \u0161iek tiek kitaip. *Ekrane matomos spalvos gali \u0161iek tiek skirtis nuo tikrosios spalvos.<\/p>","protected":false},"featured_media":10523,"comment_status":"open","ping_status":"closed","template":"","meta":[],"product_brand":[],"product_cat":[192,916],"product_tag":[],"giftcard-category":[],"class_list":{"0":"post-10520","1":"product","2":"type-product","3":"status-publish","4":"has-post-thumbnail","6":"product_cat-priedai-mezgimui","7":"product_cat-kitos-priemones","9":"first","10":"instock","11":"taxable","12":"shipping-taxable","13":"purchasable","14":"product-type-simple"},"_links":{"self":[{"href":"https:\/\/bitessiulai.lt\/ru\/wp-json\/wp\/v2\/product\/10520","targetHints":{"allow":["GET"]}}],"collection":[{"href":"https:\/\/bitessiulai.lt\/ru\/wp-json\/wp\/v2\/product"}],"about":[{"href":"https:\/\/bitessiulai.lt\/ru\/wp-json\/wp\/v2\/types\/product"}],"replies":[{"embeddable":true,"href":"https:\/\/bitessiulai.lt\/ru\/wp-json\/wp\/v2\/comments?post=10520"}],"version-history":[{"count":0,"href":"https:\/\/bitessiulai.lt\/ru\/wp-json\/wp\/v2\/product\/10520\/revisions"}],"wp:featuredmedia":[{"embeddable":true,"href":"https:\/\/bitessiulai.lt\/ru\/wp-json\/wp\/v2\/media\/10523"}],"wp:attachment":[{"href":"https:\/\/bitessiulai.lt\/ru\/wp-json\/wp\/v2\/media?parent=10520"}],"wp:term":[{"taxonomy":"product_brand","embeddable":true,"href":"https:\/\/bitessiulai.lt\/ru\/wp-json\/wp\/v2\/product_brand?post=10520"},{"taxonomy":"product_cat","embeddable":true,"href":"https:\/\/bitessiulai.lt\/ru\/wp-json\/wp\/v2\/product_cat?post=10520"},{"taxonomy":"product_tag","embeddable":true,"href":"https:\/\/bitessiulai.lt\/ru\/wp-json\/wp\/v2\/product_tag?post=10520"},{"taxonomy":"giftcard-category","embeddable":true,"href":"https:\/\/bitessiulai.lt\/ru\/wp-json\/wp\/v2\/giftcard-category?post=10520"}],"curies":[{"name":"wp","href":"https:\/\/api.w.org\/{rel}","templated":true}]}}