{"id":2545,"date":"2024-12-03T16:57:59","date_gmt":"2024-12-03T14:57:59","guid":{"rendered":"https:\/\/bitessiulai.lt\/?page_id=2545"},"modified":"2024-12-03T17:00:52","modified_gmt":"2024-12-03T15:00:52","slug":"pirkimo-grazinimo-salygos","status":"publish","type":"page","link":"https:\/\/bitessiulai.lt\/ru\/pirkimo-grazinimo-salygos\/","title":{"rendered":"\u0423\u0441\u043b\u043e\u0432\u0438\u044f \u043f\u043e\u043a\u0443\u043f\u043a\u0438\/\u0432\u043e\u0437\u0432\u0440\u0430\u0442\u0430"},"content":{"rendered":"<div data-elementor-type=\"wp-page\" data-elementor-id=\"2545\" class=\"elementor elementor-2545\">\n\t\t\t\t<div class=\"elementor-element elementor-element-764034b e-flex e-con-boxed e-con e-parent\" data-id=\"764034b\" data-element_type=\"container\" data-e-type=\"container\">\n\t\t\t\t\t<div class=\"e-con-inner\">\n\t\t\t\t<div class=\"elementor-element elementor-element-62d23d2 elementor-widget elementor-widget-text-editor\" data-id=\"62d23d2\" data-element_type=\"widget\" data-e-type=\"widget\" data-widget_type=\"text-editor.default\">\n\t\t\t\t<div class=\"elementor-widget-container\">\n\t\t\t\t\t\t\t\t\t<p><strong>1. \u041e\u0431\u0449\u0438\u0435 \u0443\u0441\u043b\u043e\u0432\u0438\u044f<\/strong><br>1.1. \u041d\u0430\u0441\u0442\u043e\u044f\u0449\u0438\u0435 \u041f\u0440\u0430\u0432\u0438\u043b\u0430 \u043f\u043e\u043a\u0443\u043f\u043a\u0438\/\u0432\u043e\u0437\u0432\u0440\u0430\u0442\u0430 \u043f\u0440\u0438\u043c\u0435\u043d\u044f\u044e\u0442\u0441\u044f \u043a\u043e \u0432\u0441\u0435\u043c \u043f\u043e\u043a\u0443\u043f\u043a\u0430\u043c, \u0441\u043e\u0432\u0435\u0440\u0448\u0451\u043d\u043d\u044b\u043c \u0432 \u0438\u043d\u0442\u0435\u0440\u043d\u0435\u0442-\u043c\u0430\u0433\u0430\u0437\u0438\u043d\u0435 Bitessiulai.lt. \u0421\u043e\u0432\u0435\u0440\u0448\u0430\u044f \u043f\u043e\u043a\u0443\u043f\u043a\u0438 \u0432 \u043d\u0430\u0448\u0435\u043c \u043c\u0430\u0433\u0430\u0437\u0438\u043d\u0435, \u0432\u044b \u0441\u043e\u0433\u043b\u0430\u0448\u0430\u0435\u0442\u0435\u0441\u044c \u0441 \u043d\u0430\u0441\u0442\u043e\u044f\u0449\u0438\u043c\u0438 \u0443\u0441\u043b\u043e\u0432\u0438\u044f\u043c\u0438.<br>1.2. \u041c\u044b \u0441\u0442\u0440\u0435\u043c\u0438\u043c\u0441\u044f \u043a \u0442\u043e\u043c\u0443, \u0447\u0442\u043e\u0431\u044b \u043a\u0430\u0436\u0434\u0430\u044f \u043f\u043e\u043a\u0443\u043f\u043a\u0430 \u0431\u044b\u043b\u0430 \u043f\u0440\u0438\u044f\u0442\u043d\u043e\u0439 \u0438 \u043f\u0440\u043e\u0441\u0442\u043e\u0439, \u043f\u043e\u044d\u0442\u043e\u043c\u0443 \u0437\u0430\u0431\u043e\u0442\u0438\u043c\u0441\u044f \u043e \u043a\u0430\u0447\u0435\u0441\u0442\u0432\u0435 \u0438 \u0434\u043e\u0441\u0442\u0430\u0432\u043b\u044f\u0435\u043c \u0432\u0430\u0448\u0438 \u0437\u0430\u043a\u0430\u0437\u044b \u0432\u043e\u0432\u0440\u0435\u043c\u044f.<\/p>\n<p><strong>2. \u0423\u0441\u043b\u043e\u0432\u0438\u044f \u043f\u043e\u043a\u0443\u043f\u043a\u0438<\/strong><br>2.1. \u0417\u0430\u043a\u0430\u0437 \u0442\u043e\u0432\u0430\u0440\u0430 \u043e\u0441\u0443\u0449\u0435\u0441\u0442\u0432\u043b\u044f\u0435\u0442\u0441\u044f \u043e\u043d\u043b\u0430\u0439\u043d, \u043f\u0443\u0442\u0435\u043c \u0437\u0430\u043f\u043e\u043b\u043d\u0435\u043d\u0438\u044f \u0444\u043e\u0440\u043c\u044b \u0437\u0430\u043a\u0430\u0437\u0430 \u0432 \u043d\u0430\u0448\u0435\u043c \u043c\u0430\u0433\u0430\u0437\u0438\u043d\u0435.<br>2.2. \u0412\u0441\u0435 \u0437\u0430\u043a\u0430\u0437\u044b \u043e\u0431\u0440\u0430\u0431\u0430\u0442\u044b\u0432\u0430\u044e\u0442\u0441\u044f \u0442\u043e\u043b\u044c\u043a\u043e \u043f\u043e\u0441\u043b\u0435 \u043f\u043e\u043b\u0443\u0447\u0435\u043d\u0438\u044f \u043e\u043f\u043b\u0430\u0442\u044b \u0437\u0430 \u0442\u043e\u0432\u0430\u0440, \u0435\u0441\u043b\u0438 \u043d\u0435 \u043e\u0433\u043e\u0432\u043e\u0440\u0435\u043d\u044b \u0438\u043d\u044b\u0435 \u0443\u0441\u043b\u043e\u0432\u0438\u044f (\u043d\u0430\u043f\u0440\u0438\u043c\u0435\u0440, \u043e\u043f\u043b\u0430\u0442\u0430 \u043d\u0430\u043b\u0438\u0447\u043d\u044b\u043c\u0438 \u0438\u043b\u0438 \u0431\u0430\u043d\u043a\u043e\u0432\u0441\u043a\u0438\u043c \u043f\u0435\u0440\u0435\u0432\u043e\u0434\u043e\u043c \u043f\u0440\u0438 \u0434\u043e\u0441\u0442\u0430\u0432\u043a\u0435).<br>2.3. \u0417\u0430\u043a\u0430\u0437\u0430\u043d\u043d\u044b\u0439 \u0442\u043e\u0432\u0430\u0440 \u0431\u0443\u0434\u0435\u0442 \u043e\u0442\u043f\u0440\u0430\u0432\u043b\u0435\u043d \u0432 \u0442\u0435\u0447\u0435\u043d\u0438\u0435 1-2 \u0440\u0430\u0431\u043e\u0447\u0438\u0445 \u0434\u043d\u0435\u0439 \u0441 \u043c\u043e\u043c\u0435\u043d\u0442\u0430 \u043f\u043e\u043b\u0443\u0447\u0435\u043d\u0438\u044f \u043e\u043f\u043b\u0430\u0442\u044b.<br>2.4. \u041f\u0435\u0440\u0435\u0434 \u043e\u0444\u043e\u0440\u043c\u043b\u0435\u043d\u0438\u0435\u043c \u0437\u0430\u043a\u0430\u0437\u0430, \u043f\u043e\u0436\u0430\u043b\u0443\u0439\u0441\u0442\u0430, \u043f\u0440\u043e\u0432\u0435\u0440\u044c\u0442\u0435 \u043f\u0440\u0430\u0432\u0438\u043b\u044c\u043d\u043e\u0441\u0442\u044c \u0432\u0432\u0435\u0434\u0435\u043d\u043d\u044b\u0445 \u0432\u0430\u043c\u0438 \u0434\u0430\u043d\u043d\u044b\u0445, \u0442\u0430\u043a \u043a\u0430\u043a \u0432\u043e\u0437\u043c\u043e\u0436\u043d\u043e\u0441\u0442\u044c \u0432\u043d\u0435\u0441\u0435\u043d\u0438\u044f \u0438\u0441\u043f\u0440\u0430\u0432\u043b\u0435\u043d\u0438\u0439 \u0432 \u0437\u0430\u043a\u0430\u0437 \u043f\u043e\u0441\u043b\u0435 \u0435\u0433\u043e \u043f\u043e\u0434\u0442\u0432\u0435\u0440\u0436\u0434\u0435\u043d\u0438\u044f \u043c\u043e\u0436\u0435\u0442 \u0431\u044b\u0442\u044c \u043e\u0433\u0440\u0430\u043d\u0438\u0447\u0435\u043d\u0430.<\/p>\n<p><strong>3. \u0423\u0441\u043b\u043e\u0432\u0438\u044f \u0432\u043e\u0437\u0432\u0440\u0430\u0442\u0430 \u0442\u043e\u0432\u0430\u0440\u0430<\/strong><br>3.1. \u0422\u043e\u0432\u0430\u0440 \u043c\u043e\u0436\u043d\u043e \u0432\u0435\u0440\u043d\u0443\u0442\u044c \u0432 \u0442\u0435\u0447\u0435\u043d\u0438\u0435 14 \u043a\u0430\u043b\u0435\u043d\u0434\u0430\u0440\u043d\u044b\u0445 \u0434\u043d\u0435\u0439 \u0441 \u043c\u043e\u043c\u0435\u043d\u0442\u0430 \u043f\u043e\u043b\u0443\u0447\u0435\u043d\u0438\u044f, \u043f\u0440\u0438 \u0443\u0441\u043b\u043e\u0432\u0438\u0438, \u0447\u0442\u043e \u043e\u043d \u043d\u0435 \u0431\u044b\u043b \u0432 \u0443\u043f\u043e\u0442\u0440\u0435\u0431\u043b\u0435\u043d\u0438\u0438, \u043d\u0435 \u043f\u043e\u0432\u0440\u0435\u0436\u0434\u0435\u043d \u0438 \u043d\u0430\u0445\u043e\u0434\u0438\u0442\u0441\u044f \u0432 \u043e\u0440\u0438\u0433\u0438\u043d\u0430\u043b\u044c\u043d\u043e\u0439 \u0443\u043f\u0430\u043a\u043e\u0432\u043a\u0435.<br>3.2. \u0412\u043e\u0437\u0432\u0440\u0430\u0449\u0430\u0435\u043c\u044b\u0439 \u0442\u043e\u0432\u0430\u0440 \u0434\u043e\u043b\u0436\u0435\u043d \u0431\u044b\u0442\u044c \u043d\u0435\u043f\u043e\u0432\u0440\u0435\u0436\u0434\u0451\u043d\u043d\u044b\u043c \u0438 \u043d\u0435\u0432\u0440\u0435\u0434\u0438\u043c\u044b\u043c. \u0415\u0441\u043b\u0438 \u0442\u043e\u0432\u0430\u0440 \u043f\u043e\u0432\u0440\u0435\u0436\u0434\u0451\u043d \u0438\u043b\u0438 \u0431\u044b\u043b \u0432 \u0443\u043f\u043e\u0442\u0440\u0435\u0431\u043b\u0435\u043d\u0438\u0438, \u043f\u0440\u043e\u0434\u0430\u0432\u0435\u0446 \u043e\u0441\u0442\u0430\u0432\u043b\u044f\u0435\u0442 \u0437\u0430 \u0441\u043e\u0431\u043e\u0439 \u043f\u0440\u0430\u0432\u043e \u043e\u0442\u043a\u0430\u0437\u0430\u0442\u044c \u0432 \u0432\u043e\u0437\u0432\u0440\u0430\u0442\u0435 \u0438\u043b\u0438 \u0437\u0430\u043c\u0435\u043d\u0438\u0442\u044c \u0442\u043e\u0432\u0430\u0440.<br>3.3. \u0412 \u0432\u043e\u0437\u0432\u0440\u0430\u0442\u0435 \u0442\u043e\u0432\u0430\u0440\u0430 \u043c\u043e\u0436\u0435\u0442 \u0431\u044b\u0442\u044c \u043e\u0442\u043a\u0430\u0437\u0430\u043d\u043e, \u0435\u0441\u043b\u0438 \u0431\u044b\u043b\u0438 \u043d\u0430\u0440\u0443\u0448\u0435\u043d\u044b \u0443\u0441\u043b\u043e\u0432\u0438\u044f \u0445\u0440\u0430\u043d\u0435\u043d\u0438\u044f \u0438\u043b\u0438 \u0442\u043e\u0432\u0430\u0440 \u0431\u044b\u043b \u0438\u0441\u043f\u043e\u043b\u044c\u0437\u043e\u0432\u0430\u043d \u0434\u043e \u0432\u043e\u0437\u0432\u0440\u0430\u0442\u0430.<br>3.4. \u041f\u0440\u043e\u0446\u0435\u0441\u0441 \u0432\u043e\u0437\u0432\u0440\u0430\u0442\u0430:<br>3.4.1. \u0421\u0432\u044f\u0436\u0438\u0442\u0435\u0441\u044c \u0441 \u043d\u0430\u043c\u0438 \u043f\u043e \u044d\u043b\u0435\u043a\u0442\u0440\u043e\u043d\u043d\u043e\u0439 \u043f\u043e\u0447\u0442\u0435 \u0438\u043b\u0438 \u043f\u043e \u0442\u0435\u043b\u0435\u0444\u043e\u043d\u0443, \u0447\u0442\u043e\u0431\u044b \u0443\u0432\u0435\u0434\u043e\u043c\u0438\u0442\u044c \u043d\u0430\u0441 \u043e \u0432\u0430\u0448\u0435\u043c \u0432\u043e\u0437\u0432\u0440\u0430\u0442\u0435.<br>3.4.2. \u0417\u0430\u043f\u043e\u043b\u043d\u0438\u0442\u0435 \u0437\u0430\u044f\u0432\u043a\u0443 \u043d\u0430 \u0432\u043e\u0437\u0432\u0440\u0430\u0442, \u0443\u043a\u0430\u0437\u0430\u0432 \u043d\u043e\u043c\u0435\u0440 \u0432\u0430\u0448\u0435\u0433\u043e \u0437\u0430\u043a\u0430\u0437\u0430, \u0442\u043e\u0432\u0430\u0440, \u043a\u043e\u0442\u043e\u0440\u044b\u0439 \u0432\u044b \u0445\u043e\u0442\u0438\u0442\u0435 \u0432\u0435\u0440\u043d\u0443\u0442\u044c, \u0438 \u043f\u0440\u0438\u0447\u0438\u043d\u0443.<br>3.4.3. \u0422\u043e\u0432\u0430\u0440 \u0434\u043e\u043b\u0436\u0435\u043d \u0431\u044b\u0442\u044c \u0432\u043e\u0437\u0432\u0440\u0430\u0449\u0435\u043d \u0432 \u0442\u0435\u0447\u0435\u043d\u0438\u0435 14 \u0440\u0430\u0431\u043e\u0447\u0438\u0445 \u0434\u043d\u0435\u0439 \u0441 \u043c\u043e\u043c\u0435\u043d\u0442\u0430 \u043f\u043e\u0434\u0430\u0447\u0438 \u0437\u0430\u044f\u0432\u043b\u0435\u043d\u0438\u044f \u043d\u0430 \u0432\u043e\u0437\u0432\u0440\u0430\u0442.<br>3.5. \u0420\u0430\u0441\u0445\u043e\u0434\u044b \u043f\u043e \u0432\u043e\u0437\u0432\u0440\u0430\u0442\u0443 \u0442\u043e\u0432\u0430\u0440\u0430 \u043e\u043f\u043b\u0430\u0447\u0438\u0432\u0430\u0435\u0442 \u043f\u043e\u043a\u0443\u043f\u0430\u0442\u0435\u043b\u044c, \u0437\u0430 \u0438\u0441\u043a\u043b\u044e\u0447\u0435\u043d\u0438\u0435\u043c \u0441\u043b\u0443\u0447\u0430\u0435\u0432, \u043a\u043e\u0433\u0434\u0430 \u0432\u043e\u0437\u0432\u0440\u0430\u0442 \u0441\u0432\u044f\u0437\u0430\u043d \u0441 \u0434\u0435\u0444\u0435\u043a\u0442\u043d\u044b\u043c \u0438\u043b\u0438 \u043d\u0435\u0441\u043e\u043e\u0442\u0432\u0435\u0442\u0441\u0442\u0432\u0443\u044e\u0449\u0438\u043c \u0442\u043e\u0432\u0430\u0440\u043e\u043c.<\/p>\n<p><strong>4. \u0423\u0441\u043b\u043e\u0432\u0438\u044f \u043e\u0431\u043c\u0435\u043d\u0430 \u0442\u043e\u0432\u0430\u0440\u0430<\/strong><br>4.1. \u0422\u043e\u0432\u0430\u0440 \u043f\u043e\u0434\u043b\u0435\u0436\u0438\u0442 \u043e\u0431\u043c\u0435\u043d\u0443 \u0432 \u0442\u0435\u0447\u0435\u043d\u0438\u0435 14 \u043a\u0430\u043b\u0435\u043d\u0434\u0430\u0440\u043d\u044b\u0445 \u0434\u043d\u0435\u0439 \u0441 \u043c\u043e\u043c\u0435\u043d\u0442\u0430 \u043f\u043e\u043b\u0443\u0447\u0435\u043d\u0438\u044f, \u043f\u0440\u0438 \u0443\u0441\u043b\u043e\u0432\u0438\u0438, \u0447\u0442\u043e \u043e\u043d \u043d\u0435 \u0431\u044b\u043b \u0432 \u0443\u043f\u043e\u0442\u0440\u0435\u0431\u043b\u0435\u043d\u0438\u0438, \u043d\u0435 \u043f\u043e\u0432\u0440\u0435\u0436\u0434\u0435\u043d \u0438 \u043d\u0430\u0445\u043e\u0434\u0438\u0442\u0441\u044f \u0432 \u043e\u0440\u0438\u0433\u0438\u043d\u0430\u043b\u044c\u043d\u043e\u0439 \u0443\u043f\u0430\u043a\u043e\u0432\u043a\u0435.<br>4.2. \u041f\u0440\u043e\u0446\u0435\u0441\u0441 \u043e\u0431\u043c\u0435\u043d\u0430 \u0442\u043e\u0432\u0430\u0440\u0430 \u0430\u043d\u0430\u043b\u043e\u0433\u0438\u0447\u0435\u043d \u043f\u0440\u043e\u0446\u0435\u0441\u0441\u0443 \u0432\u043e\u0437\u0432\u0440\u0430\u0442\u0430 \u0442\u043e\u0432\u0430\u0440\u0430, \u043e\u0434\u043d\u0430\u043a\u043e \u0432 \u0441\u043b\u0443\u0447\u0430\u0435 \u043e\u0431\u043c\u0435\u043d\u0430 \u043f\u043e\u043a\u0443\u043f\u0430\u0442\u0435\u043b\u044c \u0434\u043e\u043b\u0436\u0435\u043d \u043e\u043f\u043b\u0430\u0442\u0438\u0442\u044c \u043d\u043e\u0432\u044b\u0439 \u0442\u043e\u0432\u0430\u0440, \u0435\u0441\u043b\u0438 \u043f\u0440\u0438\u043c\u0435\u043d\u044f\u044e\u0442\u0441\u044f \u0434\u043e\u043f\u043e\u043b\u043d\u0438\u0442\u0435\u043b\u044c\u043d\u044b\u0435 \u0441\u0431\u043e\u0440\u044b.<\/p>\n<p><strong>5. \u0412\u043e\u0437\u0432\u0440\u0430\u0442 \u043d\u0435\u0438\u0441\u043f\u0440\u0430\u0432\u043d\u043e\u0433\u043e\/\u0431\u0440\u0430\u043a\u043e\u0432\u0430\u043d\u043d\u043e\u0433\u043e \u0442\u043e\u0432\u0430\u0440\u0430<\/strong><br>5.1. \u0415\u0441\u043b\u0438 \u0432\u044b \u043f\u043e\u043b\u0443\u0447\u0438\u043b\u0438 \u0431\u0440\u0430\u043a\u043e\u0432\u0430\u043d\u043d\u044b\u0439 \u0442\u043e\u0432\u0430\u0440, \u043f\u043e\u0436\u0430\u043b\u0443\u0439\u0441\u0442\u0430, \u043d\u0435\u043c\u0435\u0434\u043b\u0435\u043d\u043d\u043e \u0441\u043e\u043e\u0431\u0449\u0438\u0442\u0435 \u043d\u0430\u043c \u043e\u0431 \u044d\u0442\u043e\u043c \u043f\u043e \u044d\u043b\u0435\u043a\u0442\u0440\u043e\u043d\u043d\u043e\u0439 \u043f\u043e\u0447\u0442\u0435 \u0438\u043b\u0438 \u0442\u0435\u043b\u0435\u0444\u043e\u043d\u0443. \u0422\u043e\u0432\u0430\u0440 \u0431\u0443\u0434\u0435\u0442 \u0431\u0435\u0441\u043f\u043b\u0430\u0442\u043d\u043e \u0437\u0430\u043c\u0435\u043d\u0435\u043d \u0438\u043b\u0438 \u0432\u043e\u0437\u0432\u0440\u0430\u0449\u0435\u043d\u0430 \u0441\u0442\u043e\u0438\u043c\u043e\u0441\u0442\u044c, \u0435\u0441\u043b\u0438 \u0434\u0435\u0444\u0435\u043a\u0442 \u0431\u044b\u043b \u043e\u0431\u043d\u0430\u0440\u0443\u0436\u0435\u043d \u0434\u043e \u0438\u0441\u043f\u043e\u043b\u044c\u0437\u043e\u0432\u0430\u043d\u0438\u044f \u0442\u043e\u0432\u0430\u0440\u0430.<br>5.2. \u041f\u0440\u043e\u0434\u0430\u0432\u0435\u0446 \u043d\u0435\u0441\u0435\u0442 \u043e\u0442\u0432\u0435\u0442\u0441\u0442\u0432\u0435\u043d\u043d\u043e\u0441\u0442\u044c \u0437\u0430 \u0434\u0435\u0444\u0435\u043a\u0442\u043d\u044b\u0439 \u0442\u043e\u0432\u0430\u0440, \u043d\u043e \u043d\u0435 \u043d\u0435\u0441\u0435\u0442 \u043e\u0442\u0432\u0435\u0442\u0441\u0442\u0432\u0435\u043d\u043d\u043e\u0441\u0442\u0438 \u0437\u0430 \u0442\u043e\u0432\u0430\u0440, \u043f\u043e\u0432\u0440\u0435\u0436\u0434\u0435\u043d\u043d\u044b\u0439 \u0432 \u0440\u0435\u0437\u0443\u043b\u044c\u0442\u0430\u0442\u0435 \u043d\u0435\u043f\u0440\u0430\u0432\u0438\u043b\u044c\u043d\u043e\u0433\u043e \u0438\u0441\u043f\u043e\u043b\u044c\u0437\u043e\u0432\u0430\u043d\u0438\u044f.<\/p>\n<p><strong>6. \u0412\u043e\u0437\u0432\u0440\u0430\u0442 \u0441\u0440\u0435\u0434\u0441\u0442\u0432<\/strong><br>6.1. \u0414\u0435\u043d\u0435\u0436\u043d\u044b\u0435 \u0441\u0440\u0435\u0434\u0441\u0442\u0432\u0430 \u0437\u0430 \u0432\u043e\u0437\u0432\u0440\u0430\u0449\u0435\u043d\u043d\u044b\u0439 \u0442\u043e\u0432\u0430\u0440 \u0431\u0443\u0434\u0443\u0442 \u0432\u043e\u0437\u0432\u0440\u0430\u0449\u0435\u043d\u044b \u043d\u0430 \u0441\u0447\u0435\u0442, \u0443\u043a\u0430\u0437\u0430\u043d\u043d\u044b\u0439 \u043f\u043e\u043a\u0443\u043f\u0430\u0442\u0435\u043b\u0435\u043c, \u0432 \u0442\u0435\u0447\u0435\u043d\u0438\u0435 10 \u0440\u0430\u0431\u043e\u0447\u0438\u0445 \u0434\u043d\u0435\u0439 \u0441 \u043c\u043e\u043c\u0435\u043d\u0442\u0430 \u043f\u043e\u0434\u0442\u0432\u0435\u0440\u0436\u0434\u0435\u043d\u0438\u044f \u0432\u043e\u0437\u0432\u0440\u0430\u0442\u0430.<br>6.2. \u0421\u0443\u043c\u043c\u0430 \u0432\u043e\u0437\u0432\u0440\u0430\u0442\u0430 \u0431\u0443\u0434\u0435\u0442 \u0443\u043c\u0435\u043d\u044c\u0448\u0435\u043d\u0430 \u043d\u0430 \u0441\u0443\u043c\u043c\u0443 \u043f\u0440\u0438\u043c\u0435\u043d\u0438\u043c\u044b\u0445 \u0440\u0430\u0441\u0445\u043e\u0434\u043e\u0432 \u043d\u0430 \u0442\u0440\u0430\u043d\u0441\u043f\u043e\u0440\u0442\u0438\u0440\u043e\u0432\u043a\u0443 \u0438 \u0432\u043e\u0437\u0432\u0440\u0430\u0442.<\/p>\n<p><strong>7. \u0418\u0441\u043a\u043b\u044e\u0447\u0435\u043d\u0438\u044f \u0438 \u043e\u0441\u043e\u0431\u044b\u0435 \u0441\u043b\u0443\u0447\u0430\u0438<\/strong><br>7.1. \u041d\u0435\u043a\u043e\u0442\u043e\u0440\u044b\u0435 \u0442\u043e\u0432\u0430\u0440\u044b, \u0442\u0430\u043a\u0438\u0435 \u043a\u0430\u043a \u0442\u0443\u0430\u043b\u0435\u0442\u043d\u044b\u0435 \u043f\u0440\u0438\u043d\u0430\u0434\u043b\u0435\u0436\u043d\u043e\u0441\u0442\u0438, \u043a\u043e\u0441\u043c\u0435\u0442\u0438\u043a\u0430 \u0438\u043b\u0438 \u0441\u0440\u0435\u0434\u0441\u0442\u0432\u0430 \u043b\u0438\u0447\u043d\u043e\u0439 \u0433\u0438\u0433\u0438\u0435\u043d\u044b, \u043d\u0435 \u043f\u043e\u0434\u043b\u0435\u0436\u0430\u0442 \u0432\u043e\u0437\u0432\u0440\u0430\u0442\u0443 \u043f\u043e \u0441\u043e\u043e\u0431\u0440\u0430\u0436\u0435\u043d\u0438\u044f\u043c \u0437\u0434\u043e\u0440\u043e\u0432\u044c\u044f \u0438 \u0433\u0438\u0433\u0438\u0435\u043d\u044b, \u0435\u0441\u043b\u0438 \u043f\u043e\u043a\u0443\u043f\u0430\u0442\u0435\u043b\u044c \u043f\u043e\u0432\u0440\u0435\u0434\u0438\u043b \u0446\u0435\u043b\u043e\u0441\u0442\u043d\u043e\u0441\u0442\u044c \u0443\u043f\u0430\u043a\u043e\u0432\u043a\u0438.<br>7.2. \u0422\u043e\u0432\u0430\u0440\u044b, \u0438\u0437\u0433\u043e\u0442\u043e\u0432\u043b\u0435\u043d\u043d\u044b\u0435 \u043f\u043e \u0438\u043d\u0434\u0438\u0432\u0438\u0434\u0443\u0430\u043b\u044c\u043d\u043e\u043c\u0443 \u0437\u0430\u043a\u0430\u0437\u0443, \u0432\u043e\u0437\u0432\u0440\u0430\u0442\u0443 \u043d\u0435 \u043f\u043e\u0434\u043b\u0435\u0436\u0430\u0442.<\/p>\n<p><strong>8. \u041a\u043e\u043d\u0442\u0430\u043a\u0442\u044b<\/strong><br>8.1. \u0415\u0441\u043b\u0438 \u0443 \u0432\u0430\u0441 \u0432\u043e\u0437\u043d\u0438\u043a\u043b\u0438 \u0432\u043e\u043f\u0440\u043e\u0441\u044b \u043f\u043e \u043f\u043e\u0432\u043e\u0434\u0443 \u043f\u043e\u043a\u0443\u043f\u043a\u0438 \u0438\u043b\u0438 \u0432\u043e\u0437\u0432\u0440\u0430\u0442\u0430, \u043f\u043e\u0436\u0430\u043b\u0443\u0439\u0441\u0442\u0430, \u0441\u0432\u044f\u0436\u0438\u0442\u0435\u0441\u044c \u0441 \u043d\u0430\u0448\u0435\u0439 \u0441\u043b\u0443\u0436\u0431\u043e\u0439 \u043f\u043e\u0434\u0434\u0435\u0440\u0436\u043a\u0438 \u043a\u043b\u0438\u0435\u043d\u0442\u043e\u0432:<br>\u042d\u043b\u0435\u043a\u0442\u0440\u043e\u043d\u043d\u0430\u044f \u043f\u043e\u0447\u0442\u0430: info@bitessiulai.lt<br>\u0422\u0435\u043b\u0435\u0444\u043e\u043d: +370 672 44443<\/p>\n<p><strong>9. \u0418\u0437\u043c\u0435\u043d\u0435\u043d\u0438\u044f \u0432 \u043f\u0440\u0430\u0432\u0438\u043b\u0430\u0445<\/strong><br>9.1. \u041c\u0430\u0433\u0430\u0437\u0438\u043d \u043e\u0441\u0442\u0430\u0432\u043b\u044f\u0435\u0442 \u0437\u0430 \u0441\u043e\u0431\u043e\u0439 \u043f\u0440\u0430\u0432\u043e \u043e\u0431\u043d\u043e\u0432\u043b\u044f\u0442\u044c \u0438\u043b\u0438 \u0438\u0437\u043c\u0435\u043d\u044f\u0442\u044c \u043d\u0430\u0441\u0442\u043e\u044f\u0449\u0438\u0435 \u041f\u0440\u0430\u0432\u0438\u043b\u0430 \u043f\u043e\u043a\u0443\u043f\u043a\u0438\/\u0432\u043e\u0437\u0432\u0440\u0430\u0442\u0430 \u0432 \u043b\u044e\u0431\u043e\u0435 \u0432\u0440\u0435\u043c\u044f, \u0440\u0430\u0437\u043c\u0435\u0441\u0442\u0438\u0432 \u0443\u0432\u0435\u0434\u043e\u043c\u043b\u0435\u043d\u0438\u0435 \u043d\u0430 \u0441\u0432\u043e\u0435\u043c \u0432\u0435\u0431-\u0441\u0430\u0439\u0442\u0435.<\/p>\t\t\t\t\t\t\t\t<\/div>\n\t\t\t\t<\/div>\n\t\t\t\t\t<\/div>\n\t\t\t\t<\/div>\n\t\t\t\t<\/div>","protected":false},"excerpt":{"rendered":"<p>1. Bendrosios s\u0105lygos1.1. \u0160ios Pirkimo \/ Gr\u0105\u017einimo taisykl\u0117s taikomos visiems pirkimams, atliktiems elektronin\u0117je parduotuv\u0117je Bitessiulai.lt. Apsipirkdami m\u016bs\u0173 parduotuv\u0117je, j\u016bs sutinkate su \u0161iomis taisykl\u0117mis ir s\u0105lygomis.1.2. Mes siekiame u\u017etikrinti, kad kiekvienas pirkimas b\u016bt\u0173 malonus ir paprastas, tod\u0117l r\u016bpinam\u0117s kokybe ir laiku pristatome j\u016bs\u0173 u\u017esakymus. 2. Pirkimo s\u0105lygos2.1. Prek\u0117s u\u017esakomos internetu, u\u017epild\u017eius u\u017esakymo form\u0105 m\u016bs\u0173 parduotuv\u0117je.2.2. Visi u\u017esakymai yra apdorojami tik gavus apmok\u0117jim\u0105 u\u017e prekes, i\u0161skyrus atvejus, kai yra taikomi kiti susitarimai (pvz., atsiskaitymas grynaisiais arba per bank\u0105 pristatymo metu).2.3. U\u017esakytos prek\u0117s bus i\u0161si\u0173stos per 1\u20132 darbo dienas nuo apmok\u0117jimo gavimo.2.4. Prie\u0161 u\u017esakym\u0105 patikrinkite, ar \u012fved\u0117te teisingus duomenis, nes u\u017esakymo korekcijos po jo patvirtinimo gali b\u016bti ribotos. 3. Preki\u0173 gr\u0105\u017einimo s\u0105lygos3.1. Prek\u0117s gali b\u016bti gr\u0105\u017eintos per 14 kalendorini\u0173 dien\u0173 nuo gavimo, jei jos yra nepanaudotos, nesugadintos ir su originalia pakuote.3.2. Gr\u0105\u017einamos prek\u0117s turi b\u016bti nesugadintos ir nepa\u017eeistos. Jei prek\u0117s yra sugadintos arba buvo naudotos, pardav\u0117jas pasilieka teis\u0119 atsisakyti gr\u0105\u017einimo arba pakeisti prek\u0119.3.3. Prek\u0117s gr\u0105\u017einimas gali b\u016bti atmestas, jei buvo pa\u017eeistos saugojimo s\u0105lygos arba prek\u0117s naudojamos prie\u0161 gr\u0105\u017einim\u0105.3.4. Gr\u0105\u017einimo procesas:3.4.1. Susisiekite su mumis el. pa\u0161tu arba telefonu, kad prane\u0161tum\u0117te apie gr\u0105\u017einim\u0105.3.4.2. U\u017epildykite gr\u0105\u017einimo pra\u0161ym\u0105, kuriame nurodysite u\u017esakymo numer\u012f, prek\u0119, kuri\u0105 norite gr\u0105\u017einti, ir prie\u017east\u012f.3.4.3. Prek\u0117s turi b\u016bti gr\u0105\u017eintos per 14 darbo dien\u0173 nuo gr\u0105\u017einimo pra\u0161ymo pateikimo.3.5. Gr\u0105\u017einimo i\u0161laidos yra apmokamos pirk\u0117jo, i\u0161skyrus atvejus, kai gr\u0105\u017einimas susij\u0119s su brokuotomis ar neteisingomis prek\u0117mis. 4. Preki\u0173 keitimo s\u0105lygos4.1. Prekes galima keisti per 14 kalendorini\u0173 dien\u0173 nuo gavimo, jei jos yra nepanaudotos, nesugadintos ir su originalia pakuote.4.2. Preki\u0173 keitimo procesas yra toks pats kaip ir gr\u0105\u017einimo, ta\u010diau keitimo atveju pirk\u0117jas turi sumok\u0117ti u\u017e nauj\u0105 prek\u0119, jei taikomi papildomi mokes\u010diai. 5. Defekt\u0173 \/ Klaiding\u0173 preki\u0173 gr\u0105\u017einimas5.1. Jei gavote brokuot\u0105 prek\u0119, pra\u0161ome nedelsiant informuoti mus el. pa\u0161tu arba telefonu. Prek\u0117s bus pakeistos arba gr\u0105\u017einamos nemokamai, jei defektas buvo nustatytas prie\u0161 prekei naudojant.5.2. Pardav\u0117jas atsako u\u017e brokuotas prekes, ta\u010diau n\u0117ra atsakingas u\u017e prekes, pa\u017eeistas netinkamo naudojimo. 6. Apmok\u0117jimo gr\u0105\u017einimas6.1. Pinigai u\u017e gr\u0105\u017eintas prekes bus gr\u0105\u017einti \u012f pirk\u0117jo nurodyt\u0105 s\u0105skait\u0105 per 10 darbo dien\u0173 nuo gr\u0105\u017einimo patvirtinimo.6.2. Gr\u0105\u017einimo suma bus suma\u017einta pagal taikomas transportavimo ir gr\u0105\u017einimo i\u0161laidas. 7. I\u0161imtys ir special\u016bs atvejai7.1. Tam tikros prek\u0117s, kaip higienos priemon\u0117s, kosmetika, ar asmenin\u0117s prie\u017ei\u016bros prek\u0117s, gali b\u016bti negr\u0105\u017einamos d\u0117l sveikatos ir higienos prie\u017eas\u010di\u0173, jei pirk\u0117jas pa\u017eeid\u0117 pakuot\u0117s integralum\u0105.7.2. Prek\u0117s, kurios buvo pagamintos pagal individualius u\u017esakymus, n\u0117ra gr\u0105\u017einamos. 8. Kontaktai8.1. Jei turite klausim\u0173 d\u0117l pirkimo ar gr\u0105\u017einimo, susisiekite su m\u016bs\u0173 klient\u0173 aptarnavimo komanda:El. pa\u0161tas: info@bitessiulai.ltTelefonas: +370 672 44443 9. Taisykli\u0173 pakeitimai9.1. Parduotuv\u0117 pasilieka teis\u0119 bet kada atnaujinti ar pakeisti \u0161ias Pirkimo \/ Gr\u0105\u017einimo taisykles, prane\u0161dama apie tai savo svetain\u0117je.<\/p>","protected":false},"author":27,"featured_media":0,"parent":0,"menu_order":0,"comment_status":"closed","ping_status":"closed","template":"","meta":{"footnotes":""},"class_list":["post-2545","page","type-page","status-publish","hentry","post-no-thumbnail"],"_links":{"self":[{"href":"https:\/\/bitessiulai.lt\/ru\/wp-json\/wp\/v2\/pages\/2545","targetHints":{"allow":["GET"]}}],"collection":[{"href":"https:\/\/bitessiulai.lt\/ru\/wp-json\/wp\/v2\/pages"}],"about":[{"href":"https:\/\/bitessiulai.lt\/ru\/wp-json\/wp\/v2\/types\/page"}],"author":[{"embeddable":true,"href":"https:\/\/bitessiulai.lt\/ru\/wp-json\/wp\/v2\/users\/27"}],"replies":[{"embeddable":true,"href":"https:\/\/bitessiulai.lt\/ru\/wp-json\/wp\/v2\/comments?post=2545"}],"version-history":[{"count":0,"href":"https:\/\/bitessiulai.lt\/ru\/wp-json\/wp\/v2\/pages\/2545\/revisions"}],"wp:attachment":[{"href":"https:\/\/bitessiulai.lt\/ru\/wp-json\/wp\/v2\/media?parent=2545"}],"curies":[{"name":"wp","href":"https:\/\/api.w.org\/{rel}","templated":true}]}}