{"id":9579,"date":"2025-03-09T18:14:04","date_gmt":"2025-03-09T16:14:04","guid":{"rendered":"https:\/\/bitessiulai.lt\/?post_type=product&#038;p=9579"},"modified":"2026-04-09T06:39:39","modified_gmt":"2026-04-09T03:39:39","slug":"alize-lanagold-fine","status":"publish","type":"product","link":"https:\/\/bitessiulai.lt\/lv\/products\/alize-lanagold-fine\/","title":{"rendered":"Alize Lanagold Fine"},"content":{"rendered":"<p><span class=\"tlid-translation translation\" lang=\"lt\"><span class=\"\" title=\"\"><strong>Alize Lanagold Fine<\/strong> \u2013 silta un m\u012bksta dzija, kas lieliski piem\u0113rota da\u017e\u0101diem projektiem \u2013 s\u0101kot no ikdienas ap\u0123\u0113rba l\u012bdz dekorat\u012bviem aksesu\u0101riem. T\u0101 ir ide\u0101li piem\u0113rota d\u017eemperu, kleitu, sv\u0101rku ad\u012b\u0161anai.<\/span><\/span><\/p>\n<p>*Ekr\u0101n\u0101 redzam\u0101s kr\u0101sas var nedaudz at\u0161\u0137irties no faktisk\u0101s diegu kr\u0101sas.<\/p>","protected":false},"excerpt":{"rendered":"<ul>\n<li><strong>Sast\u0101vs:<\/strong> 49% vilna, 51% akrils<\/li>\n<li><strong>Svars\/garums:<\/strong> 100 gadi = aptuveni 390 gadi.<\/li>\n<li><strong>Ieteicamais ad\u0101madatas izm\u0113rs: <\/strong>2,5\u20134 mm.<\/li>\n<li><strong>Ieteicamais v\u0101zes izm\u0113rs:<\/strong> 2\u20134 mm.<\/li>\n<\/ul>","protected":false},"featured_media":19196,"comment_status":"open","ping_status":"closed","template":"","meta":[],"product_brand":[],"product_cat":[326,2125,3155,177,178,173,174,175,410],"product_tag":[],"giftcard-category":[],"class_list":{"0":"post-9579","1":"product","2":"type-product","3":"status-publish","4":"has-post-thumbnail","6":"product_cat-akrilas","7":"product_cat-alize","8":"product_cat-alize-lanagold-fine","9":"product_cat-mezgimo-siulai","10":"product_cat-nerimo-siulai","11":"product_cat-siulai","12":"product_cat-siulu-gamintojai","13":"product_cat-siulu-pluostai","14":"product_cat-vilna","16":"first","17":"instock","18":"taxable","19":"shipping-taxable","20":"purchasable","21":"product-type-variable"},"_links":{"self":[{"href":"https:\/\/bitessiulai.lt\/lv\/wp-json\/wp\/v2\/product\/9579","targetHints":{"allow":["GET"]}}],"collection":[{"href":"https:\/\/bitessiulai.lt\/lv\/wp-json\/wp\/v2\/product"}],"about":[{"href":"https:\/\/bitessiulai.lt\/lv\/wp-json\/wp\/v2\/types\/product"}],"replies":[{"embeddable":true,"href":"https:\/\/bitessiulai.lt\/lv\/wp-json\/wp\/v2\/comments?post=9579"}],"version-history":[{"count":1,"href":"https:\/\/bitessiulai.lt\/lv\/wp-json\/wp\/v2\/product\/9579\/revisions"}],"predecessor-version":[{"id":20695,"href":"https:\/\/bitessiulai.lt\/lv\/wp-json\/wp\/v2\/product\/9579\/revisions\/20695"}],"wp:featuredmedia":[{"embeddable":true,"href":"https:\/\/bitessiulai.lt\/lv\/wp-json\/wp\/v2\/media\/19196"}],"wp:attachment":[{"href":"https:\/\/bitessiulai.lt\/lv\/wp-json\/wp\/v2\/media?parent=9579"}],"wp:term":[{"taxonomy":"product_brand","embeddable":true,"href":"https:\/\/bitessiulai.lt\/lv\/wp-json\/wp\/v2\/product_brand?post=9579"},{"taxonomy":"product_cat","embeddable":true,"href":"https:\/\/bitessiulai.lt\/lv\/wp-json\/wp\/v2\/product_cat?post=9579"},{"taxonomy":"product_tag","embeddable":true,"href":"https:\/\/bitessiulai.lt\/lv\/wp-json\/wp\/v2\/product_tag?post=9579"},{"taxonomy":"giftcard-category","embeddable":true,"href":"https:\/\/bitessiulai.lt\/lv\/wp-json\/wp\/v2\/giftcard-category?post=9579"}],"curies":[{"name":"wp","href":"https:\/\/api.w.org\/{rel}","templated":true}]}}