{"id":9062,"date":"2025-03-03T08:08:52","date_gmt":"2025-03-03T06:08:52","guid":{"rendered":"https:\/\/bitessiulai.lt\/?post_type=product&#038;p=9062"},"modified":"2026-03-12T14:22:02","modified_gmt":"2026-03-12T12:22:02","slug":"knitpro-fiksuojantys-dygsnio-zymekliai","status":"publish","type":"product","link":"https:\/\/bitessiulai.lt\/lv\/products\/knitpro-fiksuojantys-dygsnio-zymekliai\/","title":{"rendered":"KnitPro fiks\u0113jo\u0161ie d\u016brienu mar\u0137ieri"},"content":{"rendered":"<p>KnitPro fiks\u0113jo\u0161ie d\u016brienu mar\u0137ieri. Sekojiet l\u012bdzi saviem valdzi\u0146iem ad\u012b\u0161anas un tambor\u0113\u0161anas laik\u0101, izmantojot KnitPro fiks\u0113jo\u0161os d\u016brienu mar\u0137ierus. \u0160os d\u016brienu mar\u0137ierus var ievietot d\u016brien\u0101 vai ap to, piem\u0113ram, lai atz\u012bm\u0113tu s\u0101kumu vai beigas, vai ar\u012b lai atz\u012bm\u0113tu vietu pirms vai p\u0113c samazin\u0101juma vai palielin\u0101juma. Tie ir noder\u012bgi ar\u012b, lai sekotu l\u012bdzi ad\u012bto vai tambor\u0113to rindu skaitam: novietojiet d\u016brienu mar\u0137ieri ik p\u0113c 5 vai 10 adat\u0101m vai rind\u0101m, lai uzreiz redz\u0113tu, cik daudz progresa esat paveicis. Tos var no\u0146emt jebkur\u0101 laik\u0101. Viena no fiks\u0113jo\u0161o d\u016brienu mar\u0137ieru priek\u0161roc\u012bb\u0101m ir t\u0101, ka tie nevar izkrist no j\u016bsu tambor\u0113\u0161anas vai ad\u012b\u0161anas darba. Izgatavoti no plastmasas. Vien\u0101 iepakojum\u0101 ir 30 d\u016brienu mar\u0137ieri da\u017e\u0101d\u0101s kr\u0101s\u0101s.<\/p>\n<p><img fetchpriority=\"high\" decoding=\"async\" class=\"alignnone size-medium wp-image-9064\" src=\"http:\/\/bitessiulai.lt\/wp-content\/uploads\/2025\/03\/k10899-4-300x300.webp\" alt=\"\" width=\"300\" height=\"300\" srcset=\"https:\/\/bitessiulai.lt\/wp-content\/uploads\/2025\/03\/k10899-4-300x300.webp 300w, https:\/\/bitessiulai.lt\/wp-content\/uploads\/2025\/03\/k10899-4-150x150.webp 150w, https:\/\/bitessiulai.lt\/wp-content\/uploads\/2025\/03\/k10899-4-12x12.webp 12w, https:\/\/bitessiulai.lt\/wp-content\/uploads\/2025\/03\/k10899-4-600x600.webp 600w, https:\/\/bitessiulai.lt\/wp-content\/uploads\/2025\/03\/k10899-4-96x96.webp 96w, https:\/\/bitessiulai.lt\/wp-content\/uploads\/2025\/03\/k10899-4.webp 700w\" sizes=\"(max-width: 300px) 100vw, 300px\" \/> <img decoding=\"async\" class=\"alignnone size-medium wp-image-9063\" src=\"http:\/\/bitessiulai.lt\/wp-content\/uploads\/2025\/03\/k10899-5-300x300.webp\" alt=\"\" width=\"300\" height=\"300\" srcset=\"https:\/\/bitessiulai.lt\/wp-content\/uploads\/2025\/03\/k10899-5-300x300.webp 300w, https:\/\/bitessiulai.lt\/wp-content\/uploads\/2025\/03\/k10899-5-150x150.webp 150w, https:\/\/bitessiulai.lt\/wp-content\/uploads\/2025\/03\/k10899-5-12x12.webp 12w, https:\/\/bitessiulai.lt\/wp-content\/uploads\/2025\/03\/k10899-5-600x600.webp 600w, https:\/\/bitessiulai.lt\/wp-content\/uploads\/2025\/03\/k10899-5-96x96.webp 96w, https:\/\/bitessiulai.lt\/wp-content\/uploads\/2025\/03\/k10899-5.webp 700w\" sizes=\"(max-width: 300px) 100vw, 300px\" \/><\/p>\n<p>*Ekr\u0101n\u0101 redzam\u0101s kr\u0101sas var nedaudz at\u0161\u0137irties no faktiskaj\u0101m kr\u0101s\u0101m.<\/p>","protected":false},"excerpt":{"rendered":"<p>KnitPro Fiksuojantys dygsnio \u017eymekliai. Naudodami KnitPro fiksuojamus dygsnio \u017eymeklius steb\u0117site savo si\u016bles mezgdami ir nerdami. \u0160iuos dygsnio \u017eymeklius galima \u012fterpti \u012f dygsn\u012f arba aplink j\u012f, pavyzd\u017eiui, norint pa\u017eym\u0117ti prad\u017ei\u0105 ar pabaig\u0105 arba pa\u017eym\u0117ti viet\u0105 prie\u0161 arba po suma\u017einimo ar padidinimo. Jie taip pat praver\u010dia stebint megzt\u0173 ar nert\u0173 eilu\u010di\u0173 skai\u010di\u0173: kas 5 ar 10 virbal\u0173 ar eilu\u010di\u0173 u\u017ed\u0117kite dygsnio \u017eymekl\u012f, kad i\u0161 pirmo \u017evilgsnio pamatytum\u0117te, koki\u0105 pa\u017eang\u0105 padar\u0117te. Jie gali b\u016bti pa\u0161alinti bet kuriuo metu. Vienas i\u0161 dygsnio \u017eymekli\u0173 fiksavimo prana\u0161um\u0173 yra tai, kad jie negali i\u0161kristi i\u0161 n\u0117rimo ar mezgimo darb\u0173. Pagaminta i\u0161 plastiko. Vienoje pakuot\u0117je yra 30 skirting\u0173 spalv\u0173 dygsnio \u017eymekli\u0173. *Ekrane matomos spalvos gali \u0161iek tiek skirtis nuo tikrosios spalvos.<\/p>","protected":false},"featured_media":9066,"comment_status":"open","ping_status":"closed","template":"","meta":[],"product_brand":[],"product_cat":[194,192],"product_tag":[],"giftcard-category":[],"class_list":{"0":"post-9062","1":"product","2":"type-product","3":"status-publish","4":"has-post-thumbnail","6":"product_cat-akiu-zymekliai","7":"product_cat-priedai-mezgimui","9":"first","10":"instock","11":"taxable","12":"shipping-taxable","13":"purchasable","14":"product-type-simple"},"_links":{"self":[{"href":"https:\/\/bitessiulai.lt\/lv\/wp-json\/wp\/v2\/product\/9062","targetHints":{"allow":["GET"]}}],"collection":[{"href":"https:\/\/bitessiulai.lt\/lv\/wp-json\/wp\/v2\/product"}],"about":[{"href":"https:\/\/bitessiulai.lt\/lv\/wp-json\/wp\/v2\/types\/product"}],"replies":[{"embeddable":true,"href":"https:\/\/bitessiulai.lt\/lv\/wp-json\/wp\/v2\/comments?post=9062"}],"version-history":[{"count":1,"href":"https:\/\/bitessiulai.lt\/lv\/wp-json\/wp\/v2\/product\/9062\/revisions"}],"predecessor-version":[{"id":20393,"href":"https:\/\/bitessiulai.lt\/lv\/wp-json\/wp\/v2\/product\/9062\/revisions\/20393"}],"wp:featuredmedia":[{"embeddable":true,"href":"https:\/\/bitessiulai.lt\/lv\/wp-json\/wp\/v2\/media\/9066"}],"wp:attachment":[{"href":"https:\/\/bitessiulai.lt\/lv\/wp-json\/wp\/v2\/media?parent=9062"}],"wp:term":[{"taxonomy":"product_brand","embeddable":true,"href":"https:\/\/bitessiulai.lt\/lv\/wp-json\/wp\/v2\/product_brand?post=9062"},{"taxonomy":"product_cat","embeddable":true,"href":"https:\/\/bitessiulai.lt\/lv\/wp-json\/wp\/v2\/product_cat?post=9062"},{"taxonomy":"product_tag","embeddable":true,"href":"https:\/\/bitessiulai.lt\/lv\/wp-json\/wp\/v2\/product_tag?post=9062"},{"taxonomy":"giftcard-category","embeddable":true,"href":"https:\/\/bitessiulai.lt\/lv\/wp-json\/wp\/v2\/giftcard-category?post=9062"}],"curies":[{"name":"wp","href":"https:\/\/api.w.org\/{rel}","templated":true}]}}