{"id":9006,"date":"2025-03-02T18:21:47","date_gmt":"2025-03-02T16:21:47","guid":{"rendered":"https:\/\/bitessiulai.lt\/?post_type=product&#038;p=9006"},"modified":"2026-04-01T14:35:59","modified_gmt":"2026-04-01T11:35:59","slug":"sew-tasty-matavimo-juosta-150cm-2","status":"publish","type":"product","link":"https:\/\/bitessiulai.lt\/lv\/products\/sew-tasty-matavimo-juosta-150cm-2\/","title":{"rendered":"\u0160uj gar\u0161\u012bgu m\u0113rlenti 150 cm"},"content":{"rendered":"<p><b style=\"letter-spacing: 0px;\">Sew Tasty m\u0113rlente 150 cm. \u0160\u012bs \u0113rt\u0101s Sew Tasty m\u0113rlentes<\/b><span style=\"letter-spacing: 0px;\"> M\u0113rlente iederas jebkur\u0101 (projekta) som\u0101 vai kofer\u012b un izskat\u0101s jautri ar savu kr\u0101saino korpusu. Vienk\u0101r\u0161i nospiediet pogu s\u0101nos, un m\u0113rlente autom\u0101tiski saritin\u0101s plastmasas korpus\u0101, nov\u0113r\u0161ot t\u0101s sap\u012b\u0161anos. M\u0113rlentes izm\u0113ri vien\u0101 pus\u0113 ir atz\u012bm\u0113ti coll\u0101s, bet otr\u0101 pus\u0113 \u2014 centimetros, un t\u0101s garums ir 150 cm.\u00a0<\/span><\/p>\n<p>*Ekr\u0101n\u0101 redzam\u0101s kr\u0101sas var nedaudz at\u0161\u0137irties no faktiskaj\u0101m kr\u0101s\u0101m.<\/p>","protected":false},"excerpt":{"rendered":"<p>Sew Tasty Matavimo juosta 150cm. \u0160ios patogios Sew Tasty matavimo juostos\u00a0telpa \u012f bet kok\u012f (projektin\u012f) krep\u0161\u012f ar d\u0117kl\u0105 ir atrodo smagiai d\u0117l spalvoto korpuso. Papras\u010diausiai paspaudus \u0161one esant\u012f mygtuk\u0105, matavimo juosta automati\u0161kai susivynioja \u012f plastikin\u012f korpus\u0105, apsaugodama nuo galimo susipainiojimo. Juostos vienoje pus\u0117je yra nuoroda coliais, o kitoje \u2013 centimetrais, jos ilgis 150 cm.\u00a0 *Ekrane matomos spalvos gali \u0161iek tiek skirtis nuo tikrosios spalvos.<\/p>","protected":false},"featured_media":9008,"comment_status":"open","ping_status":"closed","template":"","meta":[],"product_brand":[],"product_cat":[202,192],"product_tag":[],"giftcard-category":[],"class_list":{"0":"post-9006","1":"product","2":"type-product","3":"status-publish","4":"has-post-thumbnail","6":"product_cat-matavimo-priemones","7":"product_cat-priedai-mezgimui","9":"first","10":"instock","11":"taxable","12":"shipping-taxable","13":"purchasable","14":"product-type-variable"},"_links":{"self":[{"href":"https:\/\/bitessiulai.lt\/lv\/wp-json\/wp\/v2\/product\/9006","targetHints":{"allow":["GET"]}}],"collection":[{"href":"https:\/\/bitessiulai.lt\/lv\/wp-json\/wp\/v2\/product"}],"about":[{"href":"https:\/\/bitessiulai.lt\/lv\/wp-json\/wp\/v2\/types\/product"}],"replies":[{"embeddable":true,"href":"https:\/\/bitessiulai.lt\/lv\/wp-json\/wp\/v2\/comments?post=9006"}],"version-history":[{"count":1,"href":"https:\/\/bitessiulai.lt\/lv\/wp-json\/wp\/v2\/product\/9006\/revisions"}],"predecessor-version":[{"id":24661,"href":"https:\/\/bitessiulai.lt\/lv\/wp-json\/wp\/v2\/product\/9006\/revisions\/24661"}],"wp:featuredmedia":[{"embeddable":true,"href":"https:\/\/bitessiulai.lt\/lv\/wp-json\/wp\/v2\/media\/9008"}],"wp:attachment":[{"href":"https:\/\/bitessiulai.lt\/lv\/wp-json\/wp\/v2\/media?parent=9006"}],"wp:term":[{"taxonomy":"product_brand","embeddable":true,"href":"https:\/\/bitessiulai.lt\/lv\/wp-json\/wp\/v2\/product_brand?post=9006"},{"taxonomy":"product_cat","embeddable":true,"href":"https:\/\/bitessiulai.lt\/lv\/wp-json\/wp\/v2\/product_cat?post=9006"},{"taxonomy":"product_tag","embeddable":true,"href":"https:\/\/bitessiulai.lt\/lv\/wp-json\/wp\/v2\/product_tag?post=9006"},{"taxonomy":"giftcard-category","embeddable":true,"href":"https:\/\/bitessiulai.lt\/lv\/wp-json\/wp\/v2\/giftcard-category?post=9006"}],"curies":[{"name":"wp","href":"https:\/\/api.w.org\/{rel}","templated":true}]}}